{"id":48720,"date":"2022-09-29T12:50:26","date_gmt":"2022-09-29T10:50:26","guid":{"rendered":"https:\/\/bp2.eu\/program-bp2-authorised-distributor\/"},"modified":"2022-12-21T14:58:39","modified_gmt":"2022-12-21T13:58:39","slug":"program-bp2-authorised-distributor","status":"publish","type":"page","link":"https:\/\/bp2.eu\/cs\/program-bp2-authorised-distributor\/","title":{"rendered":"BP2 AUTHORISED DISTRIBUTOR"},"content":{"rendered":"\n<div class=\"wp-block-group is-style-with-b2-background\"><div class=\"wp-block-group__inner-container is-layout-flow wp-block-group-is-layout-flow\">\n<div style=\"height:100px\" aria-hidden=\"true\" class=\"wp-block-spacer is-style-small-spacer\"><\/div>\n\n\n\n<p class=\"has-text-align-center noMarginBottom has-red-color has-text-color\"><strong><strong>PROGRAM PODPORY PRODEJE V\u00ddROBK\u016e BP2<\/strong><\/strong><\/p>\n\n\n\n<h2 class=\"has-text-align-center noMarginTop noMarginBottom is-style-h1 wp-block-heading\" style=\"font-size:3.5em\">BP2 AUTHORISED DISTRIBUTOR<\/h2>\n\n\n\n<div style=\"height:100px\" aria-hidden=\"true\" class=\"wp-block-spacer is-style-small-spacer\"><\/div>\n<\/div><\/div>\n\n\n\n<div class=\"wp-block-group is-style-narrower-group\"><div class=\"wp-block-group__inner-container is-layout-flow wp-block-group-is-layout-flow\">\n<p class=\"has-text-align-center\" style=\"font-size:22px\">Vych\u00e1z\u00edme vst\u0159\u00edc o\u010dek\u00e1v\u00e1n\u00edm na\u0161ich distributor\u016f a vytvo\u0159ili jsme komplexn\u00ed program podpory prodeje v\u00fdrobk\u016f BP2. V sou\u010dasnosti se aktivity podporuj\u00edc\u00ed prodej soust\u0159ed\u00ed kolem digital marketingu a lok\u00e1ln\u00edch internetov\u00fdch kampan\u00ed. Na\u0161e odd\u011blen\u00ed je p\u0159ipraveno poskytnout ve\u0161ker\u00e9 nezbytn\u00e9 rady.<\/p>\n<\/div><\/div>\n\n\n\n<div style=\"height:100px\" aria-hidden=\"true\" class=\"wp-block-spacer is-style-smaller-spacer\"><\/div>\n\n\n\n<div class=\"wp-block-group\"><div class=\"wp-block-group__inner-container is-layout-flow wp-block-group-is-layout-flow\">\n<div class=\"wp-block-columns is-style-grid fade-in is-layout-flex wp-container-core-columns-is-layout-9d6595d7 wp-block-columns-is-layout-flex\">\n<div class=\"wp-block-column is-layout-flow wp-block-column-is-layout-flow\">\n<div class=\"wp-block-cover is-light is-style-full-height\"><span aria-hidden=\"true\" class=\"wp-block-cover__background has-background-dim-0 has-background-dim\"><\/span><img loading=\"lazy\" decoding=\"async\" width=\"1306\" height=\"1864\" class=\"wp-block-cover__image-background wp-image-31334\" alt=\"\" src=\"https:\/\/bp2.eu\/wp-content\/uploads\/2022\/10\/AD.jpg\" style=\"object-position:54% 49%\" data-object-fit=\"cover\" data-object-position=\"54% 49%\" srcset=\"https:\/\/bp2.eu\/wp-content\/uploads\/2022\/10\/AD.jpg 1306w, https:\/\/bp2.eu\/wp-content\/uploads\/2022\/10\/AD-673x960.jpg 673w, https:\/\/bp2.eu\/wp-content\/uploads\/2022\/10\/AD-717x1024.jpg 717w, https:\/\/bp2.eu\/wp-content\/uploads\/2022\/10\/AD-768x1096.jpg 768w, https:\/\/bp2.eu\/wp-content\/uploads\/2022\/10\/AD-1076x1536.jpg 1076w\" sizes=\"auto, (max-width: 1306px) 100vw, 1306px\" \/><div class=\"wp-block-cover__inner-container is-layout-flow wp-block-cover-is-layout-flow\">\n<p class=\"has-text-align-center\"><\/p>\n<\/div><\/div>\n<\/div>\n\n\n\n<div class=\"wp-block-column is-layout-flow wp-block-column-is-layout-flow\">\n<div class=\"wp-block-cover is-light is-style-full-width wp-duotone-8c00b7-fcff41-1\"><span aria-hidden=\"true\" class=\"wp-block-cover__background has-dark-gray-background-color has-background-dim-100 has-background-dim\"><\/span><div class=\"wp-block-cover__inner-container is-layout-flow wp-block-cover-is-layout-flow\">\n<figure class=\"wp-block-image size-large is-resized\"><img loading=\"lazy\" decoding=\"async\" src=\"https:\/\/bp2.eu\/wp-content\/uploads\/2022\/12\/bp2-ad.svg\" alt=\"\" class=\"wp-image-46316\" width=\"185\" height=\"113\"\/><\/figure>\n\n\n\n<p>Vytvo\u0159ili jsme komplexn\u00ed program podpory prodeje v\u00fdrobk\u016f BP2, \u010d\u00edm\u017e pom\u00e1h\u00e1me na\u0161im z\u00e1kazn\u00edk\u016fm vypracovat obchodn\u00ed strategii l\u00e9pe a zv\u00fd\u0161it tak prodej p\u0159i optimalizaci pracovn\u00edho \u010dasu. <\/p>\n\n\n\n<p>Jsme schopni pod\u00edvat se na va\u0161i firmu o\u010dima z\u00e1kazn\u00edky. Na\u0161i distributo\u0159i mohou po\u010d\u00edtat s kompletn\u00ed podporou a profesion\u00e1ln\u00ed p\u0159\u00edpravou efektivn\u00edch prodejn\u00edch a marketingov\u00fdch aktivit, d\u00edky nim\u017e nejen vzrostou va\u0161e p\u0159\u00edjmy za optimalizace pracovn\u00ed doby, ale tak\u00e9 zv\u00fd\u0161\u00edte zn\u00e1most sv\u00e9 zna\u010dky na internetu. <\/p>\n\n\n\n<p>V sou\u010dasnosti se aktivity podporuj\u00edc\u00ed prodej soust\u0159ed\u00ed kolem digital marketingu a lok\u00e1ln\u00edch internetov\u00fdch kampan\u00ed. <\/p>\n\n\n\n<p>To, \u017ee se stanete autorizovan\u00fdm distributorem BP2 p\u0159in\u00e1\u0161\u00ed mnoho v\u00fdhod jako: mo\u017enost vytvo\u0159en\u00ed vlastn\u00edho eshopu podporovan\u00e9ho BP2, p\u0159\u00edstup k bohat\u00e9 nab\u00eddce VIP gadget\u016f, branding prodejn\u00edch m\u00edst, pracovn\u00edch od\u011bv\u016f a vozov\u00e9ho parku a spolufinancov\u00e1n\u00ed v\u00fdrobk\u016f v r\u00e1mci<strong> programu BP 50:50.<\/strong><\/p>\n\n\n\n<a href=\"#\"  class=\"button button--red \">ZJIST\u011aTE V\u00cdCE<\/a>\n\n\n<div style=\"height:100px\" aria-hidden=\"true\" class=\"wp-block-spacer\"><\/div>\n<\/div><\/div>\n<\/div>\n<\/div>\n<\/div><\/div>\n\n\n\n<div class=\"wp-block-group has-white-background-color has-background\"><div class=\"wp-block-group__inner-container is-layout-flow wp-block-group-is-layout-flow\">\n<div style=\"height:100px\" aria-hidden=\"true\" class=\"wp-block-spacer is-style-smaller-spacer\"><\/div>\n\n\n\n<div class=\"wp-block-columns is-style-grid is-layout-flex wp-container-core-columns-is-layout-9d6595d7 wp-block-columns-is-layout-flex\">\n<div class=\"wp-block-column is-layout-flow wp-block-column-is-layout-flow\">\n<div class=\"wp-block-cover is-style-content-from-bottom\"><span aria-hidden=\"true\" class=\"wp-block-cover__background has-background-dim\"><\/span><img loading=\"lazy\" decoding=\"async\" width=\"1306\" height=\"1864\" class=\"wp-block-cover__image-background wp-image-30254\" alt=\"\" src=\"https:\/\/bp2.eu\/wp-content\/uploads\/2022\/09\/50-50-1.jpg\" style=\"object-position:83% 100%\" data-object-fit=\"cover\" data-object-position=\"83% 100%\" srcset=\"https:\/\/bp2.eu\/wp-content\/uploads\/2022\/09\/50-50-1.jpg 1306w, https:\/\/bp2.eu\/wp-content\/uploads\/2022\/09\/50-50-1-673x960.jpg 673w, https:\/\/bp2.eu\/wp-content\/uploads\/2022\/09\/50-50-1-717x1024.jpg 717w, https:\/\/bp2.eu\/wp-content\/uploads\/2022\/09\/50-50-1-768x1096.jpg 768w, https:\/\/bp2.eu\/wp-content\/uploads\/2022\/09\/50-50-1-1076x1536.jpg 1076w\" sizes=\"auto, (max-width: 1306px) 100vw, 1306px\" \/><div class=\"wp-block-cover__inner-container is-layout-flow wp-block-cover-is-layout-flow\">\n<div style=\"height:100px\" aria-hidden=\"true\" class=\"wp-block-spacer is-style-medium-spacer\"><\/div>\n\n\n\n<figure class=\"wp-block-image size-large is-resized\"><img loading=\"lazy\" decoding=\"async\" src=\"https:\/\/bp2.eu\/wp-content\/uploads\/2022\/12\/bp2-50-50.svg\" alt=\"\" class=\"wp-image-46309\" width=\"185\" height=\"113\"\/><\/figure>\n\n\n\n<p>Program zac\u00edlen\u00fd na distributory a pokr\u00fdva\u010de, v n\u011bm\u017e jsou n\u00e1klady na v\u00fdrobu nab\u00edzen\u00fdch, spolehliv\u00fdch pracovn\u00edch od\u011bv\u016f a vysoce kvalitn\u00edho n\u00e1\u0159ad\u00ed d\u011bleny na p\u016fl mezi BP2 a objednavatele. Na v\u00fdrobc\u00edch jsou um\u00edst\u011bna loga partner\u016f programu BP2 50:50.<\/p>\n\n\n\n<div class=\"wp-block-group\"><div class=\"wp-block-group__inner-container is-layout-flow wp-block-group-is-layout-flow\">\n<a href=\"https:\/\/bp2.eu\/program-bp2-50-50\/\"  class=\"button button--red \">ZJIST\u011aTE V\u00cdCE<\/a><\/div><\/div>\n<\/div><\/div>\n<\/div>\n\n\n\n<div class=\"wp-block-column is-layout-flow wp-block-column-is-layout-flow\">\n<div class=\"wp-block-cover is-light is-style-content-from-bottom\"><span aria-hidden=\"true\" class=\"wp-block-cover__background has-background-dim\"><\/span><img loading=\"lazy\" decoding=\"async\" width=\"1306\" height=\"1864\" class=\"wp-block-cover__image-background wp-image-31260\" alt=\"\" src=\"https:\/\/bp2.eu\/wp-content\/uploads\/2022\/10\/BPACK-v2.jpg\" style=\"object-position:54% 87%\" data-object-fit=\"cover\" data-object-position=\"54% 87%\" srcset=\"https:\/\/bp2.eu\/wp-content\/uploads\/2022\/10\/BPACK-v2.jpg 1306w, https:\/\/bp2.eu\/wp-content\/uploads\/2022\/10\/BPACK-v2-673x960.jpg 673w, https:\/\/bp2.eu\/wp-content\/uploads\/2022\/10\/BPACK-v2-717x1024.jpg 717w, https:\/\/bp2.eu\/wp-content\/uploads\/2022\/10\/BPACK-v2-768x1096.jpg 768w, https:\/\/bp2.eu\/wp-content\/uploads\/2022\/10\/BPACK-v2-1076x1536.jpg 1076w\" sizes=\"auto, (max-width: 1306px) 100vw, 1306px\" \/><div class=\"wp-block-cover__inner-container is-layout-flow wp-block-cover-is-layout-flow\">\n<div style=\"height:100px\" aria-hidden=\"true\" class=\"wp-block-spacer is-style-medium-spacer\"><\/div>\n\n\n\n<figure class=\"wp-block-image size-large is-resized\"><img loading=\"lazy\" decoding=\"async\" src=\"https:\/\/bp2.eu\/wp-content\/uploads\/2022\/12\/bp2-bpack.svg\" alt=\"\" class=\"wp-image-46323\" width=\"163\" height=\"113\"\/><\/figure>\n\n\n\n<p class=\"has-white-color has-text-color\">Marketingov\u00e1 akce c\u00edl\u00edc\u00ed na distributory, v jej\u00edm\u017e r\u00e1mci na z\u00e1klad\u011b p\u0159id\u011blen\u00fdch bod\u016f distributor dvakr\u00e1t ro\u010dn\u011b, prost\u0159ednictv\u00edm na\u0161ich str\u00e1nek, s\u00e1m kompletuje ko\u0161\u00edk marketingov\u00fdch materi\u00e1l\u016f nab\u00edzen\u00fdch v aktu\u00e1ln\u00edm ro\u010dn\u00edku programu.<\/p>\n\n\n\n<div class=\"wp-block-group\"><div class=\"wp-block-group__inner-container is-layout-flow wp-block-group-is-layout-flow\">\n<a href=\"https:\/\/bp2.eu\/program-bp2-bpack\/\"  class=\"button button--red \">ZJIST\u011aTE V\u00cdCE<\/a><\/div><\/div>\n<\/div><\/div>\n<\/div>\n\n\n\n<div class=\"wp-block-column is-layout-flow wp-block-column-is-layout-flow\">\n<div class=\"wp-block-cover is-light is-style-content-from-bottom\"><span aria-hidden=\"true\" class=\"wp-block-cover__background has-background-dim\"><\/span><img loading=\"lazy\" decoding=\"async\" width=\"1306\" height=\"1864\" class=\"wp-block-cover__image-background wp-image-31207\" alt=\"\" src=\"https:\/\/bp2.eu\/wp-content\/uploads\/2022\/10\/BPACK.jpg\" style=\"object-position:54% 100%\" data-object-fit=\"cover\" data-object-position=\"54% 100%\" srcset=\"https:\/\/bp2.eu\/wp-content\/uploads\/2022\/10\/BPACK.jpg 1306w, https:\/\/bp2.eu\/wp-content\/uploads\/2022\/10\/BPACK-673x960.jpg 673w, https:\/\/bp2.eu\/wp-content\/uploads\/2022\/10\/BPACK-717x1024.jpg 717w, https:\/\/bp2.eu\/wp-content\/uploads\/2022\/10\/BPACK-768x1096.jpg 768w, https:\/\/bp2.eu\/wp-content\/uploads\/2022\/10\/BPACK-1076x1536.jpg 1076w\" sizes=\"auto, (max-width: 1306px) 100vw, 1306px\" \/><div class=\"wp-block-cover__inner-container is-layout-flow wp-block-cover-is-layout-flow\">\n<div style=\"height:100px\" aria-hidden=\"true\" class=\"wp-block-spacer is-style-medium-spacer\"><\/div>\n\n\n\n<figure class=\"wp-block-image size-large is-resized\"><img loading=\"lazy\" decoding=\"async\" src=\"https:\/\/bp2.eu\/wp-content\/uploads\/2022\/12\/bp2eshop.svg\" alt=\"\" class=\"wp-image-46330\" width=\"185\" height=\"113\"\/><\/figure>\n\n\n\n<p class=\"has-white-color has-text-color\">Webov\u00e1 prodejn\u00ed platforma, kterou spravuje spole\u010dnost BP2 spolu s autorizovan\u00fdm distributorem. Spr\u00e1vn\u00e9 fungov\u00e1n\u00ed platformy z hlediska IT je zcela zaru\u010deno spole\u010dnost\u00ed BP2. Distributor si m\u016f\u017ee p\u0159izp\u016fsobit webov\u00e9 str\u00e1nky a nab\u00eddku, stejn\u011b jako obchodn\u00ed podm\u00ednky.<\/p>\n\n\n\n<div class=\"wp-block-group\"><div class=\"wp-block-group__inner-container is-layout-flow wp-block-group-is-layout-flow\">\n<a href=\"https:\/\/bp2.eu\/program-bp2-eshop\/\"  class=\"button button--red \">ZJIST\u011aTE V\u00cdCE<\/a><\/div><\/div>\n<\/div><\/div>\n<\/div>\n<\/div>\n\n\n\n<div style=\"height:100px\" aria-hidden=\"true\" class=\"wp-block-spacer is-style-small-spacer\"><\/div>\n<\/div><\/div>\n\n\n\n<div style=\"height:100px\" aria-hidden=\"true\" class=\"wp-block-spacer is-style-smaller-spacer\"><\/div>\n","protected":false},"excerpt":{"rendered":"<p>PROGRAM PODPORY PRODEJE V\u00ddROBK\u016e BP2 BP2 AUTHORISED DISTRIBUTOR Vych\u00e1z\u00edme vst\u0159\u00edc o\u010dek\u00e1v\u00e1n\u00edm na\u0161ich distributor\u016f a vytvo\u0159ili jsme komplexn\u00ed program podpory prodeje v\u00fdrobk\u016f BP2. V sou\u010dasnosti se aktivity podporuj\u00edc\u00ed prodej soust\u0159ed\u00ed kolem digital marketingu a lok\u00e1ln\u00edch internetov\u00fdch kampan\u00ed. Na\u0161e odd\u011blen\u00ed je p\u0159ipraveno poskytnout ve\u0161ker\u00e9 nezbytn\u00e9 rady.<\/p>\n","protected":false},"author":6,"featured_media":0,"parent":0,"menu_order":58,"comment_status":"closed","ping_status":"closed","template":"","meta":{"_acf_changed":false,"content-type":"","inline_featured_image":false,"footnotes":""},"class_list":["post-48720","page","type-page","status-publish","hentry"],"acf":[],"_links":{"self":[{"href":"https:\/\/bp2.eu\/cs\/wp-json\/wp\/v2\/pages\/48720","targetHints":{"allow":["GET"]}}],"collection":[{"href":"https:\/\/bp2.eu\/cs\/wp-json\/wp\/v2\/pages"}],"about":[{"href":"https:\/\/bp2.eu\/cs\/wp-json\/wp\/v2\/types\/page"}],"author":[{"embeddable":true,"href":"https:\/\/bp2.eu\/cs\/wp-json\/wp\/v2\/users\/6"}],"replies":[{"embeddable":true,"href":"https:\/\/bp2.eu\/cs\/wp-json\/wp\/v2\/comments?post=48720"}],"version-history":[{"count":0,"href":"https:\/\/bp2.eu\/cs\/wp-json\/wp\/v2\/pages\/48720\/revisions"}],"wp:attachment":[{"href":"https:\/\/bp2.eu\/cs\/wp-json\/wp\/v2\/media?parent=48720"}],"curies":[{"name":"wp","href":"https:\/\/api.w.org\/{rel}","templated":true}]}}