{"id":48725,"date":"2022-10-10T10:47:56","date_gmt":"2022-10-10T08:47:56","guid":{"rendered":"https:\/\/bp2.eu\/program-bp2-eshop\/"},"modified":"2022-12-21T14:58:35","modified_gmt":"2022-12-21T13:58:35","slug":"program-bp2-eshop","status":"publish","type":"page","link":"https:\/\/bp2.eu\/cs\/program-bp2-eshop\/","title":{"rendered":"BP2 ESHOP"},"content":{"rendered":"\n<div class=\"wp-block-group is-style-with-b2-background\"><div class=\"wp-block-group__inner-container is-layout-flow wp-block-group-is-layout-flow\">\n<div style=\"height:100px\" aria-hidden=\"true\" class=\"wp-block-spacer is-style-small-spacer\"><\/div>\n\n\n\n<p class=\"has-text-align-center noMarginBottom has-red-color has-text-color\"><strong><strong>ZA\u010cN\u011aTE PROD\u00c1VAT ONLINE BEZ OMEZEN\u00cd<\/strong><\/strong><\/p>\n\n\n\n<h2 class=\"has-text-align-center noMarginTop noMarginBottom is-style-h1 wp-block-heading\" style=\"font-size:3.5em\">BP2 ESHOP<\/h2>\n\n\n\n<div style=\"height:100px\" aria-hidden=\"true\" class=\"wp-block-spacer is-style-small-spacer\"><\/div>\n<\/div><\/div>\n\n\n\n<div class=\"wp-block-group is-style-narrower-group\"><div class=\"wp-block-group__inner-container is-layout-flow wp-block-group-is-layout-flow\">\n<p class=\"has-text-align-center\" style=\"font-size:22px\">Webov\u00e1 prodejn\u00ed platforma, kterou spravuje spole\u010dnost BP2 spolu s autorizovan\u00fdm distributorem. Spr\u00e1vn\u00e9 fungov\u00e1n\u00ed platformy z hlediska IT je zcela zaru\u010deno spole\u010dnost\u00ed BP2. Distributor si m\u016f\u017ee p\u0159izp\u016fsobit webov\u00e9 str\u00e1nky a nab\u00eddku, stejn\u011b jako obchodn\u00ed podm\u00ednky.<\/p>\n<\/div><\/div>\n\n\n\n<div style=\"height:100px\" aria-hidden=\"true\" class=\"wp-block-spacer is-style-smaller-spacer\"><\/div>\n\n\n\n<div class=\"wp-block-group\"><div class=\"wp-block-group__inner-container is-layout-flow wp-block-group-is-layout-flow\">\n<div class=\"wp-block-columns is-style-grid fade-in is-layout-flex wp-container-core-columns-is-layout-9d6595d7 wp-block-columns-is-layout-flex\">\n<div class=\"wp-block-column is-layout-flow wp-block-column-is-layout-flow\">\n<div class=\"wp-block-cover is-light is-style-full-height\"><span aria-hidden=\"true\" class=\"wp-block-cover__background has-background-dim-0 has-background-dim\"><\/span><img loading=\"lazy\" decoding=\"async\" width=\"1306\" height=\"1864\" class=\"wp-block-cover__image-background wp-image-31207\" alt=\"\" src=\"https:\/\/bp2.eu\/wp-content\/uploads\/2022\/10\/BPACK.jpg\" style=\"object-position:33% 46%\" data-object-fit=\"cover\" data-object-position=\"33% 46%\" srcset=\"https:\/\/bp2.eu\/wp-content\/uploads\/2022\/10\/BPACK.jpg 1306w, https:\/\/bp2.eu\/wp-content\/uploads\/2022\/10\/BPACK-673x960.jpg 673w, https:\/\/bp2.eu\/wp-content\/uploads\/2022\/10\/BPACK-717x1024.jpg 717w, https:\/\/bp2.eu\/wp-content\/uploads\/2022\/10\/BPACK-768x1096.jpg 768w, https:\/\/bp2.eu\/wp-content\/uploads\/2022\/10\/BPACK-1076x1536.jpg 1076w\" sizes=\"auto, (max-width: 1306px) 100vw, 1306px\" \/><div class=\"wp-block-cover__inner-container is-layout-flow wp-block-cover-is-layout-flow\">\n<p class=\"has-text-align-center\"><\/p>\n<\/div><\/div>\n<\/div>\n\n\n\n<div class=\"wp-block-column is-vertically-aligned-center is-layout-flow wp-block-column-is-layout-flow\">\n<div class=\"wp-block-cover is-light is-style-full-width wp-duotone-8c00b7-fcff41-1\"><span aria-hidden=\"true\" class=\"wp-block-cover__background has-dark-gray-background-color has-background-dim-100 has-background-dim\"><\/span><div class=\"wp-block-cover__inner-container is-layout-flow wp-block-cover-is-layout-flow\">\n<figure class=\"wp-block-image size-large is-resized\"><img loading=\"lazy\" decoding=\"async\" src=\"https:\/\/bp2.eu\/wp-content\/uploads\/2022\/12\/bp2eshop.svg\" alt=\"\" class=\"wp-image-46330\" width=\"185\" height=\"113\"\/><\/figure>\n\n\n\n<p>Prodej po internetu b\u011bhem posledn\u00edch let v\u00fdrazn\u011b narostl. Podle zpr\u00e1vy Gemius cel\u00fdch 77 % u\u017eivatel\u016f internetu vyu\u017eilo v roce 2021 online nakupov\u00e1n\u00ed minim\u00e1ln\u011b jednou. Sou\u010dasn\u00fd sv\u011bt po n\u00e1s vy\u017eaduje zm\u011bny v marketingov\u00fdch n\u00e1stroj\u00edch a zp\u016fsobu komunikace se z\u00e1kazn\u00edky, proto jsme se rozhodli zav\u00e9st speci\u00e1ln\u00ed \u0159e\u0161en\u00ed pro internetov\u00fd prodej. <\/p>\n\n\n\n<p>D\u00edky na\u0161emu \u0159e\u0161en\u00ed si b\u011bhem n\u011bkolika dn\u00ed budete moci u\u017e\u00edvat funk\u010dn\u00ed a poutav\u00fd eshop. Spr\u00e1vn\u00fd chod platformy z informatick\u00e9ho hlediska je pln\u011b zaru\u010den BP2. S vyu\u017eit\u00edm na\u0161eho \u0159e\u0161en\u00ed si nemus\u00edte d\u011blat starosti s digit\u00e1ln\u00ed bezpe\u010dnost\u00ed a nakupovat dal\u0161\u00ed serverov\u00fd prostor, samotn\u00e1 spr\u00e1va obchodu nevy\u017eaduje pokro\u010dil\u00e9 technick\u00e9 v\u011bdomosti. <\/p>\n\n\n\n<p>Distributor m\u00e1 volnou ruku p\u0159i personalizov\u00e1n\u00ed str\u00e1nek a nab\u00eddky a tak\u00e9 obchodn\u00edch podm\u00ednek. Va\u0161i z\u00e1kazn\u00edci si budou moci u\u017e\u00edvat n\u00e1kupy na vybran\u00e9m za\u0159\u00edzen\u00ed a zabudovan\u00fd modul plateb v obchod\u011b v\u00e1m umo\u017en\u00ed bezprobl\u00e9mov\u011b vyb\u00edrat platby za sv\u00e9 v\u00fdrobky s pomoc\u00ed oper\u00e1tora plateb PayU. <\/p>\n\n\n\n<p>S vyu\u017eit\u00edm na\u0161eho \u0159e\u0161en\u00ed se budete moci soust\u0159edit na prodej, a my v\u00e1m dod\u00e1me zbytek. <strong>V\u00edce informac\u00ed z\u00edsk\u00e1te, pokud budete kontaktovat na\u0161eho obchodn\u00edho z\u00e1stupce.<\/strong><\/p>\n\n\n\n<a href=\"https:\/\/bp2.eu\/kontakt\/?cat=0&#038;subcat=2\"  class=\"button button--red \">KONTAKTUJTE OBCHODN\u00cdHO Z\u00c1STUPCE<\/a>\n\n\n<div style=\"height:100px\" aria-hidden=\"true\" class=\"wp-block-spacer\"><\/div>\n<\/div><\/div>\n<\/div>\n<\/div>\n<\/div><\/div>\n\n\n\n<div class=\"wp-block-group has-white-background-color has-background\"><div class=\"wp-block-group__inner-container is-layout-flow wp-block-group-is-layout-flow\">\n<div style=\"height:100px\" aria-hidden=\"true\" class=\"wp-block-spacer is-style-smaller-spacer\"><\/div>\n\n\n\n<div class=\"wp-block-columns is-style-grid is-layout-flex wp-container-core-columns-is-layout-9d6595d7 wp-block-columns-is-layout-flex\">\n<div class=\"wp-block-column is-layout-flow wp-block-column-is-layout-flow\">\n<div class=\"wp-block-cover is-style-content-from-bottom\"><span aria-hidden=\"true\" class=\"wp-block-cover__background has-background-dim\"><\/span><img loading=\"lazy\" decoding=\"async\" width=\"1306\" height=\"1864\" class=\"wp-block-cover__image-background wp-image-30254\" alt=\"\" src=\"https:\/\/bp2.eu\/wp-content\/uploads\/2022\/09\/50-50-1.jpg\" style=\"object-position:83% 100%\" data-object-fit=\"cover\" data-object-position=\"83% 100%\" srcset=\"https:\/\/bp2.eu\/wp-content\/uploads\/2022\/09\/50-50-1.jpg 1306w, https:\/\/bp2.eu\/wp-content\/uploads\/2022\/09\/50-50-1-673x960.jpg 673w, https:\/\/bp2.eu\/wp-content\/uploads\/2022\/09\/50-50-1-717x1024.jpg 717w, https:\/\/bp2.eu\/wp-content\/uploads\/2022\/09\/50-50-1-768x1096.jpg 768w, https:\/\/bp2.eu\/wp-content\/uploads\/2022\/09\/50-50-1-1076x1536.jpg 1076w\" sizes=\"auto, (max-width: 1306px) 100vw, 1306px\" \/><div class=\"wp-block-cover__inner-container is-layout-flow wp-block-cover-is-layout-flow\">\n<div style=\"height:100px\" aria-hidden=\"true\" class=\"wp-block-spacer is-style-medium-spacer\"><\/div>\n\n\n\n<figure class=\"wp-block-image size-large is-resized\"><img loading=\"lazy\" decoding=\"async\" src=\"https:\/\/bp2.eu\/wp-content\/uploads\/2022\/12\/bp2-50-50.svg\" alt=\"\" class=\"wp-image-46309\" width=\"185\" height=\"113\"\/><\/figure>\n\n\n\n<p class=\"has-white-color has-text-color\">Program zac\u00edlen\u00fd na distributory a pokr\u00fdva\u010de, v n\u011bm\u017e jsou n\u00e1klady na v\u00fdrobu nab\u00edzen\u00fdch, spolehliv\u00fdch pracovn\u00edch od\u011bv\u016f a vysoce kvalitn\u00edho n\u00e1\u0159ad\u00ed d\u011bleny na p\u016fl mezi BP2 a objednavatele. Na v\u00fdrobc\u00edch jsou um\u00edst\u011bna loga partner\u016f programu BP2 50:50.<\/p>\n\n\n\n<div class=\"wp-block-group\"><div class=\"wp-block-group__inner-container is-layout-flow wp-block-group-is-layout-flow\">\n<a href=\"https:\/\/bp2.eu\/program-bp2-50-50\/\"  class=\"button button--red \">ZJIST\u011aTE V\u00cdCE<\/a><\/div><\/div>\n<\/div><\/div>\n<\/div>\n\n\n\n<div class=\"wp-block-column is-layout-flow wp-block-column-is-layout-flow\">\n<div class=\"wp-block-cover is-light is-style-content-from-bottom\"><span aria-hidden=\"true\" class=\"wp-block-cover__background has-background-dim\"><\/span><img loading=\"lazy\" decoding=\"async\" width=\"1306\" height=\"1864\" class=\"wp-block-cover__image-background wp-image-31334\" alt=\"\" src=\"https:\/\/bp2.eu\/wp-content\/uploads\/2022\/10\/AD.jpg\" style=\"object-position:52% 97%\" data-object-fit=\"cover\" data-object-position=\"52% 97%\" srcset=\"https:\/\/bp2.eu\/wp-content\/uploads\/2022\/10\/AD.jpg 1306w, https:\/\/bp2.eu\/wp-content\/uploads\/2022\/10\/AD-673x960.jpg 673w, https:\/\/bp2.eu\/wp-content\/uploads\/2022\/10\/AD-717x1024.jpg 717w, https:\/\/bp2.eu\/wp-content\/uploads\/2022\/10\/AD-768x1096.jpg 768w, https:\/\/bp2.eu\/wp-content\/uploads\/2022\/10\/AD-1076x1536.jpg 1076w\" sizes=\"auto, (max-width: 1306px) 100vw, 1306px\" \/><div class=\"wp-block-cover__inner-container is-layout-flow wp-block-cover-is-layout-flow\">\n<div style=\"height:100px\" aria-hidden=\"true\" class=\"wp-block-spacer is-style-medium-spacer\"><\/div>\n\n\n\n<figure class=\"wp-block-image size-large is-resized\"><img loading=\"lazy\" decoding=\"async\" src=\"https:\/\/bp2.eu\/wp-content\/uploads\/2022\/12\/bp2-ad.svg\" alt=\"\" class=\"wp-image-46316\" width=\"185\" height=\"113\"\/><\/figure>\n\n\n\n<p class=\"has-white-color has-text-color\">Vych\u00e1z\u00edme vst\u0159\u00edc o\u010dek\u00e1v\u00e1n\u00edm na\u0161ich distributor\u016f a vytvo\u0159ili jsme komplexn\u00ed program podpory prodeje v\u00fdrobk\u016f BP2. V sou\u010dasnosti se aktivity podporuj\u00edc\u00ed prodej soust\u0159ed\u00ed kolem digital marketingu a lok\u00e1ln\u00edch internetov\u00fdch kampan\u00ed. Na\u0161e odd\u011blen\u00ed je p\u0159ipraveno poskytnout ve\u0161ker\u00e9 nezbytn\u00e9 rady.<\/p>\n\n\n\n<div class=\"wp-block-group\"><div class=\"wp-block-group__inner-container is-layout-flow wp-block-group-is-layout-flow\">\n<a href=\"https:\/\/bp2.eu\/program-bp2-authorised-distributor\/\"  class=\"button button--red \">ZJIST\u011aTE V\u00cdCE<\/a><\/div><\/div>\n<\/div><\/div>\n<\/div>\n\n\n\n<div class=\"wp-block-column is-layout-flow wp-block-column-is-layout-flow\">\n<div class=\"wp-block-cover is-light is-style-content-from-bottom\"><span aria-hidden=\"true\" class=\"wp-block-cover__background has-background-dim\"><\/span><img loading=\"lazy\" decoding=\"async\" width=\"1306\" height=\"1864\" class=\"wp-block-cover__image-background wp-image-31260\" alt=\"\" src=\"https:\/\/bp2.eu\/wp-content\/uploads\/2022\/10\/BPACK-v2.jpg\" style=\"object-position:54% 90%\" data-object-fit=\"cover\" data-object-position=\"54% 90%\" srcset=\"https:\/\/bp2.eu\/wp-content\/uploads\/2022\/10\/BPACK-v2.jpg 1306w, https:\/\/bp2.eu\/wp-content\/uploads\/2022\/10\/BPACK-v2-673x960.jpg 673w, https:\/\/bp2.eu\/wp-content\/uploads\/2022\/10\/BPACK-v2-717x1024.jpg 717w, https:\/\/bp2.eu\/wp-content\/uploads\/2022\/10\/BPACK-v2-768x1096.jpg 768w, https:\/\/bp2.eu\/wp-content\/uploads\/2022\/10\/BPACK-v2-1076x1536.jpg 1076w\" sizes=\"auto, (max-width: 1306px) 100vw, 1306px\" \/><div class=\"wp-block-cover__inner-container is-layout-flow wp-block-cover-is-layout-flow\">\n<div style=\"height:100px\" aria-hidden=\"true\" class=\"wp-block-spacer is-style-medium-spacer\"><\/div>\n\n\n\n<figure class=\"wp-block-image size-large is-resized\"><img loading=\"lazy\" decoding=\"async\" src=\"https:\/\/bp2.eu\/wp-content\/uploads\/2022\/12\/bp2-bpack.svg\" alt=\"\" class=\"wp-image-46323\" width=\"163\" height=\"113\"\/><\/figure>\n\n\n\n<p class=\"has-white-color has-text-color\">Marketingov\u00e1 akce c\u00edl\u00edc\u00ed na distributory, v jej\u00edm\u017e r\u00e1mci na z\u00e1klad\u011b p\u0159id\u011blen\u00fdch bod\u016f distributor dvakr\u00e1t ro\u010dn\u011b, prost\u0159ednictv\u00edm na\u0161ich str\u00e1nek, s\u00e1m kompletuje ko\u0161\u00edk marketingov\u00fdch materi\u00e1l\u016f nab\u00edzen\u00fdch v aktu\u00e1ln\u00edm ro\u010dn\u00edku programu.<\/p>\n\n\n\n<div class=\"wp-block-group\"><div class=\"wp-block-group__inner-container is-layout-flow wp-block-group-is-layout-flow\">\n<a href=\"https:\/\/bp2.eu\/program-bp2-bpack\/\"  class=\"button button--red \">ZJIST\u011aTE V\u00cdCE<\/a><\/div><\/div>\n<\/div><\/div>\n<\/div>\n<\/div>\n\n\n\n<div style=\"height:100px\" aria-hidden=\"true\" class=\"wp-block-spacer is-style-small-spacer\"><\/div>\n<\/div><\/div>\n\n\n\n<div style=\"height:100px\" aria-hidden=\"true\" class=\"wp-block-spacer is-style-smaller-spacer\"><\/div>\n","protected":false},"excerpt":{"rendered":"<p>ZA\u010cN\u011aTE PROD\u00c1VAT ONLINE BEZ OMEZEN\u00cd BP2 ESHOP Webov\u00e1 prodejn\u00ed platforma, kterou spravuje spole\u010dnost BP2 spolu s autorizovan\u00fdm distributorem. Spr\u00e1vn\u00e9 fungov\u00e1n\u00ed platformy z hlediska IT je zcela zaru\u010deno spole\u010dnost\u00ed BP2. Distributor si m\u016f\u017ee p\u0159izp\u016fsobit webov\u00e9 str\u00e1nky a nab\u00eddku, stejn\u011b jako obchodn\u00ed podm\u00ednky.<\/p>\n","protected":false},"author":6,"featured_media":0,"parent":0,"menu_order":67,"comment_status":"closed","ping_status":"closed","template":"","meta":{"_acf_changed":false,"content-type":"","inline_featured_image":false,"footnotes":""},"class_list":["post-48725","page","type-page","status-publish","hentry"],"acf":[],"_links":{"self":[{"href":"https:\/\/bp2.eu\/cs\/wp-json\/wp\/v2\/pages\/48725","targetHints":{"allow":["GET"]}}],"collection":[{"href":"https:\/\/bp2.eu\/cs\/wp-json\/wp\/v2\/pages"}],"about":[{"href":"https:\/\/bp2.eu\/cs\/wp-json\/wp\/v2\/types\/page"}],"author":[{"embeddable":true,"href":"https:\/\/bp2.eu\/cs\/wp-json\/wp\/v2\/users\/6"}],"replies":[{"embeddable":true,"href":"https:\/\/bp2.eu\/cs\/wp-json\/wp\/v2\/comments?post=48725"}],"version-history":[{"count":0,"href":"https:\/\/bp2.eu\/cs\/wp-json\/wp\/v2\/pages\/48725\/revisions"}],"wp:attachment":[{"href":"https:\/\/bp2.eu\/cs\/wp-json\/wp\/v2\/media?parent=48725"}],"curies":[{"name":"wp","href":"https:\/\/api.w.org\/{rel}","templated":true}]}}