{"id":48738,"date":"2022-08-12T15:11:59","date_gmt":"2022-08-12T13:11:59","guid":{"rendered":"https:\/\/bp2.eu\/program-bp2-50-50\/"},"modified":"2025-09-03T15:07:15","modified_gmt":"2025-09-03T13:07:15","slug":"program-bp2-50-50","status":"publish","type":"page","link":"https:\/\/bp2.eu\/cs\/program-bp2-50-50\/","title":{"rendered":"BP2 50:50"},"content":{"rendered":"\n<div class=\"wp-block-group is-style-with-b2-background\"><div class=\"wp-block-group__inner-container is-layout-flow wp-block-group-is-layout-flow\">\n<div style=\"height:100px\" aria-hidden=\"true\" class=\"wp-block-spacer is-style-small-spacer\"><\/div>\n\n\n\n<p class=\"has-text-align-center noMarginBottom has-red-color has-text-color\"><strong><strong><strong>PRAKTICK\u00dd A BEZPE\u010cNOST PR\u00c1CE ZAJI\u0160\u0164UJ\u00cdC\u00cd PRACOVN\u00cd OD\u011aV S POTISKEM P\u0158EDSTAVUJE DOKONALOU FIREMN\u00cd PREZENTACI<\/strong><\/strong><\/strong><\/p>\n\n\n\n<h2 class=\"wp-block-heading has-text-align-center noMarginTop noMarginBottom is-style-h1\" style=\"font-size:3.5em\">BP2 50:50<\/h2>\n\n\n\n<div style=\"height:100px\" aria-hidden=\"true\" class=\"wp-block-spacer is-style-small-spacer\"><\/div>\n<\/div><\/div>\n\n\n\n<div class=\"wp-block-group is-style-narrower-group\"><div class=\"wp-block-group__inner-container is-layout-flow wp-block-group-is-layout-flow\">\n<p class=\"has-text-align-center\" style=\"font-size:22px\">Program zac\u00edlen\u00fd na distributory a pokr\u00fdva\u010de, v n\u011bm\u017e jsou n\u00e1klady na v\u00fdrobu nab\u00edzen\u00fdch, spolehliv\u00fdch pracovn\u00edch od\u011bv\u016f a vysoce kvalitn\u00edho n\u00e1\u0159ad\u00ed d\u011bleny na p\u016fl mezi BP2 a objednavatele. Na v\u00fdrobc\u00edch jsou um\u00edst\u011bna loga partner\u016f programu BP2 50:50.<\/p>\n<\/div><\/div>\n\n\n\n<div style=\"height:100px\" aria-hidden=\"true\" class=\"wp-block-spacer is-style-smaller-spacer\"><\/div>\n\n\n\n<div class=\"wp-block-group\"><div class=\"wp-block-group__inner-container is-layout-flow wp-block-group-is-layout-flow\">\n<div class=\"wp-block-columns is-style-grid fade-in is-layout-flex wp-container-core-columns-is-layout-9d6595d7 wp-block-columns-is-layout-flex\">\n<div class=\"wp-block-column is-layout-flow wp-block-column-is-layout-flow\">\n<div class=\"wp-block-cover is-style-full-height\"><img loading=\"lazy\" decoding=\"async\" width=\"1306\" height=\"1864\" class=\"wp-block-cover__image-background wp-image-57777\" alt=\"\" src=\"https:\/\/bp2.eu\/wp-content\/uploads\/2023\/02\/50-50-bp2-1.jpeg\" data-object-fit=\"cover\" srcset=\"https:\/\/bp2.eu\/wp-content\/uploads\/2023\/02\/50-50-bp2-1.jpeg 1306w, https:\/\/bp2.eu\/wp-content\/uploads\/2023\/02\/50-50-bp2-1-673x960.jpeg 673w, https:\/\/bp2.eu\/wp-content\/uploads\/2023\/02\/50-50-bp2-1-717x1024.jpeg 717w, https:\/\/bp2.eu\/wp-content\/uploads\/2023\/02\/50-50-bp2-1-768x1096.jpeg 768w, https:\/\/bp2.eu\/wp-content\/uploads\/2023\/02\/50-50-bp2-1-1076x1536.jpeg 1076w\" sizes=\"auto, (max-width: 1306px) 100vw, 1306px\" \/><span aria-hidden=\"true\" class=\"wp-block-cover__background has-background-dim-0 has-background-dim\"><\/span><div class=\"wp-block-cover__inner-container is-layout-flow wp-block-cover-is-layout-flow\">\n<p class=\"has-text-align-center\"><\/p>\n<\/div><\/div>\n<\/div>\n\n\n\n<div class=\"wp-block-column is-layout-flow wp-block-column-is-layout-flow\">\n<div class=\"wp-block-cover is-light is-style-full-width wp-duotone-8c00b7-fcff41-1\"><span aria-hidden=\"true\" class=\"wp-block-cover__background has-dark-gray-background-color has-background-dim-100 has-background-dim\"><\/span><div class=\"wp-block-cover__inner-container is-layout-flow wp-block-cover-is-layout-flow\">\n<figure class=\"wp-block-image size-full is-resized\"><img decoding=\"async\" src=\"https:\/\/bp2.eu\/wp-content\/uploads\/2023\/04\/bp2-50-50.svg\" alt=\"\" class=\"wp-image-63386\" style=\"width:185px;height:113px\"\/><\/figure>\n\n\n\n<p><strong>Pracovn\u00ed od\u011bv je neodmysliteln\u00fdm vybaven\u00edm ka\u017ed\u00e9ho pracovn\u00edka.<\/strong> Jde o dokonalou vizitku va\u0161\u00ed firmy, kter\u00e1 umo\u017en\u00ed r\u016fst zn\u00e1mosti zna\u010dky v o\u010d\u00edch klient\u016f a pos\u00edl\u00ed pocit jednoty a p\u0159ipout\u00e1n\u00ed k firm\u011b mezi va\u0161imi zam\u011bstnanci. <\/p>\n\n\n\n<p><strong>Pracovn\u00ed od\u011bvy dopl\u0148uj\u00ed gadgety a pokr\u00fdva\u010dsk\u00e9 n\u00e1\u0159ad\u00ed vyroben\u00e9 z vysoce kvalitn\u00edch materi\u00e1l\u016f, kter\u00e9 zaji\u0161\u0165uj\u00ed komfort a bezpe\u010dnost pr\u00e1ce.<\/strong> <\/p>\n\n\n\n<p>V na\u0161em programu nab\u00edz\u00edme pracovn\u00ed od\u011bvy dokonal\u00e9 kvality, kter\u00e9 jsou p\u0159izp\u016fsobeny pro r\u016fzn\u00e9 podm\u00ednky \u2013 chr\u00e1n\u00ed p\u0159ed p\u0159\u00edpadn\u00fdmi riziky, z\u00e1rove\u0148 zaji\u0161\u0165uj\u00ed naprostou svobodu pohybu a jejich vzhled p\u0159itahuje pozornost a zvy\u0161uje zn\u00e1most va\u0161\u00ed zna\u010dky.<\/p>\n\n\n\n<a href=\"https:\/\/bp2.eu\/wp-content\/uploads\/2023\/02\/Katalog-50-50-BP2-CZ-09-2025.pdf\"  class=\"button button--red \">ST\u00c1HNOUT KATALOG S NA\u0160IM OBLE\u010cEN\u00cdM<\/a>\n\n\n<a href=\"https:\/\/bp2.eu\/wp-content\/uploads\/2024\/09\/Formular-50-50-BP2-CZ-09-2025.pdf\"  class=\"button button--black \">St\u00e1hn\u011bte si objedn\u00e1vkov\u00fd formul\u00e1\u0159 50:50<\/a>\n\n\n<div style=\"height:100px\" aria-hidden=\"true\" class=\"wp-block-spacer\"><\/div>\n<\/div><\/div>\n<\/div>\n<\/div>\n<\/div><\/div>\n\n\n\n<div class=\"wp-block-group has-white-background-color has-background\"><div class=\"wp-block-group__inner-container is-layout-flow wp-block-group-is-layout-flow\">\n<div style=\"height:100px\" aria-hidden=\"true\" class=\"wp-block-spacer is-style-smaller-spacer\"><\/div>\n\n\n\n<div class=\"wp-block-columns is-style-grid is-layout-flex wp-container-core-columns-is-layout-9d6595d7 wp-block-columns-is-layout-flex\">\n<div class=\"wp-block-column is-layout-flow wp-block-column-is-layout-flow\">\n<div class=\"wp-block-cover is-light is-style-content-from-bottom\"><img loading=\"lazy\" decoding=\"async\" width=\"1306\" height=\"1864\" class=\"wp-block-cover__image-background wp-image-31260\" alt=\"\" src=\"https:\/\/bp2.eu\/wp-content\/uploads\/2022\/10\/BPACK-v2.jpg\" style=\"object-position:48% 100%\" data-object-fit=\"cover\" data-object-position=\"48% 100%\" srcset=\"https:\/\/bp2.eu\/wp-content\/uploads\/2022\/10\/BPACK-v2.jpg 1306w, https:\/\/bp2.eu\/wp-content\/uploads\/2022\/10\/BPACK-v2-673x960.jpg 673w, https:\/\/bp2.eu\/wp-content\/uploads\/2022\/10\/BPACK-v2-717x1024.jpg 717w, https:\/\/bp2.eu\/wp-content\/uploads\/2022\/10\/BPACK-v2-768x1096.jpg 768w, https:\/\/bp2.eu\/wp-content\/uploads\/2022\/10\/BPACK-v2-1076x1536.jpg 1076w\" sizes=\"auto, (max-width: 1306px) 100vw, 1306px\" \/><span aria-hidden=\"true\" class=\"wp-block-cover__background has-background-dim\"><\/span><div class=\"wp-block-cover__inner-container is-layout-flow wp-block-cover-is-layout-flow\">\n<div style=\"height:100px\" aria-hidden=\"true\" class=\"wp-block-spacer is-style-medium-spacer\"><\/div>\n\n\n\n<figure class=\"wp-block-image size-large is-resized\"><img decoding=\"async\" src=\"https:\/\/bp2.eu\/wp-content\/uploads\/\/2025\/09\/bp2-bpack.svg\" alt=\"bp2 bpack icon\" class=\"wp-image-103537\" style=\"width:163px;height:113px\"\/><\/figure>\n\n\n\n<p class=\"has-white-color has-text-color\">Marketingov\u00e1 akce c\u00edl\u00edc\u00ed na distributory, v jej\u00edm\u017e r\u00e1mci na z\u00e1klad\u011b p\u0159id\u011blen\u00fdch bod\u016f distributor dvakr\u00e1t ro\u010dn\u011b, prost\u0159ednictv\u00edm na\u0161ich str\u00e1nek, s\u00e1m kompletuje ko\u0161\u00edk marketingov\u00fdch materi\u00e1l\u016f nab\u00edzen\u00fdch v aktu\u00e1ln\u00edm ro\u010dn\u00edku programu.<\/p>\n\n\n\n<div class=\"wp-block-group\"><div class=\"wp-block-group__inner-container is-layout-flow wp-block-group-is-layout-flow\">\n<a href=\"https:\/\/bp2.eu\/program-bp2-bpack\/\"  class=\"button button--red \">ZJIST\u011aTE V\u00cdCE<\/a><\/div><\/div>\n<\/div><\/div>\n<\/div>\n\n\n\n<div class=\"wp-block-column is-layout-flow wp-block-column-is-layout-flow\">\n<div class=\"wp-block-cover is-light is-style-content-from-bottom\"><img loading=\"lazy\" decoding=\"async\" width=\"1306\" height=\"1864\" class=\"wp-block-cover__image-background wp-image-31334\" alt=\"\" src=\"https:\/\/bp2.eu\/wp-content\/uploads\/2022\/10\/AD.jpg\" style=\"object-position:45% 100%\" data-object-fit=\"cover\" data-object-position=\"45% 100%\" srcset=\"https:\/\/bp2.eu\/wp-content\/uploads\/2022\/10\/AD.jpg 1306w, https:\/\/bp2.eu\/wp-content\/uploads\/2022\/10\/AD-673x960.jpg 673w, https:\/\/bp2.eu\/wp-content\/uploads\/2022\/10\/AD-717x1024.jpg 717w, https:\/\/bp2.eu\/wp-content\/uploads\/2022\/10\/AD-768x1096.jpg 768w, https:\/\/bp2.eu\/wp-content\/uploads\/2022\/10\/AD-1076x1536.jpg 1076w\" sizes=\"auto, (max-width: 1306px) 100vw, 1306px\" \/><span aria-hidden=\"true\" class=\"wp-block-cover__background has-background-dim\"><\/span><div class=\"wp-block-cover__inner-container is-layout-flow wp-block-cover-is-layout-flow\">\n<div style=\"height:100px\" aria-hidden=\"true\" class=\"wp-block-spacer is-style-medium-spacer\"><\/div>\n\n\n\n<figure class=\"wp-block-image size-large is-resized\"><img decoding=\"async\" src=\"https:\/\/bp2.eu\/wp-content\/uploads\/\/2025\/09\/bp2-ad.svg\" alt=\"bp2 authorised d\" class=\"wp-image-103545\" style=\"width:185px;height:113px\"\/><\/figure>\n\n\n\n<p class=\"has-white-color has-text-color\">Vych\u00e1z\u00edme vst\u0159\u00edc o\u010dek\u00e1v\u00e1n\u00edm na\u0161ich distributor\u016f a vytvo\u0159ili jsme komplexn\u00ed program podpory prodeje v\u00fdrobk\u016f BP2. V sou\u010dasnosti se aktivity podporuj\u00edc\u00ed prodej soust\u0159ed\u00ed kolem digital marketingu a lok\u00e1ln\u00edch internetov\u00fdch kampan\u00ed. Na\u0161e odd\u011blen\u00ed je p\u0159ipraveno poskytnout ve\u0161ker\u00e9 nezbytn\u00e9 rady.<\/p>\n\n\n\n<div class=\"wp-block-group\"><div class=\"wp-block-group__inner-container is-layout-flow wp-block-group-is-layout-flow\">\n<a href=\"https:\/\/bp2.eu\/program-bp2-authorised-distributor\/\"  class=\"button button--red \">ZJIST\u011aTE V\u00cdCE<\/a><\/div><\/div>\n<\/div><\/div>\n<\/div>\n\n\n\n<div class=\"wp-block-column is-layout-flow wp-block-column-is-layout-flow\">\n<div class=\"wp-block-cover is-light is-style-content-from-bottom\"><img loading=\"lazy\" decoding=\"async\" width=\"1306\" height=\"1864\" class=\"wp-block-cover__image-background wp-image-31207\" alt=\"\" src=\"https:\/\/bp2.eu\/wp-content\/uploads\/2022\/10\/BPACK.jpg\" style=\"object-position:51% 100%\" data-object-fit=\"cover\" data-object-position=\"51% 100%\" srcset=\"https:\/\/bp2.eu\/wp-content\/uploads\/2022\/10\/BPACK.jpg 1306w, https:\/\/bp2.eu\/wp-content\/uploads\/2022\/10\/BPACK-673x960.jpg 673w, https:\/\/bp2.eu\/wp-content\/uploads\/2022\/10\/BPACK-717x1024.jpg 717w, https:\/\/bp2.eu\/wp-content\/uploads\/2022\/10\/BPACK-768x1096.jpg 768w, https:\/\/bp2.eu\/wp-content\/uploads\/2022\/10\/BPACK-1076x1536.jpg 1076w\" sizes=\"auto, (max-width: 1306px) 100vw, 1306px\" \/><span aria-hidden=\"true\" class=\"wp-block-cover__background has-background-dim\"><\/span><div class=\"wp-block-cover__inner-container is-layout-flow wp-block-cover-is-layout-flow\">\n<div style=\"height:100px\" aria-hidden=\"true\" class=\"wp-block-spacer is-style-medium-spacer\"><\/div>\n\n\n\n<figure class=\"wp-block-image size-large is-resized\"><img decoding=\"async\" src=\"https:\/\/bp2.eu\/wp-content\/uploads\/\/2025\/09\/bp2eshop.svg\" alt=\"bp2 eshop\" class=\"wp-image-103553\" style=\"width:185px;height:113px\"\/><\/figure>\n\n\n\n<p class=\"has-white-color has-text-color\">Webov\u00e1 prodejn\u00ed platforma, kterou spravuje spole\u010dnost BP2 spolu s autorizovan\u00fdm distributorem. Spr\u00e1vn\u00e9 fungov\u00e1n\u00ed platformy z hlediska IT je zcela zaru\u010deno spole\u010dnost\u00ed BP2. Distributor si m\u016f\u017ee p\u0159izp\u016fsobit webov\u00e9 str\u00e1nky a nab\u00eddku, stejn\u011b jako obchodn\u00ed podm\u00ednky.<\/p>\n\n\n\n<div class=\"wp-block-group\"><div class=\"wp-block-group__inner-container is-layout-flow wp-block-group-is-layout-flow\">\n<a href=\"https:\/\/bp2.eu\/program-bp2-eshop\/\"  class=\"button button--red \">ZJIST\u011aTE V\u00cdCE<\/a><\/div><\/div>\n<\/div><\/div>\n<\/div>\n<\/div>\n\n\n\n<div style=\"height:100px\" aria-hidden=\"true\" class=\"wp-block-spacer is-style-small-spacer\"><\/div>\n<\/div><\/div>\n\n\n\n<div style=\"height:100px\" aria-hidden=\"true\" class=\"wp-block-spacer is-style-smaller-spacer\"><\/div>\n","protected":false},"excerpt":{"rendered":"<p>PRAKTICK\u00dd A BEZPE\u010cNOST PR\u00c1CE ZAJI\u0160\u0164UJ\u00cdC\u00cd PRACOVN\u00cd OD\u011aV S POTISKEM P\u0158EDSTAVUJE DOKONALOU FIREMN\u00cd PREZENTACI BP2 50:50 Program zac\u00edlen\u00fd na distributory a pokr\u00fdva\u010de, v n\u011bm\u017e jsou n\u00e1klady na v\u00fdrobu nab\u00edzen\u00fdch, spolehliv\u00fdch pracovn\u00edch od\u011bv\u016f a vysoce kvalitn\u00edho n\u00e1\u0159ad\u00ed d\u011bleny na p\u016fl mezi BP2 a objednavatele. Na v\u00fdrobc\u00edch jsou um\u00edst\u011bna loga partner\u016f programu BP2 50:50.<\/p>\n","protected":false},"author":6,"featured_media":0,"parent":0,"menu_order":83,"comment_status":"closed","ping_status":"closed","template":"","meta":{"_acf_changed":false,"content-type":"","inline_featured_image":false,"footnotes":""},"class_list":["post-48738","page","type-page","status-publish","hentry"],"acf":[],"_links":{"self":[{"href":"https:\/\/bp2.eu\/cs\/wp-json\/wp\/v2\/pages\/48738","targetHints":{"allow":["GET"]}}],"collection":[{"href":"https:\/\/bp2.eu\/cs\/wp-json\/wp\/v2\/pages"}],"about":[{"href":"https:\/\/bp2.eu\/cs\/wp-json\/wp\/v2\/types\/page"}],"author":[{"embeddable":true,"href":"https:\/\/bp2.eu\/cs\/wp-json\/wp\/v2\/users\/6"}],"replies":[{"embeddable":true,"href":"https:\/\/bp2.eu\/cs\/wp-json\/wp\/v2\/comments?post=48738"}],"version-history":[{"count":3,"href":"https:\/\/bp2.eu\/cs\/wp-json\/wp\/v2\/pages\/48738\/revisions"}],"predecessor-version":[{"id":103659,"href":"https:\/\/bp2.eu\/cs\/wp-json\/wp\/v2\/pages\/48738\/revisions\/103659"}],"wp:attachment":[{"href":"https:\/\/bp2.eu\/cs\/wp-json\/wp\/v2\/media?parent=48738"}],"curies":[{"name":"wp","href":"https:\/\/api.w.org\/{rel}","templated":true}]}}