{"id":49293,"date":"2022-03-24T12:59:36","date_gmt":"2022-03-24T11:59:36","guid":{"rendered":"https:\/\/bp2.eu\/kariera\/"},"modified":"2023-02-20T15:47:30","modified_gmt":"2023-02-20T14:47:30","slug":"kariera","status":"publish","type":"page","link":"https:\/\/bp2.eu\/cs\/kariera\/","title":{"rendered":"KARI\u00c9RA"},"content":{"rendered":"\n<div class=\"wp-block-group is-style-with-b2-background\"><div class=\"wp-block-group__inner-container is-layout-flow wp-block-group-is-layout-flow\">\n<div style=\"height:100px\" aria-hidden=\"true\" class=\"wp-block-spacer is-style-small-spacer\"><\/div>\n\n\n\n<p class=\"has-text-align-center noMarginBottom has-red-color has-text-color\"><strong><strong>EXISTUJ\u00cd FIRMY, VE KTER\u00ddCH STOJ\u00cd ZA TO PRACOVAT<\/strong><\/strong><\/p>\n\n\n\n<h2 class=\"has-text-align-center is-style-h1 noMarginTop noMarginBottom wp-block-heading\">KARI\u00c9RA V BP2<\/h2>\n\n\n\n<div style=\"height:100px\" aria-hidden=\"true\" class=\"wp-block-spacer is-style-small-spacer\"><\/div>\n<\/div><\/div>\n\n\n\n<div class=\"wp-block-group is-style-narrower-group\"><div class=\"wp-block-group__inner-container is-layout-flow wp-block-group-is-layout-flow\">\n<p class=\"has-text-align-center\"><strong>BP2<\/strong> je od roku 1995 cen\u011bn\u00fdm v\u00fdrobcem kompletn\u00edch \u0159e\u0161en\u00ed pro bytov\u00e9 a pr\u016fmyslov\u00e9 stavitelstv\u00ed. Na\u0161e slu\u017eby nab\u00edz\u00edme tak\u00e9 v r\u00e1mci Ocelov\u00e9ho servisn\u00edho centra. Jsme tv\u016frci zna\u010dky a v\u00fdrobk\u016f <strong>SOLROOF <\/strong>&#8211; integrovan\u00e1 fotovoltaick\u00e1 st\u0159echa. BP2 m\u00e1 celkem p\u011bt v\u00fdrobn\u00edch z\u00e1vod\u016f, na \u00fazem\u00ed Polska (Krakov, D\u0105browa G\u00f3rnicza), na Slovensku (Ko\u0161ice) a v Rumunsku (Cluj Napoca, Teme\u0161v\u00e1r).<\/p>\n\n\n\n<div style=\"height:100px\" aria-hidden=\"true\" class=\"wp-block-spacer is-style-small-spacer\"><\/div>\n\n\n\n<div class=\"wp-block-group alignCenter\"><div class=\"wp-block-group__inner-container is-layout-flow wp-block-group-is-layout-flow\">\n<a href=\"https:\/\/bp2.eu\/kariera\/#oferty-pracy\"  class=\"button button--red \">DOSTUPN\u00c9 PRACOVN\u00cd NAB\u00cdDKY<\/a>\n\n\n<div style=\"height:100px\" aria-hidden=\"true\" class=\"wp-block-spacer is-style-small-spacer\"><\/div>\n<\/div><\/div>\n\n\n\n<div style=\"height:100px\" aria-hidden=\"true\" class=\"wp-block-spacer is-style-small-spacer\"><\/div>\n<\/div><\/div>\n\n\n\n<div class=\"wp-block-group alignCenter is-style-default\"><div class=\"wp-block-group__inner-container is-layout-flow wp-block-group-is-layout-flow\"><div class=\"wp-block-image is-style-cinema is-style-mobile-full wp-embed-aspect-16-9 wp-has-aspect-ratio noMarginBottom\">\n<figure class=\"aligncenter size-full\"><img loading=\"lazy\" decoding=\"async\" width=\"1633\" height=\"524\" src=\"https:\/\/bp2.eu\/wp-content\/uploads\/2022\/03\/bp2_kariera.png\" alt=\"\" class=\"wp-image-5388\" srcset=\"https:\/\/bp2.eu\/wp-content\/uploads\/2022\/03\/bp2_kariera.png 1633w, https:\/\/bp2.eu\/wp-content\/uploads\/2022\/03\/bp2_kariera-820x263.png 820w, https:\/\/bp2.eu\/wp-content\/uploads\/2022\/03\/bp2_kariera-1024x329.png 1024w, https:\/\/bp2.eu\/wp-content\/uploads\/2022\/03\/bp2_kariera-768x246.png 768w, https:\/\/bp2.eu\/wp-content\/uploads\/2022\/03\/bp2_kariera-1536x493.png 1536w\" sizes=\"auto, (max-width: 1633px) 100vw, 1633px\" \/><\/figure>\n<\/div><\/div><\/div>\n\n\n\n<div class=\"wp-block-group is-style-minus-margin has-dark-gray-background-color has-background\"><div class=\"wp-block-group__inner-container is-layout-flow wp-block-group-is-layout-flow\"><div class=\"wp-block-image is-style-minus-half scrollBtn noMarginBottom\">\n<figure class=\"aligncenter size-large\" id=\"oferty-pracy\"><a href=\"#oferty-pracy\"><img loading=\"lazy\" decoding=\"async\" width=\"59\" height=\"58\" src=\"https:\/\/bp2.eu\/wp-content\/uploads\/\/strzalka.svg\" alt=\"\" class=\"wp-image-11270\" title=\"\"\/><\/a><\/figure>\n<\/div>\n\n\n<div style=\"height:100px\" aria-hidden=\"true\" class=\"wp-block-spacer is-style-smaller-spacer\"><\/div>\n\n\n\n<h2 class=\"has-text-align-center is-style-h2 wp-block-heading\"><strong>AKTU\u00c1LN\u00cd PRACOVN\u00cd NAB\u00cdDKY<\/strong><\/h2>\n\n\n        <form action=\"\" data-jobs-filters class=\"jobFilter\" >\n                    <div class=\"jobFilter__city\">\n                <div class=\"customSelect\">\n                    <select name=\"city\" class=\"show-content\">\n                        <option value=\"0\" class=\"first-option-placeholder\">Wybierz miasto<\/option>\n                                                    <option value=\"1262\">D\u0105browa G\u00f3rnicza<\/option>\n                                            <\/select>\n                <\/div>\n            <\/div>\n                            <div class=\"jobFilter__type\">\n                            <label class=\"filter__elemLabel\"><input type=\"checkbox\" name=\"jobtype\" class=\"fancy__checkbox\" value=\"1263\" data-slug=\"magazyn-cs\"><span class=\"fake__input\"><\/span><span class=\"filter__elemLabelText\">Magazyn<\/span><\/label>\n                        <\/div>\n        \n        <div class=\"jobFilter__search\">\n            <input type=\"text\" name=\"search\" placeholder=\"Zadejte fr\u00e1zi\">\n            <button class=\"button button--black\" data-submit>Vyhled\u00e1v\u00e1n\u00ed<\/button>\n        <\/div>\n    <\/form>\n\n    <div class=\"job-results\">\n        <div id=\"object-list\"><\/div>\n        <div class=\"lds-roller loader\"><div><\/div><div><\/div><div><\/div><div><\/div><div><\/div><div><\/div><div><\/div><div><\/div><\/div>    <\/div>\n\n\n\n<div style=\"height:100px\" aria-hidden=\"true\" class=\"wp-block-spacer is-style-small-spacer\"><\/div>\n<\/div><\/div>\n\n\n\n<div id=\"etapy-rekrutacji\" class=\"wp-block-group\"><div class=\"wp-block-group__inner-container is-layout-flow wp-block-group-is-layout-flow\">\n<div style=\"height:100px\" aria-hidden=\"true\" class=\"wp-block-spacer is-style-small-spacer\"><\/div>\n\n\n\n<h2 class=\"is-style-h1 wp-block-heading\" id=\"FAZE-rizeni\"><strong>F\u00c1ZE P\u0158IJ\u00cdMAC\u00cdHO \u0158\u00cdZEN\u00cd<\/strong><\/h2>\n\n\n\n<div class=\"wp-block-columns is-layout-flex wp-container-core-columns-is-layout-9d6595d7 wp-block-columns-is-layout-flex\">\n<div class=\"wp-block-column is-layout-flow wp-block-column-is-layout-flow\">\n<div class=\"wp-block-columns is-layout-flex wp-container-core-columns-is-layout-9d6595d7 wp-block-columns-is-layout-flex\">\n<div class=\"wp-block-column is-style-space-left is-layout-flow wp-block-column-is-layout-flow\" style=\"flex-basis:32%\">\n<figure class=\"wp-block-image size-full\"><img decoding=\"async\" src=\"https:\/\/bp2.eu\/wp-content\/uploads\/2022\/03\/1.png\" alt=\"\" class=\"wp-image-5412\"\/><\/figure>\n<\/div>\n\n\n\n<div class=\"wp-block-column is-layout-flow wp-block-column-is-layout-flow\" style=\"flex-basis:66.66%\">\n<h2 class=\"is-style-h3 noMarginBottom noMarginTop wp-block-heading\">F\u00e1ze 1<\/h2>\n\n\n\n<h2 class=\"is-style-h3 noMarginTop wp-block-heading\" style=\"font-style:normal;font-weight:300\">\u010cek\u00e1me na va\u0161i p\u0159ihl\u00e1\u0161ku<\/h2>\n\n\n\n<p>V\u0161echny n\u00e1borov\u00e9 inzer\u00e1ty BP2 najdete v z\u00e1lo\u017ece \u201ePracovn\u00ed nab\u00eddky\u201c. Najd\u011bte nab\u00eddku, kter\u00e1 v\u00e1s zaj\u00edm\u00e1, a vypl\u0148te p\u0159ihla\u0161ovac\u00ed formul\u00e1\u0159. Pokud va\u0161e zku\u0161enosti koresponduj\u00ed s na\u0161imi pot\u0159ebami, budeme v\u00e1s telefonicky kontaktovat.<\/p>\n<\/div>\n<\/div>\n<\/div>\n\n\n\n<div class=\"wp-block-column is-layout-flow wp-block-column-is-layout-flow\">\n<div class=\"wp-block-columns is-layout-flex wp-container-core-columns-is-layout-9d6595d7 wp-block-columns-is-layout-flex\">\n<div class=\"wp-block-column is-style-space-left is-layout-flow wp-block-column-is-layout-flow\" style=\"flex-basis:32%\">\n<figure class=\"wp-block-image size-full\"><img decoding=\"async\" src=\"https:\/\/bp2.eu\/wp-content\/uploads\/2022\/03\/Group-834.png\" alt=\"\" class=\"wp-image-5428\"\/><\/figure>\n<\/div>\n\n\n\n<div class=\"wp-block-column is-layout-flow wp-block-column-is-layout-flow\" style=\"flex-basis:66.66%\">\n<h2 class=\"is-style-h3 noMarginBottom noMarginTop wp-block-heading\">F\u00e1ze 2<\/h2>\n\n\n\n<h2 class=\"is-style-h3 noMarginTop wp-block-heading\" style=\"font-style:normal;font-weight:300\">Telefonick\u00fd hovor\/videohovor<\/h2>\n\n\n\n<p>V r\u00e1mci druh\u00e9 f\u00e1ze v\u00e1s budeme kontaktovat a dohodneme se na telefonick\u00e9m hovoru nebo videohovoru, b\u011bhem n\u011bj\u017e v\u00e1m p\u0159ibl\u00ed\u017e\u00edme pozici, na kterou se hl\u00e1s\u00edte, a \u0159ekneme o hodnot\u00e1ch na\u0161\u00ed firmy.<\/p>\n<\/div>\n<\/div>\n<\/div>\n<\/div>\n\n\n\n<div class=\"wp-block-columns is-layout-flex wp-container-core-columns-is-layout-9d6595d7 wp-block-columns-is-layout-flex\">\n<div class=\"wp-block-column is-layout-flow wp-block-column-is-layout-flow\">\n<div class=\"wp-block-columns is-layout-flex wp-container-core-columns-is-layout-9d6595d7 wp-block-columns-is-layout-flex\">\n<div class=\"wp-block-column is-style-space-left is-layout-flow wp-block-column-is-layout-flow\" style=\"flex-basis:32%\">\n<figure class=\"wp-block-image size-full\"><img decoding=\"async\" src=\"https:\/\/bp2.eu\/wp-content\/uploads\/2022\/03\/Group-836.png\" alt=\"\" class=\"wp-image-5432\"\/><\/figure>\n<\/div>\n\n\n\n<div class=\"wp-block-column is-layout-flow wp-block-column-is-layout-flow\" style=\"flex-basis:66.66%\">\n<h2 class=\"is-style-h3 noMarginBottom noMarginTop wp-block-heading\">F\u00e1ze 3<\/h2>\n\n\n\n<h2 class=\"is-style-h3 noMarginTop wp-block-heading\" style=\"font-style:normal;font-weight:300\">Setk\u00e1n\u00ed v s\u00eddle na\u0161\u00ed firmy<\/h2>\n\n\n\n<p>Vyhra\u010fte si na n\u011bj asi 45 min. B\u011bhem pohovoru v\u00e1m toho v\u00edce \u0159ekneme o firm\u011b, v\u00fdrobc\u00edch a na\u0161\u00ed organiza\u010dn\u00ed kultu\u0159e. N\u00e1sledn\u011b v\u00e1s budeme cht\u00edt poznat. Zaj\u00edmaj\u00ed n\u00e1s va\u0161e zku\u0161enosti, o\u010dek\u00e1v\u00e1n\u00ed a pl\u00e1ny do budoucna. Mohou se tak\u00e9 objevit jednoduch\u00e9 \u00fakoly v r\u00e1mci p\u0159ij\u00edmac\u00edho \u0159\u00edzen\u00ed, v z\u00e1vislosti na pozici, na n\u00ed\u017e se hl\u00e1s\u00edte.<\/p>\n<\/div>\n<\/div>\n<\/div>\n\n\n\n<div class=\"wp-block-column is-layout-flow wp-block-column-is-layout-flow\">\n<div class=\"wp-block-columns is-layout-flex wp-container-core-columns-is-layout-9d6595d7 wp-block-columns-is-layout-flex\">\n<div class=\"wp-block-column is-style-space-left is-layout-flow wp-block-column-is-layout-flow\" style=\"flex-basis:32%\">\n<figure class=\"wp-block-image size-full\"><img loading=\"lazy\" decoding=\"async\" width=\"110\" height=\"110\" src=\"https:\/\/bp2.eu\/wp-content\/uploads\/2022\/03\/Group-837.png\" alt=\"\" class=\"wp-image-5436\"\/><\/figure>\n<\/div>\n\n\n\n<div class=\"wp-block-column is-layout-flow wp-block-column-is-layout-flow\" style=\"flex-basis:66.66%\">\n<h2 class=\"is-style-h3 noMarginBottom noMarginTop wp-block-heading\">F\u00e1ze 4<\/h2>\n\n\n\n<h2 class=\"is-style-h3 noMarginTop wp-block-heading\" style=\"font-style:normal;font-weight:300\">D\u00e1me v\u00e1m v\u011bd\u011bt o v\u00fdsledc\u00edch p\u0159ij\u00edmac\u00edho \u0159\u00edzen\u00ed!<\/h2>\n\n\n\n<p>Cen\u00edme si va\u0161eho \u010dasu, proto se v\u017edy sna\u017e\u00edme ozvat se v\u00e1m s informac\u00ed o rozhodnut\u00ed v pr\u016fb\u011bhu dvou t\u00fddn\u016f od posledn\u00edho pohovoru. O v\u00fdsledku va\u0161eho v\u00fdb\u011brov\u00e9ho \u0159\u00edzen\u00ed v\u00e1s obvykle budeme informovat telefonicky nebo mailem.<\/p>\n<\/div>\n<\/div>\n<\/div>\n<\/div>\n<\/div><\/div>\n\n\n\n<div class=\"wp-block-group alignCenter\"><div class=\"wp-block-group__inner-container is-layout-flow wp-block-group-is-layout-flow\"><div class=\"wp-block-image is-style-cinema is-style-mobile-full wp-embed-aspect-16-9 wp-has-aspect-ratio\">\n<figure class=\"aligncenter size-full\"><img loading=\"lazy\" decoding=\"async\" width=\"1633\" height=\"437\" src=\"https:\/\/bp2.eu\/wp-content\/uploads\/2022\/03\/bp2_kariera-2.png\" alt=\"\" class=\"wp-image-5449\" srcset=\"https:\/\/bp2.eu\/wp-content\/uploads\/2022\/03\/bp2_kariera-2.png 1633w, https:\/\/bp2.eu\/wp-content\/uploads\/2022\/03\/bp2_kariera-2-820x219.png 820w, https:\/\/bp2.eu\/wp-content\/uploads\/2022\/03\/bp2_kariera-2-1024x274.png 1024w, https:\/\/bp2.eu\/wp-content\/uploads\/2022\/03\/bp2_kariera-2-768x206.png 768w, https:\/\/bp2.eu\/wp-content\/uploads\/2022\/03\/bp2_kariera-2-1536x411.png 1536w\" sizes=\"auto, (max-width: 1633px) 100vw, 1633px\" \/><\/figure>\n<\/div><\/div><\/div>\n\n\n\n<div id=\"filary\" class=\"wp-block-group is-style-minus-margin has-dark-gray-background-color has-background\"><div class=\"wp-block-group__inner-container is-layout-flow wp-block-group-is-layout-flow\">\n<div style=\"height:80px\" aria-hidden=\"true\" class=\"wp-block-spacer is-style-small-spacer\"><\/div>\n\n\n\n<h2 class=\"has-text-align-center is-style-h2 wp-block-heading\" id=\"4-PILIRE\">NA\u0160E 4 PIL\u00cd\u0158E<\/h2>\n\n\n\n<p class=\"has-text-align-center\">Firma mus\u00ed, stejn\u011b jako budova, st\u00e1t na spolehliv\u00fdch z\u00e1kladech. BP2 jsme vybudovali na \u010dty\u0159ech \u2013 jako ocel pevn\u00fdch \u2013 pil\u00ed\u0159\u00edch, kter\u00e9 zaru\u010duj\u00ed stabilitu a umo\u017e\u0148uj\u00ed neust\u00e1l\u00fd rozvoj.<\/p>\n\n\n\n<div style=\"height:46px\" aria-hidden=\"true\" class=\"wp-block-spacer is-style-small-spacer\"><\/div>\n\n\n\n<div class=\"wp-block-columns is-layout-flex wp-container-core-columns-is-layout-9d6595d7 wp-block-columns-is-layout-flex\">\n<div class=\"wp-block-column alignCenter is-layout-flow wp-block-column-is-layout-flow\"><div class=\"wp-block-image\">\n<figure class=\"aligncenter size-full is-resized\"><img loading=\"lazy\" decoding=\"async\" src=\"https:\/\/bp2.eu\/wp-content\/uploads\/2022\/12\/o_nas_ludzie-icon.svg\" alt=\"\" class=\"wp-image-49427\" width=\"107\" height=\"113\"\/><\/figure>\n<\/div>\n\n\n<p class=\"has-text-align-center has-medium-font-size\"><strong><strong><strong><strong>LID\u00c9<\/strong><\/strong><\/strong><\/strong><\/p>\n\n\n\n<p class=\"has-text-align-center\">Firmu a pozitivn\u00ed atmosf\u00e9ru tvo\u0159\u00ed lid\u00e9. Chceme, aby se ka\u017ed\u00fd \u010dlov\u011bk, kter\u00fd pat\u0159\u00ed do t\u00fdmu BP2, c\u00edtil komfortn\u011b a m\u011bl nejlep\u0161\u00ed n\u00e1stroje k v\u00fdkonu sv\u00e9 pr\u00e1ce. Za t\u00edmto \u00fa\u010delem neust\u00e1le zdokonalujeme proces \u0159\u00edzen\u00ed, pe\u010dujeme o transparentn\u00ed rozhodov\u00e1n\u00ed a jasn\u00fd tok informac\u00ed. <strong>Stejn\u011b jako vlci jedn\u00e1me t\u00fdmov\u011b a spole\u010dn\u011b pracujeme na dosa\u017een\u00ed \u00fasp\u011bchu.<\/strong><\/p>\n<\/div>\n\n\n\n<div class=\"wp-block-column alignCenter is-layout-flow wp-block-column-is-layout-flow\"><div class=\"wp-block-image\">\n<figure class=\"aligncenter size-full is-resized\"><img loading=\"lazy\" decoding=\"async\" src=\"https:\/\/bp2.eu\/wp-content\/uploads\/2022\/12\/o_nas_relacje-icon.svg\" alt=\"\" class=\"wp-image-49448\" width=\"119\" height=\"113\"\/><\/figure>\n<\/div>\n\n\n<p class=\"has-text-align-center has-medium-font-size\"><strong><strong><strong><strong><strong><strong>VZTAHY<\/strong><\/strong><\/strong><\/strong><\/strong><\/strong><\/p>\n\n\n\n<p class=\"has-text-align-center\">V BP2 po dlouh\u00e1 l\u00e9ta budujeme profesion\u00e1ln\u00ed vztahy s na\u0161imi z\u00e1kazn\u00edky, dodavateli a spolupracovn\u00edky. Orientujeme se na jasnou komunikaci a otev\u0159en\u00fd dialog. Pe\u010dujeme o na\u0161e odb\u011bratele, kdy\u017e jim nab\u00edz\u00edme modern\u00ed n\u00e1stroje spolupr\u00e1ce a podporu v marketingov\u00fdch programech. <strong>V\u00edme, \u017ee se trh neust\u00e1le m\u011bn\u00ed, proto se pru\u017en\u011b p\u0159izp\u016fsobujeme pot\u0159eb\u00e1m z\u00e1kazn\u00edk\u016f.<\/strong><\/p>\n<\/div>\n\n\n\n<div class=\"wp-block-column alignCenter is-layout-flow wp-block-column-is-layout-flow\"><div class=\"wp-block-image\">\n<figure class=\"aligncenter size-full is-resized\"><img loading=\"lazy\" decoding=\"async\" src=\"https:\/\/bp2.eu\/wp-content\/uploads\/2022\/12\/o_nas_technologia-icon.svg\" alt=\"\" class=\"wp-image-49441\" width=\"139\" height=\"113\"\/><\/figure>\n<\/div>\n\n\n<p class=\"has-text-align-center has-medium-font-size\"><strong><strong><strong><strong><strong>TECHNOLOGIE<\/strong><\/strong><\/strong><\/strong><\/strong><\/p>\n\n\n\n<p class=\"has-text-align-center\">S\u00e1z\u00edme na inovativn\u00ed \u0159e\u0161en\u00ed a modern\u00ed technologie, d\u00edky nim\u017e m\u016f\u017eeme neust\u00e1le optimalizovat v\u00fdrobu, roz\u0161i\u0159ovat nab\u00eddku, zvy\u0161ovat kvalitu na\u0161ich v\u00fdrobk\u016f <strong>a slu\u017eeb za zachov\u00e1n\u00ed pravidel udr\u017eiteln\u00e9ho rozvoje a bezpe\u010dnosti zam\u011bstnanc\u016f.<\/strong><\/p>\n<\/div>\n\n\n\n<div class=\"wp-block-column alignCenter is-layout-flow wp-block-column-is-layout-flow\"><div class=\"wp-block-image\">\n<figure class=\"aligncenter size-full is-resized\"><img loading=\"lazy\" decoding=\"async\" src=\"https:\/\/bp2.eu\/wp-content\/uploads\/2022\/12\/o_nas_jakosc-icon.svg\" alt=\"\" class=\"wp-image-49434\" width=\"152\" height=\"113\"\/><\/figure>\n<\/div>\n\n\n<p class=\"has-text-align-center has-medium-font-size\"><strong><strong><strong><strong><strong><strong>KVALITA<\/strong><\/strong><\/strong><\/strong><\/strong><\/strong><\/p>\n\n\n\n<p class=\"has-text-align-center\">Kvalita je na\u0161\u00ed prioritou. V\u0161echny v\u00fdrobn\u00ed z\u00e1vody BP2 maj\u00ed zavedenu \u00faplnou kontrolu proces\u016f a v\u00fdrobk\u016f z hlediska zaji\u0161t\u011bn\u00ed nejvy\u0161\u0161\u00ed kvality, proto se intern\u00ed projakostn\u00ed aktivity na\u0161\u00ed firmy nach\u00e1zej\u00ed pod neust\u00e1l\u00fdm dohledem n\u011bmeck\u00e9 instituce DVS ZERT GmbH se s\u00eddlem v D\u00fcsseldorfu. Potvrzen\u00edm na\u0161\u00ed neust\u00e1l\u00e9 p\u00e9\u010de o kvalitu v\u00fdrobk\u016f je vydan\u00fd<strong> a ka\u017ed\u00fd rok obnovovan\u00fd certifik\u00e1t, kter\u00fd potvrzuje perfektn\u00ed chod z\u00e1vodn\u00ed kontroly v\u00fdroby.<\/strong><\/p>\n<\/div>\n<\/div>\n\n\n\n<div style=\"height:100px\" aria-hidden=\"true\" class=\"wp-block-spacer is-style-small-spacer\"><\/div>\n<\/div><\/div>\n\n\n\n<div class=\"wp-block-group\"><div class=\"wp-block-group__inner-container is-layout-flow wp-block-group-is-layout-flow\">\n<div style=\"height:100px\" aria-hidden=\"true\" class=\"wp-block-spacer is-style-small-spacer\"><\/div>\n<\/div><\/div>\n\n\n\n<div class=\"wp-block-group\"><div class=\"wp-block-group__inner-container is-layout-flow wp-block-group-is-layout-flow\">\n<div class=\"wp-block-columns is-style-grid is-layout-flex wp-container-core-columns-is-layout-9d6595d7 wp-block-columns-is-layout-flex\">\n<div class=\"wp-block-column is-layout-flow wp-block-column-is-layout-flow\">\n<div class=\"wp-block-cover is-style-content-from-bottom\"><span aria-hidden=\"true\" class=\"wp-block-cover__background has-background-dim\"><\/span><img loading=\"lazy\" decoding=\"async\" width=\"527\" height=\"534\" class=\"wp-block-cover__image-background wp-image-3694\" alt=\"\" src=\"https:\/\/bp2.eu\/wp-content\/uploads\/2022\/03\/IMG_8343.png\" data-object-fit=\"cover\"\/><div class=\"wp-block-cover__inner-container is-layout-flow wp-block-cover-is-layout-flow\">\n<div style=\"height:100px\" aria-hidden=\"true\" class=\"wp-block-spacer is-style-medium-spacer\"><\/div>\n\n\n\n<h2 class=\"is-style-h3 wp-block-heading\"><strong><strong>PR\u00c1CE V BP2<\/strong><\/strong><\/h2>\n\n\n\n<p>P\u0159idejte se k na\u0161emu t\u00fdmu!<\/p>\n\n\n\n<div class=\"wp-block-group\"><div class=\"wp-block-group__inner-container is-layout-flow wp-block-group-is-layout-flow\">\n<a href=\"http:\/\/bp2.eu\/kariera\/\"  class=\"button button--red \">P\u0159idejte se k na\u0161emu t\u00fdmu!<\/a><\/div><\/div>\n<\/div><\/div>\n<\/div>\n\n\n\n<div class=\"wp-block-column is-layout-flow wp-block-column-is-layout-flow\">\n<div class=\"wp-block-cover is-style-content-from-bottom\"><span aria-hidden=\"true\" class=\"wp-block-cover__background has-background-dim\"><\/span><img loading=\"lazy\" decoding=\"async\" width=\"526\" height=\"534\" class=\"wp-block-cover__image-background wp-image-5514\" alt=\"\" src=\"https:\/\/bp2.eu\/wp-content\/uploads\/2022\/03\/MASTER-ROOFER_01-07-2021-23.png\" data-object-fit=\"cover\"\/><div class=\"wp-block-cover__inner-container is-layout-flow wp-block-cover-is-layout-flow\">\n<div style=\"height:100px\" aria-hidden=\"true\" class=\"wp-block-spacer is-style-medium-spacer\"><\/div>\n\n\n\n<h2 class=\"is-style-h3 wp-block-heading\"><strong><strong>AKADEMIE MISTR\u016e<\/strong><\/strong><\/h2>\n\n\n\n<p>Vlastn\u00ed \u0161kolic\u00ed program a platforma pro sd\u00edlen\u00ed zku\u0161enost\u00ed.<\/p>\n\n\n\n<div class=\"wp-block-group\"><div class=\"wp-block-group__inner-container is-layout-flow wp-block-group-is-layout-flow\">\n<a href=\"https:\/\/am.bp2.pl\/\"  class=\"button button--red \">P\u0158IPOJTE SE K AKADEMII MISTR\u016e<\/a><\/div><\/div>\n<\/div><\/div>\n<\/div>\n\n\n\n<div class=\"wp-block-column is-layout-flow wp-block-column-is-layout-flow\">\n<div class=\"wp-block-cover is-light is-style-content-from-bottom\"><span aria-hidden=\"true\" class=\"wp-block-cover__background has-background-dim\"><\/span><img loading=\"lazy\" decoding=\"async\" width=\"526\" height=\"534\" class=\"wp-block-cover__image-background wp-image-5510\" alt=\"\" src=\"https:\/\/bp2.eu\/wp-content\/uploads\/2022\/03\/Piknik-15-lecie-PSD-Malopolska-14.png\" data-object-fit=\"cover\"\/><div class=\"wp-block-cover__inner-container is-layout-flow wp-block-cover-is-layout-flow\">\n<div style=\"height:100px\" aria-hidden=\"true\" class=\"wp-block-spacer is-style-medium-spacer\"><\/div>\n\n\n\n<h2 class=\"is-style-h3 has-white-color has-text-color wp-block-heading\"><strong><strong>MARKETINGOV\u00c9 AKTIVITY<\/strong><\/strong><\/h2>\n\n\n\n<p class=\"has-white-color has-text-color\">Spole\u010densk\u00e1 odpov\u011bdnost v podnik\u00e1n\u00ed.<\/p>\n\n\n\n<div class=\"wp-block-group\"><div class=\"wp-block-group__inner-container is-layout-flow wp-block-group-is-layout-flow\">\n<a href=\"https:\/\/bp2.eu\/dzialania-marketingowe\/\"  class=\"button button--red \">ZJIST\u011aTE V\u00cdCE O NA\u0160ICH AKTIVIT\u00c1CH<\/a><\/div><\/div>\n<\/div><\/div>\n<\/div>\n<\/div>\n<\/div><\/div>\n\n\n\n<div style=\"height:100px\" aria-hidden=\"true\" class=\"wp-block-spacer is-style-smaller-spacer\"><\/div>\n","protected":false},"excerpt":{"rendered":"<p>EXISTUJ\u00cd FIRMY, VE KTER\u00ddCH STOJ\u00cd ZA TO PRACOVAT KARI\u00c9RA V BP2 BP2 je od roku 1995 cen\u011bn\u00fdm v\u00fdrobcem kompletn\u00edch \u0159e\u0161en\u00ed pro bytov\u00e9 a pr\u016fmyslov\u00e9 stavitelstv\u00ed. Na\u0161e slu\u017eby nab\u00edz\u00edme tak\u00e9 v r\u00e1mci Ocelov\u00e9ho servisn\u00edho centra. Jsme tv\u016frci zna\u010dky a v\u00fdrobk\u016f SOLROOF &#8211; integrovan\u00e1 fotovoltaick\u00e1 st\u0159echa. BP2 m\u00e1 celkem p\u011bt v\u00fdrobn\u00edch z\u00e1vod\u016f, na \u00fazem\u00ed Polska (Krakov, D\u0105browa [&hellip;]<\/p>\n","protected":false},"author":1,"featured_media":0,"parent":0,"menu_order":115,"comment_status":"closed","ping_status":"closed","template":"","meta":{"_acf_changed":false,"content-type":"","inline_featured_image":false,"footnotes":""},"class_list":["post-49293","page","type-page","status-publish","hentry"],"acf":[],"_links":{"self":[{"href":"https:\/\/bp2.eu\/cs\/wp-json\/wp\/v2\/pages\/49293","targetHints":{"allow":["GET"]}}],"collection":[{"href":"https:\/\/bp2.eu\/cs\/wp-json\/wp\/v2\/pages"}],"about":[{"href":"https:\/\/bp2.eu\/cs\/wp-json\/wp\/v2\/types\/page"}],"author":[{"embeddable":true,"href":"https:\/\/bp2.eu\/cs\/wp-json\/wp\/v2\/users\/1"}],"replies":[{"embeddable":true,"href":"https:\/\/bp2.eu\/cs\/wp-json\/wp\/v2\/comments?post=49293"}],"version-history":[{"count":0,"href":"https:\/\/bp2.eu\/cs\/wp-json\/wp\/v2\/pages\/49293\/revisions"}],"wp:attachment":[{"href":"https:\/\/bp2.eu\/cs\/wp-json\/wp\/v2\/media?parent=49293"}],"curies":[{"name":"wp","href":"https:\/\/api.w.org\/{rel}","templated":true}]}}