{"id":50363,"date":"2022-01-05T14:17:50","date_gmt":"2022-01-05T13:17:50","guid":{"rendered":"https:\/\/bp2.eu\/dla-profesjonalistow\/"},"modified":"2023-01-04T13:27:41","modified_gmt":"2023-01-04T12:27:41","slug":"zona-profesionala","status":"publish","type":"page","link":"https:\/\/bp2.eu\/cs\/zona-profesionala\/","title":{"rendered":"Z\u00f3na profesion\u00e1la"},"content":{"rendered":"\n<div class=\"wp-block-group is-style-with-b2-background\"><div class=\"wp-block-group__inner-container is-layout-flow wp-block-group-is-layout-flow\">\n<div style=\"height:100px\" aria-hidden=\"true\" class=\"wp-block-spacer is-style-small-spacer\"><\/div>\n\n\n\n<p class=\"has-text-align-center noMarginBottom has-red-color has-text-color\"><strong>EXISTUJ\u00cd SPOLE\u010cNOSTI, KTER\u00c9 SE ZAM\u011a\u0158UJ\u00cd NA PROFESIONALITU.<\/strong><\/p>\n\n\n\n<h1 class=\"has-text-align-center is-style-h1 noMarginTop noMarginBottom wp-block-heading\" style=\"font-size:3.5em\"><strong>Z\u00d3NA PROFESION\u00c1LA<\/strong><\/h1>\n\n\n\n<div style=\"height:100px\" aria-hidden=\"true\" class=\"wp-block-spacer is-style-small-spacer\"><\/div>\n<\/div><\/div>\n\n\n\n<div class=\"wp-block-group is-style-narrow-group\"><div class=\"wp-block-group__inner-container is-layout-flow wp-block-group-is-layout-flow\">\n<p class=\"has-text-align-center\" style=\"font-size:22px\">Z\u00f3na profesion\u00e1la je soubor oborov\u00fdch materi\u00e1l\u016f pro distributory, pokr\u00fdva\u010de a architekty. Mezi nimi jsou dostupn\u00e9 nap\u0159. mont\u00e1\u017en\u00ed n\u00e1vody a produktov\u00e9 listy BP2, marketingov\u00e1 nab\u00eddka, inspirace, praktick\u00e9 informace a dopl\u0148uj\u00edc\u00ed soubory ke sta\u017een\u00ed.<\/p>\n\n\n\n<div style=\"height:100px\" aria-hidden=\"true\" class=\"wp-block-spacer is-style-small-spacer\"><\/div>\n<\/div><\/div>\n\n\n\n<div class=\"wp-block-group\"><div class=\"wp-block-group__inner-container is-layout-flow wp-block-group-is-layout-flow\">\n<div class=\"wp-block-columns is-style-mobile-reverse is-style-grid fade-in is-layout-flex wp-container-core-columns-is-layout-9d6595d7 wp-block-columns-is-layout-flex\">\n<div class=\"wp-block-column is-layout-flow wp-block-column-is-layout-flow\">\n<div class=\"wp-block-cover is-light is-style-full-height\"><span aria-hidden=\"true\" class=\"wp-block-cover__background has-dark-gray-background-color has-background-dim-100 has-background-dim\"><\/span><div class=\"wp-block-cover__inner-container is-layout-flow wp-block-cover-is-layout-flow\">\n<h3 class=\"header-with-icon \">\n<span class=\"header-with-icon__icon\"><img decoding=\"async\" src=\"https:\/\/bp2.eu\/wp-content\/uploads\/2022\/08\/ikonki_www_bp2_new_budownictwo-inwestycyjne.svg\" alt=\"KOMER\u010cN\u00cd V\u00ddSTAVBA\"><\/span>\n<span class=\"header-with-icon__content\">KOMER\u010cN\u00cd V\u00ddSTAVBA<\/span>\n<\/h3>\n\n\n<ul class=\"links-list links-list--multiple \">\n                    <li class=\"links-list__item\">\n            <a href=\"https:\/\/bp2.eu\/oferta\/budownictwo-przemyslowe\/?type=blachy-trapezowe-inwestycje\">\n                <span class=\"links-list__smallTitle\">St\u0159e\u0161n\u00ed a fas\u00e1dn\u00ed<\/span>                <span class=\"links-list__title\">Trap\u00e9zov\u00e9 plechy<\/span>            <\/a>\n        <\/li>\n                    <li class=\"links-list__item\">\n            <a href=\"https:\/\/bp2.eu\/oferta\/budownictwo-przemyslowe\/?type=plyty-warstwowe-corewool\">\n                <span class=\"links-list__smallTitle\"> St\u0159e\u0161n\u00ed sendvi\u010dov\u00e9 panely<\/span>                <span class=\"links-list__title\">CorePIR, CoreWOOL<\/span>            <\/a>\n        <\/li>\n                    <li class=\"links-list__item\">\n            <a href=\"#\">\n                <span class=\"links-list__smallTitle\">Chladic\u00ed sendvi\u010dov\u00e9 panely<\/span>                <span class=\"links-list__title\">CorePIR<\/span>            <\/a>\n        <\/li>\n                    <li class=\"links-list__item\">\n            <a href=\"https:\/\/bp2.eu\/oferta\/budownictwo-przemyslowe\/?type=plyty-warstwowe-corepir\">\n                <span class=\"links-list__smallTitle\"> N\u00e1st\u011bnn\u00e9 sendvi\u010dov\u00e9 panely<\/span>                <span class=\"links-list__title\">CorePIR, CoreWOOL<\/span>            <\/a>\n        <\/li>\n                    <li class=\"links-list__item\">\n            <a href=\"https:\/\/bp2.eu\/oferta\/budownictwo-przemyslowe\/?type=okladziny-elewacyjne\">\n                <span class=\"links-list__smallTitle\"> Fas\u00e1dn\u00ed oblo\u017een\u00ed<\/span>                <span class=\"links-list__title\">SKRIN, LINEA, SINUS<\/span>            <\/a>\n        <\/li>\n                    <li class=\"links-list__item\">\n            <a href=\"#\">\n                                <span class=\"links-list__title\"> N\u00e1st\u011bnn\u00e9 kazety a PROSYSTEM<\/span>            <\/a>\n        <\/li>\n    <\/ul><\/div><\/div>\n<\/div>\n\n\n\n<div class=\"wp-block-column is-layout-flow wp-block-column-is-layout-flow\">\n<div class=\"wp-block-cover is-light is-style-full-height\"><span aria-hidden=\"true\" class=\"wp-block-cover__background has-background-dim-0 has-background-dim\"><\/span><img loading=\"lazy\" decoding=\"async\" width=\"804\" height=\"487\" class=\"wp-block-cover__image-background wp-image-789\" alt=\"\" src=\"https:\/\/bp2.eu\/wp-content\/uploads\/2022\/02\/bp2_oferta_2.png\" data-object-fit=\"cover\" srcset=\"https:\/\/bp2.eu\/wp-content\/uploads\/2022\/02\/bp2_oferta_2.png 804w, https:\/\/bp2.eu\/wp-content\/uploads\/2022\/02\/bp2_oferta_2-768x465.png 768w\" sizes=\"auto, (max-width: 804px) 100vw, 804px\" \/><div class=\"wp-block-cover__inner-container is-layout-flow wp-block-cover-is-layout-flow\">\n<p class=\"has-text-align-center has-large-font-size\"><\/p>\n<\/div><\/div>\n<\/div>\n<\/div>\n\n\n\n<div class=\"wp-block-columns is-style-grid is-layout-flex wp-container-core-columns-is-layout-9d6595d7 wp-block-columns-is-layout-flex\">\n<div class=\"wp-block-column is-layout-flow wp-block-column-is-layout-flow\">\n<div class=\"wp-block-cover is-light is-style-full-height\"><span aria-hidden=\"true\" class=\"wp-block-cover__background has-background-dim-0 has-background-dim\"><\/span><img loading=\"lazy\" decoding=\"async\" width=\"804\" height=\"461\" class=\"wp-block-cover__image-background wp-image-4009\" alt=\"\" src=\"https:\/\/bp2.eu\/wp-content\/uploads\/2022\/03\/shutterstock_2031138518.png\" data-object-fit=\"cover\" srcset=\"https:\/\/bp2.eu\/wp-content\/uploads\/2022\/03\/shutterstock_2031138518.png 804w, https:\/\/bp2.eu\/wp-content\/uploads\/2022\/03\/shutterstock_2031138518-768x440.png 768w\" sizes=\"auto, (max-width: 804px) 100vw, 804px\" \/><div class=\"wp-block-cover__inner-container is-layout-flow wp-block-cover-is-layout-flow\">\n<p class=\"has-text-align-center\"><\/p>\n<\/div><\/div>\n<\/div>\n\n\n\n<div class=\"wp-block-column is-layout-flow wp-block-column-is-layout-flow\">\n<div class=\"wp-block-cover is-light is-style-full-height\"><span aria-hidden=\"true\" class=\"wp-block-cover__background has-dark-gray-background-color has-background-dim-100 has-background-dim\"><\/span><div class=\"wp-block-cover__inner-container is-layout-flow wp-block-cover-is-layout-flow\">\n<h3 class=\"header-with-icon \">\n<span class=\"header-with-icon__icon\"><img decoding=\"async\" src=\"https:\/\/bp2.eu\/wp-content\/uploads\/2022\/08\/ikonki_www_bp2_new_dystrybutorzy.svg\" alt=\"DISTRIBUTO\u0158I\"><\/span>\n<span class=\"header-with-icon__content\">DISTRIBUTO\u0158I<\/span>\n<\/h3>\n\n\n<ul class=\"links-list links-list--single \">\n                    <li class=\"links-list__item\">\n            <a href=\"https:\/\/eprofil.bp2.eu\/xpertis\/pl\">\n                                <span class=\"links-list__title\">Z\u00e1kaznick\u00e1 z\u00f3na &#8211; eProfil<\/span>            <\/a>\n        <\/li>\n                    <li class=\"links-list__item\">\n            <a href=\"https:\/\/bp2.eu\/do-pobrania\/\">\n                                <span class=\"links-list__title\">Soubory ke sta\u017een\u00ed<\/span>            <\/a>\n        <\/li>\n                    <li class=\"links-list__item\">\n            <a href=\"https:\/\/bp2.eu\/dystrybutorzy\/#oferta-marketingowa\">\n                                <span class=\"links-list__title\">Marketingov\u00e1 nab\u00eddka<\/span>            <\/a>\n        <\/li>\n                    <li class=\"links-list__item\">\n            <a href=\"#\">\n                                <span class=\"links-list__title\">Optimalizovat st\u0159echu<\/span>            <\/a>\n        <\/li>\n    <\/ul><\/div><\/div>\n<\/div>\n<\/div>\n\n\n\n<div class=\"wp-block-columns is-style-mobile-reverse is-style-grid fade-in is-layout-flex wp-container-core-columns-is-layout-9d6595d7 wp-block-columns-is-layout-flex\">\n<div class=\"wp-block-column is-layout-flow wp-block-column-is-layout-flow\">\n<div class=\"wp-block-cover is-light is-style-full-height\"><span aria-hidden=\"true\" class=\"wp-block-cover__background has-dark-gray-background-color has-background-dim-100 has-background-dim\"><\/span><div class=\"wp-block-cover__inner-container is-layout-flow wp-block-cover-is-layout-flow\">\n<h3 class=\"header-with-icon \">\n<span class=\"header-with-icon__icon\"><img decoding=\"async\" src=\"https:\/\/bp2.eu\/wp-content\/uploads\/2022\/08\/ikonki_www_bp2_new_dekrze.svg\" alt=\"UM\u011aLCI\"><\/span>\n<span class=\"header-with-icon__content\">UM\u011aLCI<\/span>\n<\/h3>\n\n\n<ul class=\"links-list links-list--single \">\n                    <li class=\"links-list__item\">\n            <a href=\"https:\/\/bp2.eu\/dekarze\/#akademia-mistrzow\">\n                                <span class=\"links-list__title\">Akademie mistr\u016f<\/span>            <\/a>\n        <\/li>\n                    <li class=\"links-list__item\">\n            <a href=\"https:\/\/bp2.eu\/dekarze\/#szkolenia-praktyczne\">\n                                <span class=\"links-list__title\">Praktick\u00e1 \u0161kolen\u00ed<\/span>            <\/a>\n        <\/li>\n                    <li class=\"links-list__item\">\n            <a href=\"https:\/\/bp2.eu\/dekarze\/#mobilna-akademia\">\n                                <span class=\"links-list__title\">Mobiln\u00ed akademie mistr\u016f<\/span>            <\/a>\n        <\/li>\n                    <li class=\"links-list__item\">\n            <a href=\"https:\/\/bp2.eu\/dekarze\/#instrukcje-montazu\">\n                                <span class=\"links-list__title\">Mont\u00e1\u017en\u00ed n\u00e1vody<\/span>            <\/a>\n        <\/li>\n                    <li class=\"links-list__item\">\n            <a href=\"https:\/\/bp2.eu\/dekarze\/#wsparcie-techniczne\">\n                                <span class=\"links-list__title\">Technick\u00e1 podpora<\/span>            <\/a>\n        <\/li>\n                    <li class=\"links-list__item\">\n            <a href=\"https:\/\/bp2.eu\/dekarze\/#master-roofer\">\n                                <span class=\"links-list__title\">MASTER ROOFER<\/span>            <\/a>\n        <\/li>\n                    <li class=\"links-list__item\">\n            <a href=\"https:\/\/bp2.eu\/dekarze\/#pliki-do-pobrania\">\n                                <span class=\"links-list__title\">Soubory ke sta\u017een\u00ed<\/span>            <\/a>\n        <\/li>\n                    <li class=\"links-list__item\">\n            <a href=\"#\">\n                                <span class=\"links-list__title\">Optimalizovat st\u0159echu<\/span>            <\/a>\n        <\/li>\n    <\/ul><\/div><\/div>\n<\/div>\n\n\n\n<div class=\"wp-block-column is-layout-flow wp-block-column-is-layout-flow\">\n<div class=\"wp-block-cover is-light is-style-full-height\"><span aria-hidden=\"true\" class=\"wp-block-cover__background has-background-dim-0 has-background-dim\"><\/span><img loading=\"lazy\" decoding=\"async\" width=\"804\" height=\"603\" class=\"wp-block-cover__image-background wp-image-4027\" alt=\"\" src=\"https:\/\/bp2.eu\/wp-content\/uploads\/2022\/03\/shutterstock_1622771839.png\" data-object-fit=\"cover\" srcset=\"https:\/\/bp2.eu\/wp-content\/uploads\/2022\/03\/shutterstock_1622771839.png 804w, https:\/\/bp2.eu\/wp-content\/uploads\/2022\/03\/shutterstock_1622771839-768x576.png 768w\" sizes=\"auto, (max-width: 804px) 100vw, 804px\" \/><div class=\"wp-block-cover__inner-container is-layout-flow wp-block-cover-is-layout-flow\">\n<p class=\"has-text-align-center has-large-font-size\"><\/p>\n<\/div><\/div>\n<\/div>\n<\/div>\n\n\n\n<div class=\"wp-block-columns is-style-grid is-layout-flex wp-container-core-columns-is-layout-9d6595d7 wp-block-columns-is-layout-flex\">\n<div class=\"wp-block-column is-layout-flow wp-block-column-is-layout-flow\">\n<div class=\"wp-block-cover is-light is-style-full-height\"><span aria-hidden=\"true\" class=\"wp-block-cover__background has-background-dim-0 has-background-dim\"><\/span><img loading=\"lazy\" decoding=\"async\" width=\"804\" height=\"499\" class=\"wp-block-cover__image-background wp-image-4033\" alt=\"\" src=\"https:\/\/bp2.eu\/wp-content\/uploads\/2022\/03\/shutterstock_1017750082.png\" data-object-fit=\"cover\" srcset=\"https:\/\/bp2.eu\/wp-content\/uploads\/2022\/03\/shutterstock_1017750082.png 804w, https:\/\/bp2.eu\/wp-content\/uploads\/2022\/03\/shutterstock_1017750082-768x477.png 768w\" sizes=\"auto, (max-width: 804px) 100vw, 804px\" \/><div class=\"wp-block-cover__inner-container is-layout-flow wp-block-cover-is-layout-flow\">\n<p class=\"has-text-align-center\"><\/p>\n<\/div><\/div>\n<\/div>\n\n\n\n<div class=\"wp-block-column is-layout-flow wp-block-column-is-layout-flow\">\n<div class=\"wp-block-cover is-light is-style-full-height\"><span aria-hidden=\"true\" class=\"wp-block-cover__background has-dark-gray-background-color has-background-dim-100 has-background-dim\"><\/span><div class=\"wp-block-cover__inner-container is-layout-flow wp-block-cover-is-layout-flow\">\n<h3 class=\"header-with-icon \">\n<span class=\"header-with-icon__icon\"><img decoding=\"async\" src=\"https:\/\/bp2.eu\/wp-content\/uploads\/2022\/08\/ikonki_www_bp2_new_architekci.svg\" alt=\"ARCHITEKTI\"><\/span>\n<span class=\"header-with-icon__content\">ARCHITEKTI<\/span>\n<\/h3>\n\n\n<ul class=\"links-list links-list--single \">\n                    <li class=\"links-list__item\">\n            <a href=\"https:\/\/bp2.eu\/architekci\/#biblioteka-bim\">\n                                <span class=\"links-list__title\">Knihovna BIM<\/span>            <\/a>\n        <\/li>\n                    <li class=\"links-list__item\">\n            <a href=\"https:\/\/bp2.eu\/architekci\/#modele-3d\">\n                                <span class=\"links-list__title\">3D modely<\/span>            <\/a>\n        <\/li>\n                    <li class=\"links-list__item\">\n            <a href=\"https:\/\/bp2.eu\/architekci\/#plugin-revit-bp2\">\n                                <span class=\"links-list__title\">Plugin Revit BP2<\/span>            <\/a>\n        <\/li>\n    <\/ul><\/div><\/div>\n<\/div>\n<\/div>\n\n\n\n<div class=\"wp-block-columns is-style-mobile-reverse is-style-grid fade-in is-layout-flex wp-container-core-columns-is-layout-9d6595d7 wp-block-columns-is-layout-flex\">\n<div class=\"wp-block-column is-layout-flow wp-block-column-is-layout-flow\" style=\"flex-basis:63%\">\n<div class=\"wp-block-cover is-light is-style-full-height\"><span aria-hidden=\"true\" class=\"wp-block-cover__background has-dark-gray-background-color has-background-dim-100 has-background-dim\"><\/span><div class=\"wp-block-cover__inner-container is-layout-flow wp-block-cover-is-layout-flow\">\n<h3 class=\"header-with-icon \">\n<span class=\"header-with-icon__icon\"><img decoding=\"async\" src=\"https:\/\/bp2.eu\/wp-content\/uploads\/2022\/08\/ikonki_www_bp2_new_pomocne-linki-1.svg\" alt=\"U\u017dITE\u010cN\u00c9 ODKAZY\"><\/span>\n<span class=\"header-with-icon__content\">U\u017dITE\u010cN\u00c9 ODKAZY<\/span>\n<\/h3>\n\n\n<ul class=\"links-list links-list--single \">\n                    <li class=\"links-list__item\">\n            <a href=\"https:\/\/bp2.eu\/kolorystyka-i-powloki\/\">\n                                <span class=\"links-list__title\">N\u00e1t\u011bry, barevnost a z\u00e1ruky<\/span>            <\/a>\n        <\/li>\n                    <li class=\"links-list__item\">\n            <a href=\"https:\/\/warranty.bp2.eu\/\">\n                                <span class=\"links-list__title\">Registrace z\u00e1ruky<\/span>            <\/a>\n        <\/li>\n                    <li class=\"links-list__item\">\n            <a href=\"https:\/\/bp2.eu\/rodzaj\/klient-indywidualny\/\">\n                                <span class=\"links-list__title\">Realizace a inspirace<\/span>            <\/a>\n        <\/li>\n                    <li class=\"links-list__item\">\n            <a href=\"https:\/\/bp2.eu\/do-pobrania\/\">\n                                <span class=\"links-list__title\">Soubory ke sta\u017een\u00ed<\/span>            <\/a>\n        <\/li>\n                    <li class=\"links-list__item\">\n            <a href=\"https:\/\/bp2.eu\/kontakt\/\">\n                                <span class=\"links-list__title\">Kde koupit?<\/span>            <\/a>\n        <\/li>\n                    <li class=\"links-list__item\">\n            <a href=\"http:\/\/bp2.eu\/kontakt\/\">\n                                <span class=\"links-list__title\">Naj\u00edt zhotovitele<\/span>            <\/a>\n        <\/li>\n                    <li class=\"links-list__item\">\n            <a href=\"http:\/\/bp2.eu\/architekci\/\">\n                                <span class=\"links-list__title\">Knihovny BIM<\/span>            <\/a>\n        <\/li>\n                    <li class=\"links-list__item\">\n            <a href=\"http:\/\/bp2.eu\/faq\">\n                                <span class=\"links-list__title\">Nej\u010dast\u011bji pokl\u00e1dan\u00e9 ot\u00e1zky (FAQ)<\/span>            <\/a>\n        <\/li>\n    <\/ul><\/div><\/div>\n<\/div>\n\n\n\n<div class=\"wp-block-column is-layout-flow wp-block-column-is-layout-flow\">\n<div class=\"wp-block-cover is-light is-style-content-from-bottom\"><span aria-hidden=\"true\" class=\"wp-block-cover__background has-background-dim-30 has-background-dim\"><\/span><img loading=\"lazy\" decoding=\"async\" width=\"526\" height=\"444\" class=\"wp-block-cover__image-background wp-image-4962\" alt=\"\" src=\"https:\/\/bp2.eu\/wp-content\/uploads\/2022\/03\/DSC_3447.png\" data-object-fit=\"cover\"\/><div class=\"wp-block-cover__inner-container is-layout-flow wp-block-cover-is-layout-flow\">\n<h2 class=\"is-style-h3 has-white-color has-text-color wp-block-heading\">V\u00ddROBCI KOVOV\u00ddCH SOU\u010c\u00c1ST\u00cd<\/h2>\n\n\n\n<div class=\"wp-block-group\"><div class=\"wp-block-group__inner-container is-layout-flow wp-block-group-is-layout-flow\">\n<a href=\"#\"  class=\"button button--red \">POD\u00cdVEJTE SE V\u00cdCE<\/a><\/div><\/div>\n<\/div><\/div>\n<\/div>\n<\/div>\n\n\n\n<div style=\"height:100px\" aria-hidden=\"true\" class=\"wp-block-spacer is-style-small-spacer\"><\/div>\n<\/div><\/div>\n","protected":false},"excerpt":{"rendered":"<p>EXISTUJ\u00cd SPOLE\u010cNOSTI, KTER\u00c9 SE ZAM\u011a\u0158UJ\u00cd NA PROFESIONALITU. Z\u00d3NA PROFESION\u00c1LA Z\u00f3na profesion\u00e1la je soubor oborov\u00fdch materi\u00e1l\u016f pro distributory, pokr\u00fdva\u010de a architekty. Mezi nimi jsou dostupn\u00e9 nap\u0159. mont\u00e1\u017en\u00ed n\u00e1vody a produktov\u00e9 listy BP2, marketingov\u00e1 nab\u00eddka, inspirace, praktick\u00e9 informace a dopl\u0148uj\u00edc\u00ed soubory ke sta\u017een\u00ed.<\/p>\n","protected":false},"author":1,"featured_media":0,"parent":0,"menu_order":167,"comment_status":"closed","ping_status":"closed","template":"","meta":{"_acf_changed":false,"content-type":"","inline_featured_image":false,"footnotes":""},"class_list":["post-50363","page","type-page","status-publish","hentry"],"acf":[],"_links":{"self":[{"href":"https:\/\/bp2.eu\/cs\/wp-json\/wp\/v2\/pages\/50363","targetHints":{"allow":["GET"]}}],"collection":[{"href":"https:\/\/bp2.eu\/cs\/wp-json\/wp\/v2\/pages"}],"about":[{"href":"https:\/\/bp2.eu\/cs\/wp-json\/wp\/v2\/types\/page"}],"author":[{"embeddable":true,"href":"https:\/\/bp2.eu\/cs\/wp-json\/wp\/v2\/users\/1"}],"replies":[{"embeddable":true,"href":"https:\/\/bp2.eu\/cs\/wp-json\/wp\/v2\/comments?post=50363"}],"version-history":[{"count":0,"href":"https:\/\/bp2.eu\/cs\/wp-json\/wp\/v2\/pages\/50363\/revisions"}],"wp:attachment":[{"href":"https:\/\/bp2.eu\/cs\/wp-json\/wp\/v2\/media?parent=50363"}],"curies":[{"name":"wp","href":"https:\/\/api.w.org\/{rel}","templated":true}]}}