{"id":30520,"date":"2022-08-04T14:46:21","date_gmt":"2022-08-04T12:46:21","guid":{"rendered":"https:\/\/bp2.eu\/produkt\/modulowy-panel-dachowy-fit\/"},"modified":"2025-06-30T13:49:37","modified_gmt":"2025-06-30T11:49:37","slug":"modulovy-stresni-panel-fit","status":"publish","type":"product","link":"https:\/\/bp2.eu\/cs\/produkt\/modulovy-stresni-panel-fit\/","title":{"rendered":"Modulov\u00fd St\u0159e\u0161n\u00ed Panel FIT"},"content":{"rendered":"","protected":false},"featured_media":11655,"menu_order":3,"template":"","product_category":[1002,1007,1011],"warranty":[1041,1088,1042,1045,1039,1043,1044,1040],"product_serie":[],"class_list":["post-30520","product","type-product","status-publish","has-post-thumbnail","hentry","product_category-bydleni","product_category-modulove-plechove-stresni","product_category-stresni-panel","warranty-10-let","warranty-15-let","warranty-20-let","warranty-25-let","warranty-30-let","warranty-35-let","warranty-40-let","warranty-55-let"],"acf":[],"_links":{"self":[{"href":"https:\/\/bp2.eu\/cs\/wp-json\/wp\/v2\/product\/30520","targetHints":{"allow":["GET"]}}],"collection":[{"href":"https:\/\/bp2.eu\/cs\/wp-json\/wp\/v2\/product"}],"about":[{"href":"https:\/\/bp2.eu\/cs\/wp-json\/wp\/v2\/types\/product"}],"wp:featuredmedia":[{"embeddable":true,"href":"https:\/\/bp2.eu\/cs\/wp-json\/wp\/v2\/media\/11655"}],"wp:attachment":[{"href":"https:\/\/bp2.eu\/cs\/wp-json\/wp\/v2\/media?parent=30520"}],"wp:term":[{"taxonomy":"product_category","embeddable":true,"href":"https:\/\/bp2.eu\/cs\/wp-json\/wp\/v2\/product_category?post=30520"},{"taxonomy":"warranty","embeddable":true,"href":"https:\/\/bp2.eu\/cs\/wp-json\/wp\/v2\/warranty?post=30520"},{"taxonomy":"product_serie","embeddable":true,"href":"https:\/\/bp2.eu\/cs\/wp-json\/wp\/v2\/product_serie?post=30520"}],"curies":[{"name":"wp","href":"https:\/\/api.w.org\/{rel}","templated":true}]}}