{"id":48121,"date":"2022-03-11T13:56:18","date_gmt":"2022-03-11T12:56:18","guid":{"rendered":"https:\/\/bp2.eu\/produkt\/lambda-2-0\/"},"modified":"2025-06-30T14:02:51","modified_gmt":"2025-06-30T12:02:51","slug":"lambda-2-0","status":"publish","type":"product","link":"https:\/\/bp2.eu\/cs\/produkt\/lambda-2-0\/","title":{"rendered":"LAMBDA 2.0"},"content":{"rendered":"\n<div class=\"wp-block-group is-style-narrower-group\"><div class=\"wp-block-group__inner-container is-layout-flow wp-block-group-is-layout-flow\">\n<h2 class=\"wp-block-heading has-text-align-center is-style-h1\">PODLE VA\u0160ICH POT\u0158EB<\/h2>\n\n\n\n<p class=\"has-text-align-center\">Dv\u011b \u0161\u00ed\u0159ky panelu, \u010dty\u0159i typy profilov\u00e1n\u00ed<\/p>\n\n\n\n<p class=\"has-text-align-center\">LAMBDA 2.0 je p\u0159\u00edstupn\u00e1 ve dvou \u0161\u00ed\u0159k\u00e1ch panelu (515 mm a 307 mm \u2013 efektivn\u00ed \u0161\u00ed\u0159ky) a \u010dty\u0159ech druz\u00edch profilov\u00e1n\u00ed, co umo\u017e\u0148uje ide\u00e1ln\u00ed p\u0159izp\u016fsoben\u00ed k pot\u0159eb\u00e1m konkr\u00e9tn\u00ed budovy<\/p>\n<\/div><\/div>\n\n\n\n<div class=\"wp-block-group\"><div class=\"wp-block-group__inner-container is-layout-flow wp-block-group-is-layout-flow\">\n<h2 class=\"wp-block-heading has-text-align-center is-style-h3 has-red-color has-text-color\">MICRO RIB [M]<\/h2>\n\n\n\n<p class=\"has-text-align-center\">Pod\u00e9ln\u00e9 mikroprofilov\u00e1n\u00ed na cel\u00e9m povrchu listu minimalizuje mo\u017enost v\u00fdskytu efektu vln\u011bn\u00ed ploch\u00e9 \u010d\u00e1sti panelu.<\/p>\n\n\n\n<div style=\"height:100px\" aria-hidden=\"true\" class=\"wp-block-spacer is-style-small-spacer\"><\/div>\n\n\n\n<div class=\"wp-block-columns is-layout-flex wp-container-core-columns-is-layout-9d6595d7 wp-block-columns-is-layout-flex\">\n<div class=\"wp-block-column is-layout-flow wp-block-column-is-layout-flow\"><div class=\"wp-block-image\">\n<figure class=\"aligncenter size-large is-resized\"><img loading=\"lazy\" decoding=\"async\" width=\"1024\" height=\"753\" src=\"https:\/\/bp2.eu\/wp-content\/uploads\/2022\/03\/Lambda_2_0_LW.2.0.515.M_dim-1024x753.png\" alt=\"\" class=\"wp-image-5645\" style=\"width:512px;height:377px\" srcset=\"https:\/\/bp2.eu\/wp-content\/uploads\/2022\/03\/Lambda_2_0_LW.2.0.515.M_dim-1024x753.png 1024w, https:\/\/bp2.eu\/wp-content\/uploads\/2022\/03\/Lambda_2_0_LW.2.0.515.M_dim-820x603.png 820w, https:\/\/bp2.eu\/wp-content\/uploads\/2022\/03\/Lambda_2_0_LW.2.0.515.M_dim-768x565.png 768w, https:\/\/bp2.eu\/wp-content\/uploads\/2022\/03\/Lambda_2_0_LW.2.0.515.M_dim-1536x1130.png 1536w, https:\/\/bp2.eu\/wp-content\/uploads\/2022\/03\/Lambda_2_0_LW.2.0.515.M_dim.png 1892w\" sizes=\"auto, (max-width: 1024px) 100vw, 1024px\" \/><\/figure>\n<\/div>\n\n\n<p class=\"has-text-align-center\"><strong>K\u00f3d v\u00fdrobku:<\/strong><br><strong>LW.2.0.515.M<\/strong><\/p>\n\n\n\n<p class=\"has-text-align-center\">St\u0159e\u0161n\u00ed panel LAMBDA 2.0 s pod\u00e9ln\u00fdm mikroprofilov\u00e1n\u00edm MICRO RIB a vy\u0159ez\u00e1n\u00edm pod ohyb.<\/p>\n<\/div>\n\n\n\n<div class=\"wp-block-column is-layout-flow wp-block-column-is-layout-flow\"><div class=\"wp-block-image\">\n<figure class=\"aligncenter size-large is-resized\"><img loading=\"lazy\" decoding=\"async\" width=\"1024\" height=\"753\" src=\"https:\/\/bp2.eu\/wp-content\/uploads\/2022\/03\/Lambda_2_0_LW.2.0.515.M_dim-1-1024x753.png\" alt=\"\" class=\"wp-image-5708\" style=\"width:512px;height:377px\" srcset=\"https:\/\/bp2.eu\/wp-content\/uploads\/2022\/03\/Lambda_2_0_LW.2.0.515.M_dim-1-1024x753.png 1024w, https:\/\/bp2.eu\/wp-content\/uploads\/2022\/03\/Lambda_2_0_LW.2.0.515.M_dim-1-820x603.png 820w, https:\/\/bp2.eu\/wp-content\/uploads\/2022\/03\/Lambda_2_0_LW.2.0.515.M_dim-1-768x565.png 768w, https:\/\/bp2.eu\/wp-content\/uploads\/2022\/03\/Lambda_2_0_LW.2.0.515.M_dim-1-1536x1130.png 1536w, https:\/\/bp2.eu\/wp-content\/uploads\/2022\/03\/Lambda_2_0_LW.2.0.515.M_dim-1.png 1892w\" sizes=\"auto, (max-width: 1024px) 100vw, 1024px\" \/><\/figure>\n<\/div>\n\n\n<p class=\"has-text-align-center\"><strong>K\u00f3d v\u00fdrobku:<\/strong><br><strong>LWZ.2.0.515.M<\/strong><\/p>\n\n\n\n<p class=\"has-text-align-center\">St\u0159e\u0161n\u00ed panel LAMBDA 2.0 s pod\u00e9ln\u00fdm mikroprofilov\u00e1n\u00edm MICRO RIB a ohybem BEND LOCK.<\/p>\n<\/div>\n<\/div>\n\n\n\n<div style=\"height:100px\" aria-hidden=\"true\" class=\"wp-block-spacer is-style-small-spacer\"><\/div>\n\n\n\n<h2 class=\"wp-block-heading has-text-align-center is-style-h3 has-red-color has-text-color\">REPROFILOV\u00c1N\u00cd TYPU [R]<\/h2>\n\n\n\n<p class=\"has-text-align-center\">Kone\u010dn\u00e1 \u00faprava povrchu panelu s pod\u00e9ln\u00fdm reprofilov\u00e1n\u00edm se symetrick\u00fdmi dr\u00e1\u017ekami.<\/p>\n\n\n\n<div style=\"height:100px\" aria-hidden=\"true\" class=\"wp-block-spacer is-style-small-spacer\"><\/div>\n\n\n\n<div class=\"wp-block-columns is-layout-flex wp-container-core-columns-is-layout-9d6595d7 wp-block-columns-is-layout-flex\">\n<div class=\"wp-block-column is-layout-flow wp-block-column-is-layout-flow\"><div class=\"wp-block-image\">\n<figure class=\"aligncenter size-large is-resized\"><img loading=\"lazy\" decoding=\"async\" width=\"1024\" height=\"754\" src=\"https:\/\/bp2.eu\/wp-content\/uploads\/2022\/03\/LW.2.0.515.R_dim-1024x754.png\" alt=\"\" class=\"wp-image-5721\" style=\"width:512px;height:377px\" srcset=\"https:\/\/bp2.eu\/wp-content\/uploads\/2022\/03\/LW.2.0.515.R_dim-1024x754.png 1024w, https:\/\/bp2.eu\/wp-content\/uploads\/2022\/03\/LW.2.0.515.R_dim-820x604.png 820w, https:\/\/bp2.eu\/wp-content\/uploads\/2022\/03\/LW.2.0.515.R_dim-768x565.png 768w, https:\/\/bp2.eu\/wp-content\/uploads\/2022\/03\/LW.2.0.515.R_dim.png 1500w\" sizes=\"auto, (max-width: 1024px) 100vw, 1024px\" \/><\/figure>\n<\/div>\n\n\n<p class=\"has-text-align-center\"><strong>K\u00f3d v\u00fdrobku:<\/strong><br><strong>LW.2.0.515.R<\/strong><\/p>\n\n\n\n<p class=\"has-text-align-center\">St\u0159e\u0161n\u00ed panel LAMBDA 2.0 s dvojit\u00fdm p\u016flkulat\u00fdm reprofilov\u00e1n\u00edm a vy\u0159ez\u00e1n\u00edm pod ohyb.<\/p>\n<\/div>\n\n\n\n<div class=\"wp-block-column is-layout-flow wp-block-column-is-layout-flow\"><div class=\"wp-block-image\">\n<figure class=\"aligncenter size-large is-resized\"><img loading=\"lazy\" decoding=\"async\" width=\"1024\" height=\"754\" src=\"https:\/\/bp2.eu\/wp-content\/uploads\/2022\/03\/LWZ.2.0.515.R_dim-1024x754.png\" alt=\"\" class=\"wp-image-5717\" style=\"width:512px;height:377px\" srcset=\"https:\/\/bp2.eu\/wp-content\/uploads\/2022\/03\/LWZ.2.0.515.R_dim-1024x754.png 1024w, https:\/\/bp2.eu\/wp-content\/uploads\/2022\/03\/LWZ.2.0.515.R_dim-820x604.png 820w, https:\/\/bp2.eu\/wp-content\/uploads\/2022\/03\/LWZ.2.0.515.R_dim-768x565.png 768w, https:\/\/bp2.eu\/wp-content\/uploads\/2022\/03\/LWZ.2.0.515.R_dim.png 1500w\" sizes=\"auto, (max-width: 1024px) 100vw, 1024px\" \/><\/figure>\n<\/div>\n\n\n<p class=\"has-text-align-center\"><strong>K\u00f3d v\u00fdrobku:<\/strong><br><strong>LWZ.2.0.515.R<\/strong><\/p>\n\n\n\n<p class=\"has-text-align-center\">St\u0159e\u0161n\u00ed panel LAMBDA 2.0 s dvojit\u00fdm p\u016flkulat\u00fdm reprofilov\u00e1n\u00edm a ohybem BEND LOCK.<\/p>\n<\/div>\n<\/div>\n\n\n\n<div style=\"height:100px\" aria-hidden=\"true\" class=\"wp-block-spacer is-style-small-spacer\"><\/div>\n\n\n\n<h2 class=\"wp-block-heading has-text-align-center is-style-h3 has-red-color has-text-color\">REPROFILOV\u00c1N\u00cd TYPU [T25]<\/h2>\n\n\n\n<p class=\"has-text-align-center\">Kone\u010dn\u00e1 \u00faprava povrchu panelu s pod\u00e9ln\u00fdm reprofilov\u00e1n\u00edm na tvar \u0161irok\u00e9ho trap\u00e9zu.<\/p>\n\n\n\n<div style=\"height:100px\" aria-hidden=\"true\" class=\"wp-block-spacer is-style-small-spacer\"><\/div>\n\n\n\n<div class=\"wp-block-columns is-layout-flex wp-container-core-columns-is-layout-9d6595d7 wp-block-columns-is-layout-flex\">\n<div class=\"wp-block-column is-layout-flow wp-block-column-is-layout-flow\"><div class=\"wp-block-image\">\n<figure class=\"aligncenter size-large is-resized\"><img loading=\"lazy\" decoding=\"async\" width=\"1024\" height=\"754\" src=\"https:\/\/bp2.eu\/wp-content\/uploads\/2022\/03\/LW.2.0.515.T25_dim-1024x754.png\" alt=\"\" class=\"wp-image-5735\" style=\"width:512px;height:377px\" srcset=\"https:\/\/bp2.eu\/wp-content\/uploads\/2022\/03\/LW.2.0.515.T25_dim-1024x754.png 1024w, https:\/\/bp2.eu\/wp-content\/uploads\/2022\/03\/LW.2.0.515.T25_dim-820x604.png 820w, https:\/\/bp2.eu\/wp-content\/uploads\/2022\/03\/LW.2.0.515.T25_dim-768x565.png 768w, https:\/\/bp2.eu\/wp-content\/uploads\/2022\/03\/LW.2.0.515.T25_dim.png 1500w\" sizes=\"auto, (max-width: 1024px) 100vw, 1024px\" \/><\/figure>\n<\/div>\n\n\n<p class=\"has-text-align-center\"><strong>K\u00f3d v\u00fdrobku:<\/strong><br><strong>LW.2.0.515.T25<\/strong><\/p>\n\n\n\n<p class=\"has-text-align-center\">St\u0159e\u0161n\u00ed panel LAMBDA 2.0 s dvojit\u00fdm reprofilov\u00e1n\u00edm trap\u00e9zov\u00fdm a vy\u0159ez\u00e1n\u00edm pod ohyb.<\/p>\n<\/div>\n\n\n\n<div class=\"wp-block-column is-layout-flow wp-block-column-is-layout-flow\"><div class=\"wp-block-image\">\n<figure class=\"aligncenter size-large is-resized\"><img loading=\"lazy\" decoding=\"async\" width=\"1024\" height=\"754\" src=\"https:\/\/bp2.eu\/wp-content\/uploads\/2022\/03\/LWZ.2.0.515.T25_dim-1024x754.png\" alt=\"\" class=\"wp-image-5739\" style=\"width:512px;height:377px\" srcset=\"https:\/\/bp2.eu\/wp-content\/uploads\/2022\/03\/LWZ.2.0.515.T25_dim-1024x754.png 1024w, https:\/\/bp2.eu\/wp-content\/uploads\/2022\/03\/LWZ.2.0.515.T25_dim-820x604.png 820w, https:\/\/bp2.eu\/wp-content\/uploads\/2022\/03\/LWZ.2.0.515.T25_dim-768x565.png 768w, https:\/\/bp2.eu\/wp-content\/uploads\/2022\/03\/LWZ.2.0.515.T25_dim.png 1500w\" sizes=\"auto, (max-width: 1024px) 100vw, 1024px\" \/><\/figure>\n<\/div>\n\n\n<p class=\"has-text-align-center\"><strong>K\u00f3d v\u00fdrobku:<\/strong><br><strong>LWZ.2.0.515.T25<\/strong><\/p>\n\n\n\n<p class=\"has-text-align-center\">St\u0159e\u0161n\u00ed panel LAMBDA 2.0 s dvojit\u00fdm reprofilov\u00e1n\u00edm trap\u00e9zov\u00fdm a ohybem BEND LOCK.<\/p>\n<\/div>\n<\/div>\n\n\n\n<div style=\"height:100px\" aria-hidden=\"true\" class=\"wp-block-spacer is-style-small-spacer\"><\/div>\n\n\n\n<h2 class=\"wp-block-heading has-text-align-center is-style-h3 has-red-color has-text-color\">POVRCHU BEZ REPROFILOV\u00c1N\u00cd [P]<\/h2>\n\n\n\n<p class=\"has-text-align-center\">Klasick\u00fd povrch panelu bez jak\u00e9hokoliv reprofilov\u00e1n\u00ed.<\/p>\n\n\n\n<div style=\"height:100px\" aria-hidden=\"true\" class=\"wp-block-spacer is-style-small-spacer\"><\/div>\n\n\n\n<div class=\"wp-block-columns is-layout-flex wp-container-core-columns-is-layout-9d6595d7 wp-block-columns-is-layout-flex\">\n<div class=\"wp-block-column is-layout-flow wp-block-column-is-layout-flow\"><div class=\"wp-block-image\">\n<figure class=\"aligncenter size-large is-resized\"><img loading=\"lazy\" decoding=\"async\" width=\"1024\" height=\"754\" src=\"https:\/\/bp2.eu\/wp-content\/uploads\/2022\/03\/LW.2.0.515.P_dim-1024x754.png\" alt=\"\" class=\"wp-image-5759\" style=\"width:512px;height:377px\" srcset=\"https:\/\/bp2.eu\/wp-content\/uploads\/2022\/03\/LW.2.0.515.P_dim-1024x754.png 1024w, https:\/\/bp2.eu\/wp-content\/uploads\/2022\/03\/LW.2.0.515.P_dim-820x604.png 820w, https:\/\/bp2.eu\/wp-content\/uploads\/2022\/03\/LW.2.0.515.P_dim-768x565.png 768w, https:\/\/bp2.eu\/wp-content\/uploads\/2022\/03\/LW.2.0.515.P_dim.png 1500w\" sizes=\"auto, (max-width: 1024px) 100vw, 1024px\" \/><\/figure>\n<\/div>\n\n\n<p class=\"has-text-align-center\"><strong>K\u00f3d v\u00fdrobku:<\/strong><br><strong>LW.2.0.515.P<\/strong><\/p>\n\n\n\n<p class=\"has-text-align-center\">St\u0159e\u0161n\u00ed panel LAMBDA 2.0 s ploch\u00fdm povrchem a vy\u0159ez\u00e1n\u00edm pod ohyb.<\/p>\n<\/div>\n\n\n\n<div class=\"wp-block-column is-layout-flow wp-block-column-is-layout-flow\"><div class=\"wp-block-image\">\n<figure class=\"aligncenter size-large is-resized\"><img loading=\"lazy\" decoding=\"async\" width=\"1024\" height=\"754\" src=\"https:\/\/bp2.eu\/wp-content\/uploads\/2022\/03\/LWZ.2.0.515.P_dim-2-1024x754.png\" alt=\"\" class=\"wp-image-5763\" style=\"width:512px;height:377px\" srcset=\"https:\/\/bp2.eu\/wp-content\/uploads\/2022\/03\/LWZ.2.0.515.P_dim-2-1024x754.png 1024w, https:\/\/bp2.eu\/wp-content\/uploads\/2022\/03\/LWZ.2.0.515.P_dim-2-820x604.png 820w, https:\/\/bp2.eu\/wp-content\/uploads\/2022\/03\/LWZ.2.0.515.P_dim-2-768x565.png 768w, https:\/\/bp2.eu\/wp-content\/uploads\/2022\/03\/LWZ.2.0.515.P_dim-2.png 1500w\" sizes=\"auto, (max-width: 1024px) 100vw, 1024px\" \/><\/figure>\n<\/div>\n\n\n<p class=\"has-text-align-center\"><strong>K\u00f3d v\u00fdrobku:<\/strong><br><strong>LWZ.2.0.515.P<\/strong><\/p>\n\n\n\n<p class=\"has-text-align-center\">St\u0159e\u0161n\u00ed panel LAMBDA 2.0 s ploch\u00fdm povrchem a ohybem BEND LOCK.<\/p>\n<\/div>\n<\/div>\n\n\n\n<h2 class=\"wp-block-heading is-style-h3\">POZOR!<\/h2>\n\n\n\n<p>Z d\u016fvodu konstrukce st\u0159e\u0161n\u00edch panel\u016f je mo\u017en\u00fd v\u00fdskyt efektu tzv. \u201evln\u011bn\u00ed\u201d plechu na krytin\u011b. Je to p\u0159irozen\u00fd jev pro tento typ v\u00fdrobk\u016f.<\/p>\n<\/div><\/div>\n","protected":false},"featured_media":23001,"menu_order":174,"template":"","product_category":[1011],"warranty":[1041,1088,1042,1045,1039,1043,1044],"product_serie":[],"class_list":["post-48121","product","type-product","status-publish","has-post-thumbnail","hentry","product_category-stresni-panel","warranty-10-let","warranty-15-let","warranty-20-let","warranty-25-let","warranty-30-let","warranty-35-let","warranty-40-let"],"acf":[],"_links":{"self":[{"href":"https:\/\/bp2.eu\/cs\/wp-json\/wp\/v2\/product\/48121","targetHints":{"allow":["GET"]}}],"collection":[{"href":"https:\/\/bp2.eu\/cs\/wp-json\/wp\/v2\/product"}],"about":[{"href":"https:\/\/bp2.eu\/cs\/wp-json\/wp\/v2\/types\/product"}],"wp:featuredmedia":[{"embeddable":true,"href":"https:\/\/bp2.eu\/cs\/wp-json\/wp\/v2\/media\/23001"}],"wp:attachment":[{"href":"https:\/\/bp2.eu\/cs\/wp-json\/wp\/v2\/media?parent=48121"}],"wp:term":[{"taxonomy":"product_category","embeddable":true,"href":"https:\/\/bp2.eu\/cs\/wp-json\/wp\/v2\/product_category?post=48121"},{"taxonomy":"warranty","embeddable":true,"href":"https:\/\/bp2.eu\/cs\/wp-json\/wp\/v2\/warranty?post=48121"},{"taxonomy":"product_serie","embeddable":true,"href":"https:\/\/bp2.eu\/cs\/wp-json\/wp\/v2\/product_serie?post=48121"}],"curies":[{"name":"wp","href":"https:\/\/api.w.org\/{rel}","templated":true}]}}