{"id":48159,"date":"2022-07-13T12:16:42","date_gmt":"2022-07-13T10:16:42","guid":{"rendered":"https:\/\/bp2.eu\/produkt\/zipp\/"},"modified":"2025-06-30T14:02:56","modified_gmt":"2025-06-30T12:02:56","slug":"stresni-panel-zipp","status":"publish","type":"product","link":"https:\/\/bp2.eu\/cs\/produkt\/stresni-panel-zipp\/","title":{"rendered":"St\u0159e\u0161n\u00ed Panel\u00a0ZIPP"},"content":{"rendered":"","protected":false},"featured_media":26560,"menu_order":182,"template":"","product_category":[1011],"warranty":[1041,1088,1042,1045,1039,1043,1044],"product_serie":[],"class_list":["post-48159","product","type-product","status-publish","has-post-thumbnail","hentry","product_category-stresni-panel","warranty-10-let","warranty-15-let","warranty-20-let","warranty-25-let","warranty-30-let","warranty-35-let","warranty-40-let"],"acf":[],"_links":{"self":[{"href":"https:\/\/bp2.eu\/cs\/wp-json\/wp\/v2\/product\/48159","targetHints":{"allow":["GET"]}}],"collection":[{"href":"https:\/\/bp2.eu\/cs\/wp-json\/wp\/v2\/product"}],"about":[{"href":"https:\/\/bp2.eu\/cs\/wp-json\/wp\/v2\/types\/product"}],"wp:featuredmedia":[{"embeddable":true,"href":"https:\/\/bp2.eu\/cs\/wp-json\/wp\/v2\/media\/26560"}],"wp:attachment":[{"href":"https:\/\/bp2.eu\/cs\/wp-json\/wp\/v2\/media?parent=48159"}],"wp:term":[{"taxonomy":"product_category","embeddable":true,"href":"https:\/\/bp2.eu\/cs\/wp-json\/wp\/v2\/product_category?post=48159"},{"taxonomy":"warranty","embeddable":true,"href":"https:\/\/bp2.eu\/cs\/wp-json\/wp\/v2\/warranty?post=48159"},{"taxonomy":"product_serie","embeddable":true,"href":"https:\/\/bp2.eu\/cs\/wp-json\/wp\/v2\/product_serie?post=48159"}],"curies":[{"name":"wp","href":"https:\/\/api.w.org\/{rel}","templated":true}]}}