{"id":48171,"date":"2022-03-28T15:26:09","date_gmt":"2022-03-28T13:26:09","guid":{"rendered":"https:\/\/bp2.eu\/produkt\/kasetony-elewacyjne-skrin\/"},"modified":"2023-10-04T08:53:28","modified_gmt":"2023-10-04T06:53:28","slug":"fasadni-kazety-skrin","status":"publish","type":"product","link":"https:\/\/bp2.eu\/cs\/produkt\/fasadni-kazety-skrin\/","title":{"rendered":"Fas\u00e1dn\u00ed kazety SKRIN"},"content":{"rendered":"\n<div class=\"wp-block-group\"><div class=\"wp-block-group__inner-container is-layout-flow wp-block-group-is-layout-flow\">\n<div style=\"height:100px\" aria-hidden=\"true\" class=\"wp-block-spacer is-style-small-spacer\"><\/div>\n\n\n\r\n<div class=\"section__data\" data-section=\"Zastosowanie\"><\/div>\n\n\n<div class=\"wp-block-columns is-layout-flex wp-container-core-columns-is-layout-9d6595d7 wp-block-columns-is-layout-flex\">\n<div class=\"wp-block-column is-vertically-aligned-center is-layout-flow wp-block-column-is-layout-flow\" style=\"flex-basis:50%\"><div class=\"wp-block-image\">\n<figure class=\"aligncenter size-full\"><img loading=\"lazy\" decoding=\"async\" width=\"805\" height=\"562\" src=\"https:\/\/bp2.eu\/wp-content\/uploads\/2022\/03\/bp2_skrin_1.png\" alt=\"\" class=\"wp-image-6774\" srcset=\"https:\/\/bp2.eu\/wp-content\/uploads\/2022\/03\/bp2_skrin_1.png 805w, https:\/\/bp2.eu\/wp-content\/uploads\/2022\/03\/bp2_skrin_1-768x536.png 768w\" sizes=\"auto, (max-width: 805px) 100vw, 805px\" \/><\/figure>\n<\/div><\/div>\n\n\n\n<div class=\"wp-block-column has-dark-gray-background-color has-background is-layout-flow wp-block-column-is-layout-flow\" style=\"flex-basis:50%\">\n<div class=\"wp-block-cover is-light is-style-full-width\"><span aria-hidden=\"true\" class=\"wp-block-cover__background has-dark-gray-background-color has-background-dim-100 has-background-dim\"><\/span><div class=\"wp-block-cover__inner-container is-layout-flow wp-block-cover-is-layout-flow\">\n<p>Pou\u017eit\u00ed fas\u00e1dn\u00edch kazet SKRIN umo\u017e\u0148uje estetickou a trvanlivou kone\u010dnou \u00fapravu fas\u00e1dy. Mohou b\u00fdt pou\u017eit\u00e9 na cel\u00e9 budov\u011b nebo na vybran\u00fdch reprezenta\u010dn\u00edch fragmentech, jak\u00fdmi jsou \u010deln\u00ed fas\u00e1dy nebo kancel\u00e1\u0159sk\u00e9 \u010d\u00e1sti budov. Odli\u0161en\u00ed formou a materi\u00e1ly pro kone\u010dnou \u00fapravu fas\u00e1dn\u00edch \u010d\u00e1st\u00ed objektu, je \u010dast\u00fdm \u0159e\u0161en\u00edm v modern\u00edm stavitelstv\u00ed. V takov\u00fdch projektech jsou fas\u00e1dn\u00ed kazety, d\u00edky \u0161irok\u00e9 palet\u011b barev a flexibilit\u011b rozm\u011br\u016f, ide\u00e1ln\u00edm volbou. Pro zachov\u00e1n\u00ed vysok\u00e9 estetiky a funk\u010dnosti fas\u00e1dy, dod\u00e1v\u00e1me syst\u00e9mov\u00e9 rohy a individu\u00e1ln\u011b vyr\u00e1b\u011bn\u00e9 zpracov\u00e1n\u00ed.<\/p>\n\n\n\n<p>[1] ocelov\u00e1 kazeta na ze\u010f.<br>[2] miner\u00e1ln\u00ed vlna \u2013 termick\u00e1 izolace.<br>[3] p01 meziprofil 20\/50.<br>[4] f\u00f3lie pro izolaci proti v\u011btru.<br>[5] podp\u011brn\u00fd sloup.<br>[6] t\u011bsn\u011bn\u00ed.<br>[7] spojovac\u00ed prvek (nast\u0159elovac\u00ed h\u0159eb nebo vrut).<br>[8] p03 profil z\u00e1kladn\u00ed 20\/90.<br>[9] samovrtn\u00fd spoj.<br>[10] samovrtn\u00fd spoj.<br>[11] fas\u00e1dn\u00ed kazeta skrin.<\/p>\n\n\n\n<p class=\"has-text-align-center\">&nbsp;<\/p>\n<\/div><\/div>\n<\/div>\n<\/div>\n\n\n\n<div class=\"wp-block-columns is-layout-flex wp-container-core-columns-is-layout-9d6595d7 wp-block-columns-is-layout-flex\">\n<div class=\"wp-block-column is-style-default is-layout-flow wp-block-column-is-layout-flow\" style=\"flex-basis:50%\">\n<div class=\"wp-block-cover is-light is-style-full-width\"><span aria-hidden=\"true\" class=\"wp-block-cover__background has-dark-gray-background-color has-background-dim-100 has-background-dim\"><\/span><div class=\"wp-block-cover__inner-container is-layout-flow wp-block-cover-is-layout-flow\">\n<p>P\u0159ednost\u00ed zav\u011b\u0161en\u00fdch fas\u00e1d zabudovan\u00fdch s pou\u017eit\u00edm fas\u00e1dn\u00edch kazet SKRIN je rychl\u00e1 a m\u00e1lo komplikovan\u00e1 mont\u00e1\u017e. Mohou b\u00fdt pou\u017eit\u00e9 na libovoln\u00e9 st\u011bn\u011b, proto\u017ee jsou zav\u011b\u0161en\u00e9 na podkonstrukci, kterou stanov\u00ed ocelov\u00fd ro\u0161t vyroben\u00fd ze z\u00e1kladn\u00edch profil\u016f P03 20\/90. Kazety SKRIN jsou na nich montovan\u00e9 p\u0159es otvory ve tvaru fazol\u00ed umo\u017e\u0148uj\u00edc\u00ed kompenzaci pnut\u00ed. <\/p>\n\n\n\n<p>Proto\u017ee z\u00e1kladn\u00ed profily P03 20\/90 jsou z\u00e1kladem pro vertik\u00e1ln\u00ed spojen\u00ed kazet, jsou vyroben\u00e9 ze stejn\u00e9 barvy co kazety, poskytuj\u00ed efekt jednolit\u00e9ho povrchu. Pro dodate\u010dn\u00e9 vyztu\u017een\u00ed se pou\u017e\u00edvaj\u00ed meziprofily P01 20\/50. Horizont\u00e1ln\u00ed spojov\u00e1n\u00ed kazet se uskute\u010d\u0148uje na z\u00e1klad\u011b z\u00e1mku d\u00edky p\u0159\u00edslu\u0161n\u011b profilovan\u00fdm horn\u00edm a doln\u00edm okraj\u016fm kazet.<\/p>\n\n\n\n<p>[1] zd\u011bn\u00e1 st\u011bna.<br>[2] ocelov\u00e1 z\u00e1vora z profil\u016f z.<br>[3] vertik\u00e1ln\u00ed mont\u00e1\u017en\u00ed ro\u0161t z profil\u016f.<br>[4] miner\u00e1ln\u00ed vlna &#8211; termick\u00e1 izolace.<br>[5] f\u00f3lie pro izolaci proti v\u011btru.<br>[6] fas\u00e1dn\u00ed kazeta skrin.<\/p>\n<\/div><\/div>\n<\/div>\n\n\n\n<div class=\"wp-block-column is-vertically-aligned-center is-layout-flow wp-block-column-is-layout-flow\" style=\"flex-basis:50%\"><div class=\"wp-block-image\">\n<figure class=\"aligncenter size-full\"><img loading=\"lazy\" decoding=\"async\" width=\"805\" height=\"562\" src=\"https:\/\/bp2.eu\/wp-content\/uploads\/2022\/03\/bp2_skrin_2-2.png\" alt=\"\" class=\"wp-image-6790\" srcset=\"https:\/\/bp2.eu\/wp-content\/uploads\/2022\/03\/bp2_skrin_2-2.png 805w, https:\/\/bp2.eu\/wp-content\/uploads\/2022\/03\/bp2_skrin_2-2-768x536.png 768w\" sizes=\"auto, (max-width: 805px) 100vw, 805px\" \/><\/figure>\n<\/div><\/div>\n<\/div>\n<\/div><\/div>\n\n\n\n<p>&nbsp;<\/p>\n","protected":false},"featured_media":25840,"menu_order":215,"template":"","product_category":[996,999],"warranty":[1041,1088,1042],"product_serie":[],"class_list":["post-48171","product","type-product","status-publish","has-post-thumbnail","hentry","product_category-investicni-stavebnictvi","product_category-fasadni-obklady","warranty-10-let","warranty-15-let","warranty-20-let"],"acf":[],"_links":{"self":[{"href":"https:\/\/bp2.eu\/cs\/wp-json\/wp\/v2\/product\/48171","targetHints":{"allow":["GET"]}}],"collection":[{"href":"https:\/\/bp2.eu\/cs\/wp-json\/wp\/v2\/product"}],"about":[{"href":"https:\/\/bp2.eu\/cs\/wp-json\/wp\/v2\/types\/product"}],"wp:featuredmedia":[{"embeddable":true,"href":"https:\/\/bp2.eu\/cs\/wp-json\/wp\/v2\/media\/25840"}],"wp:attachment":[{"href":"https:\/\/bp2.eu\/cs\/wp-json\/wp\/v2\/media?parent=48171"}],"wp:term":[{"taxonomy":"product_category","embeddable":true,"href":"https:\/\/bp2.eu\/cs\/wp-json\/wp\/v2\/product_category?post=48171"},{"taxonomy":"warranty","embeddable":true,"href":"https:\/\/bp2.eu\/cs\/wp-json\/wp\/v2\/warranty?post=48171"},{"taxonomy":"product_serie","embeddable":true,"href":"https:\/\/bp2.eu\/cs\/wp-json\/wp\/v2\/product_serie?post=48171"}],"curies":[{"name":"wp","href":"https:\/\/api.w.org\/{rel}","templated":true}]}}