{"id":48184,"date":"2022-04-01T14:12:59","date_gmt":"2022-04-01T12:12:59","guid":{"rendered":"https:\/\/bp2.eu\/produkt\/panele-elewacyjne-linea\/"},"modified":"2025-01-24T11:57:46","modified_gmt":"2025-01-24T10:57:46","slug":"fasadni-panely-linea","status":"publish","type":"product","link":"https:\/\/bp2.eu\/cs\/produkt\/fasadni-panely-linea\/","title":{"rendered":"FAS\u00c1DN\u00cd PANELY LINEA"},"content":{"rendered":"\n<div style=\"height:100px\" aria-hidden=\"true\" class=\"wp-block-spacer is-style-small-spacer\"><\/div>\n\n\n\r\n<div class=\"section__data\" data-section=\"zalety\"><\/div>\n\n\n<div class=\"wp-block-group\"><div class=\"wp-block-group__inner-container is-layout-flow wp-block-group-is-layout-flow\">\n<div class=\"wp-block-columns is-style-mobile-reverse is-layout-flex wp-container-core-columns-is-layout-9d6595d7 wp-block-columns-is-layout-flex\">\n<div class=\"wp-block-column is-vertically-aligned-center is-layout-flow wp-block-column-is-layout-flow\">\n<div class=\"wp-block-cover is-light is-style-default\"><span aria-hidden=\"true\" class=\"wp-block-cover__background has-dark-gray-background-color has-background-dim-100 has-background-dim\"><\/span><div class=\"wp-block-cover__inner-container is-layout-flow wp-block-cover-is-layout-flow\">\n<h2 class=\"wp-block-heading is-style-h3\"><strong>P\u0159ednostmi<\/strong><\/h2>\n\n\n\n<p>Z\u00e1kladn\u00edmi p\u0159ednostmi fas\u00e1dn\u00edch desek je jejich jednoduch\u00e1 a rychl\u00e1 mont\u00e1\u017e a flexibilita p\u0159i p\u0159izp\u016fsoben\u00ed pokryt\u00ed k tvaru fas\u00e1dy. Tento v\u00fdrobek je tak\u00e9 skv\u011bl\u00fd pro spojov\u00e1n\u00ed v r\u00e1mci fas\u00e1dy s jin\u00fdmi druhy oblo\u017een\u00ed, jako jsou fas\u00e1dn\u00ed kazety nebo desky na rub stoj\u00edc\u00ed LAMBDA\u00ae, co\u017e zaru\u010duje atraktivn\u00ed vizu\u00e1ln\u00ed vzhled. Ve spojen\u00ed se \u0161irok\u00fdm sortimentem barev a dez\u00e9n\u016f povrchov\u00e9 \u00fapravy, toto umo\u017e\u0148uje realizaci zaj\u00edmav\u00fdch projekt\u016f fas\u00e1d. nab\u00edz\u00edme mo\u017enost perforace kazeton\u016f v \u0161irok\u00e9m rozsahu rozm\u011br\u016f a tvar\u016f. Detaily jsou k individu\u00e1ln\u00edmu ujedn\u00e1n\u00ed s obchodn\u00edm odd\u011blen\u00edm.<\/p>\n<\/div><\/div>\n<\/div>\n\n\n\n<div class=\"wp-block-column is-vertically-aligned-center is-layout-flow wp-block-column-is-layout-flow\">\n<figure class=\"wp-block-image size-full is-style-full-width\"><img loading=\"lazy\" decoding=\"async\" width=\"820\" height=\"547\" src=\"https:\/\/bp2.eu\/wp-content\/uploads\/2022\/06\/PANEL-ELEWACYJNY.png\" alt=\"\" class=\"wp-image-11122\" srcset=\"https:\/\/bp2.eu\/wp-content\/uploads\/2022\/06\/PANEL-ELEWACYJNY.png 820w, https:\/\/bp2.eu\/wp-content\/uploads\/2022\/06\/PANEL-ELEWACYJNY-768x512.png 768w\" sizes=\"auto, (max-width: 820px) 100vw, 820px\" \/><\/figure>\n<\/div>\n<\/div>\n<\/div><\/div>\n\n\n\n<div class=\"wp-block-group\"><div class=\"wp-block-group__inner-container is-layout-flow wp-block-group-is-layout-flow\">\r\n<div class=\"section__data\" data-section=\"zakresy wymiar\u00f3w\"><\/div>\n\n\n<h2 class=\"wp-block-heading has-text-align-center is-style-h3\">Range of standard sizes of facade panels [mm]<\/h2>\n\n\n\n<div class=\"wp-block-columns has-dark-gray-background-color has-background is-layout-flex wp-container-core-columns-is-layout-9d6595d7 wp-block-columns-is-layout-flex\">\n<div class=\"wp-block-column is-layout-flow wp-block-column-is-layout-flow\">\n<h2 class=\"wp-block-heading is-style-h3\">Panels without joint<\/h2>\n\n\n\n<figure class=\"wp-block-table\"><table><tbody><tr><td>Product code<\/td><td class=\"has-text-align-left\" data-align=\"left\">PS 282.417<\/td><td class=\"has-text-align-left\" data-align=\"left\">PS 177.312<\/td><td class=\"has-text-align-left\" data-align=\"left\">PS 115.250<\/td><\/tr><tr><td>Effective width<\/td><td class=\"has-text-align-left\" data-align=\"left\">282<\/td><td class=\"has-text-align-left\" data-align=\"left\">177<\/td><td class=\"has-text-align-left\" data-align=\"left\">115<\/td><\/tr><tr><td>Panel face<\/td><td class=\"has-text-align-left\" data-align=\"left\">282<\/td><td class=\"has-text-align-left\" data-align=\"left\">177<\/td><td class=\"has-text-align-left\" data-align=\"left\">115<\/td><\/tr><tr><td>Range of sheet thickness<\/td><td class=\"has-text-align-left\" data-align=\"left\">0,7\u20131,0<\/td><td class=\"has-text-align-left\" data-align=\"left\">0,7\u20131,0<\/td><td class=\"has-text-align-left\" data-align=\"left\">0,7\u20131,0<\/td><\/tr><tr><td>Covering length<\/td><td class=\"has-text-align-left\" data-align=\"left\">800\u20136000<\/td><td class=\"has-text-align-left\" data-align=\"left\">800\u20136000<\/td><td class=\"has-text-align-left\" data-align=\"left\">800\u20136000<\/td><\/tr><\/tbody><\/table><\/figure>\n<\/div>\n\n\n\n<div class=\"wp-block-column is-layout-flow wp-block-column-is-layout-flow\">\n<h2 class=\"wp-block-heading is-style-h3\">Panels with joint 15 mm<\/h2>\n\n\n\n<figure class=\"wp-block-table\"><table><tbody><tr><td>Product code<\/td><td class=\"has-text-align-left\" data-align=\"left\">PSF 270.417.15<\/td><td class=\"has-text-align-left\" data-align=\"left\">PSF 165.312.15<\/td><td class=\"has-text-align-left\" data-align=\"left\">PSF 103.250.15<\/td><\/tr><tr><td>Effective width<\/td><td class=\"has-text-align-left\" data-align=\"left\">270<\/td><td class=\"has-text-align-left\" data-align=\"left\">165<\/td><td class=\"has-text-align-left\" data-align=\"left\">103<\/td><\/tr><tr><td>Panel face<\/td><td class=\"has-text-align-left\" data-align=\"left\">255<\/td><td class=\"has-text-align-left\" data-align=\"left\">150<\/td><td class=\"has-text-align-left\" data-align=\"left\">88<\/td><\/tr><tr><td>Range of sheet thickness<\/td><td class=\"has-text-align-left\" data-align=\"left\">0,7\u20131,0<\/td><td class=\"has-text-align-left\" data-align=\"left\">0,7\u20131,0<\/td><td class=\"has-text-align-left\" data-align=\"left\">0,7\u20131,0<\/td><\/tr><tr><td>Covering length<\/td><td class=\"has-text-align-left\" data-align=\"left\">800\u20136000<\/td><td class=\"has-text-align-left\" data-align=\"left\">800\u20136000<\/td><td class=\"has-text-align-left\" data-align=\"left\">800\u20136000<\/td><\/tr><\/tbody><\/table><\/figure>\n<\/div>\n<\/div>\n\n\n<div class=\"wp-block-image\">\n<figure class=\"aligncenter size-large is-resized\"><img loading=\"lazy\" decoding=\"async\" width=\"1024\" height=\"657\" src=\"https:\/\/bp2.eu\/wp-content\/uploads\/2022\/04\/PANELE-ELEWACYJNE-RYSUNEK-TECHNICZNY-1024x657.png\" alt=\"\" class=\"wp-image-7708\" style=\"width:768px;height:493px\" srcset=\"https:\/\/bp2.eu\/wp-content\/uploads\/2022\/04\/PANELE-ELEWACYJNE-RYSUNEK-TECHNICZNY-1024x657.png 1024w, https:\/\/bp2.eu\/wp-content\/uploads\/2022\/04\/PANELE-ELEWACYJNE-RYSUNEK-TECHNICZNY-820x526.png 820w, https:\/\/bp2.eu\/wp-content\/uploads\/2022\/04\/PANELE-ELEWACYJNE-RYSUNEK-TECHNICZNY-768x493.png 768w, https:\/\/bp2.eu\/wp-content\/uploads\/2022\/04\/PANELE-ELEWACYJNE-RYSUNEK-TECHNICZNY.png 1200w\" sizes=\"auto, (max-width: 1024px) 100vw, 1024px\" \/><\/figure>\n<\/div><\/div><\/div>\n\n\n\n<div class=\"wp-block-group\"><div class=\"wp-block-group__inner-container is-layout-flow wp-block-group-is-layout-flow\">\n<ul class=\"wp-block-list\">\n<li>nab\u00edz\u00edme mo\u017enost perforace kazeton\u016f v \u0161irok\u00e9m rozsahu rozm\u011br\u016f a tvar\u016f. Detaily jsou k individu\u00e1ln\u00edmu ujedn\u00e1n\u00ed s obchodn\u00edm odd\u011blen\u00edm.<\/li>\n\n\n\n<li>Existuje mo\u017enost vyrobit nestandardn\u00ed panely.Detaily jsou sjedn\u00e1v\u00e1ny individu\u00e1ln\u011b s obchodn\u00edm odd\u011blen\u00edm.<\/li>\n<\/ul>\n<\/div><\/div>\n","protected":false},"featured_media":25644,"menu_order":230,"template":"","product_category":[996,999],"warranty":[1041,1088,1042],"product_serie":[],"class_list":["post-48184","product","type-product","status-publish","has-post-thumbnail","hentry","product_category-investicni-stavebnictvi","product_category-fasadni-obklady","warranty-10-let","warranty-15-let","warranty-20-let"],"acf":[],"_links":{"self":[{"href":"https:\/\/bp2.eu\/cs\/wp-json\/wp\/v2\/product\/48184","targetHints":{"allow":["GET"]}}],"collection":[{"href":"https:\/\/bp2.eu\/cs\/wp-json\/wp\/v2\/product"}],"about":[{"href":"https:\/\/bp2.eu\/cs\/wp-json\/wp\/v2\/types\/product"}],"wp:featuredmedia":[{"embeddable":true,"href":"https:\/\/bp2.eu\/cs\/wp-json\/wp\/v2\/media\/25644"}],"wp:attachment":[{"href":"https:\/\/bp2.eu\/cs\/wp-json\/wp\/v2\/media?parent=48184"}],"wp:term":[{"taxonomy":"product_category","embeddable":true,"href":"https:\/\/bp2.eu\/cs\/wp-json\/wp\/v2\/product_category?post=48184"},{"taxonomy":"warranty","embeddable":true,"href":"https:\/\/bp2.eu\/cs\/wp-json\/wp\/v2\/warranty?post=48184"},{"taxonomy":"product_serie","embeddable":true,"href":"https:\/\/bp2.eu\/cs\/wp-json\/wp\/v2\/product_serie?post=48184"}],"curies":[{"name":"wp","href":"https:\/\/api.w.org\/{rel}","templated":true}]}}