{"id":48346,"date":"2022-03-22T13:53:58","date_gmt":"2022-03-22T12:53:58","guid":{"rendered":"https:\/\/bp2.eu\/produkt\/formatki-i-blachy-plaskie\/"},"modified":"2023-01-09T13:08:21","modified_gmt":"2023-01-09T12:08:21","slug":"prosteradla-a-ploche-plechy","status":"publish","type":"product","link":"https:\/\/bp2.eu\/cs\/produkt\/prosteradla-a-ploche-plechy\/","title":{"rendered":"PROST\u011aRADLA A PLOCH\u00c9 PLECHY"},"content":{"rendered":"\n<div class=\"wp-block-group\"><div class=\"wp-block-group__inner-container is-layout-flow wp-block-group-is-layout-flow\">\n<div style=\"height:100px\" aria-hidden=\"true\" class=\"wp-block-spacer is-style-small-spacer\"><\/div>\n\n\n\n<div class=\"wp-block-columns has-dark-gray-background-color has-background is-layout-flex wp-container-core-columns-is-layout-9d6595d7 wp-block-columns-is-layout-flex\">\n<div class=\"wp-block-column is-layout-flow wp-block-column-is-layout-flow\">\n<h2 class=\"is-style-h3 wp-block-heading\">Plechy pozinkovan\u00e9 [mm]<\/h2>\n\n\n\n<figure class=\"wp-block-table\"><table><tbody><tr><td class=\"has-text-align-left\" data-align=\"left\"><strong>Tlou\u0161\u0165ka plechu<\/strong><\/td><td class=\"has-text-align-left\" data-align=\"left\"><strong>\u0160\u00ed\u0159ka p\u00e1su<\/strong><\/td><\/tr><tr><td class=\"has-text-align-left\" data-align=\"left\">0,40<\/td><td class=\"has-text-align-left\" data-align=\"left\">1000<\/td><\/tr><tr><td class=\"has-text-align-left\" data-align=\"left\">0,45<\/td><td class=\"has-text-align-left\" data-align=\"left\">1250<\/td><\/tr><tr><td class=\"has-text-align-left\" data-align=\"left\">0,50<\/td><td class=\"has-text-align-left\" data-align=\"left\">1000, 1250, 1500<\/td><\/tr><tr><td class=\"has-text-align-left\" data-align=\"left\">0,60<\/td><td class=\"has-text-align-left\" data-align=\"left\">1000, 1250, 1500<\/td><\/tr><tr><td class=\"has-text-align-left\" data-align=\"left\">0,70<\/td><td class=\"has-text-align-left\" data-align=\"left\">1000, 1250, 1500<\/td><\/tr><tr><td class=\"has-text-align-left\" data-align=\"left\">0,80<\/td><td class=\"has-text-align-left\" data-align=\"left\">1000, 1250, 1500<\/td><\/tr><tr><td class=\"has-text-align-left\" data-align=\"left\">0,90<\/td><td class=\"has-text-align-left\" data-align=\"left\">1250, 1500<\/td><\/tr><tr><td class=\"has-text-align-left\" data-align=\"left\">1,00<\/td><td class=\"has-text-align-left\" data-align=\"left\">1000, 1250, 1500<\/td><\/tr><tr><td class=\"has-text-align-left\" data-align=\"left\">1,25<\/td><td class=\"has-text-align-left\" data-align=\"left\">1000, 1250, 1500<\/td><\/tr><tr><td class=\"has-text-align-left\" data-align=\"left\">1,50<\/td><td class=\"has-text-align-left\" data-align=\"left\">1000, 1250, 1500<\/td><\/tr><tr><td class=\"has-text-align-left\" data-align=\"left\">2,00<\/td><td class=\"has-text-align-left\" data-align=\"left\">1000, 1250, 1500<\/td><\/tr><\/tbody><\/table><\/figure>\n<\/div>\n\n\n\n<div class=\"wp-block-column is-layout-flow wp-block-column-is-layout-flow\">\n<h2 class=\"is-style-h3 wp-block-heading\">Plechy Aluzinc [mm]<\/h2>\n\n\n\n<figure class=\"wp-block-table\"><table><tbody><tr><td class=\"has-text-align-left\" data-align=\"left\"><strong>Tlou\u0161\u0165ka plechu<\/strong><\/td><td class=\"has-text-align-left\" data-align=\"left\"><strong>\u0160\u00ed\u0159ka p\u00e1su<\/strong><\/td><\/tr><tr><td class=\"has-text-align-left\" data-align=\"left\">0,50<\/td><td class=\"has-text-align-left\" data-align=\"left\">1250<\/td><\/tr><tr><td class=\"has-text-align-left\" data-align=\"left\">0,60<\/td><td class=\"has-text-align-left\" data-align=\"left\">1250<\/td><\/tr><tr><td class=\"has-text-align-left\" data-align=\"left\">0,70<\/td><td class=\"has-text-align-left\" data-align=\"left\">1250<\/td><\/tr><tr><td class=\"has-text-align-left\" data-align=\"left\">1,00<\/td><td class=\"has-text-align-left\" data-align=\"left\">1250<\/td><\/tr><\/tbody><\/table><\/figure>\n<\/div>\n\n\n\n<div class=\"wp-block-column is-layout-flow wp-block-column-is-layout-flow\">\n<h2 class=\"is-style-h3 wp-block-heading\">Plechy s povlake [mm]<\/h2>\n\n\n\n<figure class=\"wp-block-table\"><table><tbody><tr><td class=\"has-text-align-left\" data-align=\"left\"><strong>Tlou\u0161\u0165ka plechu<\/strong><\/td><td class=\"has-text-align-left\" data-align=\"left\"><strong>\u0160\u00ed\u0159ka p\u00e1su<\/strong><\/td><\/tr><tr><td class=\"has-text-align-left\" data-align=\"left\">0,50<\/td><td class=\"has-text-align-left\" data-align=\"left\">1250<\/td><\/tr><tr><td class=\"has-text-align-left\" data-align=\"left\">0,70<\/td><td class=\"has-text-align-left\" data-align=\"left\">1250<\/td><\/tr><tr><td class=\"has-text-align-left\" data-align=\"left\">1,00<\/td><td class=\"has-text-align-left\" data-align=\"left\">1250<\/td><\/tr><tr><td class=\"has-text-align-left\" data-align=\"left\">1,25<\/td><td class=\"has-text-align-left\" data-align=\"left\">1250<\/td><\/tr><tr><td class=\"has-text-align-left\" data-align=\"left\">1,50<\/td><td class=\"has-text-align-left\" data-align=\"left\">1250<\/td><\/tr><\/tbody><\/table><\/figure>\n<\/div>\n<\/div>\n\n\n<div class=\"wp-block-image\">\n<figure class=\"aligncenter size-large\"><img loading=\"lazy\" decoding=\"async\" width=\"1024\" height=\"320\" src=\"http:\/\/bp2.eu\/wp-content\/uploads\/2022\/03\/SCS_blachy_plaskie-1024x320.jpg\" alt=\"\" class=\"wp-image-5116\" srcset=\"https:\/\/bp2.eu\/wp-content\/uploads\/2022\/03\/SCS_blachy_plaskie-1024x320.jpg 1024w, https:\/\/bp2.eu\/wp-content\/uploads\/2022\/03\/SCS_blachy_plaskie-820x256.jpg 820w, https:\/\/bp2.eu\/wp-content\/uploads\/2022\/03\/SCS_blachy_plaskie-768x240.jpg 768w, https:\/\/bp2.eu\/wp-content\/uploads\/2022\/03\/SCS_blachy_plaskie-1536x480.jpg 1536w, https:\/\/bp2.eu\/wp-content\/uploads\/2022\/03\/SCS_blachy_plaskie.jpg 1600w\" sizes=\"auto, (max-width: 1024px) 100vw, 1024px\" \/><\/figure>\n<\/div>\n\n\n<p class=\"has-text-align-center\"><strong>Dal\u0161\u00ed rozm\u011bry a tlou\u0161\u0165ky plech\u016f a form\u00e1t\u016f jsou k dispozici na vy\u017e\u00e1d\u00e1n\u00ed.<\/strong><\/p>\n<\/div><\/div>\n","protected":false},"featured_media":25570,"menu_order":396,"template":"","product_category":[1465,1014],"warranty":[],"product_serie":[],"class_list":["post-48346","product","type-product","status-publish","has-post-thumbnail","hentry","product_category-sluzby-rezani","product_category-formular"],"acf":[],"_links":{"self":[{"href":"https:\/\/bp2.eu\/cs\/wp-json\/wp\/v2\/product\/48346","targetHints":{"allow":["GET"]}}],"collection":[{"href":"https:\/\/bp2.eu\/cs\/wp-json\/wp\/v2\/product"}],"about":[{"href":"https:\/\/bp2.eu\/cs\/wp-json\/wp\/v2\/types\/product"}],"wp:featuredmedia":[{"embeddable":true,"href":"https:\/\/bp2.eu\/cs\/wp-json\/wp\/v2\/media\/25570"}],"wp:attachment":[{"href":"https:\/\/bp2.eu\/cs\/wp-json\/wp\/v2\/media?parent=48346"}],"wp:term":[{"taxonomy":"product_category","embeddable":true,"href":"https:\/\/bp2.eu\/cs\/wp-json\/wp\/v2\/product_category?post=48346"},{"taxonomy":"warranty","embeddable":true,"href":"https:\/\/bp2.eu\/cs\/wp-json\/wp\/v2\/warranty?post=48346"},{"taxonomy":"product_serie","embeddable":true,"href":"https:\/\/bp2.eu\/cs\/wp-json\/wp\/v2\/product_serie?post=48346"}],"curies":[{"name":"wp","href":"https:\/\/api.w.org\/{rel}","templated":true}]}}