{"id":48429,"date":"2020-03-14T15:06:00","date_gmt":"2020-03-14T14:06:00","guid":{"rendered":"https:\/\/bp2.eu\/produkt\/swietliki\/"},"modified":"2025-08-28T08:47:13","modified_gmt":"2025-08-28T06:47:13","slug":"stresni-svetliky-pro-trapezove-plechy","status":"publish","type":"product","link":"https:\/\/bp2.eu\/cs\/produkt\/stresni-svetliky-pro-trapezove-plechy\/","title":{"rendered":"St\u0159e\u0161n\u00ed sv\u011btl\u00edky pro trap\u00e9zov\u00e9 plechy"},"content":{"rendered":"\n<div style=\"height:100px\" aria-hidden=\"true\" class=\"wp-block-spacer is-style-smaller-spacer\"><\/div>\n\n\n\n<div class=\"wp-block-group\"><div class=\"wp-block-group__inner-container is-layout-constrained wp-block-group-is-layout-constrained\">\n<h2 class=\"wp-block-heading has-text-align-center has-red-color has-text-color has-link-color wp-elements-18973a85a279f0ffc87d95fb9c7c61f7\">St\u0159e\u0161n\u00ed sv\u011btl\u00edk SKY-T18<\/h2>\n\n\n\n<p class=\"has-text-align-center\">St\u0159e\u0161n\u00ed sv\u011btl\u00edk SKY-T18 je speci\u00e1ln\u00ed \u0159e\u0161en\u00ed pro trap\u00e9zov\u00e9 plechy T-18, kter\u00e9 kombinuje vysokou propustnost<br>denn\u00edho sv\u011btla s odolnou strukturou. Zaji\u0161\u0165uje \u00fa\u010dinn\u00e9 prosv\u011btlen\u00ed hal i men\u0161\u00edch prostor. Vyzna\u010duje se<br>vysokou odolnost\u00ed proti n\u00e1raz\u016fm p\u0159i zachov\u00e1n\u00ed estetiky a funk\u010dnosti konstrukce.<\/p>\n\n\n\n<div class=\"wp-block-columns is-layout-flex wp-container-core-columns-is-layout-9d6595d7 wp-block-columns-is-layout-flex\">\n<div class=\"wp-block-column is-layout-flow wp-block-column-is-layout-flow\">\n<figure class=\"wp-block-image size-large\"><img loading=\"lazy\" decoding=\"async\" width=\"1024\" height=\"874\" src=\"https:\/\/bp2.eu\/wp-content\/uploads\/2020\/03\/Swietlik-T18-Wymiary-1024x874.jpg\" alt=\"\" class=\"wp-image-102675\" srcset=\"https:\/\/bp2.eu\/wp-content\/uploads\/2020\/03\/Swietlik-T18-Wymiary-1024x874.jpg 1024w, https:\/\/bp2.eu\/wp-content\/uploads\/2020\/03\/Swietlik-T18-Wymiary-820x700.jpg 820w, https:\/\/bp2.eu\/wp-content\/uploads\/2020\/03\/Swietlik-T18-Wymiary-768x656.jpg 768w, https:\/\/bp2.eu\/wp-content\/uploads\/2020\/03\/Swietlik-T18-Wymiary-1536x1311.jpg 1536w, https:\/\/bp2.eu\/wp-content\/uploads\/2020\/03\/Swietlik-T18-Wymiary.jpg 1943w\" sizes=\"auto, (max-width: 1024px) 100vw, 1024px\" \/><\/figure>\n<\/div>\n\n\n\n<div class=\"wp-block-column is-layout-flow wp-block-column-is-layout-flow\">\n<h2 class=\"wp-block-heading is-style-h3 has-red-color has-text-color has-link-color wp-elements-7eced95deb6a187167f439b35c8ca261\">Technick\u00e9 parametry<\/h2>\n\n\n\n<table style=\"width:100%; border-collapse:collapse; border:0; table-layout:fixed;\">\n  <tbody>\n    <tr>\n      <td style=\"padding:10px; border-top:1px solid #ddd; border-bottom:1px solid #ddd; vertical-align:top;\"><strong>Tlou\u0161\u0165ka:<\/strong><\/td>\n      <td style=\"padding:10px; border-top:1px solid #ddd; border-bottom:1px solid #ddd; vertical-align:top;\">1,0 mm<\/td>\n    <\/tr>\n    <tr>\n      <td style=\"padding:10px; border-bottom:1px solid #ddd; vertical-align:top;\"><strong>U\u017eitn\u00e1 \u0161\u00ed\u0159ka:<\/strong><\/td>\n      <td style=\"padding:10px; border-bottom:1px solid #ddd; vertical-align:top;\">1063&plusmn;5 mm<\/td>\n    <\/tr>\n    <tr>\n      <td style=\"padding:10px; border-bottom:1px solid #ddd; vertical-align:top;\"><strong>\u0160\u00ed\u0159ka tabule:<\/strong><\/td>\n      <td style=\"padding:10px; border-bottom:1px solid #ddd; vertical-align:top;\">1117&plusmn;5 mm<\/td>\n    <\/tr>\n    <tr>\n      <td style=\"padding:10px; border-bottom:1px solid #ddd; vertical-align:top;\"><strong>Vlnitost:<\/strong><\/td>\n      <td style=\"padding:10px; border-bottom:1px solid #ddd; vertical-align:top;\">134 mm<\/td>\n    <\/tr>\n    <tr>\n      <td style=\"padding:10px; border-bottom:1px solid #ddd; vertical-align:top;\"><strong>V\u00fd\u0161ka vlny:<\/strong><\/td>\n      <td style=\"padding:10px; border-bottom:1px solid #ddd; vertical-align:top;\">18 mm<\/td>\n    <\/tr>\n    <tr>\n      <td style=\"padding:10px; border-bottom:1px solid #ddd; vertical-align:top;\"><strong>D\u00e9lka tabule:<\/strong><\/td>\n      <td style=\"padding:10px; border-bottom:1px solid #ddd; vertical-align:top;\">3 m<\/td>\n    <\/tr>\n    <tr>\n      <td style=\"padding:10px; border-bottom:1px solid #ddd; vertical-align:top;\"><strong>Barva:<\/strong><\/td>\n      <td style=\"padding:10px; border-bottom:1px solid #ddd; vertical-align:top;\">\u010cir\u00e1<\/td>\n    <\/tr>\n    <tr>\n      <td style=\"padding:10px; border-bottom:1px solid #ddd; vertical-align:top;\"><strong>Struktura:<\/strong><\/td>\n      <td style=\"padding:10px; border-bottom:1px solid #ddd; vertical-align:top;\">Pln\u00e1 tabule<\/td>\n    <\/tr>\n    <tr>\n      <td style=\"padding:10px; border-bottom:1px solid #ddd; vertical-align:top;\"><strong>Ochrana proti UV z\u00e1\u0159en\u00ed:<\/strong><\/td>\n      <td style=\"padding:10px; border-bottom:1px solid #ddd; vertical-align:top;\">Ano<\/td>\n    <\/tr>\n    <tr>\n      <td style=\"padding:10px; border-bottom:1px solid #ddd; vertical-align:top;\"><strong>Po\u017e\u00e1rn\u00ed klasifikace:<\/strong><\/td>\n      <td style=\"padding:10px; border-bottom:1px solid #ddd; vertical-align:top;\">B s1 d0<\/td>\n    <\/tr>\n    <tr>\n      <td style=\"padding:10px; border-bottom:1px solid #ddd; vertical-align:top;\"><strong>Provozn\u00ed teplotn\u00ed rozsah:<\/strong><\/td>\n      <td style=\"padding:10px; border-bottom:1px solid #ddd; vertical-align:top;\">-40&deg; \/ +130&deg;C<\/td>\n    <\/tr>\n    <tr>\n      <td style=\"padding:10px; border-bottom:1px solid #ddd; vertical-align:top;\"><strong>Line\u00e1rn\u00ed tepeln\u00e1 rozta\u017enost:<\/strong><\/td>\n      <td style=\"padding:10px; border-bottom:1px solid #ddd; vertical-align:top;\">6,7 &times; 10<sup>-5<\/sup> mm\/mm &deg;C<\/td>\n    <\/tr>\n    <tr>\n      <td style=\"padding:10px; border-bottom:1px solid #ddd; vertical-align:top;\"><strong>Odolnost proti chemik\u00e1li\u00edm (pou\u017eit\u00ed a \u00fadr\u017eba):<\/strong><\/td>\n      <td style=\"padding:10px; border-bottom:1px solid #ddd; vertical-align:top;\">Specifikace v literatu\u0159e<\/td>\n    <\/tr>\n    <tr>\n      <td style=\"padding:10px; border-bottom:1px solid #ddd; vertical-align:top;\"><strong>Tepeln\u00e1 izolace:<\/strong><\/td>\n      <td style=\"padding:10px; border-bottom:1px solid #ddd; vertical-align:top;\">5,70 W\/mK<\/td>\n    <\/tr>\n    <tr>\n      <td style=\"padding:10px; border-bottom:1px solid #ddd; vertical-align:top;\"><strong>Propustnost sv\u011btla (\u010cIR\u00c1):<\/strong><\/td>\n      <td style=\"padding:10px; border-bottom:1px solid #ddd; vertical-align:top;\">89&plusmn;2 %<\/td>\n    <\/tr>\n    <tr>\n      <td style=\"padding:10px; border-bottom:1px solid #ddd; vertical-align:top;\"><strong>Z\u00e1ruka:<\/strong><\/td>\n      <td style=\"padding:10px; border-bottom:1px solid #ddd; vertical-align:top;\">10 let*<\/td>\n    <\/tr>\n  <\/tbody>\n<\/table>\n<\/div>\n<\/div>\n\n\n\n<ul class=\"wp-block-list\">\n<li><strong>Pou\u017eit\u00ed<\/strong>: realizace sv\u011btl\u00edk\u016f a ploch\u00fdch st\u0159e\u0161n\u00edch krytin<\/li>\n\n\n\n<li><strong>P\u0159\u00edslu\u0161enstv\u00ed<\/strong>: syst\u00e9m dopl\u0148uj\u00ed p\u0159\u00edslu\u0161enstv\u00ed (pro z\u00edsk\u00e1n\u00ed podrobn\u00fdch informac\u00ed o p\u0159\u00edslu\u0161enstv\u00ed pros\u00edme o kontakt s v\u00fdrobcem).<br><br><strong>POZN\u00c1MKY:<\/strong> pro proveden\u00ed sv\u011btl\u00edk\u016f s vysok\u00fdmi izola\u010dn\u00edmi parametry v souladu s platnou normou lze doplnit vnit\u0159n\u00ed podhled.<\/li>\n<\/ul>\n<\/div><\/div>\n\n\n\n<div style=\"height:100px\" aria-hidden=\"true\" class=\"wp-block-spacer is-style-smaller-spacer\"><\/div>\n\n\n\n<div class=\"wp-block-group\"><div class=\"wp-block-group__inner-container is-layout-constrained wp-block-group-is-layout-constrained\">\n<h2 class=\"wp-block-heading has-text-align-center has-red-color has-text-color has-link-color wp-elements-22c1ae53b6ac56bad41ed7a5fd065c72\">St\u0159e\u0161n\u00ed sv\u011btl\u00edk SKY-T18 ECO<\/h2>\n\n\n\n<p class=\"has-text-align-center\">SKY-T18 ECO je lehk\u00fd a ekonomick\u00fd st\u0159e\u0161n\u00ed sv\u011btl\u00edk navr\u017een\u00fd speci\u00e1ln\u011b pro trap\u00e9zov\u00fd plech T18 ECO.<br>P\u0159edstavuje efektivn\u00ed alternativu k um\u011bl\u00e9mu osv\u011btlen\u00ed, nab\u00edz\u00ed vysokou pr\u016fhlednost a odolnost p\u0159i zachov\u00e1n\u00ed<br>energeticky \u00fasporn\u00fdch parametr\u016f \u2013 ide\u00e1ln\u00ed pro hospod\u00e1\u0159sk\u00e9 a investi\u010dn\u00ed objekty.<\/p>\n\n\n\n<div class=\"wp-block-columns is-layout-flex wp-container-core-columns-is-layout-9d6595d7 wp-block-columns-is-layout-flex\">\n<div class=\"wp-block-column is-layout-flow wp-block-column-is-layout-flow\">\n<figure class=\"wp-block-image size-large\"><img loading=\"lazy\" decoding=\"async\" width=\"1024\" height=\"856\" src=\"https:\/\/bp2.eu\/wp-content\/uploads\/2020\/03\/Swietlik-T18-ECO_Wymiary-1024x856.jpg\" alt=\"\" class=\"wp-image-102683\" srcset=\"https:\/\/bp2.eu\/wp-content\/uploads\/2020\/03\/Swietlik-T18-ECO_Wymiary-1024x856.jpg 1024w, https:\/\/bp2.eu\/wp-content\/uploads\/2020\/03\/Swietlik-T18-ECO_Wymiary-820x686.jpg 820w, https:\/\/bp2.eu\/wp-content\/uploads\/2020\/03\/Swietlik-T18-ECO_Wymiary-768x642.jpg 768w, https:\/\/bp2.eu\/wp-content\/uploads\/2020\/03\/Swietlik-T18-ECO_Wymiary-1536x1284.jpg 1536w, https:\/\/bp2.eu\/wp-content\/uploads\/2020\/03\/Swietlik-T18-ECO_Wymiary.jpg 2025w\" sizes=\"auto, (max-width: 1024px) 100vw, 1024px\" \/><\/figure>\n<\/div>\n\n\n\n<div class=\"wp-block-column is-layout-flow wp-block-column-is-layout-flow\">\n<h2 class=\"wp-block-heading is-style-h3 has-red-color has-text-color has-link-color wp-elements-7eced95deb6a187167f439b35c8ca261\">Technick\u00e9 parametry<\/h2>\n\n\n\n<table style=\"width:100%; border-collapse:collapse; border:0; table-layout:fixed;\">\n  <tbody>\n    <tr>\n      <td style=\"padding:10px; border-top:1px solid #ddd; border-bottom:1px solid #ddd;\"><strong>Tlou\u0161\u0165ka:<\/strong><\/td>\n      <td style=\"padding:10px; border-top:1px solid #ddd; border-bottom:1px solid #ddd;\">1,0 mm<\/td>\n    <\/tr>\n    <tr>\n      <td style=\"padding:10px; border-bottom:1px solid #ddd;\"><strong>U\u017eitn\u00e1 \u0161\u00ed\u0159ka:<\/strong><\/td>\n      <td style=\"padding:10px; border-bottom:1px solid #ddd;\">1170&plusmn;5 mm<\/td>\n    <\/tr>\n    <tr>\n      <td style=\"padding:10px; border-bottom:1px solid #ddd;\"><strong>\u0160\u00ed\u0159ka tabule:<\/strong><\/td>\n      <td style=\"padding:10px; border-bottom:1px solid #ddd;\">1120&plusmn;5 mm<\/td>\n    <\/tr>\n    <tr>\n      <td style=\"padding:10px; border-bottom:1px solid #ddd;\"><strong>Vlnitost:<\/strong><\/td>\n      <td style=\"padding:10px; border-bottom:1px solid #ddd;\">187,5 mm<\/td>\n    <\/tr>\n    <tr>\n      <td style=\"padding:10px; border-bottom:1px solid #ddd;\"><strong>V\u00fd\u0161ka vlny:<\/strong><\/td>\n      <td style=\"padding:10px; border-bottom:1px solid #ddd;\">16,5 mm<\/td>\n    <\/tr>\n    <tr>\n      <td style=\"padding:10px; border-bottom:1px solid #ddd;\"><strong>D\u00e9lka tabule:<\/strong><\/td>\n      <td style=\"padding:10px; border-bottom:1px solid #ddd;\">3 m<\/td>\n    <\/tr>\n    <tr>\n      <td style=\"padding:10px; border-bottom:1px solid #ddd;\"><strong>Barva:<\/strong><\/td>\n      <td style=\"padding:10px; border-bottom:1px solid #ddd;\">\u010cir\u00e1<\/td>\n    <\/tr>\n    <tr>\n      <td style=\"padding:10px; border-bottom:1px solid #ddd;\"><strong>Struktura:<\/strong><\/td>\n      <td style=\"padding:10px; border-bottom:1px solid #ddd;\">Pln\u00e1 tabule<\/td>\n    <\/tr>\n    <tr>\n      <td style=\"padding:10px; border-bottom:1px solid #ddd;\"><strong>Ochrana proti UV z\u00e1\u0159en\u00ed:<\/strong><\/td>\n      <td style=\"padding:10px; border-bottom:1px solid #ddd;\">Ano<\/td>\n    <\/tr>\n    <tr>\n      <td style=\"padding:10px; border-bottom:1px solid #ddd;\"><strong>Po\u017e\u00e1rn\u00ed klasifikace:<\/strong><\/td>\n      <td style=\"padding:10px; border-bottom:1px solid #ddd;\">B s1 d0<\/td>\n    <\/tr>\n    <tr>\n      <td style=\"padding:10px; border-bottom:1px solid #ddd;\"><strong>Provozn\u00ed teplotn\u00ed rozsah:<\/strong><\/td>\n      <td style=\"padding:10px; border-bottom:1px solid #ddd;\">-40&deg; \/ +130&deg;C<\/td>\n    <\/tr>\n    <tr>\n      <td style=\"padding:10px; border-bottom:1px solid #ddd;\"><strong>Line\u00e1rn\u00ed tepeln\u00e1 rozta\u017enost:<\/strong><\/td>\n      <td style=\"padding:10px; border-bottom:1px solid #ddd;\">6,7 &times; 10<sup>-5<\/sup> mm\/mm &deg;C<\/td>\n    <\/tr>\n    <tr>\n      <td style=\"padding:10px; border-bottom:1px solid #ddd;\"><strong>Odolnost proti chemik\u00e1li\u00edm (pou\u017eit\u00ed a \u00fadr\u017eba):<\/strong><\/td>\n      <td style=\"padding:10px; border-bottom:1px solid #ddd;\">Specifikace v literatu\u0159e<\/td>\n    <\/tr>\n    <tr>\n      <td style=\"padding:10px; border-bottom:1px solid #ddd;\"><strong>Tepeln\u00e1 izolace:<\/strong><\/td>\n      <td style=\"padding:10px; border-bottom:1px solid #ddd;\">5,70 W\/mK<\/td>\n    <\/tr>\n    <tr>\n      <td style=\"padding:10px; border-bottom:1px solid #ddd;\"><strong>Propustnost sv\u011btla (\u010cIR\u00c1):<\/strong><\/td>\n      <td style=\"padding:10px; border-bottom:1px solid #ddd;\">89&plusmn;2 %<\/td>\n    <\/tr>\n    <tr>\n      <td style=\"padding:10px; border-bottom:1px solid #ddd;\"><strong>Z\u00e1ruka:<\/strong><\/td>\n      <td style=\"padding:10px; border-bottom:1px solid #ddd;\">10 let*<\/td>\n    <\/tr>\n  <\/tbody>\n<\/table>\n<\/div>\n<\/div>\n\n\n\n<ul class=\"wp-block-list\">\n<li><strong>Pou\u017eit\u00ed<\/strong>: realizace sv\u011btl\u00edk\u016f a ploch\u00fdch st\u0159e\u0161n\u00edch krytin<\/li>\n\n\n\n<li><strong>P\u0159\u00edslu\u0161enstv\u00ed<\/strong>: syst\u00e9m dopl\u0148uj\u00ed p\u0159\u00edslu\u0161enstv\u00ed (pro z\u00edsk\u00e1n\u00ed podrobn\u00fdch informac\u00ed o p\u0159\u00edslu\u0161enstv\u00ed pros\u00edme o kontakt s v\u00fdrobcem).<br><br><strong>POZN\u00c1MKY:<\/strong> pro proveden\u00ed sv\u011btl\u00edk\u016f s vysok\u00fdmi izola\u010dn\u00edmi parametry v souladu s platnou normou lze doplnit vnit\u0159n\u00ed podhled.<\/li>\n<\/ul>\n<\/div><\/div>\n\n\n\n<div style=\"height:100px\" aria-hidden=\"true\" class=\"wp-block-spacer is-style-smaller-spacer\"><\/div>\n\n\n\n<div class=\"wp-block-group\"><div class=\"wp-block-group__inner-container is-layout-constrained wp-block-group-is-layout-constrained\">\n<h2 class=\"wp-block-heading has-text-align-center has-red-color has-text-color has-link-color wp-elements-67f1cb4030001ea91fe562faed444982\">St\u0159e\u0161n\u00ed sv\u011btl\u00edk SKY-T35<\/h2>\n\n\n\n<p class=\"has-text-align-center\">SKY-T35 je siln\u00fd a odoln\u00fd st\u0159e\u0161n\u00ed sv\u011btl\u00edk ur\u010den\u00fd pro trap\u00e9zov\u00e9 plechy T35, navr\u017een\u00fd pro objekty<br>vy\u017eaduj\u00edc\u00ed pevnou konstrukci. Zaru\u010duje \u00fa\u010dinn\u00e9 prosv\u011btlen\u00ed interi\u00e9r\u016f, vysokou odolnost v\u016f\u010di pov\u011btrnostn\u00edm<br>podm\u00ednk\u00e1m a zachov\u00e1n\u00ed estetiky st\u0159ech v pr\u016fmyslov\u00e9 a komer\u010dn\u00ed v\u00fdstavb\u011b.<\/p>\n\n\n\n<div class=\"wp-block-columns is-layout-flex wp-container-core-columns-is-layout-9d6595d7 wp-block-columns-is-layout-flex\">\n<div class=\"wp-block-column is-layout-flow wp-block-column-is-layout-flow\">\n<figure class=\"wp-block-image size-large\"><img loading=\"lazy\" decoding=\"async\" width=\"1024\" height=\"853\" src=\"https:\/\/bp2.eu\/wp-content\/uploads\/2020\/03\/Swietlik-T35_Wymiary-1024x853.jpg\" alt=\"\" class=\"wp-image-102691\" srcset=\"https:\/\/bp2.eu\/wp-content\/uploads\/2020\/03\/Swietlik-T35_Wymiary-1024x853.jpg 1024w, https:\/\/bp2.eu\/wp-content\/uploads\/2020\/03\/Swietlik-T35_Wymiary-820x683.jpg 820w, https:\/\/bp2.eu\/wp-content\/uploads\/2020\/03\/Swietlik-T35_Wymiary-768x640.jpg 768w, https:\/\/bp2.eu\/wp-content\/uploads\/2020\/03\/Swietlik-T35_Wymiary-1536x1279.jpg 1536w, https:\/\/bp2.eu\/wp-content\/uploads\/2020\/03\/Swietlik-T35_Wymiary.jpg 1961w\" sizes=\"auto, (max-width: 1024px) 100vw, 1024px\" \/><\/figure>\n<\/div>\n\n\n\n<div class=\"wp-block-column is-layout-flow wp-block-column-is-layout-flow\">\n<h2 class=\"wp-block-heading is-style-h3 has-red-color has-text-color has-link-color wp-elements-7eced95deb6a187167f439b35c8ca261\">Technick\u00e9 parametry<\/h2>\n\n\n\n<table style=\"width:100%; border-collapse:collapse; border:0; table-layout:fixed;\">\n  <tbody>\n    <tr>\n      <td style=\"padding:10px; border-top:1px solid #ddd; border-bottom:1px solid #ddd;\"><strong>Tlou\u0161\u0165ka:<\/strong><\/td>\n      <td style=\"padding:10px; border-top:1px solid #ddd; border-bottom:1px solid #ddd;\">1,0 mm<\/td>\n    <\/tr>\n    <tr>\n      <td style=\"padding:10px; border-bottom:1px solid #ddd;\"><strong>U\u017eitn\u00e1 \u0161\u00ed\u0159ka:<\/strong><\/td>\n      <td style=\"padding:10px; border-bottom:1px solid #ddd;\">1065 &plusmn; 5 mm<\/td>\n    <\/tr>\n    <tr>\n      <td style=\"padding:10px; border-bottom:1px solid #ddd;\"><strong>\u0160\u00ed\u0159ka tabule:<\/strong><\/td>\n      <td style=\"padding:10px; border-bottom:1px solid #ddd;\">1119 &plusmn; 5 mm<\/td>\n    <\/tr>\n    <tr>\n      <td style=\"padding:10px; border-bottom:1px solid #ddd;\"><strong>Vlnitost:<\/strong><\/td>\n      <td style=\"padding:10px; border-bottom:1px solid #ddd;\">213 mm<\/td>\n    <\/tr>\n    <tr>\n      <td style=\"padding:10px; border-bottom:1px solid #ddd;\"><strong>V\u00fd\u0161ka vlny:<\/strong><\/td>\n      <td style=\"padding:10px; border-bottom:1px solid #ddd;\">34 mm<\/td>\n    <\/tr>\n    <tr>\n      <td style=\"padding:10px; border-bottom:1px solid #ddd;\"><strong>D\u00e9lka tabule:<\/strong><\/td>\n      <td style=\"padding:10px; border-bottom:1px solid #ddd;\">3 m<\/td>\n    <\/tr>\n    <tr>\n      <td style=\"padding:10px; border-bottom:1px solid #ddd;\"><strong>Barva:<\/strong><\/td>\n      <td style=\"padding:10px; border-bottom:1px solid #ddd;\">\u010cir\u00e1<\/td>\n    <\/tr>\n    <tr>\n      <td style=\"padding:10px; border-bottom:1px solid #ddd;\"><strong>Struktura:<\/strong><\/td>\n      <td style=\"padding:10px; border-bottom:1px solid #ddd;\">Pln\u00e1 tabule<\/td>\n    <\/tr>\n    <tr>\n      <td style=\"padding:10px; border-bottom:1px solid #ddd;\"><strong>Ochrana proti UV z\u00e1\u0159en\u00ed:<\/strong><\/td>\n      <td style=\"padding:10px; border-bottom:1px solid #ddd;\">Ano<\/td>\n    <\/tr>\n    <tr>\n      <td style=\"padding:10px; border-bottom:1px solid #ddd;\"><strong>Po\u017e\u00e1rn\u00ed klasifikace:<\/strong><\/td>\n      <td style=\"padding:10px; border-bottom:1px solid #ddd;\">B s1 d0<\/td>\n    <\/tr>\n    <tr>\n      <td style=\"padding:10px; border-bottom:1px solid #ddd;\"><strong>Provozn\u00ed teplotn\u00ed rozsah:<\/strong><\/td>\n      <td style=\"padding:10px; border-bottom:1px solid #ddd;\">-40&deg; \/ +130&deg;C<\/td>\n    <\/tr>\n    <tr>\n      <td style=\"padding:10px; border-bottom:1px solid #ddd;\"><strong>Line\u00e1rn\u00ed tepeln\u00e1 rozta\u017enost:<\/strong><\/td>\n      <td style=\"padding:10px; border-bottom:1px solid #ddd;\">6,7 &times; 10<sup>-5<\/sup> mm\/mm &deg;C<\/td>\n    <\/tr>\n    <tr>\n      <td style=\"padding:10px; border-bottom:1px solid #ddd;\"><strong>Odolnost proti chemik\u00e1li\u00edm (pou\u017eit\u00ed a \u00fadr\u017eba):<\/strong><\/td>\n      <td style=\"padding:10px; border-bottom:1px solid #ddd;\">Specifikace v literatu\u0159e<\/td>\n    <\/tr>\n    <tr>\n      <td style=\"padding:10px; border-bottom:1px solid #ddd;\"><strong>Tepeln\u00e1 izolace:<\/strong><\/td>\n      <td style=\"padding:10px; border-bottom:1px solid #ddd;\">5,70 W\/mk<\/td>\n    <\/tr>\n    <tr>\n      <td style=\"padding:10px; border-bottom:1px solid #ddd;\"><strong>Propustnost sv\u011btla (\u010cIR\u00c1):<\/strong><\/td>\n      <td style=\"padding:10px; border-bottom:1px solid #ddd;\">89 &plusmn; 2 %<\/td>\n    <\/tr>\n    <tr>\n      <td style=\"padding:10px; border-bottom:1px solid #ddd;\"><strong>Z\u00e1ruka:<\/strong><\/td>\n      <td style=\"padding:10px; border-bottom:1px solid #ddd;\">10 let*<\/td>\n    <\/tr>\n  <\/tbody>\n<\/table>\n<\/div>\n<\/div>\n\n\n\n<ul class=\"wp-block-list\">\n<li><strong>Pou\u017eit\u00ed<\/strong>: v\u00fdroba sv\u011btl\u00edk\u016f a ploch\u00fdch st\u0159e\u0161n\u00edch krytin.<\/li>\n\n\n\n<li><strong>P\u0159\u00edslu\u0161enstv\u00ed<\/strong>: syst\u00e9m dopl\u0148uj\u00ed p\u0159\u00edslu\u0161enstv\u00ed (pro z\u00edsk\u00e1n\u00ed podrobn\u00fdch informac\u00ed o p\u0159\u00edslu\u0161enstv\u00ed<br>pros\u00edme o kontakt s v\u00fdrobcem).<br><br><strong>POZN\u00c1MKY:<\/strong> pro proveden\u00ed sv\u011btl\u00edk\u016f s vysok\u00fdmi izola\u010dn\u00edmi parametry v souladu s platnou normou lze doplnit vnit\u0159n\u00ed podhled.<\/li>\n<\/ul>\n<\/div><\/div>\n\n\n\n<div style=\"height:100px\" aria-hidden=\"true\" class=\"wp-block-spacer is-style-smaller-spacer\"><\/div>\n\n\n\n<div class=\"wp-block-group\"><div class=\"wp-block-group__inner-container is-layout-constrained wp-block-group-is-layout-constrained\">\n<div class=\"wp-block-columns is-layout-flex wp-container-core-columns-is-layout-9d6595d7 wp-block-columns-is-layout-flex\">\n<div class=\"wp-block-column is-layout-flow wp-block-column-is-layout-flow\"><div class=\"wp-block-image\">\n<figure class=\"aligncenter size-large\"><img loading=\"lazy\" decoding=\"async\" width=\"1024\" height=\"875\" src=\"https:\/\/bp2.eu\/wp-content\/uploads\/2020\/03\/Zrzut-ekranu-2025-08-28-081149-1024x875.png\" alt=\"\" class=\"wp-image-102742\" srcset=\"https:\/\/bp2.eu\/wp-content\/uploads\/2020\/03\/Zrzut-ekranu-2025-08-28-081149-1024x875.png 1024w, https:\/\/bp2.eu\/wp-content\/uploads\/2020\/03\/Zrzut-ekranu-2025-08-28-081149-820x700.png 820w, https:\/\/bp2.eu\/wp-content\/uploads\/2020\/03\/Zrzut-ekranu-2025-08-28-081149-768x656.png 768w, https:\/\/bp2.eu\/wp-content\/uploads\/2020\/03\/Zrzut-ekranu-2025-08-28-081149.png 1124w\" sizes=\"auto, (max-width: 1024px) 100vw, 1024px\" \/><\/figure>\n<\/div><\/div>\n\n\n\n<div class=\"wp-block-column is-vertically-aligned-top is-layout-flow wp-block-column-is-layout-flow\"><div class=\"wp-block-image\">\n<figure class=\"aligncenter size-large\"><img loading=\"lazy\" decoding=\"async\" width=\"1024\" height=\"429\" src=\"https:\/\/bp2.eu\/wp-content\/uploads\/2020\/03\/Zrzut-ekranu-2025-08-28-081155-1024x429.png\" alt=\"\" class=\"wp-image-102750\" srcset=\"https:\/\/bp2.eu\/wp-content\/uploads\/2020\/03\/Zrzut-ekranu-2025-08-28-081155-1024x429.png 1024w, https:\/\/bp2.eu\/wp-content\/uploads\/2020\/03\/Zrzut-ekranu-2025-08-28-081155-820x344.png 820w, https:\/\/bp2.eu\/wp-content\/uploads\/2020\/03\/Zrzut-ekranu-2025-08-28-081155-768x322.png 768w, https:\/\/bp2.eu\/wp-content\/uploads\/2020\/03\/Zrzut-ekranu-2025-08-28-081155.png 1131w\" sizes=\"auto, (max-width: 1024px) 100vw, 1024px\" \/><\/figure>\n<\/div><\/div>\n<\/div>\n<\/div><\/div>\n\n\n\n<div style=\"height:100px\" aria-hidden=\"true\" class=\"wp-block-spacer is-style-smaller-spacer\"><\/div>\n","protected":false},"featured_media":102642,"menu_order":603,"template":"","product_category":[1003],"warranty":[],"product_serie":[],"class_list":["post-48429","product","type-product","status-publish","has-post-thumbnail","hentry","product_category-prislusenstvi"],"acf":[],"_links":{"self":[{"href":"https:\/\/bp2.eu\/cs\/wp-json\/wp\/v2\/product\/48429","targetHints":{"allow":["GET"]}}],"collection":[{"href":"https:\/\/bp2.eu\/cs\/wp-json\/wp\/v2\/product"}],"about":[{"href":"https:\/\/bp2.eu\/cs\/wp-json\/wp\/v2\/types\/product"}],"wp:featuredmedia":[{"embeddable":true,"href":"https:\/\/bp2.eu\/cs\/wp-json\/wp\/v2\/media\/102642"}],"wp:attachment":[{"href":"https:\/\/bp2.eu\/cs\/wp-json\/wp\/v2\/media?parent=48429"}],"wp:term":[{"taxonomy":"product_category","embeddable":true,"href":"https:\/\/bp2.eu\/cs\/wp-json\/wp\/v2\/product_category?post=48429"},{"taxonomy":"warranty","embeddable":true,"href":"https:\/\/bp2.eu\/cs\/wp-json\/wp\/v2\/warranty?post=48429"},{"taxonomy":"product_serie","embeddable":true,"href":"https:\/\/bp2.eu\/cs\/wp-json\/wp\/v2\/product_serie?post=48429"}],"curies":[{"name":"wp","href":"https:\/\/api.w.org\/{rel}","templated":true}]}}