{"id":48439,"date":"2020-03-14T13:27:00","date_gmt":"2020-03-14T12:27:00","guid":{"rendered":"https:\/\/bp2.eu\/produkt\/komunikacja-dachowa-izi\/"},"modified":"2023-07-21T11:07:51","modified_gmt":"2023-07-21T09:07:51","slug":"stresni-komunikace-izi","status":"publish","type":"product","link":"https:\/\/bp2.eu\/cs\/produkt\/stresni-komunikace-izi\/","title":{"rendered":"St\u0159e\u0161n\u00ed komunikace IZI"},"content":{"rendered":"","protected":false},"featured_media":25603,"menu_order":653,"template":"","product_category":[1003],"warranty":[],"product_serie":[],"class_list":["post-48439","product","type-product","status-publish","has-post-thumbnail","hentry","product_category-prislusenstvi"],"acf":[],"_links":{"self":[{"href":"https:\/\/bp2.eu\/cs\/wp-json\/wp\/v2\/product\/48439","targetHints":{"allow":["GET"]}}],"collection":[{"href":"https:\/\/bp2.eu\/cs\/wp-json\/wp\/v2\/product"}],"about":[{"href":"https:\/\/bp2.eu\/cs\/wp-json\/wp\/v2\/types\/product"}],"wp:featuredmedia":[{"embeddable":true,"href":"https:\/\/bp2.eu\/cs\/wp-json\/wp\/v2\/media\/25603"}],"wp:attachment":[{"href":"https:\/\/bp2.eu\/cs\/wp-json\/wp\/v2\/media?parent=48439"}],"wp:term":[{"taxonomy":"product_category","embeddable":true,"href":"https:\/\/bp2.eu\/cs\/wp-json\/wp\/v2\/product_category?post=48439"},{"taxonomy":"warranty","embeddable":true,"href":"https:\/\/bp2.eu\/cs\/wp-json\/wp\/v2\/warranty?post=48439"},{"taxonomy":"product_serie","embeddable":true,"href":"https:\/\/bp2.eu\/cs\/wp-json\/wp\/v2\/product_serie?post=48439"}],"curies":[{"name":"wp","href":"https:\/\/api.w.org\/{rel}","templated":true}]}}