{"id":48443,"date":"2020-03-14T15:41:22","date_gmt":"2020-03-14T14:41:22","guid":{"rendered":"https:\/\/bp2.eu\/produkt\/membrana-dachowa-wysokoparoprzepuszczalna\/"},"modified":"2023-07-21T10:57:58","modified_gmt":"2023-07-21T08:57:58","slug":"membrana-s-vysokou-paropropustnosti","status":"publish","type":"product","link":"https:\/\/bp2.eu\/cs\/produkt\/membrana-s-vysokou-paropropustnosti\/","title":{"rendered":"Membr\u00e1na s vysokou paropropustnost\u00ed"},"content":{"rendered":"\n<div class=\"wp-block-group\"><div class=\"wp-block-group__inner-container is-layout-flow wp-block-group-is-layout-flow\">\n<div class=\"wp-block-columns is-style-default is-layout-flex wp-container-core-columns-is-layout-9d6595d7 wp-block-columns-is-layout-flex\">\n<div class=\"wp-block-column is-vertically-aligned-center is-style-space-left is-layout-flow wp-block-column-is-layout-flow\">\n<h3 class=\"wp-block-heading\"><strong>P\u0159ednosti:<\/strong><\/h3>\n\n\n\n<ul class=\"wp-block-list\">\n<li>vysok\u00e1 a rovnom\u011brn\u00e1 paropropustnost<\/li>\n\n\n\n<li>pru\u017enost a n\u00edzk\u00e1 hmotnost, kter\u00e1 usnad\u0148uje pokl\u00e1dan\u00ed<\/li>\n\n\n\n<li>vodot\u011bsnost chr\u00e1n\u00edc\u00ed st\u0159echu<\/li>\n\n\n\n<li>vysok\u00e1 mechanick\u00e1 odolnost<\/li>\n\n\n\n<li>vysok\u00e1 odolnost proti UV z\u00e1\u0159en\u00ed<\/li>\n\n\n\n<li>vy\u010derp\u00e1vaj\u00edc\u00ed informace zaji\u0161\u0165uj\u00edc\u00ed spr\u00e1vn\u00e9 pou\u017eit\u00ed<\/li>\n<\/ul>\n<\/div>\n\n\n\n<div class=\"wp-block-column is-layout-flow wp-block-column-is-layout-flow\">\n<figure class=\"wp-block-image size-large\"><img loading=\"lazy\" decoding=\"async\" width=\"1024\" height=\"639\" src=\"https:\/\/bp2.eu\/wp-content\/uploads\/2022\/03\/dachowa3_ALL-1024x639.jpg\" alt=\"\" class=\"wp-image-2866\" srcset=\"https:\/\/bp2.eu\/wp-content\/uploads\/2022\/03\/dachowa3_ALL-1024x639.jpg 1024w, https:\/\/bp2.eu\/wp-content\/uploads\/2022\/03\/dachowa3_ALL-820x512.jpg 820w, https:\/\/bp2.eu\/wp-content\/uploads\/2022\/03\/dachowa3_ALL-768x479.jpg 768w, https:\/\/bp2.eu\/wp-content\/uploads\/2022\/03\/dachowa3_ALL-rotated.jpg 1080w\" sizes=\"auto, (max-width: 1024px) 100vw, 1024px\" \/><\/figure>\n<\/div>\n<\/div>\n<\/div><\/div>\n\n\n\n<p><\/p>\n","protected":false},"featured_media":28429,"menu_order":669,"template":"","product_category":[1003],"warranty":[],"product_serie":[],"class_list":["post-48443","product","type-product","status-publish","has-post-thumbnail","hentry","product_category-prislusenstvi"],"acf":[],"_links":{"self":[{"href":"https:\/\/bp2.eu\/cs\/wp-json\/wp\/v2\/product\/48443","targetHints":{"allow":["GET"]}}],"collection":[{"href":"https:\/\/bp2.eu\/cs\/wp-json\/wp\/v2\/product"}],"about":[{"href":"https:\/\/bp2.eu\/cs\/wp-json\/wp\/v2\/types\/product"}],"wp:featuredmedia":[{"embeddable":true,"href":"https:\/\/bp2.eu\/cs\/wp-json\/wp\/v2\/media\/28429"}],"wp:attachment":[{"href":"https:\/\/bp2.eu\/cs\/wp-json\/wp\/v2\/media?parent=48443"}],"wp:term":[{"taxonomy":"product_category","embeddable":true,"href":"https:\/\/bp2.eu\/cs\/wp-json\/wp\/v2\/product_category?post=48443"},{"taxonomy":"warranty","embeddable":true,"href":"https:\/\/bp2.eu\/cs\/wp-json\/wp\/v2\/warranty?post=48443"},{"taxonomy":"product_serie","embeddable":true,"href":"https:\/\/bp2.eu\/cs\/wp-json\/wp\/v2\/product_serie?post=48443"}],"curies":[{"name":"wp","href":"https:\/\/api.w.org\/{rel}","templated":true}]}}