{"id":48446,"date":"2020-03-14T15:38:00","date_gmt":"2020-03-14T14:38:00","guid":{"rendered":"https:\/\/bp2.eu\/produkt\/okna-dachowe\/"},"modified":"2023-07-21T10:51:48","modified_gmt":"2023-07-21T08:51:48","slug":"stresni-okna","status":"publish","type":"product","link":"https:\/\/bp2.eu\/cs\/produkt\/stresni-okna\/","title":{"rendered":"St\u0159e\u0161n\u00ed okna"},"content":{"rendered":"","protected":false},"featured_media":25615,"menu_order":677,"template":"","product_category":[1003],"warranty":[],"product_serie":[],"class_list":["post-48446","product","type-product","status-publish","has-post-thumbnail","hentry","product_category-prislusenstvi"],"acf":[],"_links":{"self":[{"href":"https:\/\/bp2.eu\/cs\/wp-json\/wp\/v2\/product\/48446","targetHints":{"allow":["GET"]}}],"collection":[{"href":"https:\/\/bp2.eu\/cs\/wp-json\/wp\/v2\/product"}],"about":[{"href":"https:\/\/bp2.eu\/cs\/wp-json\/wp\/v2\/types\/product"}],"wp:featuredmedia":[{"embeddable":true,"href":"https:\/\/bp2.eu\/cs\/wp-json\/wp\/v2\/media\/25615"}],"wp:attachment":[{"href":"https:\/\/bp2.eu\/cs\/wp-json\/wp\/v2\/media?parent=48446"}],"wp:term":[{"taxonomy":"product_category","embeddable":true,"href":"https:\/\/bp2.eu\/cs\/wp-json\/wp\/v2\/product_category?post=48446"},{"taxonomy":"warranty","embeddable":true,"href":"https:\/\/bp2.eu\/cs\/wp-json\/wp\/v2\/warranty?post=48446"},{"taxonomy":"product_serie","embeddable":true,"href":"https:\/\/bp2.eu\/cs\/wp-json\/wp\/v2\/product_serie?post=48446"}],"curies":[{"name":"wp","href":"https:\/\/api.w.org\/{rel}","templated":true}]}}