{"id":48453,"date":"2020-03-14T15:19:00","date_gmt":"2020-03-14T14:19:00","guid":{"rendered":"https:\/\/bp2.eu\/produkt\/tasma-kalenicowa\/"},"modified":"2023-07-21T10:39:20","modified_gmt":"2023-07-21T08:39:20","slug":"hrebenovy-pas","status":"publish","type":"product","link":"https:\/\/bp2.eu\/cs\/produkt\/hrebenovy-pas\/","title":{"rendered":"H\u0159ebenov\u00fd p\u00e1s"},"content":{"rendered":"","protected":false},"featured_media":23164,"menu_order":715,"template":"","product_category":[1003],"warranty":[],"product_serie":[],"class_list":["post-48453","product","type-product","status-publish","has-post-thumbnail","hentry","product_category-prislusenstvi"],"acf":[],"_links":{"self":[{"href":"https:\/\/bp2.eu\/cs\/wp-json\/wp\/v2\/product\/48453","targetHints":{"allow":["GET"]}}],"collection":[{"href":"https:\/\/bp2.eu\/cs\/wp-json\/wp\/v2\/product"}],"about":[{"href":"https:\/\/bp2.eu\/cs\/wp-json\/wp\/v2\/types\/product"}],"wp:featuredmedia":[{"embeddable":true,"href":"https:\/\/bp2.eu\/cs\/wp-json\/wp\/v2\/media\/23164"}],"wp:attachment":[{"href":"https:\/\/bp2.eu\/cs\/wp-json\/wp\/v2\/media?parent=48453"}],"wp:term":[{"taxonomy":"product_category","embeddable":true,"href":"https:\/\/bp2.eu\/cs\/wp-json\/wp\/v2\/product_category?post=48453"},{"taxonomy":"warranty","embeddable":true,"href":"https:\/\/bp2.eu\/cs\/wp-json\/wp\/v2\/warranty?post=48453"},{"taxonomy":"product_serie","embeddable":true,"href":"https:\/\/bp2.eu\/cs\/wp-json\/wp\/v2\/product_serie?post=48453"}],"curies":[{"name":"wp","href":"https:\/\/api.w.org\/{rel}","templated":true}]}}