{"id":48456,"date":"2020-03-14T14:58:00","date_gmt":"2020-03-14T13:58:00","guid":{"rendered":"https:\/\/bp2.eu\/produkt\/tasmy-uszczelniajace\/"},"modified":"2023-07-21T10:34:48","modified_gmt":"2023-07-21T08:34:48","slug":"tesnici-pasky","status":"publish","type":"product","link":"https:\/\/bp2.eu\/cs\/produkt\/tesnici-pasky\/","title":{"rendered":"T\u011bsn\u00edc\u00ed p\u00e1sky"},"content":{"rendered":"","protected":false},"featured_media":23658,"menu_order":731,"template":"","product_category":[1003],"warranty":[],"product_serie":[],"class_list":["post-48456","product","type-product","status-publish","has-post-thumbnail","hentry","product_category-prislusenstvi"],"acf":[],"_links":{"self":[{"href":"https:\/\/bp2.eu\/cs\/wp-json\/wp\/v2\/product\/48456","targetHints":{"allow":["GET"]}}],"collection":[{"href":"https:\/\/bp2.eu\/cs\/wp-json\/wp\/v2\/product"}],"about":[{"href":"https:\/\/bp2.eu\/cs\/wp-json\/wp\/v2\/types\/product"}],"wp:featuredmedia":[{"embeddable":true,"href":"https:\/\/bp2.eu\/cs\/wp-json\/wp\/v2\/media\/23658"}],"wp:attachment":[{"href":"https:\/\/bp2.eu\/cs\/wp-json\/wp\/v2\/media?parent=48456"}],"wp:term":[{"taxonomy":"product_category","embeddable":true,"href":"https:\/\/bp2.eu\/cs\/wp-json\/wp\/v2\/product_category?post=48456"},{"taxonomy":"warranty","embeddable":true,"href":"https:\/\/bp2.eu\/cs\/wp-json\/wp\/v2\/warranty?post=48456"},{"taxonomy":"product_serie","embeddable":true,"href":"https:\/\/bp2.eu\/cs\/wp-json\/wp\/v2\/product_serie?post=48456"}],"curies":[{"name":"wp","href":"https:\/\/api.w.org\/{rel}","templated":true}]}}