{"id":51795,"date":"2021-04-11T12:51:00","date_gmt":"2021-04-11T10:51:00","guid":{"rendered":"https:\/\/bp2.eu\/produkt\/gasior-izi\/"},"modified":"2023-07-21T12:33:37","modified_gmt":"2023-07-21T10:33:37","slug":"hrebenac-izi","status":"publish","type":"product","link":"https:\/\/bp2.eu\/cs\/produkt\/hrebenac-izi\/","title":{"rendered":"H\u0158EBEN\u00c1\u010c IZI"},"content":{"rendered":"","protected":false},"featured_media":33965,"menu_order":471,"template":"","product_category":[1010,1646],"warranty":[],"product_serie":[1700],"class_list":["post-51795","product","type-product","status-publish","has-post-thumbnail","hentry","product_category-klempirske-zpracovani","product_category-hrebenace","product_serie-modular-series-cs"],"acf":[],"_links":{"self":[{"href":"https:\/\/bp2.eu\/cs\/wp-json\/wp\/v2\/product\/51795","targetHints":{"allow":["GET"]}}],"collection":[{"href":"https:\/\/bp2.eu\/cs\/wp-json\/wp\/v2\/product"}],"about":[{"href":"https:\/\/bp2.eu\/cs\/wp-json\/wp\/v2\/types\/product"}],"wp:featuredmedia":[{"embeddable":true,"href":"https:\/\/bp2.eu\/cs\/wp-json\/wp\/v2\/media\/33965"}],"wp:attachment":[{"href":"https:\/\/bp2.eu\/cs\/wp-json\/wp\/v2\/media?parent=51795"}],"wp:term":[{"taxonomy":"product_category","embeddable":true,"href":"https:\/\/bp2.eu\/cs\/wp-json\/wp\/v2\/product_category?post=51795"},{"taxonomy":"warranty","embeddable":true,"href":"https:\/\/bp2.eu\/cs\/wp-json\/wp\/v2\/warranty?post=51795"},{"taxonomy":"product_serie","embeddable":true,"href":"https:\/\/bp2.eu\/cs\/wp-json\/wp\/v2\/product_serie?post=51795"}],"curies":[{"name":"wp","href":"https:\/\/api.w.org\/{rel}","templated":true}]}}