{"id":51798,"date":"2021-03-13T15:54:00","date_gmt":"2021-03-13T14:54:00","guid":{"rendered":"https:\/\/bp2.eu\/produkt\/gasior-zet\/"},"modified":"2023-07-21T12:30:41","modified_gmt":"2023-07-21T10:30:41","slug":"hrebenac-zet","status":"publish","type":"product","link":"https:\/\/bp2.eu\/cs\/produkt\/hrebenac-zet\/","title":{"rendered":"H\u0158EBEN\u00c1\u010c ZET"},"content":{"rendered":"","protected":false},"featured_media":33979,"menu_order":479,"template":"","product_category":[1010,1646],"warranty":[],"product_serie":[1700],"class_list":["post-51798","product","type-product","status-publish","has-post-thumbnail","hentry","product_category-klempirske-zpracovani","product_category-hrebenace","product_serie-modular-series-cs"],"acf":[],"_links":{"self":[{"href":"https:\/\/bp2.eu\/cs\/wp-json\/wp\/v2\/product\/51798","targetHints":{"allow":["GET"]}}],"collection":[{"href":"https:\/\/bp2.eu\/cs\/wp-json\/wp\/v2\/product"}],"about":[{"href":"https:\/\/bp2.eu\/cs\/wp-json\/wp\/v2\/types\/product"}],"wp:featuredmedia":[{"embeddable":true,"href":"https:\/\/bp2.eu\/cs\/wp-json\/wp\/v2\/media\/33979"}],"wp:attachment":[{"href":"https:\/\/bp2.eu\/cs\/wp-json\/wp\/v2\/media?parent=51798"}],"wp:term":[{"taxonomy":"product_category","embeddable":true,"href":"https:\/\/bp2.eu\/cs\/wp-json\/wp\/v2\/product_category?post=51798"},{"taxonomy":"warranty","embeddable":true,"href":"https:\/\/bp2.eu\/cs\/wp-json\/wp\/v2\/warranty?post=51798"},{"taxonomy":"product_serie","embeddable":true,"href":"https:\/\/bp2.eu\/cs\/wp-json\/wp\/v2\/product_serie?post=51798"}],"curies":[{"name":"wp","href":"https:\/\/api.w.org\/{rel}","templated":true}]}}