{"id":58505,"date":"2023-02-14T13:08:54","date_gmt":"2023-02-14T12:08:54","guid":{"rendered":"https:\/\/bp2.eu\/produkt\/gasior-wentylowany\/"},"modified":"2024-07-09T13:08:43","modified_gmt":"2024-07-09T11:08:43","slug":"hrebenac-s-odvetranim","status":"publish","type":"product","link":"https:\/\/bp2.eu\/cs\/produkt\/hrebenac-s-odvetranim\/","title":{"rendered":"H\u0158EBEN\u00c1\u010c S ODV\u011aTR\u00c1N\u00cdM AIR"},"content":{"rendered":"","protected":false},"featured_media":80981,"menu_order":438,"template":"","product_category":[1010,1646],"warranty":[],"product_serie":[1695],"class_list":["post-58505","product","type-product","status-publish","has-post-thumbnail","hentry","product_category-klempirske-zpracovani","product_category-hrebenace","product_serie-panel-series-cs"],"acf":[],"_links":{"self":[{"href":"https:\/\/bp2.eu\/cs\/wp-json\/wp\/v2\/product\/58505","targetHints":{"allow":["GET"]}}],"collection":[{"href":"https:\/\/bp2.eu\/cs\/wp-json\/wp\/v2\/product"}],"about":[{"href":"https:\/\/bp2.eu\/cs\/wp-json\/wp\/v2\/types\/product"}],"wp:featuredmedia":[{"embeddable":true,"href":"https:\/\/bp2.eu\/cs\/wp-json\/wp\/v2\/media\/80981"}],"wp:attachment":[{"href":"https:\/\/bp2.eu\/cs\/wp-json\/wp\/v2\/media?parent=58505"}],"wp:term":[{"taxonomy":"product_category","embeddable":true,"href":"https:\/\/bp2.eu\/cs\/wp-json\/wp\/v2\/product_category?post=58505"},{"taxonomy":"warranty","embeddable":true,"href":"https:\/\/bp2.eu\/cs\/wp-json\/wp\/v2\/warranty?post=58505"},{"taxonomy":"product_serie","embeddable":true,"href":"https:\/\/bp2.eu\/cs\/wp-json\/wp\/v2\/product_serie?post=58505"}],"curies":[{"name":"wp","href":"https:\/\/api.w.org\/{rel}","templated":true}]}}