{"id":58508,"date":"2023-02-14T13:19:42","date_gmt":"2023-02-14T12:19:42","guid":{"rendered":"https:\/\/bp2.eu\/produkt\/rynna-koszowa-panel-series\/"},"modified":"2023-07-21T12:45:30","modified_gmt":"2023-07-21T10:45:30","slug":"uzlabni-panel-series","status":"publish","type":"product","link":"https:\/\/bp2.eu\/cs\/produkt\/uzlabni-panel-series\/","title":{"rendered":"\u00da\u017dLABN\u00cd"},"content":{"rendered":"","protected":false},"featured_media":58078,"menu_order":447,"template":"","product_category":[1010,1639],"warranty":[],"product_serie":[1695],"class_list":["post-58508","product","type-product","status-publish","has-post-thumbnail","hentry","product_category-klempirske-zpracovani","product_category-uzlabni-plechy-a-okapove-pasy","product_serie-panel-series-cs"],"acf":[],"_links":{"self":[{"href":"https:\/\/bp2.eu\/cs\/wp-json\/wp\/v2\/product\/58508","targetHints":{"allow":["GET"]}}],"collection":[{"href":"https:\/\/bp2.eu\/cs\/wp-json\/wp\/v2\/product"}],"about":[{"href":"https:\/\/bp2.eu\/cs\/wp-json\/wp\/v2\/types\/product"}],"wp:featuredmedia":[{"embeddable":true,"href":"https:\/\/bp2.eu\/cs\/wp-json\/wp\/v2\/media\/58078"}],"wp:attachment":[{"href":"https:\/\/bp2.eu\/cs\/wp-json\/wp\/v2\/media?parent=58508"}],"wp:term":[{"taxonomy":"product_category","embeddable":true,"href":"https:\/\/bp2.eu\/cs\/wp-json\/wp\/v2\/product_category?post=58508"},{"taxonomy":"warranty","embeddable":true,"href":"https:\/\/bp2.eu\/cs\/wp-json\/wp\/v2\/warranty?post=58508"},{"taxonomy":"product_serie","embeddable":true,"href":"https:\/\/bp2.eu\/cs\/wp-json\/wp\/v2\/product_serie?post=58508"}],"curies":[{"name":"wp","href":"https:\/\/api.w.org\/{rel}","templated":true}]}}