{"id":58511,"date":"2023-02-14T13:10:12","date_gmt":"2023-02-14T12:10:12","guid":{"rendered":"https:\/\/bp2.eu\/produkt\/rynna-koszowa\/"},"modified":"2023-07-21T12:41:52","modified_gmt":"2023-07-21T10:41:52","slug":"uzlabni","status":"publish","type":"product","link":"https:\/\/bp2.eu\/cs\/produkt\/uzlabni\/","title":{"rendered":"\u00da\u017dLABN\u00cd"},"content":{"rendered":"","protected":false},"featured_media":58097,"menu_order":455,"template":"","product_category":[1010,1639],"warranty":[],"product_serie":[1710,1705,1700],"class_list":["post-58511","product","type-product","status-publish","has-post-thumbnail","hentry","product_category-klempirske-zpracovani","product_category-uzlabni-plechy-a-okapove-pasy","product_serie-classic-series-cs","product_serie-compact-series-cs","product_serie-modular-series-cs"],"acf":[],"_links":{"self":[{"href":"https:\/\/bp2.eu\/cs\/wp-json\/wp\/v2\/product\/58511","targetHints":{"allow":["GET"]}}],"collection":[{"href":"https:\/\/bp2.eu\/cs\/wp-json\/wp\/v2\/product"}],"about":[{"href":"https:\/\/bp2.eu\/cs\/wp-json\/wp\/v2\/types\/product"}],"wp:featuredmedia":[{"embeddable":true,"href":"https:\/\/bp2.eu\/cs\/wp-json\/wp\/v2\/media\/58097"}],"wp:attachment":[{"href":"https:\/\/bp2.eu\/cs\/wp-json\/wp\/v2\/media?parent=58511"}],"wp:term":[{"taxonomy":"product_category","embeddable":true,"href":"https:\/\/bp2.eu\/cs\/wp-json\/wp\/v2\/product_category?post=58511"},{"taxonomy":"warranty","embeddable":true,"href":"https:\/\/bp2.eu\/cs\/wp-json\/wp\/v2\/warranty?post=58511"},{"taxonomy":"product_serie","embeddable":true,"href":"https:\/\/bp2.eu\/cs\/wp-json\/wp\/v2\/product_serie?post=58511"}],"curies":[{"name":"wp","href":"https:\/\/api.w.org\/{rel}","templated":true}]}}