{"id":58518,"date":"2021-03-13T15:57:00","date_gmt":"2021-03-13T14:57:00","guid":{"rendered":"https:\/\/bp2.eu\/produkt\/gasior-barylkowy-szeroki\/"},"modified":"2023-07-21T12:28:00","modified_gmt":"2023-07-21T10:28:00","slug":"obly-hrebenac","status":"publish","type":"product","link":"https:\/\/bp2.eu\/cs\/produkt\/obly-hrebenac\/","title":{"rendered":"OBL\u00dd H\u0158EBEN\u00c1\u010c"},"content":{"rendered":"","protected":false},"featured_media":33993,"menu_order":487,"template":"","product_category":[1010,1646],"warranty":[],"product_serie":[1710,1705,1700],"class_list":["post-58518","product","type-product","status-publish","has-post-thumbnail","hentry","product_category-klempirske-zpracovani","product_category-hrebenace","product_serie-classic-series-cs","product_serie-compact-series-cs","product_serie-modular-series-cs"],"acf":[],"_links":{"self":[{"href":"https:\/\/bp2.eu\/cs\/wp-json\/wp\/v2\/product\/58518","targetHints":{"allow":["GET"]}}],"collection":[{"href":"https:\/\/bp2.eu\/cs\/wp-json\/wp\/v2\/product"}],"about":[{"href":"https:\/\/bp2.eu\/cs\/wp-json\/wp\/v2\/types\/product"}],"wp:featuredmedia":[{"embeddable":true,"href":"https:\/\/bp2.eu\/cs\/wp-json\/wp\/v2\/media\/33993"}],"wp:attachment":[{"href":"https:\/\/bp2.eu\/cs\/wp-json\/wp\/v2\/media?parent=58518"}],"wp:term":[{"taxonomy":"product_category","embeddable":true,"href":"https:\/\/bp2.eu\/cs\/wp-json\/wp\/v2\/product_category?post=58518"},{"taxonomy":"warranty","embeddable":true,"href":"https:\/\/bp2.eu\/cs\/wp-json\/wp\/v2\/warranty?post=58518"},{"taxonomy":"product_serie","embeddable":true,"href":"https:\/\/bp2.eu\/cs\/wp-json\/wp\/v2\/product_serie?post=58518"}],"curies":[{"name":"wp","href":"https:\/\/api.w.org\/{rel}","templated":true}]}}