{"id":58521,"date":"2021-03-11T16:11:00","date_gmt":"2021-03-11T15:11:00","guid":{"rendered":"https:\/\/bp2.eu\/produkt\/gasior-trapezowy\/"},"modified":"2023-07-21T12:21:32","modified_gmt":"2023-07-21T10:21:32","slug":"trapezovy-hrebenac","status":"publish","type":"product","link":"https:\/\/bp2.eu\/cs\/produkt\/trapezovy-hrebenac\/","title":{"rendered":"TRAP\u00c9ZOV\u00dd H\u0158EBEN\u00c1\u010c"},"content":{"rendered":"","protected":false},"featured_media":34032,"menu_order":502,"template":"","product_category":[1010,1646],"warranty":[],"product_serie":[1715],"class_list":["post-58521","product","type-product","status-publish","has-post-thumbnail","hentry","product_category-klempirske-zpracovani","product_category-hrebenace","product_serie-blachy-trapezowe-cs"],"acf":[],"_links":{"self":[{"href":"https:\/\/bp2.eu\/cs\/wp-json\/wp\/v2\/product\/58521","targetHints":{"allow":["GET"]}}],"collection":[{"href":"https:\/\/bp2.eu\/cs\/wp-json\/wp\/v2\/product"}],"about":[{"href":"https:\/\/bp2.eu\/cs\/wp-json\/wp\/v2\/types\/product"}],"wp:featuredmedia":[{"embeddable":true,"href":"https:\/\/bp2.eu\/cs\/wp-json\/wp\/v2\/media\/34032"}],"wp:attachment":[{"href":"https:\/\/bp2.eu\/cs\/wp-json\/wp\/v2\/media?parent=58521"}],"wp:term":[{"taxonomy":"product_category","embeddable":true,"href":"https:\/\/bp2.eu\/cs\/wp-json\/wp\/v2\/product_category?post=58521"},{"taxonomy":"warranty","embeddable":true,"href":"https:\/\/bp2.eu\/cs\/wp-json\/wp\/v2\/warranty?post=58521"},{"taxonomy":"product_serie","embeddable":true,"href":"https:\/\/bp2.eu\/cs\/wp-json\/wp\/v2\/product_serie?post=58521"}],"curies":[{"name":"wp","href":"https:\/\/api.w.org\/{rel}","templated":true}]}}