{"id":58533,"date":"2021-04-10T16:42:00","date_gmt":"2021-04-10T14:42:00","guid":{"rendered":"https:\/\/bp2.eu\/produkt\/pas-nadrynnowy\/"},"modified":"2023-07-21T12:10:04","modified_gmt":"2023-07-21T10:10:04","slug":"nadzlabovy-pas","status":"publish","type":"product","link":"https:\/\/bp2.eu\/cs\/produkt\/nadzlabovy-pas\/","title":{"rendered":"NAD\u017dLABOV\u00dd P\u00c1S"},"content":{"rendered":"","protected":false},"featured_media":33890,"menu_order":525,"template":"","product_category":[1010,1639],"warranty":[],"product_serie":[1710,1705,1700],"class_list":["post-58533","product","type-product","status-publish","has-post-thumbnail","hentry","product_category-klempirske-zpracovani","product_category-uzlabni-plechy-a-okapove-pasy","product_serie-classic-series-cs","product_serie-compact-series-cs","product_serie-modular-series-cs"],"acf":[],"_links":{"self":[{"href":"https:\/\/bp2.eu\/cs\/wp-json\/wp\/v2\/product\/58533","targetHints":{"allow":["GET"]}}],"collection":[{"href":"https:\/\/bp2.eu\/cs\/wp-json\/wp\/v2\/product"}],"about":[{"href":"https:\/\/bp2.eu\/cs\/wp-json\/wp\/v2\/types\/product"}],"wp:featuredmedia":[{"embeddable":true,"href":"https:\/\/bp2.eu\/cs\/wp-json\/wp\/v2\/media\/33890"}],"wp:attachment":[{"href":"https:\/\/bp2.eu\/cs\/wp-json\/wp\/v2\/media?parent=58533"}],"wp:term":[{"taxonomy":"product_category","embeddable":true,"href":"https:\/\/bp2.eu\/cs\/wp-json\/wp\/v2\/product_category?post=58533"},{"taxonomy":"warranty","embeddable":true,"href":"https:\/\/bp2.eu\/cs\/wp-json\/wp\/v2\/warranty?post=58533"},{"taxonomy":"product_serie","embeddable":true,"href":"https:\/\/bp2.eu\/cs\/wp-json\/wp\/v2\/product_serie?post=58533"}],"curies":[{"name":"wp","href":"https:\/\/api.w.org\/{rel}","templated":true}]}}