{"id":58538,"date":"2021-04-10T15:44:00","date_gmt":"2021-04-10T13:44:00","guid":{"rendered":"https:\/\/bp2.eu\/produkt\/uniwersalny-pas-podrynnowy-przedluzenie-wiatrownicy\/"},"modified":"2023-07-21T12:02:24","modified_gmt":"2023-07-21T10:02:24","slug":"univerzalni-podzlabovy-pas-prodlouzeni-zavetrne-listy","status":"publish","type":"product","link":"https:\/\/bp2.eu\/cs\/produkt\/univerzalni-podzlabovy-pas-prodlouzeni-zavetrne-listy\/","title":{"rendered":"UNIVERZ\u00c1LN\u00cd POD\u017dLABOV\u00dd P\u00c1S \/ PRODLOU\u017dEN\u00cd Z\u00c1V\u011aTRN\u00c9 LI\u0160TY"},"content":{"rendered":"","protected":false},"featured_media":33930,"menu_order":533,"template":"","product_category":[1010,1639],"warranty":[],"product_serie":[1710,1705,1700],"class_list":["post-58538","product","type-product","status-publish","has-post-thumbnail","hentry","product_category-klempirske-zpracovani","product_category-uzlabni-plechy-a-okapove-pasy","product_serie-classic-series-cs","product_serie-compact-series-cs","product_serie-modular-series-cs"],"acf":[],"_links":{"self":[{"href":"https:\/\/bp2.eu\/cs\/wp-json\/wp\/v2\/product\/58538","targetHints":{"allow":["GET"]}}],"collection":[{"href":"https:\/\/bp2.eu\/cs\/wp-json\/wp\/v2\/product"}],"about":[{"href":"https:\/\/bp2.eu\/cs\/wp-json\/wp\/v2\/types\/product"}],"wp:featuredmedia":[{"embeddable":true,"href":"https:\/\/bp2.eu\/cs\/wp-json\/wp\/v2\/media\/33930"}],"wp:attachment":[{"href":"https:\/\/bp2.eu\/cs\/wp-json\/wp\/v2\/media?parent=58538"}],"wp:term":[{"taxonomy":"product_category","embeddable":true,"href":"https:\/\/bp2.eu\/cs\/wp-json\/wp\/v2\/product_category?post=58538"},{"taxonomy":"warranty","embeddable":true,"href":"https:\/\/bp2.eu\/cs\/wp-json\/wp\/v2\/warranty?post=58538"},{"taxonomy":"product_serie","embeddable":true,"href":"https:\/\/bp2.eu\/cs\/wp-json\/wp\/v2\/product_serie?post=58538"}],"curies":[{"name":"wp","href":"https:\/\/api.w.org\/{rel}","templated":true}]}}