{"id":58544,"date":"2021-04-02T11:49:00","date_gmt":"2021-04-02T09:49:00","guid":{"rendered":"https:\/\/bp2.eu\/produkt\/obrobka-przyscienna-i\/"},"modified":"2023-07-21T12:06:08","modified_gmt":"2023-07-21T10:06:08","slug":"nastenne-oplechovani-i","status":"publish","type":"product","link":"https:\/\/bp2.eu\/cs\/produkt\/nastenne-oplechovani-i\/","title":{"rendered":"N\u00c1ST\u011aNN\u00c9 OPLECHOV\u00c1N\u00cd I"},"content":{"rendered":"","protected":false},"featured_media":33799,"menu_order":542,"template":"","product_category":[1010,1642],"warranty":[],"product_serie":[1710,1705,1700],"class_list":["post-58544","product","type-product","status-publish","has-post-thumbnail","hentry","product_category-klempirske-zpracovani","product_category-stenove-klempirske-vyrobky","product_serie-classic-series-cs","product_serie-compact-series-cs","product_serie-modular-series-cs"],"acf":[],"_links":{"self":[{"href":"https:\/\/bp2.eu\/cs\/wp-json\/wp\/v2\/product\/58544","targetHints":{"allow":["GET"]}}],"collection":[{"href":"https:\/\/bp2.eu\/cs\/wp-json\/wp\/v2\/product"}],"about":[{"href":"https:\/\/bp2.eu\/cs\/wp-json\/wp\/v2\/types\/product"}],"wp:featuredmedia":[{"embeddable":true,"href":"https:\/\/bp2.eu\/cs\/wp-json\/wp\/v2\/media\/33799"}],"wp:attachment":[{"href":"https:\/\/bp2.eu\/cs\/wp-json\/wp\/v2\/media?parent=58544"}],"wp:term":[{"taxonomy":"product_category","embeddable":true,"href":"https:\/\/bp2.eu\/cs\/wp-json\/wp\/v2\/product_category?post=58544"},{"taxonomy":"warranty","embeddable":true,"href":"https:\/\/bp2.eu\/cs\/wp-json\/wp\/v2\/warranty?post=58544"},{"taxonomy":"product_serie","embeddable":true,"href":"https:\/\/bp2.eu\/cs\/wp-json\/wp\/v2\/product_serie?post=58544"}],"curies":[{"name":"wp","href":"https:\/\/api.w.org\/{rel}","templated":true}]}}