{"id":58546,"date":"2021-04-03T11:52:00","date_gmt":"2021-04-03T09:52:00","guid":{"rendered":"https:\/\/bp2.eu\/produkt\/obrobka-przyscienna-z-listwa-dylatacyjna\/"},"modified":"2023-07-21T11:53:41","modified_gmt":"2023-07-21T09:53:41","slug":"nastenne-oplechovani-s-dilatacni-listou","status":"publish","type":"product","link":"https:\/\/bp2.eu\/cs\/produkt\/nastenne-oplechovani-s-dilatacni-listou\/","title":{"rendered":"N\u00c1ST\u011aNN\u00c9 OPLECHOV\u00c1N\u00cd S DILATA\u010cN\u00cd LI\u0160TOU"},"content":{"rendered":"","protected":false},"featured_media":33829,"menu_order":558,"template":"","product_category":[1010,1642],"warranty":[],"product_serie":[1710,1705,1700],"class_list":["post-58546","product","type-product","status-publish","has-post-thumbnail","hentry","product_category-klempirske-zpracovani","product_category-stenove-klempirske-vyrobky","product_serie-classic-series-cs","product_serie-compact-series-cs","product_serie-modular-series-cs"],"acf":[],"_links":{"self":[{"href":"https:\/\/bp2.eu\/cs\/wp-json\/wp\/v2\/product\/58546","targetHints":{"allow":["GET"]}}],"collection":[{"href":"https:\/\/bp2.eu\/cs\/wp-json\/wp\/v2\/product"}],"about":[{"href":"https:\/\/bp2.eu\/cs\/wp-json\/wp\/v2\/types\/product"}],"wp:featuredmedia":[{"embeddable":true,"href":"https:\/\/bp2.eu\/cs\/wp-json\/wp\/v2\/media\/33829"}],"wp:attachment":[{"href":"https:\/\/bp2.eu\/cs\/wp-json\/wp\/v2\/media?parent=58546"}],"wp:term":[{"taxonomy":"product_category","embeddable":true,"href":"https:\/\/bp2.eu\/cs\/wp-json\/wp\/v2\/product_category?post=58546"},{"taxonomy":"warranty","embeddable":true,"href":"https:\/\/bp2.eu\/cs\/wp-json\/wp\/v2\/warranty?post=58546"},{"taxonomy":"product_serie","embeddable":true,"href":"https:\/\/bp2.eu\/cs\/wp-json\/wp\/v2\/product_serie?post=58546"}],"curies":[{"name":"wp","href":"https:\/\/api.w.org\/{rel}","templated":true}]}}