{"id":58549,"date":"2021-04-05T11:55:00","date_gmt":"2021-04-05T09:55:00","guid":{"rendered":"https:\/\/bp2.eu\/produkt\/lacznik-paneli-dachowych\/"},"modified":"2023-07-21T11:48:43","modified_gmt":"2023-07-21T09:48:43","slug":"spojovaci-prvek-stresnich-panelu","status":"publish","type":"product","link":"https:\/\/bp2.eu\/cs\/produkt\/spojovaci-prvek-stresnich-panelu\/","title":{"rendered":"SPOJOVAC\u00cd PRVEK ST\u0158E\u0160N\u00cdCH PANEL\u016e"},"content":{"rendered":"","protected":false},"featured_media":33754,"menu_order":566,"template":"","product_category":[1010,1650],"warranty":[],"product_serie":[1695],"class_list":["post-58549","product","type-product","status-publish","has-post-thumbnail","hentry","product_category-klempirske-zpracovani","product_category-doplnky","product_serie-panel-series-cs"],"acf":[],"_links":{"self":[{"href":"https:\/\/bp2.eu\/cs\/wp-json\/wp\/v2\/product\/58549","targetHints":{"allow":["GET"]}}],"collection":[{"href":"https:\/\/bp2.eu\/cs\/wp-json\/wp\/v2\/product"}],"about":[{"href":"https:\/\/bp2.eu\/cs\/wp-json\/wp\/v2\/types\/product"}],"wp:featuredmedia":[{"embeddable":true,"href":"https:\/\/bp2.eu\/cs\/wp-json\/wp\/v2\/media\/33754"}],"wp:attachment":[{"href":"https:\/\/bp2.eu\/cs\/wp-json\/wp\/v2\/media?parent=58549"}],"wp:term":[{"taxonomy":"product_category","embeddable":true,"href":"https:\/\/bp2.eu\/cs\/wp-json\/wp\/v2\/product_category?post=58549"},{"taxonomy":"warranty","embeddable":true,"href":"https:\/\/bp2.eu\/cs\/wp-json\/wp\/v2\/warranty?post=58549"},{"taxonomy":"product_serie","embeddable":true,"href":"https:\/\/bp2.eu\/cs\/wp-json\/wp\/v2\/product_serie?post=58549"}],"curies":[{"name":"wp","href":"https:\/\/api.w.org\/{rel}","templated":true}]}}