{"id":58551,"date":"2021-04-07T11:58:00","date_gmt":"2021-04-07T09:58:00","guid":{"rendered":"https:\/\/bp2.eu\/produkt\/uniwersalna-obrobka-wentylacyjna-2\/"},"modified":"2023-07-21T11:44:04","modified_gmt":"2023-07-21T09:44:04","slug":"univerzalni-ventilacni-prvek","status":"publish","type":"product","link":"https:\/\/bp2.eu\/cs\/produkt\/univerzalni-ventilacni-prvek\/","title":{"rendered":"UNIVERZ\u00c1LN\u00cd VENTILA\u010cN\u00cd PRVEK"},"content":{"rendered":"","protected":false},"featured_media":33761,"menu_order":574,"template":"","product_category":[1010,1650],"warranty":[],"product_serie":[1710,1705,1700],"class_list":["post-58551","product","type-product","status-publish","has-post-thumbnail","hentry","product_category-klempirske-zpracovani","product_category-doplnky","product_serie-classic-series-cs","product_serie-compact-series-cs","product_serie-modular-series-cs"],"acf":[],"_links":{"self":[{"href":"https:\/\/bp2.eu\/cs\/wp-json\/wp\/v2\/product\/58551","targetHints":{"allow":["GET"]}}],"collection":[{"href":"https:\/\/bp2.eu\/cs\/wp-json\/wp\/v2\/product"}],"about":[{"href":"https:\/\/bp2.eu\/cs\/wp-json\/wp\/v2\/types\/product"}],"wp:featuredmedia":[{"embeddable":true,"href":"https:\/\/bp2.eu\/cs\/wp-json\/wp\/v2\/media\/33761"}],"wp:attachment":[{"href":"https:\/\/bp2.eu\/cs\/wp-json\/wp\/v2\/media?parent=58551"}],"wp:term":[{"taxonomy":"product_category","embeddable":true,"href":"https:\/\/bp2.eu\/cs\/wp-json\/wp\/v2\/product_category?post=58551"},{"taxonomy":"warranty","embeddable":true,"href":"https:\/\/bp2.eu\/cs\/wp-json\/wp\/v2\/warranty?post=58551"},{"taxonomy":"product_serie","embeddable":true,"href":"https:\/\/bp2.eu\/cs\/wp-json\/wp\/v2\/product_serie?post=58551"}],"curies":[{"name":"wp","href":"https:\/\/api.w.org\/{rel}","templated":true}]}}