{"id":71923,"date":"2023-08-29T11:05:36","date_gmt":"2023-08-29T09:05:36","guid":{"rendered":"https:\/\/bp2.eu\/produkt\/swietlik-polaciowy-spr-sky\/"},"modified":"2025-09-04T11:17:55","modified_gmt":"2025-09-04T09:17:55","slug":"svetliky-pro-sendvicove-panely-spr-sky-spr-sky-eco","status":"publish","type":"product","link":"https:\/\/bp2.eu\/cs\/produkt\/svetliky-pro-sendvicove-panely-spr-sky-spr-sky-eco\/","title":{"rendered":"Sv\u011btl\u00edky pro sendvi\u010dov\u00e9 panely SPR-SKY &#038; SPR-SKY ECO"},"content":{"rendered":"\n<div style=\"height:100px\" aria-hidden=\"true\" class=\"wp-block-spacer is-style-medium-spacer\"><\/div>\n\n\n\n<div class=\"wp-block-group is-style-default\"><div class=\"wp-block-group__inner-container is-layout-constrained wp-block-group-is-layout-constrained\">\n<div class=\"wp-block-columns is-style-default is-layout-flex wp-container-core-columns-is-layout-9d6595d7 wp-block-columns-is-layout-flex\">\n<div class=\"wp-block-column is-vertically-aligned-center is-style-full-height is-layout-flow wp-block-column-is-layout-flow\" style=\"flex-basis:50%\"><div class=\"wp-block-image\">\n<figure class=\"aligncenter size-full\"><img loading=\"lazy\" decoding=\"async\" width=\"2057\" height=\"2560\" src=\"https:\/\/bp2.eu\/wp-content\/uploads\/2023\/08\/Render_Swietlik-1A-1-scaled.jpg\" alt=\"\" class=\"wp-image-102603\" srcset=\"https:\/\/bp2.eu\/wp-content\/uploads\/2023\/08\/Render_Swietlik-1A-1-scaled.jpg 2057w, https:\/\/bp2.eu\/wp-content\/uploads\/2023\/08\/Render_Swietlik-1A-1-771x960.jpg 771w, https:\/\/bp2.eu\/wp-content\/uploads\/2023\/08\/Render_Swietlik-1A-1-823x1024.jpg 823w, https:\/\/bp2.eu\/wp-content\/uploads\/2023\/08\/Render_Swietlik-1A-1-768x956.jpg 768w, https:\/\/bp2.eu\/wp-content\/uploads\/2023\/08\/Render_Swietlik-1A-1-1234x1536.jpg 1234w, https:\/\/bp2.eu\/wp-content\/uploads\/2023\/08\/Render_Swietlik-1A-1-1646x2048.jpg 1646w\" sizes=\"auto, (max-width: 2057px) 100vw, 2057px\" \/><\/figure>\n<\/div><\/div>\n\n\n\n<div class=\"wp-block-column is-vertically-aligned-center is-style-default is-layout-flow wp-block-column-is-layout-flow\" style=\"flex-basis:50%\">\n<div class=\"wp-block-cover is-light is-style-full-height\"><span aria-hidden=\"true\" class=\"wp-block-cover__background has-background-dim-0 has-background-dim\"><\/span><div class=\"wp-block-cover__inner-container is-layout-constrained wp-block-cover-is-layout-constrained\">\n<figure class=\"wp-block-image size-full is-resized\"><img loading=\"lazy\" decoding=\"async\" width=\"250\" height=\"220\" src=\"https:\/\/bp2.eu\/wp-content\/uploads\/2024\/02\/swietlik-icon-1.png\" alt=\"SV\u011aTL\u00cdK BP2\" class=\"wp-image-84596\" style=\"width:80px\"\/><\/figure>\n\n\n\n<h2 class=\"wp-block-heading is-style-h3 has-red-color has-text-color has-link-color wp-elements-3f6e45fc9113f6eb710c0f0f3637f0d1\">Pou\u017eit\u00ed st\u0159e\u0161n\u00edho sv\u011btl\u00edku SPR-SKY<\/h2>\n\n\n\n<p>Pou\u017eit\u00ed st\u0159e\u0161n\u00edho sv\u011btl\u00edku <strong>SPR-SKY<\/strong> je \u00fa\u010dinn\u00fdm \u0159e\u0161en\u00edm pro p\u0159\u00edvod denn\u00edho sv\u011btla do interi\u00e9ru objektu. Ji\u017e p\u0159i pokryt\u00ed st\u0159e\u0161n\u00ed plochy v rozsahu mezi 7 a 15&nbsp;% m\u016f\u017ee nahradit elektrick\u00e9 osv\u011btlen\u00ed. Kom\u016frkov\u00e1 konstrukce st\u0159e\u0161n\u00edho sv\u011btl\u00edku omezuje nadm\u011brn\u00e9 zvy\u0161ov\u00e1n\u00ed teploty zp\u016fsoben\u00e9 slune\u010dn\u00edm z\u00e1\u0159en\u00edm a z\u00e1rove\u0148 minimalizuje tepeln\u00e9 ztr\u00e1ty nahromad\u011bn\u00e9ho tepla v objektu. St\u0159e\u0161n\u00ed sv\u011btl\u00edky lze pou\u017e\u00edt v pr\u016fmyslov\u00fdch objektech se \u0161ikm\u00fdmi st\u0159echami, tj. se sklonem nad 10&nbsp;%, v proveden\u00ed tepl\u00e9 st\u0159echy ze sendvi\u010dov\u00fdch panel\u016f. St\u0159e\u0161n\u00ed sv\u011btl\u00edk <strong>SPR-SKY<\/strong> lze instalovat jako bodov\u00e9 dosv\u011btlen\u00ed nebo jako sv\u011bteln\u00e9 p\u00e1sy od h\u0159ebene k okapu, uprost\u0159ed plochy, u h\u0159ebene nebo od st\u0159edu plochy k okapu. St\u0159e\u0161n\u00ed sv\u011btl\u00edky <strong>SPR-SKY<\/strong> se spojuj\u00ed se sendvi\u010dov\u00fdmi panely pomoc\u00ed bo\u010dn\u00edch spoj\u016f (na h\u0159ebenech) a koncov\u00fdch spoj\u016f (na p\u0159esah), av\u0161ak tlou\u0161\u0165ka opl\u00e1\u0161t\u011bn\u00ed sv\u011btl\u00edku <strong>SPR-SKY<\/strong> je 3\u20134\u00d7 v\u011bt\u0161\u00ed ne\u017e tlou\u0161\u0165ka vn\u011bj\u0161\u00edho opl\u00e1\u0161t\u011bn\u00ed panelu. To znamen\u00e1, \u017ee na p\u0159esaz\u00edch opl\u00e1\u0161t\u011bn\u00ed sv\u011btl\u00edku a panelu k sob\u011b nep\u0159il\u00e9haj\u00ed dokonale a p\u0159i n\u00e1vrhu a mont\u00e1\u017ei je t\u0159eba v\u011bnovat zvl\u00e1\u0161tn\u00ed pozornost jejich ut\u011bsn\u011bn\u00ed. Je tak\u00e9 nutn\u00e9 m\u00edt na pam\u011bti, \u017ee st\u0159e\u0161n\u00ed sv\u011btl\u00edky nejsou tak odoln\u00e9 jako sousedn\u00ed krytina ze sendvi\u010dov\u00fdch panel\u016f, proto je pro zachov\u00e1n\u00ed \u00fanosnosti a t\u011bsnosti nutn\u00e9 postupovat p\u0159i mont\u00e1\u017ei podle pokyn\u016f a z\u00e1sad stavebn\u00edho \u0159emesla.<br>&nbsp;<\/p>\n<\/div><\/div>\n<\/div>\n<\/div>\n<\/div><\/div>\n\n\n\n<div class=\"wp-block-group is-style-default\"><div class=\"wp-block-group__inner-container is-layout-constrained wp-block-group-is-layout-constrained\">\n<div class=\"wp-block-columns is-style-default is-layout-flex wp-container-core-columns-is-layout-9d6595d7 wp-block-columns-is-layout-flex\">\n<div class=\"wp-block-column is-vertically-aligned-center is-style-default is-layout-flow wp-block-column-is-layout-flow\" style=\"flex-basis:50%\">\n<div class=\"wp-block-cover is-light is-style-full-height\"><span aria-hidden=\"true\" class=\"wp-block-cover__background has-background-dim-0 has-background-dim\"><\/span><div class=\"wp-block-cover__inner-container is-layout-constrained wp-block-cover-is-layout-constrained\">\n<figure class=\"wp-block-image size-full is-resized\"><img loading=\"lazy\" decoding=\"async\" width=\"250\" height=\"220\" src=\"https:\/\/bp2.eu\/wp-content\/uploads\/2024\/02\/swietlik-icon-1.png\" alt=\"SV\u011aTL\u00cdK BP2\" class=\"wp-image-84596\" style=\"width:80px\"\/><\/figure>\n\n\n\n<h2 class=\"wp-block-heading is-style-h3 has-red-color has-text-color has-link-color wp-elements-f1c19708dbf0c2657a473bb81270f04b\"><br><strong>Pou\u017eit\u00ed st\u0159e\u0161n\u00edho sv\u011btl\u00edku SPR-SKY ECO<\/strong><\/h2>\n\n\n\n<p>Pou\u017eit\u00ed st\u0159e\u0161n\u00edho sv\u011btl\u00edku <strong>SPR-SKY ECO<\/strong> je \u00fa\u010dinn\u00fdm \u0159e\u0161en\u00edm pro p\u0159\u00edvod denn\u00edho sv\u011btla do interi\u00e9ru objektu. Ji\u017e p\u0159i pokryt\u00ed st\u0159e\u0161n\u00ed plochy v rozsahu mezi 7&nbsp;% a 15&nbsp;% m\u016f\u017ee nahradit elektrick\u00e9 osv\u011btlen\u00ed. Kom\u016frkov\u00e1 konstrukce st\u0159e\u0161n\u00edho sv\u011btl\u00edku omezuje nadm\u011brn\u00e9 zvy\u0161ov\u00e1n\u00ed teploty zp\u016fsoben\u00e9 slune\u010dn\u00edm z\u00e1\u0159en\u00edm a z\u00e1rove\u0148 minimalizuje tepeln\u00e9 ztr\u00e1ty nahromad\u011bn\u00e9ho tepla v objektu. St\u0159e\u0161n\u00ed sv\u011btl\u00edky lze pou\u017e\u00edt v pr\u016fmyslov\u00fdch objektech se \u0161ikm\u00fdmi st\u0159echami, p\u0159i\u010dem\u017e minim\u00e1ln\u00ed sklon st\u0159e\u0161n\u00ed roviny je toto\u017en\u00fd jako u st\u0159e\u0161n\u00edho panelu <strong>SPR CORE<\/strong> nespojovan\u00e9ho po d\u00e9lce a bez technologick\u00fdch prostup\u016f, tedy 5&nbsp;%, v proveden\u00ed tepl\u00e9 st\u0159echy ze sendvi\u010dov\u00fdch panel\u016f. St\u0159e\u0161n\u00ed sv\u011btl\u00edk <strong>SPR-SKY ECO<\/strong> lze instalovat jako sv\u011bteln\u00e9 p\u00e1sy od h\u0159ebene k okapu. Je tak\u00e9 nutn\u00e9 m\u00edt na pam\u011bti, \u017ee st\u0159e\u0161n\u00ed sv\u011btl\u00edky nejsou tak odoln\u00e9 jako sousedn\u00ed krytina ze sendvi\u010dov\u00fdch panel\u016f, proto je pro zachov\u00e1n\u00ed \u00fanosnosti a t\u011bsnosti nutn\u00e9 postupovat p\u0159i mont\u00e1\u017ei podle pokyn\u016f a z\u00e1sad stavebn\u00edho \u0159emesla.<br>&nbsp;<\/p>\n<\/div><\/div>\n<\/div>\n\n\n\n<div class=\"wp-block-column is-vertically-aligned-center is-style-full-height is-layout-flow wp-block-column-is-layout-flow\" style=\"flex-basis:50%\"><div class=\"wp-block-image\">\n<figure class=\"aligncenter size-full\"><img loading=\"lazy\" decoding=\"async\" width=\"1920\" height=\"2560\" src=\"https:\/\/bp2.eu\/wp-content\/uploads\/2025\/08\/Render-SPR-SKY-ECO-OKLADKA-scaled.jpg\" alt=\"\" class=\"wp-image-102580\" srcset=\"https:\/\/bp2.eu\/wp-content\/uploads\/2025\/08\/Render-SPR-SKY-ECO-OKLADKA-scaled.jpg 1920w, https:\/\/bp2.eu\/wp-content\/uploads\/2025\/08\/Render-SPR-SKY-ECO-OKLADKA-720x960.jpg 720w, https:\/\/bp2.eu\/wp-content\/uploads\/2025\/08\/Render-SPR-SKY-ECO-OKLADKA-768x1024.jpg 768w, https:\/\/bp2.eu\/wp-content\/uploads\/2025\/08\/Render-SPR-SKY-ECO-OKLADKA-1152x1536.jpg 1152w, https:\/\/bp2.eu\/wp-content\/uploads\/2025\/08\/Render-SPR-SKY-ECO-OKLADKA-1536x2048.jpg 1536w\" sizes=\"auto, (max-width: 1920px) 100vw, 1920px\" \/><\/figure>\n<\/div><\/div>\n<\/div>\n<\/div><\/div>\n\n\n\n<div style=\"height:100px\" aria-hidden=\"true\" class=\"wp-block-spacer is-style-smaller-spacer\"><\/div>\n\n\n\n<div class=\"wp-block-group\"><div class=\"wp-block-group__inner-container is-layout-constrained wp-block-group-is-layout-constrained\">\n<h2 class=\"wp-block-heading has-text-align-center is-style-h3 has-red-color has-text-color\">Technick\u00e9 parametry SPR-SKY<\/h2>\n\n\n\n<div class=\"wp-block-columns is-layout-flex wp-container-core-columns-is-layout-9d6595d7 wp-block-columns-is-layout-flex\">\n<div class=\"wp-block-column is-layout-flow wp-block-column-is-layout-flow\">\n<figure class=\"wp-block-image size-full\"><img loading=\"lazy\" decoding=\"async\" width=\"1443\" height=\"656\" src=\"https:\/\/bp2.eu\/wp-content\/uploads\/2023\/08\/Zrzut-ekranu-2025-09-04-111625.png\" alt=\"\" class=\"wp-image-103771\" srcset=\"https:\/\/bp2.eu\/wp-content\/uploads\/2023\/08\/Zrzut-ekranu-2025-09-04-111625.png 1443w, https:\/\/bp2.eu\/wp-content\/uploads\/2023\/08\/Zrzut-ekranu-2025-09-04-111625-820x373.png 820w, https:\/\/bp2.eu\/wp-content\/uploads\/2023\/08\/Zrzut-ekranu-2025-09-04-111625-1024x466.png 1024w, https:\/\/bp2.eu\/wp-content\/uploads\/2023\/08\/Zrzut-ekranu-2025-09-04-111625-768x349.png 768w\" sizes=\"auto, (max-width: 1443px) 100vw, 1443px\" \/><\/figure>\n<\/div>\n\n\n\n<div class=\"wp-block-column is-layout-flow wp-block-column-is-layout-flow\">\n<table style=\"width:100%; border-collapse:collapse; border-left:none; border-right:none;\"> <tbody> <tr> <td style=\"padding:8px; border-top:1px solid #ccc; border-bottom:1px solid #ccc; border-left:none; border-right:none;\"> <strong>MATERI\u00c1L:<\/strong> <\/td> <td style=\"padding:8px; border-top:1px solid #ccc; border-bottom:1px solid #ccc; border-left:none; border-right:none;\"> Prysky\u0159i\u010dn\u011b-skeln\u00fd kompozit spojen\u00fd s polykarbon\u00e1tem tl. 25&nbsp;mm nebo 32&nbsp;mm <\/td> <\/tr> <tr> <td style=\"padding:8px; border-bottom:1px solid #ccc; border-left:none; border-right:none;\"> <strong>MODUL\u00c1RN\u00cd \u0160\u00cd\u0158KA:<\/strong> <\/td> <td style=\"padding:8px; border-bottom:1px solid #ccc; border-left:none; border-right:none;\"> 1050&nbsp;mm <\/td> <\/tr> <tr> <td style=\"padding:8px; border-bottom:1px solid #ccc; border-left:none; border-right:none;\"> <strong>D\u00c9LKA SV\u011aTL\u00c9HO OTVORU:<\/strong> <\/td> <td style=\"padding:8px; border-bottom:1px solid #ccc; border-left:none; border-right:none;\"> 7,0&nbsp;m (maxim\u00e1ln\u00ed d\u00e9lka opl\u00e1\u0161t\u011bn\u00ed 7,2&nbsp;m)<br> Povoluje se spojov\u00e1n\u00ed sv\u011btl\u00edk\u016f po d\u00e9lce p\u0159\u00edmo na stavb\u011b <\/td> <\/tr> <tr> <td style=\"padding:8px; border-bottom:1px solid #ccc; border-left:none; border-right:none;\"> <strong>DOPORU\u010cEN\u00dd MINIM\u00c1LN\u00cd SKLON ST\u0158ECHY:<\/strong> <\/td> <td style=\"padding:8px; border-bottom:1px solid #ccc; border-left:none; border-right:none;\"> 10&nbsp;% (p\u0159i p\u0159esahu 20&nbsp;cm) <\/td> <\/tr> <tr> <td style=\"padding:8px; border-bottom:1px solid #ccc; border-left:none; border-right:none;\"> <strong>MAXIM\u00c1LN\u00cd ROZTE\u010c PODPOR:<\/strong> <\/td> <td style=\"padding:8px; border-bottom:1px solid #ccc; border-left:none; border-right:none;\"> 1,5&nbsp;m <\/td> <\/tr> <tr> <td style=\"padding:8px; border-bottom:1px solid #ccc; border-left:none; border-right:none;\"> <strong>TLOU\u0160\u0164KA:<\/strong> <\/td> <td style=\"padding:8px; border-bottom:1px solid #ccc; border-left:none; border-right:none;\"> Polykarbon\u00e1t tl. 25&nbsp;mm \u2013 30&nbsp;mm + v\u00fd\u0161ka \u017eebra<br> Polykarbon\u00e1t tl. 32&nbsp;mm \u2013 35&nbsp;mm + v\u00fd\u0161ka \u017eebra <\/td> <\/tr> <tr> <td style=\"padding:8px; border-bottom:1px solid #ccc; border-left:none; border-right:none;\"> <strong>HMOTNOST:<\/strong> <\/td> <td style=\"padding:8px; border-bottom:1px solid #ccc; border-left:none; border-right:none;\"> 5,9&nbsp;kg \u00b1 5&nbsp;% <\/td> <\/tr> <tr> <td style=\"padding:8px; border-bottom:1px solid #ccc; border-left:none; border-right:none;\"> <strong>P\u0158\u00cdPUSTN\u00c9 ROZM\u011aROV\u00c9 ODCHYLKY NA D\u00c9LCE, \u0160\u00cd\u0158CE A TLOU\u0160\u0164CE PRVK\u016e SV\u011aTL\u00cdKU:<\/strong> <\/td> <td style=\"padding:8px; border-bottom:1px solid #ccc; border-left:none; border-right:none;\"> \u00b1 5&nbsp;% <\/td> <\/tr> <tr> <td style=\"padding:8px; border-bottom:1px solid #ccc; border-left:none; border-right:none;\"> <strong>SOU\u010cINITEL PROSTUPU TEPLA:<\/strong> <\/td> <td style=\"padding:8px; border-bottom:1px solid #ccc; border-left:none; border-right:none;\"> U = 1,5&nbsp;W\/m2K p\u0159i polykarbon\u00e1tu tl. 25&nbsp;mm<br> U = 1,1&nbsp;W\/m2K p\u0159i polykarbon\u00e1tu tl. 32&nbsp;mm <\/td> <\/tr> <tr> <td style=\"padding:8px; border-bottom:1px solid #ccc; border-left:none; border-right:none;\"> <strong>PROPUSTNOST SV\u011aTLA:<\/strong> <\/td> <td style=\"padding:8px; border-bottom:1px solid #ccc; border-left:none; border-right:none;\"> 50&nbsp;% \u00b1 5&nbsp;% <\/td> <\/tr> <\/tbody> <\/table>\n<\/div>\n<\/div>\n<\/div><\/div>\n\n\n\n<div style=\"height:100px\" aria-hidden=\"true\" class=\"wp-block-spacer is-style-smaller-spacer\"><\/div>\n\n\n\n<div class=\"wp-block-group\"><div class=\"wp-block-group__inner-container is-layout-constrained wp-block-group-is-layout-constrained\">\n<h2 class=\"wp-block-heading has-text-align-center is-style-h3 has-red-color has-text-color\">Technick\u00e9 parametry SPR-SKY ECO<\/h2>\n\n\n\n<div class=\"wp-block-columns is-layout-flex wp-container-core-columns-is-layout-9d6595d7 wp-block-columns-is-layout-flex\">\n<div class=\"wp-block-column is-layout-flow wp-block-column-is-layout-flow\">\n<figure class=\"wp-block-image size-full\"><img loading=\"lazy\" decoding=\"async\" width=\"1464\" height=\"597\" src=\"https:\/\/bp2.eu\/wp-content\/uploads\/2023\/08\/Zrzut-ekranu-2025-09-04-111635.png\" alt=\"\" class=\"wp-image-103779\" srcset=\"https:\/\/bp2.eu\/wp-content\/uploads\/2023\/08\/Zrzut-ekranu-2025-09-04-111635.png 1464w, https:\/\/bp2.eu\/wp-content\/uploads\/2023\/08\/Zrzut-ekranu-2025-09-04-111635-820x334.png 820w, https:\/\/bp2.eu\/wp-content\/uploads\/2023\/08\/Zrzut-ekranu-2025-09-04-111635-1024x418.png 1024w, https:\/\/bp2.eu\/wp-content\/uploads\/2023\/08\/Zrzut-ekranu-2025-09-04-111635-768x313.png 768w\" sizes=\"auto, (max-width: 1464px) 100vw, 1464px\" \/><\/figure>\n<\/div>\n\n\n\n<div class=\"wp-block-column is-layout-flow wp-block-column-is-layout-flow\">\n<table style=\"width:100%; border-collapse:collapse; border-left:none; border-right:none;\"> <tbody> <tr> <td style=\"padding:8px; border-top:1px solid #ccc; border-bottom:1px solid #ccc; border-left:none; border-right:none;\"> <strong>Tlou\u0161\u0165ka:<\/strong> <\/td> <td style=\"padding:8px; border-top:1px solid #ccc; border-bottom:1px solid #ccc; border-left:none; border-right:none;\"> 20&nbsp;mm <\/td> <\/tr> <tr> <td style=\"padding:8px; border-bottom:1px solid #ccc; border-left:none; border-right:none;\"> <strong>Modul\u00e1rn\u00ed \u0161\u00ed\u0159ka:<\/strong> <\/td> <td style=\"padding:8px; border-bottom:1px solid #ccc; border-left:none; border-right:none;\"> 1050&nbsp;mm (\u00b15) <\/td> <\/tr> <tr> <td style=\"padding:8px; border-bottom:1px solid #ccc; border-left:none; border-right:none;\"> <strong>\u0160\u00ed\u0159ka vlny:<\/strong> <\/td> <td style=\"padding:8px; border-bottom:1px solid #ccc; border-left:none; border-right:none;\"> 4&nbsp;vlny po 350&nbsp;mm <\/td> <\/tr> <tr> <td style=\"padding:8px; border-bottom:1px solid #ccc; border-left:none; border-right:none;\"> <strong>V\u00fd\u0161ka prolis\u016f (vnit\u0159n\u00ed):<\/strong> <\/td> <td style=\"padding:8px; border-bottom:1px solid #ccc; border-left:none; border-right:none;\"> 45&nbsp;mm <\/td> <\/tr> <tr> <td style=\"padding:8px; border-bottom:1px solid #ccc; border-left:none; border-right:none;\"> <strong>Tlou\u0161\u0165ka krajn\u00edch prolis\u016f:<\/strong> <\/td> <td style=\"padding:8px; border-bottom:1px solid #ccc; border-left:none; border-right:none;\"> 40\u00b12&nbsp;mm (vn\u011bj\u0161\u00ed) \u2013 45\u00b12&nbsp;mm (vnit\u0159n\u00ed) <\/td> <\/tr> <tr> <td style=\"padding:8px; border-bottom:1px solid #ccc; border-left:none; border-right:none;\"> <strong>D\u00e9lka desky:<\/strong> <\/td> <td style=\"padding:8px; border-bottom:1px solid #ccc; border-left:none; border-right:none;\"> 13&nbsp;m <\/td> <\/tr> <tr> <td style=\"padding:8px; border-bottom:1px solid #ccc; border-left:none; border-right:none;\"> <strong>Barva:<\/strong> <\/td> <td style=\"padding:8px; border-bottom:1px solid #ccc; border-left:none; border-right:none;\"> Sat\u00e9nov\u011b transparentn\u00ed nebo op\u00e1lov\u00e1 <\/td> <\/tr> <tr> <td style=\"padding:8px; border-bottom:1px solid #ccc; border-left:none; border-right:none;\"> <strong>Polom\u011br k\u0159ivosti:<\/strong> <\/td> <td style=\"padding:8px; border-bottom:1px solid #ccc; border-left:none; border-right:none;\"> Tov\u00e1rn\u00ed ohyb R&nbsp;3,5 nebo 6,0&nbsp;m \u2013 studen\u00e9 oh\u00fdb\u00e1n\u00ed R&nbsp;&gt;&nbsp;10&nbsp;m <\/td> <\/tr> <tr> <td style=\"padding:8px; border-bottom:1px solid #ccc; border-left:none; border-right:none;\"> <strong>Ut\u011bsn\u011bn\u00ed konc\u016f desek:<\/strong> <\/td> <td style=\"padding:8px; border-bottom:1px solid #ccc; border-left:none; border-right:none;\"> Tepeln\u011b sva\u0159ovan\u00e9 koncovky <\/td> <\/tr> <tr> <td style=\"padding:8px; border-bottom:1px solid #ccc; border-left:none; border-right:none;\"> <strong>Vnit\u0159n\u00ed struktura:<\/strong> <\/td> <td style=\"padding:8px; border-bottom:1px solid #ccc; border-left:none; border-right:none;\"> \u010cty\u0159st\u011bnn\u00e1 <\/td> <\/tr> <tr> <td style=\"padding:8px; border-bottom:1px solid #ccc; border-left:none; border-right:none;\"> <strong>UV ochrana:<\/strong> <\/td> <td style=\"padding:8px; border-bottom:1px solid #ccc; border-left:none; border-right:none;\"> Na vn\u011bj\u0161\u00ed vrstv\u011b <\/td> <\/tr> <tr> <td style=\"padding:8px; border-bottom:1px solid #ccc; border-left:none; border-right:none;\"> <strong>Reakce na ohe\u0148:<\/strong> <\/td> <td style=\"padding:8px; border-bottom:1px solid #ccc; border-left:none; border-right:none;\"> B s1 d0 <\/td> <\/tr> <tr> <td style=\"padding:8px; border-bottom:1px solid #ccc; border-left:none; border-right:none;\"> <strong>Pracovn\u00ed teplotn\u00ed rozsah:<\/strong> <\/td> <td style=\"padding:8px; border-bottom:1px solid #ccc; border-left:none; border-right:none;\"> -40\u00b0 \/ +130\u00b0 <\/td> <\/tr> <tr> <td style=\"padding:8px; border-bottom:1px solid #ccc; border-left:none; border-right:none;\"> <strong>Line\u00e1rn\u00ed teplotn\u00ed rozta\u017enost:<\/strong> <\/td> <td style=\"padding:8px; border-bottom:1px solid #ccc; border-left:none; border-right:none;\"> 6,7 \u00d7 10<sup>-5<\/sup> <\/td> <\/tr> <tr> <td style=\"padding:8px; border-bottom:1px solid #ccc; border-left:none; border-right:none;\"> <strong>Tepeln\u00e1 izolace:<\/strong> <\/td> <td style=\"padding:8px; border-bottom:1px solid #ccc; border-left:none; border-right:none;\"> U = 2,28&nbsp;W\/m\u00b2K &nbsp;&nbsp;|&nbsp;&nbsp; U = 1,98&nbsp;W\/m\u00b2K &nbsp;&nbsp;|&nbsp;&nbsp; U = 1,78&nbsp;W\/m\u00b2K <\/td> <\/tr> <tr> <td style=\"padding:8px; border-bottom:1px solid #ccc; border-left:none; border-right:none;\"> <strong>Propustnost sv\u011btla (verze: sat\u00e9nov\u011b transparentn\u00ed):<\/strong> <\/td> <td style=\"padding:8px; border-bottom:1px solid #ccc; border-left:none; border-right:none;\"> 67 \u00b12&nbsp;% &nbsp;&nbsp;|&nbsp;&nbsp; 65 \u00b12&nbsp;% &nbsp;&nbsp;|&nbsp;&nbsp; 60 \u00b12&nbsp;% <\/td> <\/tr> <tr> <td style=\"padding:8px; border-bottom:1px solid #ccc; border-left:none; border-right:none;\"> <strong>Propustnost sv\u011btla (verze: op\u00e1l):<\/strong> <\/td> <td style=\"padding:8px; border-bottom:1px solid #ccc; border-left:none; border-right:none;\"> 43 \u00b12&nbsp;% &nbsp;&nbsp;|&nbsp;&nbsp; 41 \u00b12&nbsp;% &nbsp;&nbsp;|&nbsp;&nbsp; 38 \u00b12&nbsp;% <\/td> <\/tr> <\/tbody> <\/table>\n<\/div>\n<\/div>\n<\/div><\/div>\n","protected":false},"featured_media":102539,"menu_order":799,"template":"","product_category":[996,1853],"warranty":[],"product_serie":[],"class_list":["post-71923","product","type-product","status-publish","has-post-thumbnail","hentry","product_category-investicni-stavebnictvi","product_category-prislusenstvi-pro-sendvicove-panely"],"acf":[],"_links":{"self":[{"href":"https:\/\/bp2.eu\/cs\/wp-json\/wp\/v2\/product\/71923","targetHints":{"allow":["GET"]}}],"collection":[{"href":"https:\/\/bp2.eu\/cs\/wp-json\/wp\/v2\/product"}],"about":[{"href":"https:\/\/bp2.eu\/cs\/wp-json\/wp\/v2\/types\/product"}],"wp:featuredmedia":[{"embeddable":true,"href":"https:\/\/bp2.eu\/cs\/wp-json\/wp\/v2\/media\/102539"}],"wp:attachment":[{"href":"https:\/\/bp2.eu\/cs\/wp-json\/wp\/v2\/media?parent=71923"}],"wp:term":[{"taxonomy":"product_category","embeddable":true,"href":"https:\/\/bp2.eu\/cs\/wp-json\/wp\/v2\/product_category?post=71923"},{"taxonomy":"warranty","embeddable":true,"href":"https:\/\/bp2.eu\/cs\/wp-json\/wp\/v2\/warranty?post=71923"},{"taxonomy":"product_serie","embeddable":true,"href":"https:\/\/bp2.eu\/cs\/wp-json\/wp\/v2\/product_serie?post=71923"}],"curies":[{"name":"wp","href":"https:\/\/api.w.org\/{rel}","templated":true}]}}