{"id":91322,"date":"2024-12-20T10:13:19","date_gmt":"2024-12-20T09:13:19","guid":{"rendered":"https:\/\/bp2.eu\/produkt\/maskownice-systemu-rynnowego-inguri\/"},"modified":"2026-04-07T15:41:13","modified_gmt":"2026-04-07T13:41:13","slug":"kryty-okapoveho-systemu-inguri","status":"publish","type":"product","link":"https:\/\/bp2.eu\/cs\/produkt\/kryty-okapoveho-systemu-inguri\/","title":{"rendered":"Kryty okapov\u00e9ho syst\u00e9mu INGURI"},"content":{"rendered":"\n<div style=\"height:100px\" aria-hidden=\"true\" class=\"wp-block-spacer is-style-smaller-spacer\"><\/div>\n\n\n\n<div class=\"wp-block-group\"><div class=\"wp-block-group__inner-container is-layout-flow wp-block-group-is-layout-flow\">\n<div class=\"wp-block-columns is-style-grid is-layout-flex wp-container-core-columns-is-layout-9d6595d7 wp-block-columns-is-layout-flex\">\n<div class=\"wp-block-column is-layout-flow wp-block-column-is-layout-flow\">\n<div class=\"wp-block-cover is-light is-style-full-width\"><span aria-hidden=\"true\" class=\"wp-block-cover__background has-dark-gray-background-color has-background-dim-100 has-background-dim\"><\/span><div class=\"wp-block-cover__inner-container is-layout-flow wp-block-cover-is-layout-flow\">\n<figure class=\"wp-block-image size-full is-resized\"><img decoding=\"async\" src=\"https:\/\/bp2.eu\/wp-content\/uploads\/2024\/12\/bezokapowy.svg\" alt=\"\" class=\"wp-image-101074\" style=\"object-fit:cover;width:100px;height:100px\"\/><\/figure>\n\n\n\n<h3 class=\"wp-block-heading\">BEZOKAPOV\u00dd SYST\u00c9M<\/h3>\n\n\n\n<p>Tento fas\u00e1dn\u00ed syst\u00e9m dokonale zakry\u0301v\u00e1 okapy a svody namontovan\u00e9 na izolovan\u00e9 st\u011bn\u011b, tak\u017ee se dokonale hod\u00ed k modern\u00ed minimalistick\u00e9 architektu\u0159e. D\u016fmysln\u00e1 konstrukce fas\u00e1dy svodu umo\u017e\u0148uje demont\u00e1\u017e a servisn\u00ed p\u0159\u00edstup.<\/p>\n<\/div><\/div>\n<\/div>\n\n\n\n<div class=\"wp-block-column is-layout-flow wp-block-column-is-layout-flow\">\n<div class=\"wp-block-cover is-style-full-height\"><img loading=\"lazy\" decoding=\"async\" width=\"1024\" height=\"660\" class=\"wp-block-cover__image-background wp-image-90774 size-large\" alt=\"system elewacyjny - BP2\" src=\"https:\/\/bp2.eu\/wp-content\/uploads\/2024\/12\/system-elewacyjny-img-1024x660.jpg\" data-object-fit=\"cover\" srcset=\"https:\/\/bp2.eu\/wp-content\/uploads\/2024\/12\/system-elewacyjny-img-1024x660.jpg 1024w, https:\/\/bp2.eu\/wp-content\/uploads\/2024\/12\/system-elewacyjny-img-820x528.jpg 820w, https:\/\/bp2.eu\/wp-content\/uploads\/2024\/12\/system-elewacyjny-img-768x495.jpg 768w, https:\/\/bp2.eu\/wp-content\/uploads\/2024\/12\/system-elewacyjny-img-1536x989.jpg 1536w, https:\/\/bp2.eu\/wp-content\/uploads\/2024\/12\/system-elewacyjny-img.jpg 1568w\" sizes=\"auto, (max-width: 1024px) 100vw, 1024px\" \/><span aria-hidden=\"true\" class=\"wp-block-cover__background has-background-dim-0 has-background-dim\" style=\"background-color:#414248\"><\/span><div class=\"wp-block-cover__inner-container is-layout-flow wp-block-cover-is-layout-flow\">\n<p class=\"has-text-align-center has-large-font-size\"><\/p>\n<\/div><\/div>\n<\/div>\n<\/div>\n\n\n\n<div style=\"height:100px\" aria-hidden=\"true\" class=\"wp-block-spacer is-style-smaller-spacer\"><\/div>\n\n\n\n<div class=\"wp-block-columns is-style-mobile-reverse is-style-grid fade-in is-layout-flex wp-container-core-columns-is-layout-9d6595d7 wp-block-columns-is-layout-flex\">\n<div class=\"wp-block-column is-layout-flow wp-block-column-is-layout-flow\">\n<div class=\"wp-block-cover is-style-full-height\"><img loading=\"lazy\" decoding=\"async\" width=\"1568\" height=\"1010\" class=\"wp-block-cover__image-background wp-image-90765\" alt=\"\" src=\"https:\/\/bp2.eu\/wp-content\/uploads\/2024\/12\/system-z-okapem-img.jpg\" data-object-fit=\"cover\" srcset=\"https:\/\/bp2.eu\/wp-content\/uploads\/2024\/12\/system-z-okapem-img.jpg 1568w, https:\/\/bp2.eu\/wp-content\/uploads\/2024\/12\/system-z-okapem-img-820x528.jpg 820w, https:\/\/bp2.eu\/wp-content\/uploads\/2024\/12\/system-z-okapem-img-1024x660.jpg 1024w, https:\/\/bp2.eu\/wp-content\/uploads\/2024\/12\/system-z-okapem-img-768x495.jpg 768w\" sizes=\"auto, (max-width: 1568px) 100vw, 1568px\" \/><span aria-hidden=\"true\" class=\"wp-block-cover__background has-background-dim-0 has-background-dim\" style=\"background-color:#66666c\"><\/span><div class=\"wp-block-cover__inner-container is-layout-flow wp-block-cover-is-layout-flow\">\n<p class=\"has-text-align-center has-large-font-size\"><\/p>\n<\/div><\/div>\n<\/div>\n\n\n\n<div class=\"wp-block-column is-layout-flow wp-block-column-is-layout-flow\">\n<div class=\"wp-block-cover is-light is-style-full-width\"><span aria-hidden=\"true\" class=\"wp-block-cover__background has-dark-gray-background-color has-background-dim-100 has-background-dim\"><\/span><div class=\"wp-block-cover__inner-container is-layout-flow wp-block-cover-is-layout-flow\">\n<figure class=\"wp-block-image size-full is-resized\"><img decoding=\"async\" src=\"https:\/\/bp2.eu\/wp-content\/uploads\/2024\/12\/z-okapem.svg\" alt=\"\" class=\"wp-image-101082\" style=\"object-fit:cover;width:100px;height:100px\"\/><\/figure>\n\n\n\n<h3 class=\"wp-block-heading\">SYST\u00c9M S OKAPU<\/h3>\n\n\n\n<p>Fas\u00e1da je dopln\u011bna profilovany\u0301m podhledovy\u0301m prvkem z desek <strong>LAMBDA 2.0<\/strong> se stojatou dr\u00e1\u017ekou nebo z desek s trap\u00e9zovou dr\u00e1\u017ekou <strong>T7<\/strong>. Umo\u017e\u0148uje tak\u00e9 mont\u00e1\u017e podhledu na fas\u00e1dn\u00ed desku nebo st\u011bnu.<\/p>\n<\/div><\/div>\n<\/div>\n<\/div>\n\n\n\n<div style=\"height:100px\" aria-hidden=\"true\" class=\"wp-block-spacer is-style-smaller-spacer\"><\/div>\n\n\n\n<div class=\"wp-block-columns is-style-grid is-layout-flex wp-container-core-columns-is-layout-9d6595d7 wp-block-columns-is-layout-flex\">\n<div class=\"wp-block-column is-layout-flow wp-block-column-is-layout-flow\">\n<div class=\"wp-block-cover is-light is-style-full-width\"><span aria-hidden=\"true\" class=\"wp-block-cover__background has-dark-gray-background-color has-background-dim-100 has-background-dim\"><\/span><div class=\"wp-block-cover__inner-container is-layout-flow wp-block-cover-is-layout-flow\">\n<figure class=\"wp-block-image size-full is-resized\"><img decoding=\"async\" src=\"https:\/\/bp2.eu\/wp-content\/uploads\/2024\/12\/elewacyjny.svg\" alt=\"\" class=\"wp-image-101090\" style=\"object-fit:cover;width:100px;height:100px\"\/><\/figure>\n\n\n\n<h3 class=\"wp-block-heading\">FAS\u00c1DN\u00cd SYST\u00c9M<\/h3>\n\n\n\n<p>Fas\u00e1dn\u00ed syst\u00e9m zakryt\u00ed okap\u016f chr\u00e1n\u00ed izolaci budovy p\u0159ed mo\u017eny\u0301m zat\u00e9k\u00e1n\u00edm v m\u00edst\u011b napojen\u00ed okap\u016f, a to d\u00edky pou\u017eit\u00ed okapov\u00e9ho p\u00e1su v jeho konstrukci. Perforace ve spodn\u00ed \u010d\u00e1sti fas\u00e1dy bezpe\u010dn\u011b odv\u00e1d\u00ed vlhkost a udr\u017euje optim\u00e1ln\u00ed \u00farove\u0148 v\u011btr\u00e1n\u00ed.<\/p>\n\n\n\n<p>Perforace ve spodn\u00ed \u010d\u00e1sti fas\u00e1dy bezpe\u010dn\u011b odv\u00e1d\u00ed vlhkost a udr\u017euje optim\u00e1ln\u00ed \u00farove\u0148 v\u011btr\u00e1n\u00ed.<\/p>\n\n\n\n<p>Okapovy\u0301 syst\u00e9m je vybaven stabiliza\u010dn\u00ed pry\u017eovou redukc\u00ed pro napojen\u00ed okapov\u00e9ho svodu na kanaliza\u010dn\u00ed trubku o pr\u016fm\u011bru 110 mm. A pou\u017eit\u00e1 trubka z PVC zabra\u0148uje kondenzaci vody na povrchu okapovy\u0301ch svod\u016f z oceli.<\/p>\n<\/div><\/div>\n<\/div>\n\n\n\n<div class=\"wp-block-column is-layout-flow wp-block-column-is-layout-flow\">\n<div class=\"wp-block-cover is-style-full-height\"><img loading=\"lazy\" decoding=\"async\" width=\"1024\" height=\"660\" class=\"wp-block-cover__image-background wp-image-90782 size-large\" alt=\"system bezokapowy - BP2\" src=\"https:\/\/bp2.eu\/wp-content\/uploads\/2024\/12\/system-bezokapowy-img-1024x660.jpg\" data-object-fit=\"cover\" srcset=\"https:\/\/bp2.eu\/wp-content\/uploads\/2024\/12\/system-bezokapowy-img-1024x660.jpg 1024w, https:\/\/bp2.eu\/wp-content\/uploads\/2024\/12\/system-bezokapowy-img-820x528.jpg 820w, https:\/\/bp2.eu\/wp-content\/uploads\/2024\/12\/system-bezokapowy-img-768x495.jpg 768w, https:\/\/bp2.eu\/wp-content\/uploads\/2024\/12\/system-bezokapowy-img-1536x989.jpg 1536w, https:\/\/bp2.eu\/wp-content\/uploads\/2024\/12\/system-bezokapowy-img.jpg 1568w\" sizes=\"auto, (max-width: 1024px) 100vw, 1024px\" \/><span aria-hidden=\"true\" class=\"wp-block-cover__background has-background-dim-0 has-background-dim\" style=\"background-color:#414149\"><\/span><div class=\"wp-block-cover__inner-container is-layout-flow wp-block-cover-is-layout-flow\">\n<p class=\"has-text-align-center has-large-font-size\"><\/p>\n<\/div><\/div>\n<\/div>\n<\/div>\n<\/div><\/div>\n\n\n\n<div style=\"height:100px\" aria-hidden=\"true\" class=\"wp-block-spacer is-style-small-spacer\"><\/div>\n\n\n\n<div class=\"wp-block-group has-dark-gray-background-color has-background\"><div class=\"wp-block-group__inner-container is-layout-constrained wp-block-group-is-layout-constrained\">\n<div style=\"height:100px\" aria-hidden=\"true\" class=\"wp-block-spacer is-style-small-spacer\"><\/div>\n\n\n\n<figure class=\"wp-block-embed aligncenter is-type-video is-provider-youtube wp-block-embed-youtube is-style-default wp-embed-aspect-16-9 wp-has-aspect-ratio\"><div class=\"wp-block-embed__wrapper\">\n<iframe loading=\"lazy\" title=\"NEW! INGURI GUTTER SYSTEM TRIM\" width=\"640\" height=\"360\" src=\"https:\/\/www.youtube.com\/embed\/9yhcSknpRXU?feature=oembed\" frameborder=\"0\" allow=\"accelerometer; autoplay; clipboard-write; encrypted-media; gyroscope; picture-in-picture; web-share\" referrerpolicy=\"strict-origin-when-cross-origin\" allowfullscreen><\/iframe>\n<\/div><\/figure>\n\n\n\n<div style=\"height:100px\" aria-hidden=\"true\" class=\"wp-block-spacer is-style-small-spacer\"><\/div>\n<\/div><\/div>\n\n\n\n<div class=\"wp-block-group is-style-default\"><div class=\"wp-block-group__inner-container is-layout-constrained wp-block-group-is-layout-constrained\">\n<div style=\"height:100px\" aria-hidden=\"true\" class=\"wp-block-spacer is-style-small-spacer\"><\/div>\n\n\n\r\n<div class=\"section__data\" data-section=\"KRYC\u00cd PRVKY INGURI\"><\/div>\n\n\n<div class=\"wp-block-cover is-style-full-height\"><span aria-hidden=\"true\" class=\"wp-block-cover__background has-red-background-color has-background-dim-100 has-background-dim\"><\/span><div class=\"wp-block-cover__inner-container is-layout-constrained wp-block-cover-is-layout-constrained\"><div class=\"wp-block-image\">\n<figure class=\"aligncenter size-large is-resized\"><img decoding=\"async\" src=\"https:\/\/bp2.eu\/wp-content\/uploads\/2024\/12\/elementy-icon.svg\" alt=\"\" class=\"wp-image-90985\" style=\"object-fit:contain;width:100px;height:100px\"\/><\/figure>\n<\/div>\n\n\n<div style=\"height:100px\" aria-hidden=\"true\" class=\"wp-block-spacer is-style-smaller-spacer\"><\/div>\n\n\n\n<h2 class=\"wp-block-heading has-text-align-center\">KRYC\u00cd PRVKY INGURI<\/h2>\n<\/div><\/div>\n<\/div><\/div>\n\n\n\n<div style=\"height:100px\" aria-hidden=\"true\" class=\"wp-block-spacer is-style-smaller-spacer\"><\/div>\n\n\n\n<div class=\"wp-block-group is-style-default\"><div class=\"wp-block-group__inner-container is-layout-flow wp-block-group-is-layout-flow\">\n<div class=\"wp-block-columns are-vertically-aligned-center is-layout-flex wp-container-core-columns-is-layout-9d6595d7 wp-block-columns-is-layout-flex\">\n<div class=\"wp-block-column is-vertically-aligned-center has-gray-background-color has-background is-layout-flow wp-block-column-is-layout-flow\">\n<div style=\"height:100px\" aria-hidden=\"true\" class=\"wp-block-spacer is-style-smaller-spacer\"><\/div>\n\n\n\n<figure class=\"wp-block-gallery has-nested-images columns-3 is-cropped wp-block-gallery-1 is-layout-flex wp-block-gallery-is-layout-flex\">\n<figure class=\"wp-block-image size-full\"><a href=\"https:\/\/bp2.eu\/wp-content\/uploads\/2024\/12\/MASKOWNICA-RURY-CZ.png\"><img loading=\"lazy\" decoding=\"async\" width=\"2068\" height=\"1452\" data-id=\"91382\" src=\"https:\/\/bp2.eu\/wp-content\/uploads\/2024\/12\/MASKOWNICA-RURY-CZ.png\" alt=\"\" class=\"wp-image-91382\" srcset=\"https:\/\/bp2.eu\/wp-content\/uploads\/2024\/12\/MASKOWNICA-RURY-CZ.png 2068w, https:\/\/bp2.eu\/wp-content\/uploads\/2024\/12\/MASKOWNICA-RURY-CZ-820x576.png 820w\" sizes=\"auto, (max-width: 2068px) 100vw, 2068px\" \/><\/a><\/figure>\n<\/figure>\n\n\n\n<div style=\"height:100px\" aria-hidden=\"true\" class=\"wp-block-spacer is-style-smaller-spacer\"><\/div>\n<\/div>\n\n\n\n<div class=\"wp-block-column is-vertically-aligned-center has-gray-background-color has-background is-layout-flow wp-block-column-is-layout-flow\">\n<div style=\"height:100px\" aria-hidden=\"true\" class=\"wp-block-spacer is-style-smaller-spacer\"><\/div>\n\n\n\n<figure class=\"wp-block-gallery has-nested-images columns-3 is-cropped wp-block-gallery-2 is-layout-flex wp-block-gallery-is-layout-flex\">\n<figure class=\"wp-block-image size-large\"><a href=\"https:\/\/bp2.eu\/wp-content\/uploads\/2024\/12\/MASKOWNICA-RYNNY-CZ-1024x719.png\"><img loading=\"lazy\" decoding=\"async\" width=\"1024\" height=\"719\" data-id=\"91390\" src=\"https:\/\/bp2.eu\/wp-content\/uploads\/2024\/12\/MASKOWNICA-RYNNY-CZ-1024x719.png\" alt=\"\" class=\"wp-image-91390\" srcset=\"https:\/\/bp2.eu\/wp-content\/uploads\/2024\/12\/MASKOWNICA-RYNNY-CZ-1024x719.png 1024w, https:\/\/bp2.eu\/wp-content\/uploads\/2024\/12\/MASKOWNICA-RYNNY-CZ-820x576.png 820w, https:\/\/bp2.eu\/wp-content\/uploads\/2024\/12\/MASKOWNICA-RYNNY-CZ-768x539.png 768w, https:\/\/bp2.eu\/wp-content\/uploads\/2024\/12\/MASKOWNICA-RYNNY-CZ-1536x1078.png 1536w, https:\/\/bp2.eu\/wp-content\/uploads\/2024\/12\/MASKOWNICA-RYNNY-CZ-2048x1438.png 2048w\" sizes=\"auto, (max-width: 1024px) 100vw, 1024px\" \/><\/a><\/figure>\n<\/figure>\n\n\n\n<div style=\"height:100px\" aria-hidden=\"true\" class=\"wp-block-spacer is-style-smaller-spacer\"><\/div>\n<\/div>\n<\/div>\n<\/div><\/div>\n\n\n\n<div class=\"wp-block-group is-style-default\"><div class=\"wp-block-group__inner-container is-layout-flow wp-block-group-is-layout-flow\">\n<div class=\"wp-block-columns is-layout-flex wp-container-core-columns-is-layout-9d6595d7 wp-block-columns-is-layout-flex\">\n<div class=\"wp-block-column is-layout-flow wp-block-column-is-layout-flow\">\n<h4 class=\"wp-block-heading\"><strong><strong>KRYT POTRUB\u00cd<\/strong><\/strong><\/h4>\n\n\n\n<p class=\"has-text-align-left\">Trubkov\u00fd kryt se skl\u00e1d\u00e1 ze dvou \u010d\u00e1st\u00ed: z\u00e1kladny krytu &#8211; \u010d\u00e1sti p\u0159ipevn\u011bn\u00e9 ke st\u011bn\u011b a vlastn\u00edm krytem &#8211; hlavn\u00ed \u010d\u00e1st\u00ed, kter\u00e1 esteticky zakry\u0301v\u00e1 svodov\u00e9 trubky a z\u00e1rove\u0148 umo\u017e\u0148uje snadny\u0301 p\u0159\u00edstup pro \u00fadr\u017ebu. Je navr\u017een tak, aby vzhledov\u011b korespondoval s okapovou fas\u00e1dou a zaji\u0161\u0165oval jednotny\u0301 esteticky\u0301 vzhled cel\u00e9ho syst\u00e9mu.<\/p>\n<\/div>\n\n\n\n<div class=\"wp-block-column is-layout-flow wp-block-column-is-layout-flow\">\n<h4 class=\"wp-block-heading\"><strong><strong><strong><strong>KRYT OKAPU<\/strong><\/strong><\/strong><\/strong><\/h4>\n\n\n\n<p class=\"has-text-align-left\">Univerz\u00e1ln\u00ed kryt o d\u00e9lce 185 cm je vy\u0301robek, ktery\u0301 nahrazuje standardn\u00ed tup\u00e9 krytinov\u00e9 li\u0161ty, podhledov\u00e9 li\u0161ty, okapov\u00e9 li\u0161ty a podhledy a kombinuje vlastnosti v\u0161ech t\u011bchto vy\u0301robk\u016f. Z\u00e1kazn\u00edk z\u00edsk\u00e1 levn\u011bj\u0161\u00ed, stejn\u011b \u00fa\u010dinn\u00e9 \u0159e\u0161en\u00ed, kter\u00e9 vy\u017eaduje m\u00e9n\u011b \u00falo\u017en\u00e9ho prostoru. Fas\u00e1da je vybavena speci\u00e1ln\u011b navr\u017eeny\u0301m trap\u00e9zovy\u0301m mont\u00e1\u017en\u00edm z\u00e1mkem, ktery\u0301 stabilizuje fas\u00e1du a minimalizuje efekt zvln\u011bn\u00ed. Spodn\u00ed \u010d\u00e1st tvo\u0159\u00ed reli\u00e9fn\u00ed okapovy\u0301 p\u00e1s, ktery\u0301 nahrazuje podhled. Krom\u011b toho umo\u017e\u0148uje flexibilitu p\u0159i vy\u0301b\u011bru jin\u00e9ho podhledu, ktery\u0301 se snadno p\u0159ipevn\u00ed na spodn\u00ed \u201eC\u201d profil fas\u00e1dy. Fas\u00e1da byla speci\u00e1ln\u011b vyztu\u017eena, aby poskytovala dostate\u010dnou ochranu.<\/p>\n<\/div>\n<\/div>\n<\/div><\/div>\n\n\n\n<div class=\"wp-block-group\"><div class=\"wp-block-group__inner-container is-layout-constrained wp-block-group-is-layout-constrained\">\n<div class=\"wp-block-cover aligncenter is-style-full-height\"><img loading=\"lazy\" decoding=\"async\" width=\"1920\" height=\"1072\" class=\"wp-block-cover__image-background wp-image-91018\" alt=\"\" src=\"https:\/\/bp2.eu\/wp-content\/uploads\/2024\/12\/porownanie.jpg\" data-object-fit=\"cover\" srcset=\"https:\/\/bp2.eu\/wp-content\/uploads\/2024\/12\/porownanie.jpg 1920w, https:\/\/bp2.eu\/wp-content\/uploads\/2024\/12\/porownanie-820x458.jpg 820w, https:\/\/bp2.eu\/wp-content\/uploads\/2024\/12\/porownanie-1024x572.jpg 1024w, https:\/\/bp2.eu\/wp-content\/uploads\/2024\/12\/porownanie-768x429.jpg 768w, https:\/\/bp2.eu\/wp-content\/uploads\/2024\/12\/porownanie-1536x858.jpg 1536w\" sizes=\"auto, (max-width: 1920px) 100vw, 1920px\" \/><span aria-hidden=\"true\" class=\"wp-block-cover__background has-background-dim-0 has-background-dim\"><\/span><div class=\"wp-block-cover__inner-container is-layout-constrained wp-block-cover-is-layout-constrained\">\n<p class=\"has-text-align-center has-large-font-size\"><\/p>\n<\/div><\/div>\n<\/div><\/div>\n\n\n\n<div style=\"height:100px\" aria-hidden=\"true\" class=\"wp-block-spacer is-style-smaller-spacer\"><\/div>\n\n\n\n<div class=\"wp-block-group is-style-default\"><div class=\"wp-block-group__inner-container is-layout-flow wp-block-group-is-layout-flow\">\n<div class=\"wp-block-columns are-vertically-aligned-center is-layout-flex wp-container-core-columns-is-layout-9d6595d7 wp-block-columns-is-layout-flex\">\n<div class=\"wp-block-column is-vertically-aligned-center has-gray-background-color has-background is-layout-flow wp-block-column-is-layout-flow\">\n<div style=\"height:100px\" aria-hidden=\"true\" class=\"wp-block-spacer is-style-smaller-spacer\"><\/div>\n\n\n\n<figure class=\"wp-block-gallery has-nested-images columns-3 is-cropped wp-block-gallery-3 is-layout-flex wp-block-gallery-is-layout-flex\">\n<figure class=\"wp-block-image size-full\"><a href=\"https:\/\/bp2.eu\/wp-content\/uploads\/2024\/12\/HAK-MASKOWNICY-CZ.png\"><img loading=\"lazy\" decoding=\"async\" width=\"2068\" height=\"1252\" data-id=\"91391\" src=\"https:\/\/bp2.eu\/wp-content\/uploads\/2024\/12\/HAK-MASKOWNICY-CZ.png\" alt=\"\" class=\"wp-image-91391\"\/><\/a><\/figure>\n<\/figure>\n\n\n\n<div style=\"height:100px\" aria-hidden=\"true\" class=\"wp-block-spacer is-style-smaller-spacer\"><\/div>\n<\/div>\n\n\n\n<div class=\"wp-block-column is-vertically-aligned-center has-gray-background-color has-background is-layout-flow wp-block-column-is-layout-flow\">\n<div style=\"height:100px\" aria-hidden=\"true\" class=\"wp-block-spacer is-style-smaller-spacer\"><\/div>\n\n\n\n<figure class=\"wp-block-gallery has-nested-images columns-3 is-cropped wp-block-gallery-4 is-layout-flex wp-block-gallery-is-layout-flex\">\n<figure class=\"wp-block-image size-large\"><a href=\"https:\/\/bp2.eu\/wp-content\/uploads\/2024\/12\/ZASLEPKA-MASKOWNICY-CZ-1024x620.png\"><img loading=\"lazy\" decoding=\"async\" width=\"1024\" height=\"620\" data-id=\"91407\" src=\"https:\/\/bp2.eu\/wp-content\/uploads\/2024\/12\/ZASLEPKA-MASKOWNICY-CZ-1024x620.png\" alt=\"\" class=\"wp-image-91407\" srcset=\"https:\/\/bp2.eu\/wp-content\/uploads\/2024\/12\/ZASLEPKA-MASKOWNICY-CZ-1024x620.png 1024w, https:\/\/bp2.eu\/wp-content\/uploads\/2024\/12\/ZASLEPKA-MASKOWNICY-CZ-820x496.png 820w, https:\/\/bp2.eu\/wp-content\/uploads\/2024\/12\/ZASLEPKA-MASKOWNICY-CZ-768x465.png 768w, https:\/\/bp2.eu\/wp-content\/uploads\/2024\/12\/ZASLEPKA-MASKOWNICY-CZ-1536x930.png 1536w, https:\/\/bp2.eu\/wp-content\/uploads\/2024\/12\/ZASLEPKA-MASKOWNICY-CZ-2048x1240.png 2048w\" sizes=\"auto, (max-width: 1024px) 100vw, 1024px\" \/><\/a><\/figure>\n<\/figure>\n\n\n\n<div style=\"height:100px\" aria-hidden=\"true\" class=\"wp-block-spacer is-style-smaller-spacer\"><\/div>\n<\/div>\n\n\n\n<div class=\"wp-block-column is-vertically-aligned-center has-gray-background-color has-background is-layout-flow wp-block-column-is-layout-flow\">\n<div style=\"height:100px\" aria-hidden=\"true\" class=\"wp-block-spacer is-style-smaller-spacer\"><\/div>\n\n\n\n<figure class=\"wp-block-gallery has-nested-images columns-3 is-cropped wp-block-gallery-5 is-layout-flex wp-block-gallery-is-layout-flex\">\n<figure class=\"wp-block-image size-large\"><a href=\"https:\/\/bp2.eu\/wp-content\/uploads\/2024\/12\/NAROZNIKI-ZEWWEW-CZ.png\"><img loading=\"lazy\" decoding=\"async\" width=\"1024\" height=\"620\" data-id=\"91406\" src=\"https:\/\/bp2.eu\/wp-content\/uploads\/2024\/12\/NAROZNIKI-ZEWWEW-CZ-1024x620.png\" alt=\"\" class=\"wp-image-91406\" srcset=\"https:\/\/bp2.eu\/wp-content\/uploads\/2024\/12\/NAROZNIKI-ZEWWEW-CZ-1024x620.png 1024w, https:\/\/bp2.eu\/wp-content\/uploads\/2024\/12\/NAROZNIKI-ZEWWEW-CZ-820x496.png 820w, https:\/\/bp2.eu\/wp-content\/uploads\/2024\/12\/NAROZNIKI-ZEWWEW-CZ-768x465.png 768w, https:\/\/bp2.eu\/wp-content\/uploads\/2024\/12\/NAROZNIKI-ZEWWEW-CZ-1536x930.png 1536w, https:\/\/bp2.eu\/wp-content\/uploads\/2024\/12\/NAROZNIKI-ZEWWEW-CZ-2048x1240.png 2048w\" sizes=\"auto, (max-width: 1024px) 100vw, 1024px\" \/><\/a><\/figure>\n<\/figure>\n\n\n\n<div style=\"height:100px\" aria-hidden=\"true\" class=\"wp-block-spacer is-style-smaller-spacer\"><\/div>\n<\/div>\n<\/div>\n<\/div><\/div>\n\n\n\n<div class=\"wp-block-group is-style-default\"><div class=\"wp-block-group__inner-container is-layout-flow wp-block-group-is-layout-flow\">\n<div class=\"wp-block-columns is-layout-flex wp-container-core-columns-is-layout-9d6595d7 wp-block-columns-is-layout-flex\">\n<div class=\"wp-block-column is-vertically-aligned-center is-layout-flow wp-block-column-is-layout-flow\">\n<h4 class=\"wp-block-heading\"><strong><strong><strong><strong><strong><strong>H\u00c1\u010cEK KRYTU<\/strong><\/strong><\/strong><\/strong><\/strong><\/strong><\/h4>\n\n\n\n<p class=\"has-text-align-left\">M\u0159\u00ed\u017eovy\u0301 h\u00e1k je stabiliza\u010dn\u00ed konstruk\u010dn\u00ed prvek, ktery\u0301 se instaluje v rozestupech 1 metr. Jeho konstrukce umo\u017e\u0148uje dokonal\u00e9 vertik\u00e1ln\u00ed vyrovn\u00e1n\u00ed m\u0159\u00ed\u017ee. H\u00e1k je vybaven speci\u00e1ln\u011b navr\u017eeny\u0301m vulkanizovany\u0301m h\u00e1kem, tak\u017ee instalace je neinvazivn\u00ed a umo\u017e\u0148uje snadn\u00e9 p\u0159ipojen\u00ed k krytu.<\/p>\n<\/div>\n\n\n\n<div class=\"wp-block-column is-vertically-aligned-top is-layout-flow wp-block-column-is-layout-flow\">\n<h4 class=\"wp-block-heading\"><strong><strong><strong><strong><strong><strong><strong><strong>\u010cELO KRYTU<\/strong><\/strong><\/strong><\/strong><\/strong><\/strong><\/strong><\/strong><\/h4>\n\n\n\n<p>\u010celo krytu umo\u017e\u0148uje, aby v\u0161echny sou\u010d\u00e1sti okapov\u00e9ho syst\u00e9mu byly nakonec skryty pod fas\u00e1dou. Jednoduch\u00e1 mont\u00e1\u017e zaji\u0161\u0165uje rychl\u00e9 a bezprobl\u00e9mov\u00e9 uzav\u0159en\u00ed fas\u00e1dn\u00ed trubky.<\/p>\n<\/div>\n\n\n\n<div class=\"wp-block-column is-vertically-aligned-top is-layout-flow wp-block-column-is-layout-flow\">\n<h4 class=\"wp-block-heading\"><strong><strong><strong><strong><strong><strong><strong><strong><strong><strong>VN\u011aJ\u0160\u00cd\/VNIT\u0158N\u00cd ROHY<\/strong><\/strong><\/strong><\/strong><\/strong><\/strong><\/strong><\/strong><\/strong><\/strong><\/h4>\n\n\n\n<p class=\"has-text-align-left\">Vn\u011bj\u0161\u00ed a vnit\u0159n\u00ed rohy umo\u017e\u0148uj\u00ed estetick\u00e9 propojen\u00ed st\u0159e\u0161n\u00edch krytin na styku dvou st\u0159e\u0161n\u00edch svah\u016f nebo v roz\u00edch st\u0159echy. Jsou vyrobeny z vysoce kvalitn\u00edho materi\u00e1lu, d\u00edky \u010demu\u017e p\u016fsob\u00ed esteticky a jsou odoln\u00e9.<\/p>\n<\/div>\n<\/div>\n<\/div><\/div>\n\n\n\n<div style=\"height:100px\" aria-hidden=\"true\" class=\"wp-block-spacer is-style-smaller-spacer\"><\/div>\n\n\n\n<div class=\"wp-block-group\"><div class=\"wp-block-group__inner-container is-layout-constrained wp-block-group-is-layout-constrained\"><section class=\"data-section compare-slider__wrapper\">\n    <div class=\"compare-slider\">\n        <div class=\"before-after-slider\" data-beforeAfterSlider>\n            <div class=\"before-image\">\n                <img decoding=\"async\" src=\"https:\/\/bp2.eu\/wp-content\/uploads\/2024\/12\/maskownice-left.jpg\" alt=\"\">\n                <div class=\"compare-slider__text-1 h7\"><b>Ocelov\u00e9 okapov\u00e9 syst\u00e9my INGURI<\/b><\/div>\n            <\/div>\n            <div class=\"after-image\">\n                <img decoding=\"async\" src=\"https:\/\/bp2.eu\/wp-content\/uploads\/2024\/12\/maskownice-right.jpg\" alt=\"\">\n                <div class=\"compare-slider__text-2 h7\"><b>Kryty okapov\u00e9ho syst\u00e9mu INGURI<\/b><\/div>\n            <\/div>\n            <div class=\"resizer\"><\/div>\n        <\/div>\n    <\/div>\n<\/section>\n<\/div><\/div>\n","protected":false},"featured_media":90728,"menu_order":345,"template":"","product_category":[1012],"warranty":[1041,1088,1042,1045,1039],"product_serie":[],"class_list":["post-91322","product","type-product","status-publish","has-post-thumbnail","hentry","product_category-ocelove-okapove-systemy-inguri","warranty-10-let","warranty-15-let","warranty-20-let","warranty-25-let","warranty-30-let"],"acf":[],"_links":{"self":[{"href":"https:\/\/bp2.eu\/cs\/wp-json\/wp\/v2\/product\/91322","targetHints":{"allow":["GET"]}}],"collection":[{"href":"https:\/\/bp2.eu\/cs\/wp-json\/wp\/v2\/product"}],"about":[{"href":"https:\/\/bp2.eu\/cs\/wp-json\/wp\/v2\/types\/product"}],"wp:featuredmedia":[{"embeddable":true,"href":"https:\/\/bp2.eu\/cs\/wp-json\/wp\/v2\/media\/90728"}],"wp:attachment":[{"href":"https:\/\/bp2.eu\/cs\/wp-json\/wp\/v2\/media?parent=91322"}],"wp:term":[{"taxonomy":"product_category","embeddable":true,"href":"https:\/\/bp2.eu\/cs\/wp-json\/wp\/v2\/product_category?post=91322"},{"taxonomy":"warranty","embeddable":true,"href":"https:\/\/bp2.eu\/cs\/wp-json\/wp\/v2\/warranty?post=91322"},{"taxonomy":"product_serie","embeddable":true,"href":"https:\/\/bp2.eu\/cs\/wp-json\/wp\/v2\/product_serie?post=91322"}],"curies":[{"name":"wp","href":"https:\/\/api.w.org\/{rel}","templated":true}]}}