{"id":61887,"date":"2022-01-12T14:52:23","date_gmt":"2022-01-12T13:52:23","guid":{"rendered":"https:\/\/bp2.eu\/strona-glowna-2-3\/"},"modified":"2026-04-07T14:13:53","modified_gmt":"2026-04-07T12:13:53","slug":"strona-glowna-2-3","status":"publish","type":"page","link":"https:\/\/bp2.eu\/de\/","title":{"rendered":"Strona g\u0142\u00f3wna"},"content":{"rendered":"\n<div class=\"wp-block-group is-style-with-b2-background\"><div class=\"wp-block-group__inner-container is-layout-flow wp-block-group-is-layout-flow\">\r\n<div class=\"section__data\" data-section=\"Willkommen in der Welt von BP2\"><\/div>\n\n\n<div style=\"height:100px\" aria-hidden=\"true\" class=\"wp-block-spacer is-style-small-spacer\"><\/div>\n\n\n\n<p class=\"has-text-align-center noMarginBottom has-red-color has-text-color\"><strong>W\u00e4hlen Sie die Marke, f\u00fcr die Sie sich interessieren, um zur entsprechenden Seite zu gelangen<\/strong><\/p>\n\n\n\n<h2 class=\"wp-block-heading has-text-align-center noMarginTop noMarginBottom is-style-h1\"><strong>Willkommen in der Welt von BP2<\/strong><\/h2>\n\n\n\n<div style=\"height:100px\" aria-hidden=\"true\" class=\"wp-block-spacer is-style-small-spacer\"><\/div>\n<\/div><\/div>\n\n\n\n<div class=\"wp-block-group is-style-narrower-group\"><div class=\"wp-block-group__inner-container is-layout-flow wp-block-group-is-layout-flow\">\n<p class=\"has-text-align-center\" style=\"font-size:22px\">BP2 ist ein Hersteller von kompletten Dach- und Fassadenl\u00f6sungen mit vier integrierten Produktionsst\u00e4tten, und zwar in Polen in Grojec bei Krakau und D\u0105browa G\u00f3rnicza sowie in Slovakia.<\/p>\n<\/div><\/div>\n\n\n\n<div class=\"wp-block-group\"><div class=\"wp-block-group__inner-container is-layout-constrained wp-block-group-is-layout-constrained\">\n<div style=\"height:100px\" aria-hidden=\"true\" class=\"wp-block-spacer is-style-small-spacer\"><\/div>\n\n\n\n<div class=\"brands-tiles\">\n        <div class=\"brands-tile\" style='background-image: url(\"https:\/\/bp2.eu\/wp-content\/uploads\/2022\/10\/bp2-nakladka.jpg\"); '>\n        <div class=\"brands-tile__inner\">\n            <img decoding=\"async\" src=\"https:\/\/bp2.eu\/wp-content\/uploads\/2022\/12\/bp2_white.svg\" class=\"brands-tile__logo\" alt=\"\">            <p class=\"brands-tile__desc\"><b>BP2<\/b> is sinds 1995 een gerespecteerde fabrikant van complete dak- en geveloplossingen voor de woning- en industriebouw. Ons productassortiment omvat stalen dakbedekkingen, gevelsystemen, structuurplaten, sandwichpanelen, muurcassettes en gootsystemen.<\/p>        <\/div>\n        <a href=\"https:\/\/bp2.eu\/\" target=\"self\" class=\"button button--red\">\u00dcBERZEUGEN SIE SICH<\/a>    <\/div>\n        <div class=\"brands-tile\" style='background-image: url(\"https:\/\/bp2.eu\/wp-content\/uploads\/2023\/01\/nakladka-vss.png\"); '>\n        <div class=\"brands-tile__inner\">\n            <img decoding=\"async\" src=\"https:\/\/bp2.eu\/wp-content\/uploads\/2022\/12\/vss_white.svg\" class=\"brands-tile__logo\" alt=\"\">            <p class=\"brands-tile__desc\">Het <b>VSS Steel Service Centre<\/b> is opgericht voor klanten die op zoek zijn naar een materiaal met specifieke eigenschappen en verwerkingsniveaus. We garanderen de constante beschikbaarheid van een breed assortiment staalsoorten en coatings en de mogelijkheid om individuele orders met willekeurige parameters te realiseren.<\/p>        <\/div>\n        <a href=\"https:\/\/vss.sk\/pl\/oferta\/stalowe-centrum-serwisowe\/\" target=\"blank\" class=\"button button--red\">\u00dcBERZEUGEN SIE SICH<\/a>    <\/div>\n        <div class=\"brands-tile\" style='background-image: url(\"https:\/\/bp2.eu\/wp-content\/uploads\/2023\/01\/solroof-nakladka-v3-1.jpg\"); '>\n        <div class=\"brands-tile__inner\">\n            <img decoding=\"async\" src=\"https:\/\/bp2.eu\/wp-content\/uploads\/2022\/12\/solroof-logo.svg\" class=\"brands-tile__logo\" alt=\"\">            <p class=\"brands-tile__desc\">Het <b>SOLROOF 2IN1 dak<\/b> is een compleet stalen fotovolta\u00efsch systeem dat volledig ge\u00efntegreerd is met stalen dakbedekking. Het hele dak &#8211; het actieve deel <i>(fotovolta\u00efsch)<\/i>, het inactieve deel, de dakgootstukken en accessoires, evenals het gootsysteem &#8211; worden vervaardigd in onze productiefaciliteit in Slowakije.<\/p>        <\/div>\n        <a href=\"https:\/\/solroof.eu\/\" target=\"blank\" class=\"button button--solroof\">\u00dcBERZEUGEN SIE SICH<\/a>    <\/div>\n    <\/div><\/div><\/div>\n\n\n\n<div style=\"height:100px\" aria-hidden=\"true\" class=\"wp-block-spacer is-style-small-spacer\"><\/div>\n\n\n\n<div id=\"zalety\" class=\"wp-block-group data-section is-style-narrow-group has-gray-background-color has-background\"><div class=\"wp-block-group__inner-container is-layout-flow wp-block-group-is-layout-flow\">\n<div style=\"height:100px\" aria-hidden=\"true\" class=\"wp-block-spacer is-style-small-spacer\"><\/div>\n\n\n\n<figure class=\"wp-block-embed is-type-video is-provider-youtube wp-block-embed-youtube wp-embed-aspect-16-9 wp-has-aspect-ratio\"><div class=\"wp-block-embed__wrapper\">\n<iframe loading=\"lazy\" title=\"BP2 - PRODUCT REALIZATIONS 2022\" width=\"640\" height=\"360\" src=\"https:\/\/www.youtube.com\/embed\/tgZ6lHE9VcQ?feature=oembed\" frameborder=\"0\" allow=\"accelerometer; autoplay; clipboard-write; encrypted-media; gyroscope; picture-in-picture; web-share\" referrerpolicy=\"strict-origin-when-cross-origin\" allowfullscreen><\/iframe>\n<\/div><\/figure>\n\n\n\n<div style=\"height:100px\" aria-hidden=\"true\" class=\"wp-block-spacer is-style-small-spacer\"><\/div>\n<\/div><\/div>\n\n\n\n<div style=\"height:100px\" aria-hidden=\"true\" class=\"wp-block-spacer is-style-small-spacer\"><\/div>\n\n\n\n<div id=\"modulowosc\" class=\"wp-block-group is-style-with-b2-background\"><div class=\"wp-block-group__inner-container is-layout-flow wp-block-group-is-layout-flow\">\r\n<div class=\"section__data\" data-section=\"THE POWER OF ROOFS\"><\/div>\n\n\n<div style=\"height:100px\" aria-hidden=\"true\" class=\"wp-block-spacer is-style-small-spacer\"><\/div>\n\n\n\n<p class=\"has-text-align-center noMarginBottom has-red-color has-text-color\"><strong><strong>MENSCHEN, BEZIEHUNGEN, TECHNOLOGIE, QUALIT\u00c4T<\/strong><\/strong><\/p>\n\n\n\n<h2 class=\"wp-block-heading has-text-align-center noMarginTop noMarginBottom is-style-h1\">THE POWER OF ROOFS<\/h2>\n\n\n\n<div style=\"height:100px\" aria-hidden=\"true\" class=\"wp-block-spacer is-style-small-spacer\"><\/div>\n<\/div><\/div>\n\n\n\n<div class=\"wp-block-group is-style-narrow-group\"><div class=\"wp-block-group__inner-container is-layout-flow wp-block-group-is-layout-flow\">\n<div style=\"height:100px\" aria-hidden=\"true\" class=\"wp-block-spacer is-style-smaller-spacer\"><\/div>\n\n\n\n<p class=\"has-text-align-center noMarginTop\" style=\"font-size:22px\">Unsere Garantien und unsere \u00dcberzeugung von der Spitzenqualit\u00e4t unserer Produkte basieren auf der eigenen langj\u00e4hrigen Erfahrung und der unserer Partner, die zu den gr\u00f6\u00dften Stahlproduzenten Europas und der Welt geh\u00f6ren: ArcelorMittal, Averdi, Tata Steel, Thyssenkrupp, Marcegaglia, US Steel, Voestalpine.<\/p>\n\n\n\n<div style=\"height:100px\" aria-hidden=\"true\" class=\"wp-block-spacer is-style-smaller-spacer\"><\/div>\n\n\n\n<div class=\"wp-block-columns noMarginBottom is-layout-flex wp-container-core-columns-is-layout-9d6595d7 wp-block-columns-is-layout-flex\">\n<div class=\"wp-block-column is-layout-flow wp-block-column-is-layout-flow\"><div class=\"wp-block-image alignCenter\">\n<figure class=\"aligncenter size-full\"><img loading=\"lazy\" decoding=\"async\" width=\"120\" height=\"120\" src=\"https:\/\/bp2.eu\/wp-content\/uploads\/2022\/01\/najnowoczesniejsze-technologie.png\" alt=\"\" class=\"wp-image-180\"\/><\/figure>\n<\/div>\n\n\n<p class=\"has-text-align-center h5\"><strong>MODERNSTE<\/strong><br><strong>TECHNOLOGIEN<\/strong><\/p>\n<\/div>\n\n\n\n<div class=\"wp-block-column is-layout-flow wp-block-column-is-layout-flow\"><div class=\"wp-block-image alignCenter\">\n<figure class=\"aligncenter size-full\"><img loading=\"lazy\" decoding=\"async\" width=\"120\" height=\"120\" src=\"https:\/\/bp2.eu\/wp-content\/uploads\/2022\/01\/jakosc-gwarantowana-1.png\" alt=\"\" class=\"wp-image-209\"\/><\/figure>\n<\/div>\n\n\n<p class=\"has-text-align-center h5\"><strong>GARANTIERTE<\/strong><br><strong>QUALIT\u00c4T<\/strong><\/p>\n<\/div>\n\n\n\n<div class=\"wp-block-column is-layout-flow wp-block-column-is-layout-flow\"><div class=\"wp-block-image alignCenter\">\n<figure class=\"aligncenter size-full\"><img loading=\"lazy\" decoding=\"async\" width=\"120\" height=\"120\" src=\"https:\/\/bp2.eu\/wp-content\/uploads\/2022\/01\/uczciwa-komunikacja-i-dialog-1.png\" alt=\"\" class=\"wp-image-213\"\/><\/figure>\n<\/div>\n\n\n<p class=\"has-text-align-center h5\"><strong>EHRLICHE KOMMUNIKATION <\/strong><br><strong>UND DIALOG<\/strong><\/p>\n<\/div>\n<\/div>\n\n\n\n<div class=\"wp-block-columns is-layout-flex wp-container-core-columns-is-layout-9d6595d7 wp-block-columns-is-layout-flex\">\n<div class=\"wp-block-column alignCenter is-layout-flow wp-block-column-is-layout-flow\">\n<div style=\"height:100px\" aria-hidden=\"true\" class=\"wp-block-spacer is-style-small-spacer\"><\/div>\n\n\n\n<a href=\"https:\/\/bp2.eu\/de\/uber-uns\/\"  class=\"button button--blackSpecial \">ERFAHREN SIE MEHR \u00dcBER UNS<\/a>\n\n\n<p><\/p>\n<\/div>\n<\/div>\n<\/div><\/div>\n\n\n\n<div class=\"wp-block-group\"><div class=\"wp-block-group__inner-container is-layout-flow wp-block-group-is-layout-flow\">\r\n<div class=\"section__data\" data-section=\"ANGEBOT\"><\/div>\n\n\n<div class=\"wp-block-columns is-style-grid is-layout-flex wp-container-core-columns-is-layout-9d6595d7 wp-block-columns-is-layout-flex\">\n<div class=\"wp-block-column is-layout-flow wp-block-column-is-layout-flow\">\n<div class=\"wp-block-cover is-style-content-from-bottom\"><span aria-hidden=\"true\" class=\"wp-block-cover__background has-black-background-color has-background-dim-30 has-background-dim\"><\/span><img loading=\"lazy\" decoding=\"async\" width=\"526\" height=\"534\" class=\"wp-block-cover__image-background wp-image-488\" alt=\"\" src=\"https:\/\/bp2.eu\/wp-content\/uploads\/2022\/01\/Group-711.png\" data-object-fit=\"cover\"\/><div class=\"wp-block-cover__inner-container is-layout-flow wp-block-cover-is-layout-flow\">\n<h2 class=\"wp-block-heading is-style-h3 has-white-color has-text-color\"><strong>WOHNUNGSBAU<\/strong><\/h2>\n\n\n\n<p class=\"has-white-color has-text-color\">Dacheindeckungen und Dachrinnensysteme. Umfassender Service und professionelle Unterst\u00fctzung.<\/p>\n\n\n\n<div class=\"wp-block-group\"><div class=\"wp-block-group__inner-container is-layout-flow wp-block-group-is-layout-flow\">\n<a href=\"https:\/\/bp2.eu\/de\/angebot\/wohnungsbau\/\"  class=\"button button--red \">MEHR ANZEIGEN<\/a><\/div><\/div>\n<\/div><\/div>\n<\/div>\n\n\n\n<div class=\"wp-block-column is-layout-flow wp-block-column-is-layout-flow\">\n<div class=\"wp-block-cover is-style-content-from-bottom\"><span aria-hidden=\"true\" class=\"wp-block-cover__background has-background-dim-30 has-background-dim\"><\/span><img loading=\"lazy\" decoding=\"async\" width=\"526\" height=\"534\" class=\"wp-block-cover__image-background wp-image-497\" alt=\"\" src=\"https:\/\/bp2.eu\/wp-content\/uploads\/2022\/01\/Group-712.png\" data-object-fit=\"cover\"\/><div class=\"wp-block-cover__inner-container is-layout-flow wp-block-cover-is-layout-flow\">\n<h2 class=\"wp-block-heading is-style-h3\"><strong>OBJEKT- UND<\/strong><br><strong>GEWERBEBAU<\/strong><\/h2>\n\n\n\n<p>Verbundplatten, Kassetten, Fassadenprofile f\u00fcr moderne Fassaden.<\/p>\n\n\n\n<div class=\"wp-block-group\"><div class=\"wp-block-group__inner-container is-layout-flow wp-block-group-is-layout-flow\">\n<a href=\"https:\/\/bp2.eu\/de\/angebot\/objekt-und-gewerbebau\/\"  class=\"button button--red \">MEHR ANZEIGEN<\/a><\/div><\/div>\n<\/div><\/div>\n<\/div>\n\n\n\n<div class=\"wp-block-column is-layout-flow wp-block-column-is-layout-flow\">\n<div class=\"wp-block-cover is-style-content-from-bottom\"><span aria-hidden=\"true\" class=\"wp-block-cover__background has-background-dim-30 has-background-dim\"><\/span><img decoding=\"async\" class=\"wp-block-cover__image-background wp-image-54715\" alt=\"\" src=\"https:\/\/bp2.eu\/wp-content\/uploads\/2023\/01\/vss-nakladka-v4.jpeg\" style=\"object-position:85% 78%\" data-object-fit=\"cover\" data-object-position=\"85% 78%\"\/><div class=\"wp-block-cover__inner-container is-layout-flow wp-block-cover-is-layout-flow\">\n<h2 class=\"wp-block-heading is-style-h3\"><strong>VSS STAHL KUNDENDIENSTZENTRUM<\/strong><\/h2>\n\n\n\n<p>Umwickeln, L\u00e4ngs- und Querschneiden sowie Veredelung und Schutz nach individuellen Kundenw\u00fcnschen.<\/p>\n\n\n\n<div class=\"wp-block-group\"><div class=\"wp-block-group__inner-container is-layout-flow wp-block-group-is-layout-flow\">\n<a href=\"https:\/\/vss.sk\/\"  class=\"button button--red \">MEHR ANZEIGEN<\/a><\/div><\/div>\n<\/div><\/div>\n<\/div>\n<\/div>\n\n\n\n<div class=\"wp-block-columns is-style-grid is-layout-flex wp-container-core-columns-is-layout-9d6595d7 wp-block-columns-is-layout-flex\">\n<div class=\"wp-block-column is-layout-flow wp-block-column-is-layout-flow\" style=\"flex-basis:100%\">\n<div class=\"wp-block-cover is-light is-style-content-from-bottom\"><span aria-hidden=\"true\" class=\"wp-block-cover__background has-background-dim-40 has-background-dim\"><\/span><img loading=\"lazy\" decoding=\"async\" width=\"1920\" height=\"1080\" class=\"wp-block-cover__image-background wp-image-52697\" alt=\"\" src=\"https:\/\/bp2.eu\/wp-content\/uploads\/2023\/01\/solroof-blok-image-v2.jpg\" data-object-fit=\"cover\" srcset=\"https:\/\/bp2.eu\/wp-content\/uploads\/2023\/01\/solroof-blok-image-v2.jpg 1920w, https:\/\/bp2.eu\/wp-content\/uploads\/2023\/01\/solroof-blok-image-v2-820x461.jpg 820w, https:\/\/bp2.eu\/wp-content\/uploads\/2023\/01\/solroof-blok-image-v2-1024x576.jpg 1024w, https:\/\/bp2.eu\/wp-content\/uploads\/2023\/01\/solroof-blok-image-v2-768x432.jpg 768w, https:\/\/bp2.eu\/wp-content\/uploads\/2023\/01\/solroof-blok-image-v2-1536x864.jpg 1536w\" sizes=\"auto, (max-width: 1920px) 100vw, 1920px\" \/><div class=\"wp-block-cover__inner-container is-layout-flow wp-block-cover-is-layout-flow\">\n<h2 class=\"wp-block-heading is-style-h2 has-white-color has-text-color\"><strong>DAS VOLLINTEGRIERTE<\/strong><br><strong>PHOTOVOLTAIKDACH<\/strong><\/h2>\n\n\n\n<p class=\"has-white-color has-text-color\">Das integrierte Photovoltaikdach SOLROOF ist eine neue Qualit\u00e4t, die als erste auf dem Markt Architekten unbegrenzte Gestaltungsm\u00f6glichkeiten bietet, <br>Dachdeckern eine einfache und schnelle Installation und dem Bauherrn eine einzigartige Optik, Effizienz und Betriebssicherheit.<\/p>\n\n\n\n<div class=\"wp-block-group\"><div class=\"wp-block-group__inner-container is-layout-flow wp-block-group-is-layout-flow\">\n<a href=\"https:\/\/solroof.eu\/de\"  class=\"button button--solroof \">MEHR ANZEIGEN<\/a><\/div><\/div>\n<\/div><\/div>\n<\/div>\n<\/div>\n\n\n\n<div class=\"wp-block-columns is-style-grid is-layout-flex wp-container-core-columns-is-layout-9d6595d7 wp-block-columns-is-layout-flex\">\n<div class=\"wp-block-column is-layout-flow wp-block-column-is-layout-flow\">\n<div class=\"wp-block-cover is-style-content-from-bottom\"><span aria-hidden=\"true\" class=\"wp-block-cover__background has-background-dim-30 has-background-dim\"><\/span><img loading=\"lazy\" decoding=\"async\" width=\"526\" height=\"436\" class=\"wp-block-cover__image-background wp-image-514\" alt=\"\" src=\"https:\/\/bp2.eu\/wp-content\/uploads\/2022\/01\/DSC_8415.png\" data-object-fit=\"cover\"\/><div class=\"wp-block-cover__inner-container is-layout-flow wp-block-cover-is-layout-flow\">\n<h2 class=\"wp-block-heading is-style-h3\"><strong>EINZELKUNDE<\/strong><\/h2>\n\n\n\n<p>Dacheindeckungen und Dachrinnensysteme. Umfassender Service und professionelle Unterst\u00fctzung.<\/p>\n\n\n\n<div class=\"wp-block-group\"><div class=\"wp-block-group__inner-container is-layout-flow wp-block-group-is-layout-flow\">\n<a href=\"https:\/\/bp2.eu\/de\/einzelkunde\/\"  class=\"button button--red \">MEHR ANZEIGEN<\/a><\/div><\/div>\n<\/div><\/div>\n<\/div>\n\n\n\n<div class=\"wp-block-column is-layout-flow wp-block-column-is-layout-flow\" style=\"flex-basis:66.2%\">\n<div class=\"wp-block-cover is-style-content-from-bottom\"><span aria-hidden=\"true\" class=\"wp-block-cover__background has-background-dim-30 has-background-dim\"><\/span><img loading=\"lazy\" decoding=\"async\" width=\"1082\" height=\"575\" class=\"wp-block-cover__image-background wp-image-255\" alt=\"\" src=\"http:\/\/bp2.eu\/wp-content\/uploads\/2022\/01\/bg-2.jpg\" data-object-fit=\"cover\" srcset=\"https:\/\/bp2.eu\/wp-content\/uploads\/2022\/01\/bg-2.jpg 1082w, https:\/\/bp2.eu\/wp-content\/uploads\/2022\/01\/bg-2-820x436.jpg 820w, https:\/\/bp2.eu\/wp-content\/uploads\/2022\/01\/bg-2-1024x544.jpg 1024w, https:\/\/bp2.eu\/wp-content\/uploads\/2022\/01\/bg-2-768x408.jpg 768w, https:\/\/bp2.eu\/wp-content\/uploads\/2022\/01\/bg-2-300x159.jpg 300w\" sizes=\"auto, (max-width: 1082px) 100vw, 1082px\" \/><div class=\"wp-block-cover__inner-container is-layout-flow wp-block-cover-is-layout-flow\">\n<h2 class=\"wp-block-heading is-style-h3\"><strong>F\u00dcR PROFIS<\/strong><\/h2>\n\n\n\n<p>Dacheindeckungen und Dachrinnensysteme. Umfassender Service und professionelle Unterst\u00fctzung.<\/p>\n\n\n\n<div class=\"wp-block-group\"><div class=\"wp-block-group__inner-container is-layout-flow wp-block-group-is-layout-flow\">\n<a href=\"https:\/\/bp2.eu\/de\/dachdecker\/\"  class=\"button button--red \">UNTERNEHMER<\/a>\n\n\n<a href=\"https:\/\/bp2.eu\/de\/architekten\/\"  class=\"button button--red \">ARCHITEKT<\/a>\n\n\n<a href=\"https:\/\/bp2.eu\/de\/vertreiber\/\"  class=\"button button--red \">VERTRIEBSPARTNER<\/a><\/div><\/div>\n<\/div><\/div>\n<\/div>\n<\/div>\n<\/div><\/div>\n\n\n\n<div style=\"height:100px\" aria-hidden=\"true\" class=\"wp-block-spacer is-style-smaller-spacer\"><\/div>\n\n\n\n<div class=\"wp-block-group has-white-background-color has-background\"><div class=\"wp-block-group__inner-container is-layout-flow wp-block-group-is-layout-flow\">\r\n<div class=\"section__data\" data-section=\"KOMPLETTES ANGEBOT\"><\/div>\n\n\n<h2 class=\"wp-block-heading is-style-h2\">KOMPLETTES ANGEBOT<\/h2>\n\n\n\n<p>Sehen Sie sich unsere einzelnen Produktkategorien an.<\/p>\n\n\n\n<div class=\"caegorylist\">\n    <a href=\"https:\/\/solroof.eu\/de\" class=\"categorylist__item categorylist__item--solroof\">\n        <figure><img decoding=\"async\" src=\"https:\/\/bp2.eu\/wp-content\/uploads\/2023\/02\/volt-2.svg\" alt=\"\"><\/figure>\n\n        <p class=\"categorylist__itemTitle\">\n            <span>Das Vollintegrierte Photovoltaikdach<\/span>\n            <strong>SOLROOF<\/strong>\n        <\/p>\n    <\/a>\n    <a href=\"https:\/\/bp2.eu\/de\/angebot\/wohnungsbau\/?type=modulare-dachbleche\" class=\"categorylist__item categorylist__item--red\">\n        <figure><img decoding=\"async\" src=\"https:\/\/bp2.eu\/wp-content\/uploads\/2022\/08\/modular-series-1.svg\" alt=\"\"><\/figure>\n\n        <p class=\"categorylist__itemTitle\">\n            <span>Modulare Dachbleche<\/span>\n            <strong>MODULAR SERIES<\/strong>\n        <\/p>\n    <\/a>\n    <a href=\"https:\/\/bp2.eu\/de\/angebot\/wohnungsbau\/?type=kompakt-dachbleche\" class=\"categorylist__item categorylist__item--red\">\n        <figure><img decoding=\"async\" src=\"https:\/\/bp2.eu\/wp-content\/uploads\/2022\/08\/compact-series-1.svg\" alt=\"\"><\/figure>\n\n        <p class=\"categorylist__itemTitle\">\n            <span>Kompakt Dachbleche<\/span>\n            <strong>COMPACT SERIES<\/strong>\n        <\/p>\n    <\/a>\n    <a href=\"https:\/\/bp2.eu\/de\/angebot\/wohnungsbau\/?type=auf-mass-geschnittene-dachbleche\" class=\"categorylist__item categorylist__item--red\">\n        <figure><img decoding=\"async\" src=\"https:\/\/bp2.eu\/wp-content\/uploads\/2022\/08\/blachodachowki-retro.svg\" alt=\"\"><\/figure>\n\n        <p class=\"categorylist__itemTitle\">\n            <span>Auf Ma\u00df geschnittene Dachbleche<\/span>\n            <strong>CLASSIC SERIES<\/strong>\n        <\/p>\n    <\/a>\n    <a href=\"https:\/\/bp2.eu\/de\/angebot\/wohnungsbau\/?type=dachbleche-retro\" class=\"categorylist__item categorylist__item--red\">\n        <figure><img decoding=\"async\" src=\"https:\/\/bp2.eu\/wp-content\/uploads\/2022\/08\/blachodachowki-retro.svg\" alt=\"\"><\/figure>\n\n        <p class=\"categorylist__itemTitle\">\n            <span>Dachbleche<\/span>\n            <strong>RETRO<\/strong>\n        <\/p>\n    <\/a>\n    <a href=\"https:\/\/bp2.eu\/de\/angebot\/wohnungsbau\/?type=dachpaneele\" class=\"categorylist__item categorylist__item--red\">\n        <figure><img decoding=\"async\" src=\"https:\/\/bp2.eu\/wp-content\/uploads\/2022\/08\/panel-series-1.svg\" alt=\"\"><\/figure>\n\n        <p class=\"categorylist__itemTitle\">\n            <span>Dachpaneele<\/span>\n            <strong>PANEL SERIES<\/strong>\n        <\/p>\n    <\/a>\n    <a href=\"https:\/\/bp2.eu\/de\/angebot\/wohnungsbau\/?type=inguri-dachrinnensysteme\" class=\"categorylist__item categorylist__item--red\">\n        <figure><img decoding=\"async\" src=\"https:\/\/bp2.eu\/wp-content\/uploads\/2022\/08\/inguri-1.svg\" alt=\"\"><\/figure>\n\n        <p class=\"categorylist__itemTitle\">\n            <span>Dachrinnensysteme<\/span>\n            <strong>INGURI<\/strong>\n        <\/p>\n    <\/a>\n    <a href=\"https:\/\/bp2.eu\/de\/angebot\/wohnungsbau\/?type=trapezbleche\" class=\"categorylist__item categorylist__item--red\">\n        <figure><img decoding=\"async\" src=\"https:\/\/bp2.eu\/wp-content\/uploads\/2022\/08\/blachy-trapezowe.svg\" alt=\"\"><\/figure>\n\n        <p class=\"categorylist__itemTitle\">\n            <span>Dach- und Fassaden-<\/span>\n            <strong>Trapezbleche<\/strong>\n        <\/p>\n    <\/a>\n    <a href=\"https:\/\/bp2.eu\/de\/angebot\/wohnungsbau\/?type=flache-bleche\" class=\"categorylist__item categorylist__item--red\">\n        <figure><img decoding=\"async\" src=\"https:\/\/bp2.eu\/wp-content\/uploads\/2022\/08\/blachy-plaskie.svg\" alt=\"\"><\/figure>\n\n        <p class=\"categorylist__itemTitle\">\n            <span><\/span>\n            <strong>Glatte Bleche<\/strong>\n        <\/p>\n    <\/a>\n    <a href=\"https:\/\/bp2.eu\/de\/angebot\/wohnungsbau\/?type=kantteile\" class=\"categorylist__item categorylist__item--red\">\n        <figure><img decoding=\"async\" src=\"https:\/\/bp2.eu\/wp-content\/uploads\/2022\/12\/obrobki-blacharskie.svg\" alt=\"\"><\/figure>\n\n        <p class=\"categorylist__itemTitle\">\n            <span><\/span>\n            <strong>Kantteile<\/strong>\n        <\/p>\n    <\/a>\n    <a href=\"https:\/\/bp2.eu\/de\/angebot\/wohnungsbau\/?type=dachzubehoer\" class=\"categorylist__item categorylist__item--red\">\n        <figure><img decoding=\"async\" src=\"https:\/\/bp2.eu\/wp-content\/uploads\/2022\/08\/akcesoria-dachowe.svg\" alt=\"\"><\/figure>\n\n        <p class=\"categorylist__itemTitle\">\n            <span><\/span>\n            <strong>Dachzubeh\u00f6r<\/strong>\n        <\/p>\n    <\/a>\n    <a href=\"https:\/\/bp2.eu\/de\/angebot\/objekt-und-gewerbebau\/?type=corepir-verbundplatten\" class=\"categorylist__item categorylist__item--red\">\n        <figure><img decoding=\"async\" src=\"https:\/\/bp2.eu\/wp-content\/uploads\/2022\/09\/plyty-warstwowe-dachowe-1.svg\" alt=\"\"><\/figure>\n\n        <p class=\"categorylist__itemTitle\">\n            <span>Dach-Verbundplatten<\/span>\n            <strong>CorePIR<\/strong>\n        <\/p>\n    <\/a>\n    <a href=\"https:\/\/bp2.eu\/de\/angebot\/objekt-und-gewerbebau\/?type=corewool-verbundplatte\" class=\"categorylist__item categorylist__item--red\">\n        <figure><img decoding=\"async\" src=\"https:\/\/bp2.eu\/wp-content\/uploads\/2022\/09\/plyty-warstwowe-scienne-1.svg\" alt=\"\"><\/figure>\n\n        <p class=\"categorylist__itemTitle\">\n            <span>Dach-Verbundplatten<\/span>\n            <strong>CoreWOOL<\/strong>\n        <\/p>\n    <\/a>\n    <a href=\"https:\/\/vss.sk\/en\/product\/unwinding-and-cutting-services\/\" class=\"categorylist__item categorylist__item--red\">\n        <figure><img decoding=\"async\" src=\"https:\/\/bp2.eu\/wp-content\/uploads\/2022\/08\/rozkroje.svg\" alt=\"\"><\/figure>\n\n        <p class=\"categorylist__itemTitle\">\n            <span><\/span>\n            <strong>Schneiden und Wickeln<\/strong>\n        <\/p>\n    <\/a>\n    <a href=\"https:\/\/vss.sk\/en\/product\/cutting-recoiling\/\" class=\"categorylist__item categorylist__item--red\">\n        <figure><img decoding=\"async\" src=\"https:\/\/bp2.eu\/wp-content\/uploads\/2022\/08\/formatki.svg\" alt=\"\"><\/figure>\n\n        <p class=\"categorylist__itemTitle\">\n            <span><\/span>\n            <strong>Glatte Bleche<\/strong>\n        <\/p>\n    <\/a>\n    <a href=\"https:\/\/vss.sk\/en\/product\/perforation-of-sheets\/\" class=\"categorylist__item categorylist__item--red\">\n        <figure><img decoding=\"async\" src=\"https:\/\/bp2.eu\/wp-content\/uploads\/2022\/08\/perforacja.svg\" alt=\"\"><\/figure>\n\n        <p class=\"categorylist__itemTitle\">\n            <span><\/span>\n            <strong>Dachperforation<\/strong>\n        <\/p>\n    <\/a>\n<\/div><\/div><\/div>\n\n\n\r\n<div class=\"section__data\" data-section=\"NEWS\"><\/div>","protected":false},"excerpt":{"rendered":"<p>W\u00e4hlen Sie die Marke, f\u00fcr die Sie sich interessieren, um zur entsprechenden Seite zu gelangen Willkommen in der Welt von BP2 BP2 ist ein Hersteller von kompletten Dach- und Fassadenl\u00f6sungen mit vier integrierten Produktionsst\u00e4tten, und zwar in Polen in Grojec bei Krakau und D\u0105browa G\u00f3rnicza sowie in Slovakia. MENSCHEN, BEZIEHUNGEN, TECHNOLOGIE, QUALIT\u00c4T THE POWER OF [&hellip;]<\/p>\n","protected":false},"author":1,"featured_media":0,"parent":0,"menu_order":134,"comment_status":"closed","ping_status":"closed","template":"templates\/home.php","meta":{"_acf_changed":false,"content-type":"","inline_featured_image":false,"footnotes":""},"class_list":["post-61887","page","type-page","status-publish","hentry"],"acf":[],"_links":{"self":[{"href":"https:\/\/bp2.eu\/de\/wp-json\/wp\/v2\/pages\/61887","targetHints":{"allow":["GET"]}}],"collection":[{"href":"https:\/\/bp2.eu\/de\/wp-json\/wp\/v2\/pages"}],"about":[{"href":"https:\/\/bp2.eu\/de\/wp-json\/wp\/v2\/types\/page"}],"author":[{"embeddable":true,"href":"https:\/\/bp2.eu\/de\/wp-json\/wp\/v2\/users\/1"}],"replies":[{"embeddable":true,"href":"https:\/\/bp2.eu\/de\/wp-json\/wp\/v2\/comments?post=61887"}],"version-history":[{"count":2,"href":"https:\/\/bp2.eu\/de\/wp-json\/wp\/v2\/pages\/61887\/revisions"}],"predecessor-version":[{"id":106965,"href":"https:\/\/bp2.eu\/de\/wp-json\/wp\/v2\/pages\/61887\/revisions\/106965"}],"wp:attachment":[{"href":"https:\/\/bp2.eu\/de\/wp-json\/wp\/v2\/media?parent=61887"}],"curies":[{"name":"wp","href":"https:\/\/api.w.org\/{rel}","templated":true}]}}