{"id":62180,"date":"2022-03-24T12:59:36","date_gmt":"2022-03-24T11:59:36","guid":{"rendered":"https:\/\/bp2.eu\/kariera\/"},"modified":"2023-07-06T14:04:12","modified_gmt":"2023-07-06T12:04:12","slug":"karriere","status":"publish","type":"page","link":"https:\/\/bp2.eu\/de\/karriere\/","title":{"rendered":"Karriere"},"content":{"rendered":"\n<div class=\"wp-block-group is-style-with-b2-background\"><div class=\"wp-block-group__inner-container is-layout-flow wp-block-group-is-layout-flow\">\n<div style=\"height:100px\" aria-hidden=\"true\" class=\"wp-block-spacer is-style-small-spacer\"><\/div>\n\n\n\n<p class=\"has-text-align-center noMarginBottom has-red-color has-text-color\"><strong><strong><strong>ES GIBT UNTERNEHMEN, F\u00dcR DIE ES SICH LOHNT ZU ARBEITEN KARRIERE BEI BP2<\/strong><\/strong><\/strong><\/p>\n\n\n\n<h1 class=\"wp-block-heading has-text-align-center is-style-h1 noMarginTop noMarginBottom\" style=\"font-size:3.5em\"><strong>KARRIERE BEI BP2<\/strong><\/h1>\n\n\n\n<div style=\"height:100px\" aria-hidden=\"true\" class=\"wp-block-spacer is-style-small-spacer\"><\/div>\n<\/div><\/div>\n\n\n\n<div class=\"wp-block-group is-style-narrower-group\"><div class=\"wp-block-group__inner-container is-layout-flow wp-block-group-is-layout-flow\">\n<p class=\"has-text-align-center\" style=\"font-size:22px\"><strong>Seit 1995 ist BP2<\/strong> ein renommierter Hersteller von Komplettl\u00f6sungen f\u00fcr den Wohnungs- und Industriebau. Zus\u00e4tzlich bieten wir unsere Dienstleistungen im Rahmen des<strong> Stahl &#8211; Kundendienstzentrums an<\/strong>. Wir sind ebenfalls die Entwickler der <strong>Marke SOLROOF<\/strong>, die innovative Produkte f\u00fcr integrierte Photovoltaikd\u00e4cher bietet. BP2 betreibt f\u00fcnf Produktionsst\u00e4tten in Krakau und D\u0105browa G\u00f3rnicza (Polen), Ko\u0161ice (Slowakei) sowie Cluj Napoca und Timisoara (Rum\u00e4nien).<\/p>\n\n\n\n<div class=\"wp-block-group alignCenter\"><div class=\"wp-block-group__inner-container is-layout-flow wp-block-group-is-layout-flow\">\n<a href=\"https:\/\/bp2.eu\/de\/karriere\/#Job-Angebote\"  class=\"button button--red \">OFFENE STELLENANGEBOTE<\/a>\n\n\n<div style=\"height:100px\" aria-hidden=\"true\" class=\"wp-block-spacer is-style-small-spacer\"><\/div>\n<\/div><\/div>\n<\/div><\/div>\n\n\n\n<div class=\"wp-block-group alignCenter is-style-default\"><div class=\"wp-block-group__inner-container is-layout-flow wp-block-group-is-layout-flow\"><div class=\"wp-block-image is-style-cinema is-style-mobile-full wp-embed-aspect-16-9 wp-has-aspect-ratio noMarginBottom\">\n<figure class=\"aligncenter size-full\"><img loading=\"lazy\" decoding=\"async\" width=\"1633\" height=\"524\" src=\"https:\/\/bp2.eu\/wp-content\/uploads\/2022\/03\/bp2_kariera.png\" alt=\"\" class=\"wp-image-5388\" srcset=\"https:\/\/bp2.eu\/wp-content\/uploads\/2022\/03\/bp2_kariera.png 1633w, https:\/\/bp2.eu\/wp-content\/uploads\/2022\/03\/bp2_kariera-820x263.png 820w, https:\/\/bp2.eu\/wp-content\/uploads\/2022\/03\/bp2_kariera-1024x329.png 1024w, https:\/\/bp2.eu\/wp-content\/uploads\/2022\/03\/bp2_kariera-768x246.png 768w, https:\/\/bp2.eu\/wp-content\/uploads\/2022\/03\/bp2_kariera-1536x493.png 1536w\" sizes=\"auto, (max-width: 1633px) 100vw, 1633px\" \/><\/figure>\n<\/div><\/div><\/div>\n\n\n\n<div class=\"wp-block-group is-style-minus-margin has-dark-gray-background-color has-background\"><div class=\"wp-block-group__inner-container is-layout-flow wp-block-group-is-layout-flow\"><div class=\"wp-block-image is-style-minus-half scrollBtn noMarginBottom\">\n<figure class=\"aligncenter size-large\" id=\"Job-Angebote\"><a href=\"#oferty-pracy\"><img loading=\"lazy\" decoding=\"async\" width=\"59\" height=\"58\" src=\"https:\/\/bp2.eu\/wp-content\/uploads\/\/strzalka.svg\" alt=\"\" class=\"wp-image-11270\" title=\"\"\/><\/a><\/figure>\n<\/div>\n\n\n<div style=\"height:100px\" aria-hidden=\"true\" class=\"wp-block-spacer is-style-smaller-spacer\"><\/div>\n\n\n\n<h2 class=\"wp-block-heading has-text-align-center is-style-h2\"><strong>AKTUELLE STELLENANGEBOTE<\/strong><\/h2>\n\n\n        <form action=\"\" data-jobs-filters class=\"jobFilter\" >\n                \n        <div class=\"jobFilter__search\">\n            <input type=\"text\" name=\"search\" placeholder=\"Phrase eingeben\">\n            <button class=\"button button--black\" data-submit>Suche<\/button>\n        <\/div>\n    <\/form>\n\n    <div class=\"job-results\">\n        <div id=\"object-list\"><\/div>\n        <div class=\"lds-roller loader\"><div><\/div><div><\/div><div><\/div><div><\/div><div><\/div><div><\/div><div><\/div><div><\/div><\/div>    <\/div>\n\n\n\n<div style=\"height:100px\" aria-hidden=\"true\" class=\"wp-block-spacer is-style-small-spacer\"><\/div>\n<\/div><\/div>\n\n\n\n<div id=\"Stufen-der-Rekrutierung\" class=\"wp-block-group\"><div class=\"wp-block-group__inner-container is-layout-flow wp-block-group-is-layout-flow\">\n<div style=\"height:100px\" aria-hidden=\"true\" class=\"wp-block-spacer is-style-small-spacer\"><\/div>\n\n\n\n<h2 class=\"wp-block-heading is-style-h1\"><strong><strong>REKRURIENGSPHASEN<\/strong><\/strong><\/h2>\n\n\n\n<div class=\"wp-block-columns is-layout-flex wp-container-core-columns-is-layout-9d6595d7 wp-block-columns-is-layout-flex\">\n<div class=\"wp-block-column is-layout-flow wp-block-column-is-layout-flow\">\n<div class=\"wp-block-columns is-layout-flex wp-container-core-columns-is-layout-9d6595d7 wp-block-columns-is-layout-flex\">\n<div class=\"wp-block-column is-style-space-left is-layout-flow wp-block-column-is-layout-flow\" style=\"flex-basis:32%\">\n<figure class=\"wp-block-image size-full\"><img decoding=\"async\" src=\"https:\/\/bp2.eu\/wp-content\/uploads\/2022\/03\/1.png\" alt=\"\" class=\"wp-image-5412\"\/><\/figure>\n<\/div>\n\n\n\n<div class=\"wp-block-column is-layout-flow wp-block-column-is-layout-flow\" style=\"flex-basis:66.66%\">\n<h2 class=\"wp-block-heading is-style-h3 noMarginBottom noMarginTop\"><strong>Phase 1<\/strong><\/h2>\n\n\n\n<h2 class=\"wp-block-heading is-style-h3 noMarginTop\" style=\"font-style:normal;font-weight:300\"><strong>Wir freuen uns auf Ihre Bewerbung<\/strong><\/h2>\n\n\n\n<p>Alle BP2 Stellenausschreibungen finden Sie unter \u201eStellenangebote\u201c. Suchen Sie ein Angebot, das Sie interessiert, und f\u00fcllen Sie das Bewerbungsformular aus. Wenn Ihre Erfahrung unseren Anforderungen entspricht, werden wir uns telefonisch mit Ihnen in Verbindung setzen.<\/p>\n<\/div>\n<\/div>\n<\/div>\n\n\n\n<div class=\"wp-block-column is-layout-flow wp-block-column-is-layout-flow\">\n<div class=\"wp-block-columns is-layout-flex wp-container-core-columns-is-layout-9d6595d7 wp-block-columns-is-layout-flex\">\n<div class=\"wp-block-column is-style-space-left is-layout-flow wp-block-column-is-layout-flow\" style=\"flex-basis:32%\">\n<figure class=\"wp-block-image size-full\"><img decoding=\"async\" src=\"https:\/\/bp2.eu\/wp-content\/uploads\/2022\/03\/Group-834.png\" alt=\"\" class=\"wp-image-5428\"\/><\/figure>\n<\/div>\n\n\n\n<div class=\"wp-block-column is-layout-flow wp-block-column-is-layout-flow\" style=\"flex-basis:66.66%\">\n<h2 class=\"wp-block-heading is-style-h3 noMarginBottom noMarginTop\"><strong>Phase 2<\/strong><\/h2>\n\n\n\n<h2 class=\"wp-block-heading is-style-h3 noMarginTop\" style=\"font-style:normal;font-weight:300\"><strong>Telefon-\/Videoanruf<\/strong><\/h2>\n\n\n\n<p>In der zweiten Phase werden wir uns mit Ihnen in Verbindung setzen und ein Telefon- oder Videointerview vereinbaren, in dem wir Ihnen die Stelle, f\u00fcr die Sie sich bewerben, vorstellen und \u00fcber unsere Unternehmenswerte sprechen.<\/p>\n<\/div>\n<\/div>\n<\/div>\n<\/div>\n\n\n\n<div class=\"wp-block-columns is-layout-flex wp-container-core-columns-is-layout-9d6595d7 wp-block-columns-is-layout-flex\">\n<div class=\"wp-block-column is-layout-flow wp-block-column-is-layout-flow\">\n<div class=\"wp-block-columns is-layout-flex wp-container-core-columns-is-layout-9d6595d7 wp-block-columns-is-layout-flex\">\n<div class=\"wp-block-column is-style-space-left is-layout-flow wp-block-column-is-layout-flow\" style=\"flex-basis:32%\">\n<figure class=\"wp-block-image size-full\"><img decoding=\"async\" src=\"http:\/\/bp2.eu\/wp-content\/uploads\/2022\/03\/Group-836.png\" alt=\"\" class=\"wp-image-5432\"\/><\/figure>\n<\/div>\n\n\n\n<div class=\"wp-block-column is-layout-flow wp-block-column-is-layout-flow\" style=\"flex-basis:66.66%\">\n<h2 class=\"wp-block-heading is-style-h3 noMarginBottom noMarginTop\"><strong>Phase 3<\/strong><\/h2>\n\n\n\n<h2 class=\"wp-block-heading is-style-h3 noMarginTop\" style=\"font-style:normal;font-weight:300\"><strong>Treffen in unserem Firmensitz<\/strong><\/h2>\n\n\n\n<p>Reservieren Sie daf\u00fcr etwa 45 Minuten. W\u00e4hrend des Gespr\u00e4chs werden wir Ihnen mehr \u00fcber das Unternehmen, die Produkte und unsere Unternehmenskultur erz\u00e4hlen. Als n\u00e4chstes m\u00f6chten wir Sie kennenlernen. Wir interessieren uns f\u00fcr Ihre Erfahrungen, Erwartungen und Zukunftspl\u00e4ne. Je nach der Stelle, f\u00fcr die Sie sich bewerben, kann auch eine einfache Einstellungsaufgabe hinzukommen.<\/p>\n<\/div>\n<\/div>\n<\/div>\n\n\n\n<div class=\"wp-block-column is-layout-flow wp-block-column-is-layout-flow\">\n<div class=\"wp-block-columns is-layout-flex wp-container-core-columns-is-layout-9d6595d7 wp-block-columns-is-layout-flex\">\n<div class=\"wp-block-column is-style-space-left is-layout-flow wp-block-column-is-layout-flow\" style=\"flex-basis:32%\">\n<figure class=\"wp-block-image size-full\"><img loading=\"lazy\" decoding=\"async\" width=\"110\" height=\"110\" src=\"https:\/\/bp2.eu\/wp-content\/uploads\/2022\/03\/Group-837.png\" alt=\"\" class=\"wp-image-5436\"\/><\/figure>\n<\/div>\n\n\n\n<div class=\"wp-block-column is-layout-flow wp-block-column-is-layout-flow\" style=\"flex-basis:66.66%\">\n<h2 class=\"wp-block-heading is-style-h3 noMarginBottom noMarginTop\">Phase 4<\/h2>\n\n\n\n<h2 class=\"wp-block-heading is-style-h3 noMarginTop\" style=\"font-style:normal;font-weight:300\"><strong>Entscheidungsmitteilung<\/strong><\/h2>\n\n\n\n<p>Nach Abschluss des Auswahlverfahrens bem\u00fchen wir uns, Ihnen innerhalb von zwei Wochen nach dem letzten Gespr\u00e4ch eine Entscheidung mitzuteilen. Wir respektieren Ihre Zeit und werden Sie entweder telefonisch oder per E-Mail \u00fcber das Ergebnis Ihrer Bewerbung informieren.<\/p>\n<\/div>\n<\/div>\n<\/div>\n<\/div>\n<\/div><\/div>\n\n\n\n<div class=\"wp-block-group alignCenter\"><div class=\"wp-block-group__inner-container is-layout-flow wp-block-group-is-layout-flow\"><div class=\"wp-block-image is-style-cinema is-style-mobile-full wp-embed-aspect-16-9 wp-has-aspect-ratio\">\n<figure class=\"aligncenter size-full\"><img loading=\"lazy\" decoding=\"async\" width=\"1633\" height=\"437\" src=\"https:\/\/bp2.eu\/wp-content\/uploads\/2022\/03\/bp2_kariera-2.png\" alt=\"\" class=\"wp-image-5449\" srcset=\"https:\/\/bp2.eu\/wp-content\/uploads\/2022\/03\/bp2_kariera-2.png 1633w, https:\/\/bp2.eu\/wp-content\/uploads\/2022\/03\/bp2_kariera-2-820x219.png 820w, https:\/\/bp2.eu\/wp-content\/uploads\/2022\/03\/bp2_kariera-2-1024x274.png 1024w, https:\/\/bp2.eu\/wp-content\/uploads\/2022\/03\/bp2_kariera-2-768x206.png 768w, https:\/\/bp2.eu\/wp-content\/uploads\/2022\/03\/bp2_kariera-2-1536x411.png 1536w\" sizes=\"auto, (max-width: 1633px) 100vw, 1633px\" \/><\/figure>\n<\/div><\/div><\/div>\n\n\n\n<div id=\"Saulen\" class=\"wp-block-group is-style-minus-margin has-dark-gray-background-color has-background\"><div class=\"wp-block-group__inner-container is-layout-flow wp-block-group-is-layout-flow\">\n<div style=\"height:80px\" aria-hidden=\"true\" class=\"wp-block-spacer is-style-small-spacer\"><\/div>\n\n\n\n<h2 class=\"wp-block-heading has-text-align-center is-style-h2\"><strong>UNSERE 4 S\u00c4ULEN<\/strong><\/h2>\n\n\n\n<p class=\"has-text-align-center\">Ein Unternehmen muss wie ein Geb\u00e4ude auf einem soliden Fundament stehen. BP2 steht auf vier stahlharten S\u00e4ulen, <\/p>\n\n\n\n<p class=\"has-text-align-center\">die Stabilit\u00e4t garantieren und ein kontinuierliches Wachstum gew\u00e4hrleisten.<\/p>\n\n\n\n<div style=\"height:100px\" aria-hidden=\"true\" class=\"wp-block-spacer is-style-small-spacer\"><\/div>\n\n\n\n<div class=\"wp-block-columns is-layout-flex wp-container-core-columns-is-layout-9d6595d7 wp-block-columns-is-layout-flex\">\n<div class=\"wp-block-column is-layout-flow wp-block-column-is-layout-flow\"><div class=\"wp-block-image\">\n<figure class=\"aligncenter size-full\"><img decoding=\"async\" src=\"http:\/\/bp2.eu\/wp-content\/uploads\/2022\/03\/bp2_dekarze_icon-3.png\" alt=\"\" class=\"wp-image-3355\"\/><\/figure>\n<\/div>\n\n\n<p class=\"has-text-align-center\"><strong><strong>MENSCHEN<\/strong><\/strong><\/p>\n\n\n\n<p class=\"has-text-align-center\">Das Unternehmen und die positive Atmosph\u00e4re werden von den Menschen geschaffen. Wir m\u00f6chten, dass sich jeder Mitarbeiter im Team von BP2 wohlf\u00fchlt und optimale Bedingungen hat, um seine Arbeit zu erledigen. Dazu verbessern wir kontinuierlich unseren Managementprozess, um eine transparente Entscheidungsfindung und einen klaren Informationsfluss zu gew\u00e4hrleisten.\u00a0<strong>\u00c4hnlich wie W\u00f6lfe handeln wir als Team und arbeiten gemeinsam daran, erfolgreich zu sein.<\/strong><\/p>\n<\/div>\n\n\n\n<div class=\"wp-block-column is-layout-flow wp-block-column-is-layout-flow\"><div class=\"wp-block-image\">\n<figure class=\"aligncenter size-full\"><img decoding=\"async\" src=\"https:\/\/bp2.eu\/wp-content\/uploads\/2022\/03\/Group-324.png\" alt=\"\" class=\"wp-image-2027\"\/><\/figure>\n<\/div>\n\n\n<p class=\"has-text-align-center\"><strong><strong><strong><strong>GESCH\u00c4FTSBEZIEHUNGEN<\/strong><\/strong><\/strong><\/strong><\/p>\n\n\n\n<p class=\"has-text-align-center\">Bei BP2 haben wir \u00fcber viele Jahre hinweg professionelle Beziehungen zu unseren Kunden, Lieferanten und Mitarbeitern aufgebaut. Wir legen gro\u00dfen Wert auf transparente Kommunikation und offenen Dialog. Unser Ziel ist es, unseren Kunden moderne Zusammenarbeitsinstrumente anzubieten und sie bei ihren Marketingprogrammen zu unterst\u00fctzen.\u00a0<strong>Wir sind uns bewusst, dass sich der Markt st\u00e4ndig ver\u00e4ndert, daher passen wir uns flexibel an die Bed\u00fcrfnisse unserer Kunden an.<\/strong><\/p>\n<\/div>\n\n\n\n<div class=\"wp-block-column is-layout-flow wp-block-column-is-layout-flow\"><div class=\"wp-block-image\">\n<figure class=\"aligncenter size-full\"><img decoding=\"async\" src=\"https:\/\/bp2.eu\/wp-content\/uploads\/2022\/03\/Group-327.png\" alt=\"\" class=\"wp-image-2048\"\/><\/figure>\n<\/div>\n\n\n<p class=\"has-text-align-center\"><strong>TECHNOLOGIE<\/strong><\/p>\n\n\n\n<p class=\"has-text-align-center\">Wir setzen wir auf innovative L\u00f6sungen und modernste Technologien, um unsere Produktion kontinuierlich zu optimieren, unsere\u00a0<strong>Produktpalette zu erweitern und die Qualit\u00e4t unserer Produkte und Dienstleistungen zu verbessern<\/strong>. Dabei verlieren wir jedoch nie die Prinzipien der Nachhaltigkeit und der Sicherheit unserer Mitarbeiter aus den Augen.<\/p>\n<\/div>\n\n\n\n<div class=\"wp-block-column is-layout-flow wp-block-column-is-layout-flow\"><div class=\"wp-block-image\">\n<figure class=\"aligncenter size-full\"><img decoding=\"async\" src=\"https:\/\/bp2.eu\/wp-content\/uploads\/2022\/03\/Group-330.png\" alt=\"\" class=\"wp-image-2071\"\/><\/figure>\n<\/div>\n\n\n<p class=\"has-text-align-center\"><strong><strong>QUALIT\u00c4T<\/strong><\/strong><\/p>\n\n\n\n<p class=\"has-text-align-center\">Qualit\u00e4t steht bei uns an erster Stelle. An allen BP2-Produktionsstandorten erfolgt eine umfassende Prozess- und Produktkontrolle, um h\u00f6chste Qualit\u00e4t sicherzustellen.\u00a0<strong>Unsere internen Qualit\u00e4tsma\u00dfnahmen stehen unter st\u00e4ndiger \u00dcberwachung durch die deutsche DVS ZERT GmbH mit Sitz in D\u00fcsseldorf.\u00a0<\/strong>Die kontinuierliche Fokussierung auf Produktqualit\u00e4t wird durch ein ausgestelltes und j\u00e4hrlich erneuertes Zertifikat best\u00e4tigt, das die einwandfreie Funktion der werkseigenen Produktionskontrolle best\u00e4tigt.<\/p>\n<\/div>\n<\/div>\n\n\n\n<div style=\"height:100px\" aria-hidden=\"true\" class=\"wp-block-spacer is-style-small-spacer\"><\/div>\n<\/div><\/div>\n\n\n\n<div class=\"wp-block-group\"><div class=\"wp-block-group__inner-container is-layout-flow wp-block-group-is-layout-flow\">\n<div style=\"height:100px\" aria-hidden=\"true\" class=\"wp-block-spacer is-style-small-spacer\"><\/div>\n\n\n\n<div class=\"wp-block-columns is-layout-flex wp-container-core-columns-is-layout-9d6595d7 wp-block-columns-is-layout-flex\">\n<div class=\"wp-block-column is-layout-flow wp-block-column-is-layout-flow\">\n<div class=\"wp-block-cover is-style-content-from-bottom\"><span aria-hidden=\"true\" class=\"wp-block-cover__background has-background-dim\"><\/span><img loading=\"lazy\" decoding=\"async\" width=\"527\" height=\"534\" class=\"wp-block-cover__image-background wp-image-3694\" alt=\"\" src=\"https:\/\/bp2.eu\/wp-content\/uploads\/2022\/03\/IMG_8343.png\" data-object-fit=\"cover\"\/><div class=\"wp-block-cover__inner-container is-layout-flow wp-block-cover-is-layout-flow\">\n<h2 class=\"wp-block-heading is-style-h3\"><strong>PROFIBEREICH<\/strong><\/h2>\n\n\n\n<p>Besuchen Sie die Unterseite f\u00fcr Fachpersonal aus der Branche.<\/p>\n\n\n\n<a href=\"http:\/\/bp2.eu\/de\/profibereich\"  class=\"button button--red \">MEHR ERFAHREN<\/a><\/div><\/div>\n<\/div>\n\n\n\n<div class=\"wp-block-column is-layout-flow wp-block-column-is-layout-flow\">\n<div class=\"wp-block-cover is-style-content-from-bottom\"><span aria-hidden=\"true\" class=\"wp-block-cover__background has-background-dim\"><\/span><img loading=\"lazy\" decoding=\"async\" width=\"526\" height=\"534\" class=\"wp-block-cover__image-background wp-image-5514\" alt=\"\" src=\"https:\/\/bp2.eu\/wp-content\/uploads\/2022\/03\/MASTER-ROOFER_01-07-2021-23.png\" data-object-fit=\"cover\"\/><div class=\"wp-block-cover__inner-container is-layout-flow wp-block-cover-is-layout-flow\">\n<h2 class=\"wp-block-heading is-style-h3\"><strong>MEISTERAKADEMIE<\/strong><\/h2>\n\n\n\n<p>Eigenes Schulungsprogramm und Plattform f\u00fcr den Erfahrungsaustausch.<\/p>\n\n\n\n<a href=\"https:\/\/am.bp2.pl\/\"  class=\"button button--red \">TRETEN SIE DER MEISTERAKADEMIE BEI<\/a><\/div><\/div>\n<\/div>\n\n\n\n<div class=\"wp-block-column is-layout-flow wp-block-column-is-layout-flow\">\n<div class=\"wp-block-cover is-light is-style-content-from-bottom\"><span aria-hidden=\"true\" class=\"wp-block-cover__background has-background-dim\"><\/span><img loading=\"lazy\" decoding=\"async\" width=\"526\" height=\"534\" class=\"wp-block-cover__image-background wp-image-5510\" alt=\"\" src=\"https:\/\/bp2.eu\/wp-content\/uploads\/2022\/03\/Piknik-15-lecie-PSD-Malopolska-14.png\" data-object-fit=\"cover\"\/><div class=\"wp-block-cover__inner-container is-layout-flow wp-block-cover-is-layout-flow\">\n<h2 class=\"wp-block-heading is-style-h3 has-white-color has-text-color\"><strong>MARKETINGAKTIVIT\u00c4TEN<\/strong><\/h2>\n\n\n\n<p class=\"has-white-color has-text-color\">Marketingunterst\u00fctzung f\u00fcr Vertriebspartner und CSR-Aktivit\u00e4ten.<\/p>\n\n\n\n<a href=\"http:\/\/bp2.eu\/de\/MARKETINGAKTIVIT\u00c4TEN\"  class=\"button button--red \">ERFAHREN SIE MEHR \u00dcBER UNSERE AKTIVIT\u00c4TEN<\/a><\/div><\/div>\n<\/div>\n<\/div>\n<\/div><\/div>\n\n\n\n<div style=\"height:100px\" aria-hidden=\"true\" class=\"wp-block-spacer is-style-smaller-spacer\"><\/div>\n","protected":false},"excerpt":{"rendered":"<p>ES GIBT UNTERNEHMEN, F\u00dcR DIE ES SICH LOHNT ZU ARBEITEN KARRIERE BEI BP2 KARRIERE BEI BP2 Seit 1995 ist BP2 ein renommierter Hersteller von Komplettl\u00f6sungen f\u00fcr den Wohnungs- und Industriebau. Zus\u00e4tzlich bieten wir unsere Dienstleistungen im Rahmen des Stahl &#8211; Kundendienstzentrums an. Wir sind ebenfalls die Entwickler der Marke SOLROOF, die innovative Produkte f\u00fcr integrierte [&hellip;]<\/p>\n","protected":false},"author":1,"featured_media":0,"parent":0,"menu_order":117,"comment_status":"closed","ping_status":"closed","template":"","meta":{"_acf_changed":false,"content-type":"","inline_featured_image":false,"footnotes":""},"class_list":["post-62180","page","type-page","status-publish","hentry"],"acf":[],"_links":{"self":[{"href":"https:\/\/bp2.eu\/de\/wp-json\/wp\/v2\/pages\/62180","targetHints":{"allow":["GET"]}}],"collection":[{"href":"https:\/\/bp2.eu\/de\/wp-json\/wp\/v2\/pages"}],"about":[{"href":"https:\/\/bp2.eu\/de\/wp-json\/wp\/v2\/types\/page"}],"author":[{"embeddable":true,"href":"https:\/\/bp2.eu\/de\/wp-json\/wp\/v2\/users\/1"}],"replies":[{"embeddable":true,"href":"https:\/\/bp2.eu\/de\/wp-json\/wp\/v2\/comments?post=62180"}],"version-history":[{"count":0,"href":"https:\/\/bp2.eu\/de\/wp-json\/wp\/v2\/pages\/62180\/revisions"}],"wp:attachment":[{"href":"https:\/\/bp2.eu\/de\/wp-json\/wp\/v2\/media?parent=62180"}],"curies":[{"name":"wp","href":"https:\/\/api.w.org\/{rel}","templated":true}]}}