{"id":62528,"date":"2022-08-12T15:11:59","date_gmt":"2022-08-12T13:11:59","guid":{"rendered":"https:\/\/bp2.eu\/program-bp2-50-50\/"},"modified":"2025-09-03T15:08:21","modified_gmt":"2025-09-03T13:08:21","slug":"bp2-50-50","status":"publish","type":"page","link":"https:\/\/bp2.eu\/de\/bp2-50-50\/","title":{"rendered":"BP2 50:50"},"content":{"rendered":"\n<div class=\"wp-block-group is-style-with-b2-background\"><div class=\"wp-block-group__inner-container is-layout-flow wp-block-group-is-layout-flow\">\n<div style=\"height:100px\" aria-hidden=\"true\" class=\"wp-block-spacer is-style-small-spacer\"><\/div>\n\n\n\n<p class=\"has-text-align-center noMarginBottom has-red-color has-text-color\"><strong><strong><strong>BEQUEME UND SICHERE ARBEITSKLEIDUNG MIT AUFDRUCK IST EINE IDEALE PR\u00c4SENTATION IHRES UNTERNEHMENS<\/strong><\/strong><\/strong><\/p>\n\n\n\n<h2 class=\"wp-block-heading has-text-align-center noMarginTop noMarginBottom is-style-h1\" style=\"font-size:3.5em\">BP2 50:50<\/h2>\n\n\n\n<div style=\"height:100px\" aria-hidden=\"true\" class=\"wp-block-spacer is-style-small-spacer\"><\/div>\n<\/div><\/div>\n\n\n\n<div class=\"wp-block-group is-style-narrower-group\"><div class=\"wp-block-group__inner-container is-layout-flow wp-block-group-is-layout-flow\">\n<p class=\"has-text-align-center\" style=\"font-size:22px\">Dieses Programm richtet sich an Vertriebspartner und Dachdecker. Dabei werden die Produktionskosten f\u00fcr die angebotene zuverl\u00e4ssige Arbeitskleidung und die hochwertigen Werkzeuge zwischen BP2 und dem Kunden im Verh\u00e4ltnis 50:50 geteilt. Die Produkte werden mit den Logos der Partner des BP2 50:50 Programms gekennzeichnet.<\/p>\n<\/div><\/div>\n\n\n\n<div style=\"height:100px\" aria-hidden=\"true\" class=\"wp-block-spacer is-style-smaller-spacer\"><\/div>\n\n\n\n<div class=\"wp-block-group\"><div class=\"wp-block-group__inner-container is-layout-flow wp-block-group-is-layout-flow\">\n<div class=\"wp-block-columns is-style-grid fade-in is-layout-flex wp-container-core-columns-is-layout-9d6595d7 wp-block-columns-is-layout-flex\">\n<div class=\"wp-block-column is-layout-flow wp-block-column-is-layout-flow\">\n<div class=\"wp-block-cover is-style-full-height\"><img loading=\"lazy\" decoding=\"async\" width=\"1306\" height=\"1864\" class=\"wp-block-cover__image-background wp-image-57776\" alt=\"\" src=\"https:\/\/bp2.eu\/wp-content\/uploads\/2023\/02\/50-50-bp2-1.jpeg\" data-object-fit=\"cover\" srcset=\"https:\/\/bp2.eu\/wp-content\/uploads\/2023\/02\/50-50-bp2-1.jpeg 1306w, https:\/\/bp2.eu\/wp-content\/uploads\/2023\/02\/50-50-bp2-1-673x960.jpeg 673w, https:\/\/bp2.eu\/wp-content\/uploads\/2023\/02\/50-50-bp2-1-717x1024.jpeg 717w, https:\/\/bp2.eu\/wp-content\/uploads\/2023\/02\/50-50-bp2-1-768x1096.jpeg 768w, https:\/\/bp2.eu\/wp-content\/uploads\/2023\/02\/50-50-bp2-1-1076x1536.jpeg 1076w\" sizes=\"auto, (max-width: 1306px) 100vw, 1306px\" \/><span aria-hidden=\"true\" class=\"wp-block-cover__background has-background-dim-0 has-background-dim\"><\/span><div class=\"wp-block-cover__inner-container is-layout-flow wp-block-cover-is-layout-flow\">\n<p class=\"has-text-align-center\"><\/p>\n<\/div><\/div>\n<\/div>\n\n\n\n<div class=\"wp-block-column is-layout-flow wp-block-column-is-layout-flow\">\n<div class=\"wp-block-cover is-light is-style-full-width wp-duotone-8c00b7-fcff41-1\"><span aria-hidden=\"true\" class=\"wp-block-cover__background has-dark-gray-background-color has-background-dim-100 has-background-dim\"><\/span><div class=\"wp-block-cover__inner-container is-layout-flow wp-block-cover-is-layout-flow\">\n<figure class=\"wp-block-image size-large is-resized\"><img decoding=\"async\" src=\"https:\/\/bp2.eu\/wp-content\/uploads\/2023\/04\/bp2-50-50.svg\" alt=\"\" class=\"wp-image-63385\" style=\"width:185px;height:113px\"\/><\/figure>\n\n\n\n<p>Arbeitskleidung ist ein unverzichtbarer Teil der Ausr\u00fcstung f\u00fcr jeden Arbeiter. Sie ist auch eine ideale Visitenkarte f\u00fcr Ihr Unternehmen, die den Wiedererkennungswert Ihrer Marke in den Augen Ihrer Kunden erh\u00f6ht und das Zusammengeh\u00f6rigkeitsgef\u00fchl und die Loyalit\u00e4t Ihrer Mitarbeiter zum Unternehmen st\u00e4rkt.<\/p>\n\n\n\n<p>Erg\u00e4nzt wird die Arbeitskleidung durch Dachdeckerzubeh\u00f6r und Werkzeuge aus hochwertigem Material, die f\u00fcr Komfort und Sicherheit bei der Arbeit sorgen.<\/p>\n\n\n\n<p>In unserem Programm bieten wir Ihnen Arbeitskleidung von hervorragender Qualit\u00e4t, die f\u00fcr eine Vielzahl von Arbeitsbedingungen geeignet ist. Sie sch\u00fctzt Sie vor potenziellen Gefahren und bietet gleichzeitig volle Bewegungsfreiheit, ist ein Blickfang und erh\u00f6ht den Wiedererkennungswert Ihrer Marke.<\/p>\n\n\n\n<a href=\"https:\/\/bp2.eu\/wp-content\/uploads\/2023\/02\/Katalog-50-50-BP2-PL-09-2025.pdf\"  class=\"button button--red \">LADEN SIE UNSEREN BEKLEIDUNGSKATALOG HERUNTER<\/a>\n\n\n<a href=\"https:\/\/bp2.eu\/wp-content\/uploads\/2024\/09\/Formularz-50-50-BP2-PL-09-2025.pdf\"  class=\"button button--black \">Laden Sie das 50:50-Bestellformular herunter<\/a><\/div><\/div>\n<\/div>\n<\/div>\n<\/div><\/div>\n\n\n\n<div class=\"wp-block-group has-white-background-color has-background\"><div class=\"wp-block-group__inner-container is-layout-flow wp-block-group-is-layout-flow\">\n<div style=\"height:100px\" aria-hidden=\"true\" class=\"wp-block-spacer is-style-smaller-spacer\"><\/div>\n\n\n\n<div class=\"wp-block-columns is-style-grid is-layout-flex wp-container-core-columns-is-layout-9d6595d7 wp-block-columns-is-layout-flex\">\n<div class=\"wp-block-column is-layout-flow wp-block-column-is-layout-flow\">\n<div class=\"wp-block-cover is-light is-style-content-from-bottom\"><img loading=\"lazy\" decoding=\"async\" width=\"1306\" height=\"1864\" class=\"wp-block-cover__image-background wp-image-31260\" alt=\"\" src=\"https:\/\/bp2.eu\/wp-content\/uploads\/2022\/10\/BPACK-v2.jpg\" style=\"object-position:48% 100%\" data-object-fit=\"cover\" data-object-position=\"48% 100%\" srcset=\"https:\/\/bp2.eu\/wp-content\/uploads\/2022\/10\/BPACK-v2.jpg 1306w, https:\/\/bp2.eu\/wp-content\/uploads\/2022\/10\/BPACK-v2-673x960.jpg 673w, https:\/\/bp2.eu\/wp-content\/uploads\/2022\/10\/BPACK-v2-717x1024.jpg 717w, https:\/\/bp2.eu\/wp-content\/uploads\/2022\/10\/BPACK-v2-768x1096.jpg 768w, https:\/\/bp2.eu\/wp-content\/uploads\/2022\/10\/BPACK-v2-1076x1536.jpg 1076w\" sizes=\"auto, (max-width: 1306px) 100vw, 1306px\" \/><span aria-hidden=\"true\" class=\"wp-block-cover__background has-background-dim\"><\/span><div class=\"wp-block-cover__inner-container is-layout-flow wp-block-cover-is-layout-flow\">\n<div style=\"height:100px\" aria-hidden=\"true\" class=\"wp-block-spacer is-style-medium-spacer\"><\/div>\n\n\n\n<figure class=\"wp-block-image size-large is-resized\"><img decoding=\"async\" src=\"https:\/\/bp2.eu\/wp-content\/uploads\/\/2025\/09\/bp2-bpack.svg\" alt=\"bp2 bpack icon\" class=\"wp-image-103538\" style=\"width:163px;height:113px\"\/><\/figure>\n\n\n\n<p class=\"has-white-color has-text-color\">Es handelt sich um eine Marketingaktion f\u00fcr Vertriebspartner, bei der der Vertriebspartner auf Grundlage der zweimal im Jahr durch unseren Service vergebenen Punkte selbstst\u00e4ndig einen Korb mit Marketingmaterialien zusammenstellt, die in der aktuellen Ausgabe des Programms angeboten werden.<\/p>\n\n\n\n<div class=\"wp-block-group\"><div class=\"wp-block-group__inner-container is-layout-flow wp-block-group-is-layout-flow\">\n<a href=\"https:\/\/bp2.eu\/de\/bp2-bpack\/\"  class=\"button button--red \">MEHR ERFAHREN<\/a><\/div><\/div>\n<\/div><\/div>\n<\/div>\n\n\n\n<div class=\"wp-block-column is-layout-flow wp-block-column-is-layout-flow\">\n<div class=\"wp-block-cover is-light is-style-content-from-bottom\"><img loading=\"lazy\" decoding=\"async\" width=\"1306\" height=\"1864\" class=\"wp-block-cover__image-background wp-image-31334\" alt=\"\" src=\"https:\/\/bp2.eu\/wp-content\/uploads\/2022\/10\/AD.jpg\" style=\"object-position:45% 100%\" data-object-fit=\"cover\" data-object-position=\"45% 100%\" srcset=\"https:\/\/bp2.eu\/wp-content\/uploads\/2022\/10\/AD.jpg 1306w, https:\/\/bp2.eu\/wp-content\/uploads\/2022\/10\/AD-673x960.jpg 673w, https:\/\/bp2.eu\/wp-content\/uploads\/2022\/10\/AD-717x1024.jpg 717w, https:\/\/bp2.eu\/wp-content\/uploads\/2022\/10\/AD-768x1096.jpg 768w, https:\/\/bp2.eu\/wp-content\/uploads\/2022\/10\/AD-1076x1536.jpg 1076w\" sizes=\"auto, (max-width: 1306px) 100vw, 1306px\" \/><span aria-hidden=\"true\" class=\"wp-block-cover__background has-background-dim\"><\/span><div class=\"wp-block-cover__inner-container is-layout-flow wp-block-cover-is-layout-flow\">\n<div style=\"height:100px\" aria-hidden=\"true\" class=\"wp-block-spacer is-style-medium-spacer\"><\/div>\n\n\n\n<figure class=\"wp-block-image size-large is-resized\"><img decoding=\"async\" src=\"https:\/\/bp2.eu\/wp-content\/uploads\/\/2025\/09\/bp2-ad.svg\" alt=\"bp2 authorised d\" class=\"wp-image-103546\" style=\"width:185px;height:113px\"\/><\/figure>\n\n\n\n<p class=\"has-white-color has-text-color\">Um den Erwartungen unserer Vertriebspartner entgegenzukommen, haben wir ein umfassendes Programm zur Verkaufsunterst\u00fctzung f\u00fcr BP2-Produkte entwickelt. Derzeit konzentrieren sich die Aktivit\u00e4ten zur Verkaufsf\u00f6rderung auf digitales Marketing und lokale Online-Kampagnen. Unsere Abteilung steht Ihnen mit Rat und Tat zur Seite.<\/p>\n\n\n\n<div class=\"wp-block-group\"><div class=\"wp-block-group__inner-container is-layout-flow wp-block-group-is-layout-flow\">\n<a href=\"https:\/\/bp2.eu\/de\/bp2-authorised-distributor\/\"  class=\"button button--red \">MEHR ERFAHREN<\/a><\/div><\/div>\n<\/div><\/div>\n<\/div>\n\n\n\n<div class=\"wp-block-column is-layout-flow wp-block-column-is-layout-flow\">\n<div class=\"wp-block-cover is-light is-style-content-from-bottom\"><img loading=\"lazy\" decoding=\"async\" width=\"1306\" height=\"1864\" class=\"wp-block-cover__image-background wp-image-31207\" alt=\"\" src=\"https:\/\/bp2.eu\/wp-content\/uploads\/2022\/10\/BPACK.jpg\" style=\"object-position:51% 100%\" data-object-fit=\"cover\" data-object-position=\"51% 100%\" srcset=\"https:\/\/bp2.eu\/wp-content\/uploads\/2022\/10\/BPACK.jpg 1306w, https:\/\/bp2.eu\/wp-content\/uploads\/2022\/10\/BPACK-673x960.jpg 673w, https:\/\/bp2.eu\/wp-content\/uploads\/2022\/10\/BPACK-717x1024.jpg 717w, https:\/\/bp2.eu\/wp-content\/uploads\/2022\/10\/BPACK-768x1096.jpg 768w, https:\/\/bp2.eu\/wp-content\/uploads\/2022\/10\/BPACK-1076x1536.jpg 1076w\" sizes=\"auto, (max-width: 1306px) 100vw, 1306px\" \/><span aria-hidden=\"true\" class=\"wp-block-cover__background has-background-dim\"><\/span><div class=\"wp-block-cover__inner-container is-layout-flow wp-block-cover-is-layout-flow\">\n<div style=\"height:100px\" aria-hidden=\"true\" class=\"wp-block-spacer is-style-medium-spacer\"><\/div>\n\n\n\n<figure class=\"wp-block-image size-large is-resized\"><img decoding=\"async\" src=\"https:\/\/bp2.eu\/wp-content\/uploads\/\/2025\/09\/bp2eshop.svg\" alt=\"bp2 eshop\" class=\"wp-image-103554\" style=\"width:185px;height:113px\"\/><\/figure>\n\n\n\n<p class=\"has-white-color has-text-color\">Eine Online-Verkaufsplattform, die von BP2 gemeinsam mit einem Vertriebspartner verwaltet wird. Der reibungslose Betrieb der Plattform in Bezug auf die IT wird von BP2 in vollem Umfang garantiert. Der Vertriebspartner hat die M\u00f6glichkeit, die Website und das Angebot sowie die Gesch\u00e4ftsbedingungen frei zu gestalten.<\/p>\n\n\n\n<div class=\"wp-block-group\"><div class=\"wp-block-group__inner-container is-layout-flow wp-block-group-is-layout-flow\">\n<a href=\"https:\/\/bp2.eu\/de\/bp2-eshop\/\"  class=\"button button--red \">MEHR ERFAHREN<\/a><\/div><\/div>\n<\/div><\/div>\n<\/div>\n<\/div>\n\n\n\n<div style=\"height:100px\" aria-hidden=\"true\" class=\"wp-block-spacer is-style-small-spacer\"><\/div>\n<\/div><\/div>\n\n\n\n<div style=\"height:100px\" aria-hidden=\"true\" class=\"wp-block-spacer is-style-smaller-spacer\"><\/div>\n","protected":false},"excerpt":{"rendered":"<p>BEQUEME UND SICHERE ARBEITSKLEIDUNG MIT AUFDRUCK IST EINE IDEALE PR\u00c4SENTATION IHRES UNTERNEHMENS BP2 50:50 Dieses Programm richtet sich an Vertriebspartner und Dachdecker. Dabei werden die Produktionskosten f\u00fcr die angebotene zuverl\u00e4ssige Arbeitskleidung und die hochwertigen Werkzeuge zwischen BP2 und dem Kunden im Verh\u00e4ltnis 50:50 geteilt. Die Produkte werden mit den Logos der Partner des BP2 50:50 [&hellip;]<\/p>\n","protected":false},"author":6,"featured_media":0,"parent":0,"menu_order":85,"comment_status":"closed","ping_status":"closed","template":"","meta":{"_acf_changed":false,"content-type":"","inline_featured_image":false,"footnotes":""},"class_list":["post-62528","page","type-page","status-publish","hentry"],"acf":[],"_links":{"self":[{"href":"https:\/\/bp2.eu\/de\/wp-json\/wp\/v2\/pages\/62528","targetHints":{"allow":["GET"]}}],"collection":[{"href":"https:\/\/bp2.eu\/de\/wp-json\/wp\/v2\/pages"}],"about":[{"href":"https:\/\/bp2.eu\/de\/wp-json\/wp\/v2\/types\/page"}],"author":[{"embeddable":true,"href":"https:\/\/bp2.eu\/de\/wp-json\/wp\/v2\/users\/6"}],"replies":[{"embeddable":true,"href":"https:\/\/bp2.eu\/de\/wp-json\/wp\/v2\/comments?post=62528"}],"version-history":[{"count":6,"href":"https:\/\/bp2.eu\/de\/wp-json\/wp\/v2\/pages\/62528\/revisions"}],"predecessor-version":[{"id":103661,"href":"https:\/\/bp2.eu\/de\/wp-json\/wp\/v2\/pages\/62528\/revisions\/103661"}],"wp:attachment":[{"href":"https:\/\/bp2.eu\/de\/wp-json\/wp\/v2\/media?parent=62528"}],"curies":[{"name":"wp","href":"https:\/\/api.w.org\/{rel}","templated":true}]}}