{"id":62545,"date":"2022-09-29T12:50:26","date_gmt":"2022-09-29T10:50:26","guid":{"rendered":"https:\/\/bp2.eu\/program-bp2-authorised-distributor\/"},"modified":"2023-07-06T14:22:47","modified_gmt":"2023-07-06T12:22:47","slug":"bp2-authorised-distributor","status":"publish","type":"page","link":"https:\/\/bp2.eu\/de\/bp2-authorised-distributor\/","title":{"rendered":"BP2 AUTHORISED DISTRIBUTOR"},"content":{"rendered":"\n<div class=\"wp-block-group is-style-with-b2-background\"><div class=\"wp-block-group__inner-container is-layout-flow wp-block-group-is-layout-flow\">\n<div style=\"height:100px\" aria-hidden=\"true\" class=\"wp-block-spacer is-style-small-spacer\"><\/div>\n\n\n\n<p class=\"has-text-align-center noMarginBottom has-red-color has-text-color\"><strong><strong>VERKAUFSF\u00d6RDERUNGSPROGRAMM F\u00dcR BP2-PRODUKTE<\/strong><\/strong><\/p>\n\n\n\n<h2 class=\"wp-block-heading has-text-align-center noMarginTop noMarginBottom is-style-h1\" style=\"font-size:3.5em\">BP2 AUTHORISED DISTRIBUTOR<\/h2>\n\n\n\n<div style=\"height:100px\" aria-hidden=\"true\" class=\"wp-block-spacer is-style-small-spacer\"><\/div>\n<\/div><\/div>\n\n\n\n<div class=\"wp-block-group is-style-narrower-group\"><div class=\"wp-block-group__inner-container is-layout-flow wp-block-group-is-layout-flow\">\n<p class=\"has-text-align-center\" style=\"font-size:22px\">Um den Erwartungen unserer Vertriebspartner gerecht zu werden, haben wir ein umfassendes Verkaufsunterst\u00fctzungsprogramm f\u00fcr BP2-Produkte entwickelt. Derzeit konzentrieren sich unsere Aktivit\u00e4ten zur Verkaufsf\u00f6rderung auf digitales Marketing und lokale Online-Kampagnen. Unsere Abteilung steht Ihnen gerne mit Rat und Tat zur Seite.<\/p>\n<\/div><\/div>\n\n\n\n<div style=\"height:100px\" aria-hidden=\"true\" class=\"wp-block-spacer is-style-smaller-spacer\"><\/div>\n\n\n\n<div class=\"wp-block-group\"><div class=\"wp-block-group__inner-container is-layout-flow wp-block-group-is-layout-flow\">\n<div class=\"wp-block-columns is-style-grid fade-in is-layout-flex wp-container-core-columns-is-layout-9d6595d7 wp-block-columns-is-layout-flex\">\n<div class=\"wp-block-column is-layout-flow wp-block-column-is-layout-flow\">\n<div class=\"wp-block-cover is-light is-style-full-height\"><span aria-hidden=\"true\" class=\"wp-block-cover__background has-background-dim-0 has-background-dim\"><\/span><img loading=\"lazy\" decoding=\"async\" width=\"1306\" height=\"1864\" class=\"wp-block-cover__image-background wp-image-31334\" alt=\"\" src=\"https:\/\/bp2.eu\/wp-content\/uploads\/2022\/10\/AD.jpg\" style=\"object-position:54% 49%\" data-object-fit=\"cover\" data-object-position=\"54% 49%\" srcset=\"https:\/\/bp2.eu\/wp-content\/uploads\/2022\/10\/AD.jpg 1306w, https:\/\/bp2.eu\/wp-content\/uploads\/2022\/10\/AD-673x960.jpg 673w, https:\/\/bp2.eu\/wp-content\/uploads\/2022\/10\/AD-717x1024.jpg 717w, https:\/\/bp2.eu\/wp-content\/uploads\/2022\/10\/AD-768x1096.jpg 768w, https:\/\/bp2.eu\/wp-content\/uploads\/2022\/10\/AD-1076x1536.jpg 1076w\" sizes=\"auto, (max-width: 1306px) 100vw, 1306px\" \/><div class=\"wp-block-cover__inner-container is-layout-flow wp-block-cover-is-layout-flow\">\n<p class=\"has-text-align-center\"><\/p>\n<\/div><\/div>\n<\/div>\n\n\n\n<div class=\"wp-block-column is-layout-flow wp-block-column-is-layout-flow\">\n<div class=\"wp-block-cover is-light is-style-full-width wp-duotone-8c00b7-fcff41-1\"><span aria-hidden=\"true\" class=\"wp-block-cover__background has-dark-gray-background-color has-background-dim-100 has-background-dim\"><\/span><div class=\"wp-block-cover__inner-container is-layout-flow wp-block-cover-is-layout-flow\">\n<figure class=\"wp-block-image size-large is-resized\"><img loading=\"lazy\" decoding=\"async\" src=\"https:\/\/bp2.eu\/wp-content\/uploads\/2023\/04\/bp2-ad.svg\" alt=\"\" class=\"wp-image-63400\" width=\"185\" height=\"113\"\/><\/figure>\n\n\n\n<p>Wir haben ein umfassendes Programm zur Verkaufsf\u00f6rderung f\u00fcr <strong>BP2-Produkte <\/strong>entwickelt, um unseren Kunden dabei zu helfen, ihre Verkaufsstrategie zu verbessern, den Umsatz zu steigern und gleichzeitig die Arbeitszeit zu optimieren.<\/p>\n\n\n\n<p>Wir sind in der Lage, Ihr Unternehmen mit den Augen der Kunden zu betrachten. Unsere Vertriebspartner k\u00f6nnen auf die volle Unterst\u00fctzung und professionelle Ausarbeitung von effektiven Verkaufs- und Marketingaktivit\u00e4ten z\u00e4hlen. &nbsp;Dadurch werden nicht nur Ihre Einnahmen gesteigert und Ihre Arbeitszeit optimiert, sondern auch die Sichtbarkeit Ihrer Marke im Internet erh\u00f6ht.<\/p>\n\n\n\n<p>Unser Verkaufsf\u00f6rderungsprogramm konzentriert sich derzeit auf digitales Marketing und lokale Online-Kampagnen.<\/p>\n\n\n\n<p><strong>Als autorisierter BP2-Vertriebspartner<\/strong><strong> profitieren Sie von vielen Vorteilen, <\/strong>darunter die M\u00f6glichkeit, einen eigenen, von BP2 unterst\u00fctzten Online-Shop einzurichten, Zugang zu einer breiten Palette von VIP-Werbegeschenken, Branding von Verkaufsstellen, Arbeitskleidung und Fuhrparks sowie Produkt-Kofinanzierung im Rahmen des<strong> 50:50 Programms von BP2.<\/strong><\/p>\n\n\n\n<a href=\"https:\/\/bp2.eu\/de\/kontakt\/?cat=0&#038;subcat=0\"  class=\"button button--red \">MEHR ERFAHREN<\/a>\n\n\n<div style=\"height:100px\" aria-hidden=\"true\" class=\"wp-block-spacer\"><\/div>\n<\/div><\/div>\n<\/div>\n<\/div>\n<\/div><\/div>\n\n\n\n<div class=\"wp-block-group has-white-background-color has-background\"><div class=\"wp-block-group__inner-container is-layout-flow wp-block-group-is-layout-flow\">\n<div style=\"height:100px\" aria-hidden=\"true\" class=\"wp-block-spacer is-style-smaller-spacer\"><\/div>\n\n\n\n<div class=\"wp-block-columns is-style-grid is-layout-flex wp-container-core-columns-is-layout-9d6595d7 wp-block-columns-is-layout-flex\">\n<div class=\"wp-block-column is-layout-flow wp-block-column-is-layout-flow\">\n<div class=\"wp-block-cover is-style-content-from-bottom\"><span aria-hidden=\"true\" class=\"wp-block-cover__background has-background-dim\"><\/span><img loading=\"lazy\" decoding=\"async\" width=\"1306\" height=\"1864\" class=\"wp-block-cover__image-background wp-image-57776\" alt=\"\" src=\"https:\/\/bp2.eu\/wp-content\/uploads\/2023\/02\/50-50-bp2-1.jpeg\" data-object-fit=\"cover\" srcset=\"https:\/\/bp2.eu\/wp-content\/uploads\/2023\/02\/50-50-bp2-1.jpeg 1306w, https:\/\/bp2.eu\/wp-content\/uploads\/2023\/02\/50-50-bp2-1-673x960.jpeg 673w, https:\/\/bp2.eu\/wp-content\/uploads\/2023\/02\/50-50-bp2-1-717x1024.jpeg 717w, https:\/\/bp2.eu\/wp-content\/uploads\/2023\/02\/50-50-bp2-1-768x1096.jpeg 768w, https:\/\/bp2.eu\/wp-content\/uploads\/2023\/02\/50-50-bp2-1-1076x1536.jpeg 1076w\" sizes=\"auto, (max-width: 1306px) 100vw, 1306px\" \/><div class=\"wp-block-cover__inner-container is-layout-flow wp-block-cover-is-layout-flow\">\n<div style=\"height:100px\" aria-hidden=\"true\" class=\"wp-block-spacer is-style-medium-spacer\"><\/div>\n\n\n\n<figure class=\"wp-block-image size-large is-resized\"><img loading=\"lazy\" decoding=\"async\" src=\"https:\/\/bp2.eu\/wp-content\/uploads\/2023\/04\/bp2-50-50.svg\" alt=\"\" class=\"wp-image-63385\" width=\"185\" height=\"113\"\/><\/figure>\n\n\n\n<p>Dieses Programm richtet sich an Vertriebspartner und Dachdecker, wobei die Produktionskosten f\u00fcr die angebotene zuverl\u00e4ssige Arbeitskleidung und die hochwertigen Werkzeuge 50:50 zwischen BP2 und dem Kunden geteilt werden. Auf den Produkten sind die Logos der Partner des BP2 50:50 Programms abgebildet.<\/p>\n\n\n\n<div class=\"wp-block-group\"><div class=\"wp-block-group__inner-container is-layout-flow wp-block-group-is-layout-flow\">\n<a href=\"https:\/\/bp2.eu\/de\/bp2-50-50\/\"  class=\"button button--red \">MEHR ERFAHREN<\/a><\/div><\/div>\n<\/div><\/div>\n<\/div>\n\n\n\n<div class=\"wp-block-column is-layout-flow wp-block-column-is-layout-flow\">\n<div class=\"wp-block-cover is-light is-style-content-from-bottom\"><span aria-hidden=\"true\" class=\"wp-block-cover__background has-background-dim\"><\/span><img loading=\"lazy\" decoding=\"async\" width=\"1306\" height=\"1864\" class=\"wp-block-cover__image-background wp-image-31260\" alt=\"\" src=\"https:\/\/bp2.eu\/wp-content\/uploads\/2022\/10\/BPACK-v2.jpg\" style=\"object-position:54% 87%\" data-object-fit=\"cover\" data-object-position=\"54% 87%\" srcset=\"https:\/\/bp2.eu\/wp-content\/uploads\/2022\/10\/BPACK-v2.jpg 1306w, https:\/\/bp2.eu\/wp-content\/uploads\/2022\/10\/BPACK-v2-673x960.jpg 673w, https:\/\/bp2.eu\/wp-content\/uploads\/2022\/10\/BPACK-v2-717x1024.jpg 717w, https:\/\/bp2.eu\/wp-content\/uploads\/2022\/10\/BPACK-v2-768x1096.jpg 768w, https:\/\/bp2.eu\/wp-content\/uploads\/2022\/10\/BPACK-v2-1076x1536.jpg 1076w\" sizes=\"auto, (max-width: 1306px) 100vw, 1306px\" \/><div class=\"wp-block-cover__inner-container is-layout-flow wp-block-cover-is-layout-flow\">\n<div style=\"height:100px\" aria-hidden=\"true\" class=\"wp-block-spacer is-style-medium-spacer\"><\/div>\n\n\n\n<figure class=\"wp-block-image size-large is-resized\"><img loading=\"lazy\" decoding=\"async\" src=\"https:\/\/bp2.eu\/wp-content\/uploads\/2023\/04\/bp2-bpack.svg\" alt=\"\" class=\"wp-image-63392\" width=\"163\" height=\"113\"\/><\/figure>\n\n\n\n<p class=\"has-white-color has-text-color\">Es handelt sich um eine Marketingaktion f\u00fcr Vertriebspartner, bei der der Vertriebspartner auf Grundlage der zweimal im Jahr durch unseren Service vergebenen Punkte selbstst\u00e4ndig einen Korb mit Marketingmaterialien zusammenstellt, die in der aktuellen Ausgabe des Programms angeboten werden.<\/p>\n\n\n\n<div class=\"wp-block-group\"><div class=\"wp-block-group__inner-container is-layout-flow wp-block-group-is-layout-flow\">\n<a href=\"https:\/\/bp2.eu\/bp2-bpack\/\"  class=\"button button--red \">MEHR ERFAHREN<\/a><\/div><\/div>\n<\/div><\/div>\n<\/div>\n\n\n\n<div class=\"wp-block-column is-layout-flow wp-block-column-is-layout-flow\">\n<div class=\"wp-block-cover is-light is-style-content-from-bottom\"><span aria-hidden=\"true\" class=\"wp-block-cover__background has-background-dim\"><\/span><img loading=\"lazy\" decoding=\"async\" width=\"1306\" height=\"1864\" class=\"wp-block-cover__image-background wp-image-31207\" alt=\"\" src=\"https:\/\/bp2.eu\/wp-content\/uploads\/2022\/10\/BPACK.jpg\" style=\"object-position:54% 100%\" data-object-fit=\"cover\" data-object-position=\"54% 100%\" srcset=\"https:\/\/bp2.eu\/wp-content\/uploads\/2022\/10\/BPACK.jpg 1306w, https:\/\/bp2.eu\/wp-content\/uploads\/2022\/10\/BPACK-673x960.jpg 673w, https:\/\/bp2.eu\/wp-content\/uploads\/2022\/10\/BPACK-717x1024.jpg 717w, https:\/\/bp2.eu\/wp-content\/uploads\/2022\/10\/BPACK-768x1096.jpg 768w, https:\/\/bp2.eu\/wp-content\/uploads\/2022\/10\/BPACK-1076x1536.jpg 1076w\" sizes=\"auto, (max-width: 1306px) 100vw, 1306px\" \/><div class=\"wp-block-cover__inner-container is-layout-flow wp-block-cover-is-layout-flow\">\n<div style=\"height:100px\" aria-hidden=\"true\" class=\"wp-block-spacer is-style-medium-spacer\"><\/div>\n\n\n\n<figure class=\"wp-block-image size-large is-resized\"><img loading=\"lazy\" decoding=\"async\" src=\"https:\/\/bp2.eu\/wp-content\/uploads\/2023\/04\/bp2eshop.svg\" alt=\"\" class=\"wp-image-63409\" width=\"185\" height=\"113\"\/><\/figure>\n\n\n\n<p class=\"has-white-color has-text-color\">Eine Online-Verkaufsplattform, die von BP2 gemeinsam mit einem Vertriebspartner verwaltet wird. Der reibungslose Betrieb der Plattform in Bezug auf die IT wird von BP2 in vollem Umfang garantiert. Der Vertriebspartner hat die M\u00f6glichkeit, die Website und das Angebot sowie die Gesch\u00e4ftsbedingungen frei zu gestalten.<\/p>\n\n\n\n<div class=\"wp-block-group\"><div class=\"wp-block-group__inner-container is-layout-flow wp-block-group-is-layout-flow\">\n<a href=\"https:\/\/bp2.eu\/de\/bp2-eshop\/\"  class=\"button button--red \">MEHR ERFAHREN<\/a><\/div><\/div>\n<\/div><\/div>\n<\/div>\n<\/div>\n\n\n\n<div style=\"height:100px\" aria-hidden=\"true\" class=\"wp-block-spacer is-style-small-spacer\"><\/div>\n<\/div><\/div>\n\n\n\n<div style=\"height:100px\" aria-hidden=\"true\" class=\"wp-block-spacer is-style-smaller-spacer\"><\/div>\n","protected":false},"excerpt":{"rendered":"<p>VERKAUFSF\u00d6RDERUNGSPROGRAMM F\u00dcR BP2-PRODUKTE BP2 AUTHORISED DISTRIBUTOR Um den Erwartungen unserer Vertriebspartner gerecht zu werden, haben wir ein umfassendes Verkaufsunterst\u00fctzungsprogramm f\u00fcr BP2-Produkte entwickelt. Derzeit konzentrieren sich unsere Aktivit\u00e4ten zur Verkaufsf\u00f6rderung auf digitales Marketing und lokale Online-Kampagnen. Unsere Abteilung steht Ihnen gerne mit Rat und Tat zur Seite.<\/p>\n","protected":false},"author":6,"featured_media":0,"parent":0,"menu_order":60,"comment_status":"closed","ping_status":"closed","template":"","meta":{"_acf_changed":false,"content-type":"","inline_featured_image":false,"footnotes":""},"class_list":["post-62545","page","type-page","status-publish","hentry"],"acf":[],"_links":{"self":[{"href":"https:\/\/bp2.eu\/de\/wp-json\/wp\/v2\/pages\/62545","targetHints":{"allow":["GET"]}}],"collection":[{"href":"https:\/\/bp2.eu\/de\/wp-json\/wp\/v2\/pages"}],"about":[{"href":"https:\/\/bp2.eu\/de\/wp-json\/wp\/v2\/types\/page"}],"author":[{"embeddable":true,"href":"https:\/\/bp2.eu\/de\/wp-json\/wp\/v2\/users\/6"}],"replies":[{"embeddable":true,"href":"https:\/\/bp2.eu\/de\/wp-json\/wp\/v2\/comments?post=62545"}],"version-history":[{"count":0,"href":"https:\/\/bp2.eu\/de\/wp-json\/wp\/v2\/pages\/62545\/revisions"}],"wp:attachment":[{"href":"https:\/\/bp2.eu\/de\/wp-json\/wp\/v2\/media?parent=62545"}],"curies":[{"name":"wp","href":"https:\/\/api.w.org\/{rel}","templated":true}]}}