{"id":62556,"date":"2022-10-10T10:47:56","date_gmt":"2022-10-10T08:47:56","guid":{"rendered":"https:\/\/bp2.eu\/program-bp2-eshop\/"},"modified":"2023-07-06T14:27:41","modified_gmt":"2023-07-06T12:27:41","slug":"bp2-eshop","status":"publish","type":"page","link":"https:\/\/bp2.eu\/de\/bp2-eshop\/","title":{"rendered":"BP2 ESHOP"},"content":{"rendered":"\n<div class=\"wp-block-group is-style-with-b2-background\"><div class=\"wp-block-group__inner-container is-layout-flow wp-block-group-is-layout-flow\">\n<div style=\"height:100px\" aria-hidden=\"true\" class=\"wp-block-spacer is-style-small-spacer\"><\/div>\n\n\n\n<p class=\"has-text-align-center noMarginBottom has-red-color has-text-color\"><strong><strong>VERKAUFEN SIE ONLINE OHNE EINSCHR\u00c4NKUNGEN<\/strong><\/strong><\/p>\n\n\n\n<h2 class=\"wp-block-heading has-text-align-center noMarginTop noMarginBottom is-style-h1\" style=\"font-size:3.5em\">BP2 ESHOP<\/h2>\n\n\n\n<div style=\"height:100px\" aria-hidden=\"true\" class=\"wp-block-spacer is-style-small-spacer\"><\/div>\n<\/div><\/div>\n\n\n\n<div class=\"wp-block-group is-style-narrower-group\"><div class=\"wp-block-group__inner-container is-layout-flow wp-block-group-is-layout-flow\">\n<p class=\"has-text-align-center\" style=\"font-size:22px\">BP2 eShop ist eine speziell f\u00fcr Ihr Unternehmen entwickelte Online-Vertriebsplattform. Als Vertriebspartner haben Sie die Freiheit, die Website, das Angebot und die Gesch\u00e4ftsbedingungen nach Ihren eigenen Vorstellungen anzupassen. BP2 garantiert den reibungslosen IT-Betrieb der Plattform in vollem Umfang.<\/p>\n<\/div><\/div>\n\n\n\n<div style=\"height:100px\" aria-hidden=\"true\" class=\"wp-block-spacer is-style-smaller-spacer\"><\/div>\n\n\n\n<div class=\"wp-block-group\"><div class=\"wp-block-group__inner-container is-layout-flow wp-block-group-is-layout-flow\">\n<div class=\"wp-block-columns is-style-grid fade-in is-layout-flex wp-container-core-columns-is-layout-9d6595d7 wp-block-columns-is-layout-flex\">\n<div class=\"wp-block-column is-layout-flow wp-block-column-is-layout-flow\">\n<div class=\"wp-block-cover is-light is-style-full-height\"><span aria-hidden=\"true\" class=\"wp-block-cover__background has-background-dim-0 has-background-dim\"><\/span><img loading=\"lazy\" decoding=\"async\" width=\"1306\" height=\"1864\" class=\"wp-block-cover__image-background wp-image-31207\" alt=\"\" src=\"https:\/\/bp2.eu\/wp-content\/uploads\/2022\/10\/BPACK.jpg\" style=\"object-position:33% 46%\" data-object-fit=\"cover\" data-object-position=\"33% 46%\" srcset=\"https:\/\/bp2.eu\/wp-content\/uploads\/2022\/10\/BPACK.jpg 1306w, https:\/\/bp2.eu\/wp-content\/uploads\/2022\/10\/BPACK-673x960.jpg 673w, https:\/\/bp2.eu\/wp-content\/uploads\/2022\/10\/BPACK-717x1024.jpg 717w, https:\/\/bp2.eu\/wp-content\/uploads\/2022\/10\/BPACK-768x1096.jpg 768w, https:\/\/bp2.eu\/wp-content\/uploads\/2022\/10\/BPACK-1076x1536.jpg 1076w\" sizes=\"auto, (max-width: 1306px) 100vw, 1306px\" \/><div class=\"wp-block-cover__inner-container is-layout-flow wp-block-cover-is-layout-flow\">\n<p class=\"has-text-align-center\"><\/p>\n<\/div><\/div>\n<\/div>\n\n\n\n<div class=\"wp-block-column is-vertically-aligned-center is-layout-flow wp-block-column-is-layout-flow\">\n<div class=\"wp-block-cover is-light is-style-full-width wp-duotone-8c00b7-fcff41-1\"><span aria-hidden=\"true\" class=\"wp-block-cover__background has-dark-gray-background-color has-background-dim-100 has-background-dim\"><\/span><div class=\"wp-block-cover__inner-container is-layout-flow wp-block-cover-is-layout-flow\">\n<figure class=\"wp-block-image size-large is-resized\"><img loading=\"lazy\" decoding=\"async\" src=\"https:\/\/bp2.eu\/wp-content\/uploads\/2023\/04\/bp2eshop.svg\" alt=\"\" class=\"wp-image-63409\" width=\"185\" height=\"113\"\/><\/figure>\n\n\n\n<p><strong>Die Online-Verk\u00e4ufe haben in den letzten Jahren deutlich zugenommen. Laut einem Bericht von Gemius haben im Jahr 2021 77 % <\/strong>der Internetnutzer mindestens einmal Online-Shopping betrieben. In Anbetracht der modernen Welt m\u00fcssen wir unsere Marketinginstrumente und die Art und Weise, wie wir mit unseren Kunden kommunizieren, anpassen. Aus diesem Grund haben wir uns dazu entschieden, spezielle L\u00f6sungen f\u00fcr den Online-Verkauf einzuf\u00fchren.<\/p>\n\n\n\n<p>Mit unserer L\u00f6sung k\u00f6nnen Sie in nur wenigen Tagen einen funktionalen und ansprechenden Online-Shop betreiben.<\/p>\n\n\n\n<p>Der reibungslose IT-Betrieb der Plattform wird von BP2 in vollem Umfang garantiert. Sie m\u00fcssen sich keine Sorgen um die digitale Sicherheit machen oder zus\u00e4tzlichen Speicherplatz auf einem Server kaufen. Die Verwaltung des Shops selbst erfordert keine fortgeschrittenen technischen Kenntnisse.<\/p>\n\n\n\n<p>Als Vertriebspartner haben Sie die Freiheit, die Website, das Angebot und die Gesch\u00e4ftsbedingungen nach Ihren W\u00fcnschen anzupassen. Ihre Kunden k\u00f6nnen ihr Einkaufserlebnis auf dem Ger\u00e4t ihrer Wahl genie\u00dfen, und das integrierte Zahlungsmodul erm\u00f6glicht eine nahtlose Abrechnung \u00fcber den Zahlungsanbieter PayU.<\/p>\n\n\n\n<p><strong>Mit unserer L\u00f6sung k\u00f6nnen Sie sich auf den Verkauf konzentrieren, w\u00e4hrend wir den Rest erledigen.<\/strong><\/p>\n\n\n\n<p><strong>F\u00fcr weitere Informationen wenden Sie sich bitte an unseren Handelsvertreter.<\/strong><\/p>\n\n\n\n<a href=\"https:\/\/bp2.eu\/de\/kontakt\/\"  class=\"button button--red \">KONTAKTIEREN SIE IHREN HANDELSVERTRETER<\/a>\n\n\n<div style=\"height:100px\" aria-hidden=\"true\" class=\"wp-block-spacer\"><\/div>\n<\/div><\/div>\n<\/div>\n<\/div>\n<\/div><\/div>\n\n\n\n<div class=\"wp-block-group has-white-background-color has-background\"><div class=\"wp-block-group__inner-container is-layout-flow wp-block-group-is-layout-flow\">\n<div style=\"height:100px\" aria-hidden=\"true\" class=\"wp-block-spacer is-style-smaller-spacer\"><\/div>\n\n\n\n<div class=\"wp-block-columns is-style-grid is-layout-flex wp-container-core-columns-is-layout-9d6595d7 wp-block-columns-is-layout-flex\">\n<div class=\"wp-block-column is-layout-flow wp-block-column-is-layout-flow\">\n<div class=\"wp-block-cover is-style-content-from-bottom\"><span aria-hidden=\"true\" class=\"wp-block-cover__background has-background-dim\"><\/span><img loading=\"lazy\" decoding=\"async\" width=\"1306\" height=\"1864\" class=\"wp-block-cover__image-background wp-image-57776\" alt=\"\" src=\"https:\/\/bp2.eu\/wp-content\/uploads\/2023\/02\/50-50-bp2-1.jpeg\" style=\"object-position:53% 49%\" data-object-fit=\"cover\" data-object-position=\"53% 49%\" srcset=\"https:\/\/bp2.eu\/wp-content\/uploads\/2023\/02\/50-50-bp2-1.jpeg 1306w, https:\/\/bp2.eu\/wp-content\/uploads\/2023\/02\/50-50-bp2-1-673x960.jpeg 673w, https:\/\/bp2.eu\/wp-content\/uploads\/2023\/02\/50-50-bp2-1-717x1024.jpeg 717w, https:\/\/bp2.eu\/wp-content\/uploads\/2023\/02\/50-50-bp2-1-768x1096.jpeg 768w, https:\/\/bp2.eu\/wp-content\/uploads\/2023\/02\/50-50-bp2-1-1076x1536.jpeg 1076w\" sizes=\"auto, (max-width: 1306px) 100vw, 1306px\" \/><div class=\"wp-block-cover__inner-container is-layout-flow wp-block-cover-is-layout-flow\">\n<div style=\"height:100px\" aria-hidden=\"true\" class=\"wp-block-spacer is-style-medium-spacer\"><\/div>\n\n\n\n<figure class=\"wp-block-image size-large is-resized\"><img loading=\"lazy\" decoding=\"async\" src=\"https:\/\/bp2.eu\/wp-content\/uploads\/2023\/04\/bp2-50-50.svg\" alt=\"\" class=\"wp-image-63385\" width=\"185\" height=\"113\"\/><\/figure>\n\n\n\n<p class=\"has-white-color has-text-color\">Dieses Programm richtet sich an Vertriebspartner und Dachdecker, wobei die Produktionskosten f\u00fcr die angebotene zuverl\u00e4ssige Arbeitskleidung und die hochwertigen Werkzeuge 50:50 zwischen BP2 und dem Kunden geteilt werden. Auf den Produkten sind die Logos der Partner des BP2 50:50 Programms abgebildet.<\/p>\n\n\n\n<div class=\"wp-block-group\"><div class=\"wp-block-group__inner-container is-layout-flow wp-block-group-is-layout-flow\">\n<a href=\"https:\/\/bp2.eu\/de\/bp2-50-50\/\"  class=\"button button--red \">MEHR ERFAHREN<\/a><\/div><\/div>\n<\/div><\/div>\n<\/div>\n\n\n\n<div class=\"wp-block-column is-layout-flow wp-block-column-is-layout-flow\">\n<div class=\"wp-block-cover is-light is-style-content-from-bottom\"><span aria-hidden=\"true\" class=\"wp-block-cover__background has-background-dim\"><\/span><img loading=\"lazy\" decoding=\"async\" width=\"1306\" height=\"1864\" class=\"wp-block-cover__image-background wp-image-31334\" alt=\"\" src=\"https:\/\/bp2.eu\/wp-content\/uploads\/2022\/10\/AD.jpg\" style=\"object-position:52% 97%\" data-object-fit=\"cover\" data-object-position=\"52% 97%\" srcset=\"https:\/\/bp2.eu\/wp-content\/uploads\/2022\/10\/AD.jpg 1306w, https:\/\/bp2.eu\/wp-content\/uploads\/2022\/10\/AD-673x960.jpg 673w, https:\/\/bp2.eu\/wp-content\/uploads\/2022\/10\/AD-717x1024.jpg 717w, https:\/\/bp2.eu\/wp-content\/uploads\/2022\/10\/AD-768x1096.jpg 768w, https:\/\/bp2.eu\/wp-content\/uploads\/2022\/10\/AD-1076x1536.jpg 1076w\" sizes=\"auto, (max-width: 1306px) 100vw, 1306px\" \/><div class=\"wp-block-cover__inner-container is-layout-flow wp-block-cover-is-layout-flow\">\n<div style=\"height:100px\" aria-hidden=\"true\" class=\"wp-block-spacer is-style-medium-spacer\"><\/div>\n\n\n\n<figure class=\"wp-block-image size-large is-resized\"><img loading=\"lazy\" decoding=\"async\" src=\"https:\/\/bp2.eu\/wp-content\/uploads\/2023\/04\/bp2-ad.svg\" alt=\"\" class=\"wp-image-63400\" width=\"185\" height=\"113\"\/><\/figure>\n\n\n\n<p class=\"has-white-color has-text-color\">Um den Erwartungen unserer Vertriebspartner entgegenzukommen, haben wir ein umfassendes Programm zur Verkaufsunterst\u00fctzung f\u00fcr BP2-Produkte entwickelt. Derzeit konzentrieren sich die Aktivit\u00e4ten zur Verkaufsf\u00f6rderung auf digitales Marketing und lokale Online-Kampagnen. Unsere Abteilung steht Ihnen mit Rat und Tat zur Seite.<\/p>\n\n\n\n<div class=\"wp-block-group\"><div class=\"wp-block-group__inner-container is-layout-flow wp-block-group-is-layout-flow\">\n<a href=\"https:\/\/bp2.eu\/de\/bp2-authorised-distributor\/\"  class=\"button button--red \">MEHR ERFAHREN<\/a><\/div><\/div>\n<\/div><\/div>\n<\/div>\n\n\n\n<div class=\"wp-block-column is-layout-flow wp-block-column-is-layout-flow\">\n<div class=\"wp-block-cover is-light is-style-content-from-bottom\"><span aria-hidden=\"true\" class=\"wp-block-cover__background has-background-dim\"><\/span><img loading=\"lazy\" decoding=\"async\" width=\"1306\" height=\"1864\" class=\"wp-block-cover__image-background wp-image-31260\" alt=\"\" src=\"https:\/\/bp2.eu\/wp-content\/uploads\/2022\/10\/BPACK-v2.jpg\" style=\"object-position:54% 90%\" data-object-fit=\"cover\" data-object-position=\"54% 90%\" srcset=\"https:\/\/bp2.eu\/wp-content\/uploads\/2022\/10\/BPACK-v2.jpg 1306w, https:\/\/bp2.eu\/wp-content\/uploads\/2022\/10\/BPACK-v2-673x960.jpg 673w, https:\/\/bp2.eu\/wp-content\/uploads\/2022\/10\/BPACK-v2-717x1024.jpg 717w, https:\/\/bp2.eu\/wp-content\/uploads\/2022\/10\/BPACK-v2-768x1096.jpg 768w, https:\/\/bp2.eu\/wp-content\/uploads\/2022\/10\/BPACK-v2-1076x1536.jpg 1076w\" sizes=\"auto, (max-width: 1306px) 100vw, 1306px\" \/><div class=\"wp-block-cover__inner-container is-layout-flow wp-block-cover-is-layout-flow\">\n<div style=\"height:100px\" aria-hidden=\"true\" class=\"wp-block-spacer is-style-medium-spacer\"><\/div>\n\n\n\n<figure class=\"wp-block-image size-large is-resized\"><img loading=\"lazy\" decoding=\"async\" src=\"https:\/\/bp2.eu\/wp-content\/uploads\/2023\/04\/bp2-bpack.svg\" alt=\"\" class=\"wp-image-63392\" width=\"163\" height=\"113\"\/><\/figure>\n\n\n\n<p class=\"has-white-color has-text-color\">Es handelt sich um eine Marketingaktion f\u00fcr Vertriebspartner, bei der der Vertriebspartner auf Grundlage der zweimal im Jahr durch unseren Service vergebenen Punkte selbstst\u00e4ndig einen Korb mit Marketingmaterialien zusammenstellt, die in der aktuellen Ausgabe des Programms angeboten werden.<\/p>\n\n\n\n<div class=\"wp-block-group\"><div class=\"wp-block-group__inner-container is-layout-flow wp-block-group-is-layout-flow\">\n<a href=\"https:\/\/bp2.eu\/de\/bp2-bpack\/\"  class=\"button button--red \">MEHR ERFAHREN<\/a><\/div><\/div>\n<\/div><\/div>\n<\/div>\n<\/div>\n\n\n\n<div style=\"height:100px\" aria-hidden=\"true\" class=\"wp-block-spacer is-style-small-spacer\"><\/div>\n<\/div><\/div>\n\n\n\n<div style=\"height:100px\" aria-hidden=\"true\" class=\"wp-block-spacer is-style-smaller-spacer\"><\/div>\n","protected":false},"excerpt":{"rendered":"<p>VERKAUFEN SIE ONLINE OHNE EINSCHR\u00c4NKUNGEN BP2 ESHOP BP2 eShop ist eine speziell f\u00fcr Ihr Unternehmen entwickelte Online-Vertriebsplattform. Als Vertriebspartner haben Sie die Freiheit, die Website, das Angebot und die Gesch\u00e4ftsbedingungen nach Ihren eigenen Vorstellungen anzupassen. BP2 garantiert den reibungslosen IT-Betrieb der Plattform in vollem Umfang.<\/p>\n","protected":false},"author":6,"featured_media":0,"parent":0,"menu_order":69,"comment_status":"closed","ping_status":"closed","template":"","meta":{"_acf_changed":false,"content-type":"","inline_featured_image":false,"footnotes":""},"class_list":["post-62556","page","type-page","status-publish","hentry"],"acf":[],"_links":{"self":[{"href":"https:\/\/bp2.eu\/de\/wp-json\/wp\/v2\/pages\/62556","targetHints":{"allow":["GET"]}}],"collection":[{"href":"https:\/\/bp2.eu\/de\/wp-json\/wp\/v2\/pages"}],"about":[{"href":"https:\/\/bp2.eu\/de\/wp-json\/wp\/v2\/types\/page"}],"author":[{"embeddable":true,"href":"https:\/\/bp2.eu\/de\/wp-json\/wp\/v2\/users\/6"}],"replies":[{"embeddable":true,"href":"https:\/\/bp2.eu\/de\/wp-json\/wp\/v2\/comments?post=62556"}],"version-history":[{"count":0,"href":"https:\/\/bp2.eu\/de\/wp-json\/wp\/v2\/pages\/62556\/revisions"}],"wp:attachment":[{"href":"https:\/\/bp2.eu\/de\/wp-json\/wp\/v2\/media?parent=62556"}],"curies":[{"name":"wp","href":"https:\/\/api.w.org\/{rel}","templated":true}]}}