{"id":62574,"date":"2022-01-05T14:14:44","date_gmt":"2022-01-05T13:14:44","guid":{"rendered":"https:\/\/bp2.eu\/oferta\/"},"modified":"2023-06-29T12:46:12","modified_gmt":"2023-06-29T10:46:12","slug":"angebot","status":"publish","type":"page","link":"https:\/\/bp2.eu\/de\/angebot\/","title":{"rendered":"Angebot"},"content":{"rendered":"\n<div class=\"wp-block-group is-style-with-b2-background\"><div class=\"wp-block-group__inner-container is-layout-flow wp-block-group-is-layout-flow\">\n<div style=\"height:100px\" aria-hidden=\"true\" class=\"wp-block-spacer is-style-small-spacer\"><\/div>\n\n\n\n<p class=\"has-text-align-center noMarginBottom has-red-color has-text-color\"><strong>FINDEN SIE DIE OPTIMALE ABDECKUNG F\u00dcR IHRE BED\u00dcRFNISSE<\/strong><\/p>\n\n\n\n<h1 class=\"wp-block-heading has-text-align-center is-style-h1 noMarginTop noMarginBottom\" style=\"font-size:3.5em\"><strong>UNSER ANGEBOT<\/strong><\/h1>\n\n\n\n<div style=\"height:100px\" aria-hidden=\"true\" class=\"wp-block-spacer is-style-small-spacer\"><\/div>\n<\/div><\/div>\n\n\n\n<div class=\"wp-block-group is-style-narrow-group\"><div class=\"wp-block-group__inner-container is-layout-flow wp-block-group-is-layout-flow\">\n<p class=\"has-text-align-center\" style=\"font-size:22px\">Wir sind ein Hersteller von Komplettl\u00f6sungen f\u00fcr die Bauindustrie. Unser Unternehmen bietet eine breite Palette von hochwertigen Produkten f\u00fcr die Konstruktion von Objekt- und Gewerbebauten sowie Einfamilienh\u00e4usern an. Zu unserem Sortiment z\u00e4hlen Dacheindeckungen, Konstruktionsplatten, Fassadensysteme, Verbundplatten, Wandkassetten und Dachrinnensysteme. Dar\u00fcber hinaus bieten wir in unserem spezialisierten Stahl-Service-Center Dienstleistungen f\u00fcr die Stahlverarbeitung an. Wir erweitern unser Produktangebot st\u00e4ndig und passen es an die Anforderungen des Marktes und die technologischen Entwicklungen an.<\/p>\n<\/div><\/div>\n\n\n\n<div style=\"height:100px\" aria-hidden=\"true\" class=\"wp-block-spacer is-style-small-spacer\"><\/div>\n\n\n\n<div class=\"wp-block-group\"><div class=\"wp-block-group__inner-container is-layout-flow wp-block-group-is-layout-flow\">\n<div class=\"wp-block-columns is-style-grid is-layout-flex wp-container-core-columns-is-layout-9d6595d7 wp-block-columns-is-layout-flex\">\n<div class=\"wp-block-column is-layout-flow wp-block-column-is-layout-flow\">\n<div class=\"wp-block-cover is-style-full-height\"><span aria-hidden=\"true\" class=\"wp-block-cover__background has-background-dim-0 has-background-dim\"><\/span><img loading=\"lazy\" decoding=\"async\" width=\"804\" height=\"538\" class=\"wp-block-cover__image-background wp-image-783\" alt=\"\" src=\"https:\/\/bp2.eu\/wp-content\/uploads\/2022\/02\/bp2_oferta_1.png\" data-object-fit=\"cover\" srcset=\"https:\/\/bp2.eu\/wp-content\/uploads\/2022\/02\/bp2_oferta_1.png 804w, https:\/\/bp2.eu\/wp-content\/uploads\/2022\/02\/bp2_oferta_1-768x514.png 768w\" sizes=\"auto, (max-width: 804px) 100vw, 804px\" \/><div class=\"wp-block-cover__inner-container is-layout-flow wp-block-cover-is-layout-flow\">\n<p class=\"has-text-align-center has-large-font-size\"><\/p>\n<\/div><\/div>\n<\/div>\n\n\n\n<div class=\"wp-block-column is-layout-flow wp-block-column-is-layout-flow\">\n<div class=\"wp-block-cover is-light is-style-full-height\"><span aria-hidden=\"true\" class=\"wp-block-cover__background has-dark-gray-background-color has-background-dim-100 has-background-dim\"><\/span><div class=\"wp-block-cover__inner-container is-layout-flow wp-block-cover-is-layout-flow\">\n<h3 class=\"header-with-icon \">\n<span class=\"header-with-icon__icon\"><img decoding=\"async\" src=\"https:\/\/bp2.eu\/wp-content\/uploads\/2022\/01\/home-icon.png\" alt=\"WOHNUNGSBAU\"><\/span>\n<span class=\"header-with-icon__content\">WOHNUNGSBAU<\/span>\n<\/h3>\n\n\n<ul class=\"links-list links-list--multiple \">\n                    <li class=\"links-list__item\">\n            <a href=\"https:\/\/bp2.eu\/de\/angebot\/wohnungsbau\/?type=modulare-dachbleche\">\n                <span class=\"links-list__smallTitle\">Modulare Dachbleche<\/span>                <span class=\"links-list__title\">MODULAR SERIES<\/span>            <\/a>\n        <\/li>\n                    <li class=\"links-list__item\">\n            <a href=\"https:\/\/bp2.eu\/de\/angebot\/wohnungsbau\/?type=auf-mass-geschnittene-dachbleche\">\n                <span class=\"links-list__smallTitle\">Auf Ma\u00df geschnittene Dachbleche<\/span>                <span class=\"links-list__title\">CLASSIC SERIES<\/span>            <\/a>\n        <\/li>\n                    <li class=\"links-list__item\">\n            <a href=\"https:\/\/bp2.eu\/de\/angebot\/wohnungsbau\/?type=kompakt-dachbleche\">\n                <span class=\"links-list__smallTitle\">Kompakt Dachbleche<\/span>                <span class=\"links-list__title\">COMPACT SERIES<\/span>            <\/a>\n        <\/li>\n                    <li class=\"links-list__item\">\n            <a href=\"https:\/\/bp2.eu\/de\/angebot\/wohnungsbau\/?type=dachbleche-retro\">\n                <span class=\"links-list__smallTitle\">Dachbleche<\/span>                <span class=\"links-list__title\">RETRO<\/span>            <\/a>\n        <\/li>\n                    <li class=\"links-list__item\">\n            <a href=\"https:\/\/bp2.eu\/de\/angebot\/wohnungsbau\/?type=dachpaneele\">\n                <span class=\"links-list__smallTitle\">Dachpaneele<\/span>                <span class=\"links-list__title\">PANEL SERIES<\/span>            <\/a>\n        <\/li>\n                    <li class=\"links-list__item\">\n            <a href=\"https:\/\/bp2.eu\/de\/angebot\/wohnungsbau\/?type=inguri-dachrinnensysteme\">\n                <span class=\"links-list__smallTitle\">Dachrinnensysteme<\/span>                <span class=\"links-list__title\">INGURI<\/span>            <\/a>\n        <\/li>\n                    <li class=\"links-list__item\">\n            <a href=\"https:\/\/bp2.eu\/de\/angebot\/wohnungsbau\/?type=trapezbleche\">\n                <span class=\"links-list__smallTitle\">Dach- und Fassaden<\/span>                <span class=\"links-list__title\">Trapezbleche<\/span>            <\/a>\n        <\/li>\n                    <li class=\"links-list__item\">\n            <a href=\"https:\/\/bp2.eu\/de\/angebot\/wohnungsbau\/?type=flache-bleche\">\n                                <span class=\"links-list__title\">Flache Bleche<\/span>            <\/a>\n        <\/li>\n                    <li class=\"links-list__item\">\n            <a href=\"https:\/\/bp2.eu\/de\/angebot\/wohnungsbau\/?type=kantteile\">\n                                <span class=\"links-list__title\">Kantteile<\/span>            <\/a>\n        <\/li>\n                    <li class=\"links-list__item\">\n            <a href=\"https:\/\/bp2.eu\/de\/angebot\/wohnungsbau\/?type=dachzubehoer\">\n                                <span class=\"links-list__title\">Dachzubeh\u00f6r<\/span>            <\/a>\n        <\/li>\n    <\/ul><\/div><\/div>\n<\/div>\n<\/div>\n\n\n\n<div class=\"wp-block-columns is-style-mobile-reverse is-style-grid fade-in is-layout-flex wp-container-core-columns-is-layout-9d6595d7 wp-block-columns-is-layout-flex\">\n<div class=\"wp-block-column is-layout-flow wp-block-column-is-layout-flow\">\n<div class=\"wp-block-cover is-light is-style-full-height\"><span aria-hidden=\"true\" class=\"wp-block-cover__background has-dark-gray-background-color has-background-dim-100 has-background-dim\"><\/span><div class=\"wp-block-cover__inner-container is-layout-flow wp-block-cover-is-layout-flow\">\n<h3 class=\"header-with-icon \">\n<span class=\"header-with-icon__icon\"><img decoding=\"async\" src=\"https:\/\/bp2.eu\/wp-content\/uploads\/2022\/02\/noun_mall_3821276.png\" alt=\"OBJEKT- UND GEWERBEBAU\"><\/span>\n<span class=\"header-with-icon__content\">OBJEKT- UND GEWERBEBAU<\/span>\n<\/h3>\n\n\n<ul class=\"links-list links-list--single \">\n                    <li class=\"links-list__item\">\n            <a href=\"https:\/\/bp2.eu\/de\/angebot\/objekt-und-gewerbebau\/?type=trapezbleche-de\">\n                <span class=\"links-list__smallTitle\">Dach- und Fassaden<\/span>                <span class=\"links-list__title\">Trapezbleche<\/span>            <\/a>\n        <\/li>\n                    <li class=\"links-list__item\">\n            <a href=\"https:\/\/bp2.eu\/de\/angebot\/objekt-und-gewerbebau\/?type=corepir-verbundplatten\">\n                <span class=\"links-list__smallTitle\">CorePIR<\/span>                <span class=\"links-list__title\">Dach-Verbundplatten<\/span>            <\/a>\n        <\/li>\n                    <li class=\"links-list__item\">\n            <a href=\"https:\/\/bp2.eu\/de\/angebot\/objekt-und-gewerbebau\/?type=corewool-verbundplatte\">\n                <span class=\"links-list__smallTitle\">CoreWOOL<\/span>                <span class=\"links-list__title\">Wand-Verbundplatten<\/span>            <\/a>\n        <\/li>\n                    <li class=\"links-list__item\">\n            <a href=\"#\">\n                                <span class=\"links-list__title\">Wandkassetten PROSYSTEM<\/span>            <\/a>\n        <\/li>\n                    <li class=\"links-list__item\">\n            <a href=\"https:\/\/bp2.eu\/de\/angebot\/objekt-und-gewerbebau\/?type=fassadenverkleidungen\">\n                <span class=\"links-list__smallTitle\">Fassadenverkleidungen<\/span>                <span class=\"links-list__title\">SKRIN, LINEA, SINUS<\/span>            <\/a>\n        <\/li>\n    <\/ul><\/div><\/div>\n<\/div>\n\n\n\n<div class=\"wp-block-column is-layout-flow wp-block-column-is-layout-flow\">\n<div class=\"wp-block-cover is-light is-style-full-height\"><span aria-hidden=\"true\" class=\"wp-block-cover__background has-background-dim-0 has-background-dim\"><\/span><img loading=\"lazy\" decoding=\"async\" width=\"804\" height=\"487\" class=\"wp-block-cover__image-background wp-image-789\" alt=\"\" src=\"https:\/\/bp2.eu\/wp-content\/uploads\/2022\/02\/bp2_oferta_2.png\" data-object-fit=\"cover\" srcset=\"https:\/\/bp2.eu\/wp-content\/uploads\/2022\/02\/bp2_oferta_2.png 804w, https:\/\/bp2.eu\/wp-content\/uploads\/2022\/02\/bp2_oferta_2-768x465.png 768w\" sizes=\"auto, (max-width: 804px) 100vw, 804px\" \/><div class=\"wp-block-cover__inner-container is-layout-flow wp-block-cover-is-layout-flow\">\n<p class=\"has-text-align-center has-large-font-size\"><\/p>\n<\/div><\/div>\n<\/div>\n<\/div>\n\n\n\n<div class=\"wp-block-columns is-style-grid is-layout-flex wp-container-core-columns-is-layout-9d6595d7 wp-block-columns-is-layout-flex\">\n<div class=\"wp-block-column is-layout-flow wp-block-column-is-layout-flow\">\n<div class=\"wp-block-cover is-style-full-height\"><span aria-hidden=\"true\" class=\"wp-block-cover__background has-background-dim-0 has-background-dim\"><\/span><img loading=\"lazy\" decoding=\"async\" width=\"804\" height=\"393\" class=\"wp-block-cover__image-background wp-image-57447\" alt=\"\" src=\"https:\/\/bp2.eu\/wp-content\/uploads\/2023\/01\/vss.jpg\" data-object-fit=\"cover\" srcset=\"https:\/\/bp2.eu\/wp-content\/uploads\/2023\/01\/vss.jpg 804w, https:\/\/bp2.eu\/wp-content\/uploads\/2023\/01\/vss-768x375.jpg 768w\" sizes=\"auto, (max-width: 804px) 100vw, 804px\" \/><div class=\"wp-block-cover__inner-container is-layout-flow wp-block-cover-is-layout-flow\">\n<p class=\"has-text-align-center has-large-font-size\"><\/p>\n<\/div><\/div>\n<\/div>\n\n\n\n<div class=\"wp-block-column is-layout-flow wp-block-column-is-layout-flow\">\n<div class=\"wp-block-cover is-light is-style-full-height\"><span aria-hidden=\"true\" class=\"wp-block-cover__background has-dark-gray-background-color has-background-dim-100 has-background-dim\"><\/span><div class=\"wp-block-cover__inner-container is-layout-flow wp-block-cover-is-layout-flow\">\n<h3 class=\"header-with-icon \">\n<span class=\"header-with-icon__icon\"><img decoding=\"async\" src=\"https:\/\/bp2.eu\/wp-content\/uploads\/2022\/02\/Path-99.png\" alt=\"Stahl-Kundenservice-Center\"><\/span>\n<span class=\"header-with-icon__content\">Stahl-Kundenservice-Center<\/span>\n<\/h3>\n\n\n<ul class=\"links-list links-list--single \">\n                    <li class=\"links-list__item\">\n            <a href=\"https:\/\/vss.sk\/en\/product\/cutting-recoiling\/\">\n                                <span class=\"links-list__title\">Form- und Flachbleche<\/span>            <\/a>\n        <\/li>\n                    <li class=\"links-list__item\">\n            <a href=\"https:\/\/vss.sk\/en\/product\/unwinding-and-cutting-services\/\">\n                                <span class=\"links-list__title\">Umwickel- und Schneidservice<\/span>            <\/a>\n        <\/li>\n                    <li class=\"links-list__item\">\n            <a href=\"https:\/\/vss.sk\/en\/product\/perforation-of-sheets\/\">\n                                <span class=\"links-list__title\">Blechperforierung<\/span>            <\/a>\n        <\/li>\n                    <li class=\"links-list__item\">\n            <a href=\"https:\/\/vss.sk\/en\/product\/protection-and-packaging\/\">\n                                <span class=\"links-list__title\">Schutz und Verpackung<\/span>            <\/a>\n        <\/li>\n    <\/ul><\/div><\/div>\n<\/div>\n<\/div>\n<\/div><\/div>\n\n\n\n<div style=\"height:100px\" aria-hidden=\"true\" class=\"wp-block-spacer is-style-small-spacer\"><\/div>\n","protected":false},"excerpt":{"rendered":"<p>FINDEN SIE DIE OPTIMALE ABDECKUNG F\u00dcR IHRE BED\u00dcRFNISSE UNSER ANGEBOT Wir sind ein Hersteller von Komplettl\u00f6sungen f\u00fcr die Bauindustrie. Unser Unternehmen bietet eine breite Palette von hochwertigen Produkten f\u00fcr die Konstruktion von Objekt- und Gewerbebauten sowie Einfamilienh\u00e4usern an. Zu unserem Sortiment z\u00e4hlen Dacheindeckungen, Konstruktionsplatten, Fassadensysteme, Verbundplatten, Wandkassetten und Dachrinnensysteme. Dar\u00fcber hinaus bieten wir in unserem [&hellip;]<\/p>\n","protected":false},"author":1,"featured_media":0,"parent":0,"menu_order":150,"comment_status":"closed","ping_status":"closed","template":"templates\/offer.php","meta":{"_acf_changed":false,"content-type":"","inline_featured_image":false,"footnotes":""},"class_list":["post-62574","page","type-page","status-publish","hentry"],"acf":[],"_links":{"self":[{"href":"https:\/\/bp2.eu\/de\/wp-json\/wp\/v2\/pages\/62574","targetHints":{"allow":["GET"]}}],"collection":[{"href":"https:\/\/bp2.eu\/de\/wp-json\/wp\/v2\/pages"}],"about":[{"href":"https:\/\/bp2.eu\/de\/wp-json\/wp\/v2\/types\/page"}],"author":[{"embeddable":true,"href":"https:\/\/bp2.eu\/de\/wp-json\/wp\/v2\/users\/1"}],"replies":[{"embeddable":true,"href":"https:\/\/bp2.eu\/de\/wp-json\/wp\/v2\/comments?post=62574"}],"version-history":[{"count":0,"href":"https:\/\/bp2.eu\/de\/wp-json\/wp\/v2\/pages\/62574\/revisions"}],"wp:attachment":[{"href":"https:\/\/bp2.eu\/de\/wp-json\/wp\/v2\/media?parent=62574"}],"curies":[{"name":"wp","href":"https:\/\/api.w.org\/{rel}","templated":true}]}}