{"id":63707,"date":"2022-04-19T08:11:31","date_gmt":"2022-04-19T06:11:31","guid":{"rendered":"https:\/\/bp2.eu\/faq\/"},"modified":"2023-04-06T14:02:12","modified_gmt":"2023-04-06T12:02:12","slug":"faq","status":"publish","type":"page","link":"https:\/\/bp2.eu\/de\/faq\/","title":{"rendered":"FAQ"},"content":{"rendered":"\n<h2 class=\"is-style-h2 wp-block-heading\" style=\"font-size:24px\"><strong>Brauchen Sie Hilfe? Hier finden Sie die Antworten auf die am h\u00e4ufigsten gestellten Fragen unserer Kunden.<\/strong><\/h2>\n\n\n\n<p>Wir wissen Ihre Zeit zu sch\u00e4tzen, und deshalb ist es unsere Priorit\u00e4t, Ihre Fragen schnell zu beantworten.<\/p>\n\n\n\n<p>Wenn Sie keine Antwort auf Ihre Frage gefunden haben, k\u00f6nnen Sie sich an unsere Spezialisten wenden, die Registerkarte <a href=\"https:\/\/bp2.eu\/de\/kontakt\/\">Kontakt<\/a> nutzen und uns schreiben.<\/p>\n\n\n\n<p>Wir werden Ihnen gerne helfen und alle Zweifel ausr\u00e4umen.<\/p>\n","protected":false},"excerpt":{"rendered":"<p>Brauchen Sie Hilfe? Hier finden Sie die Antworten auf die am h\u00e4ufigsten gestellten Fragen unserer Kunden. Wir wissen Ihre Zeit zu sch\u00e4tzen, und deshalb ist es unsere Priorit\u00e4t, Ihre Fragen schnell zu beantworten. Wenn Sie keine Antwort auf Ihre Frage gefunden haben, k\u00f6nnen Sie sich an unsere Spezialisten wenden, die Registerkarte Kontakt nutzen und uns [&hellip;]<\/p>\n","protected":false},"author":1,"featured_media":0,"parent":0,"menu_order":36,"comment_status":"closed","ping_status":"closed","template":"templates\/faq.php","meta":{"_acf_changed":false,"content-type":"","inline_featured_image":false,"footnotes":""},"class_list":["post-63707","page","type-page","status-publish","hentry"],"acf":[],"_links":{"self":[{"href":"https:\/\/bp2.eu\/de\/wp-json\/wp\/v2\/pages\/63707","targetHints":{"allow":["GET"]}}],"collection":[{"href":"https:\/\/bp2.eu\/de\/wp-json\/wp\/v2\/pages"}],"about":[{"href":"https:\/\/bp2.eu\/de\/wp-json\/wp\/v2\/types\/page"}],"author":[{"embeddable":true,"href":"https:\/\/bp2.eu\/de\/wp-json\/wp\/v2\/users\/1"}],"replies":[{"embeddable":true,"href":"https:\/\/bp2.eu\/de\/wp-json\/wp\/v2\/comments?post=63707"}],"version-history":[{"count":0,"href":"https:\/\/bp2.eu\/de\/wp-json\/wp\/v2\/pages\/63707\/revisions"}],"wp:attachment":[{"href":"https:\/\/bp2.eu\/de\/wp-json\/wp\/v2\/media?parent=63707"}],"curies":[{"name":"wp","href":"https:\/\/api.w.org\/{rel}","templated":true}]}}