{"id":102524,"date":"2023-08-29T11:05:36","date_gmt":"2023-08-29T09:05:36","guid":{"rendered":"https:\/\/bp2.eu\/produkt\/spr-sky-skylight-profile\/"},"modified":"2025-08-28T11:41:09","modified_gmt":"2025-08-28T09:41:09","slug":"zusatzlicht-profil-fuer-sandwichplatten-spr-sky-spr-sky-eco","status":"publish","type":"product","link":"https:\/\/bp2.eu\/de\/produkt\/zusatzlicht-profil-fuer-sandwichplatten-spr-sky-spr-sky-eco\/","title":{"rendered":"Zusatzlicht-Profil f\u00fcr Sandwichplatten"},"content":{"rendered":"\n<div style=\"height:100px\" aria-hidden=\"true\" class=\"wp-block-spacer is-style-medium-spacer\"><\/div>\n\n\n\n<div class=\"wp-block-group is-style-default\"><div class=\"wp-block-group__inner-container is-layout-constrained wp-block-group-is-layout-constrained\">\n<div class=\"wp-block-columns is-style-default is-layout-flex wp-container-core-columns-is-layout-9d6595d7 wp-block-columns-is-layout-flex\">\n<div class=\"wp-block-column is-vertically-aligned-center is-style-full-height is-layout-flow wp-block-column-is-layout-flow\" style=\"flex-basis:50%\"><div class=\"wp-block-image\">\n<figure class=\"aligncenter size-full\"><img loading=\"lazy\" decoding=\"async\" width=\"2057\" height=\"2560\" src=\"https:\/\/bp2.eu\/wp-content\/uploads\/2023\/08\/Render_Swietlik-1A-1-scaled.jpg\" alt=\"\" class=\"wp-image-102603\" srcset=\"https:\/\/bp2.eu\/wp-content\/uploads\/2023\/08\/Render_Swietlik-1A-1-scaled.jpg 2057w, https:\/\/bp2.eu\/wp-content\/uploads\/2023\/08\/Render_Swietlik-1A-1-771x960.jpg 771w, https:\/\/bp2.eu\/wp-content\/uploads\/2023\/08\/Render_Swietlik-1A-1-823x1024.jpg 823w, https:\/\/bp2.eu\/wp-content\/uploads\/2023\/08\/Render_Swietlik-1A-1-768x956.jpg 768w, https:\/\/bp2.eu\/wp-content\/uploads\/2023\/08\/Render_Swietlik-1A-1-1234x1536.jpg 1234w, https:\/\/bp2.eu\/wp-content\/uploads\/2023\/08\/Render_Swietlik-1A-1-1646x2048.jpg 1646w\" sizes=\"auto, (max-width: 2057px) 100vw, 2057px\" \/><\/figure>\n<\/div><\/div>\n\n\n\n<div class=\"wp-block-column is-vertically-aligned-center is-style-default is-layout-flow wp-block-column-is-layout-flow\" style=\"flex-basis:50%\">\n<div class=\"wp-block-cover is-light is-style-full-height\"><span aria-hidden=\"true\" class=\"wp-block-cover__background has-background-dim-0 has-background-dim\"><\/span><div class=\"wp-block-cover__inner-container is-layout-constrained wp-block-cover-is-layout-constrained\">\n<figure class=\"wp-block-image size-full is-resized\"><img loading=\"lazy\" decoding=\"async\" width=\"250\" height=\"220\" src=\"https:\/\/bp2.eu\/wp-content\/uploads\/2024\/02\/swietlik-icon-1.png\" alt=\"SWIETLIK BP2\" class=\"wp-image-84596\" style=\"width:80px\"\/><\/figure>\n\n\n\n<h2 class=\"wp-block-heading is-style-h3 has-red-color has-text-color has-link-color wp-elements-291c7b8a27f89e37e643a22b8a95f8ef\">Anwendung des Dachoberlichts SPR-SKY<\/h2>\n\n\n\n<p>Die Anwendung des Dachoberlichts <strong>SPR-SKY<\/strong> ist eine effektive L\u00f6sung zur Versorgung des Geb\u00e4udeinneren mit Tageslicht. Bereits bei einer Dachfl\u00e4chenabdeckung von 7 bis 15 % kann es die elektrische Beleuchtung ersetzen. Die Kammerkonstruktion des Dachoberlichts begrenzt die \u00fcberm\u00e4\u00dfige Temperaturerh\u00f6hung durch Sonneneinstrahlung und minimiert gleichzeitig W\u00e4rmeverluste im Geb\u00e4ude. Dachoberlichter k\u00f6nnen in Industriegeb\u00e4uden mit sogenannten Schr\u00e4gd\u00e4chern (Dachneigung \u00fcber 10 %) mit Warmdachkonstruktion aus Sandwichpaneelen eingesetzt werden. Das Dachoberlicht <strong>SPR-SKY<\/strong> kann als punktuelle Belichtung oder als Lichtband montiert werden \u2013 von First bis Traufe, in der Dachfl\u00e4che, am First oder von der Mitte der Dachfl\u00e4che bis zur Traufe. Dachoberlichter <strong>SPR-SKY<\/strong> werden mit Sandwichpaneelen \u00fcber Seitenverbindungen (auf den Sicken) und Endverbindungen (\u00fcberlappend) verbunden, jedoch ist die Deckschichtdicke des Oberlichts <strong>SPR-SKY<\/strong> drei- bis viermal gr\u00f6\u00dfer als die \u00e4u\u00dfere Deckschicht des Paneels. Das bedeutet, dass an den \u00dcberlappungsverbindungen die Deckschichten von Oberlicht und Paneel nicht perfekt anliegen, weshalb bei Planung und Montage besonders auf die Abdichtung dieser Verbindungen geachtet werden muss. Ebenso ist zu beachten, dass Dachoberlichter nicht so tragf\u00e4hig sind wie die angrenzenden Sandwichpaneele, daher ist zur Gew\u00e4hrleistung von Tragf\u00e4higkeit und Dichtheit die Montage gem\u00e4\u00df den Richtlinien und dem Bauhandwerk durchzuf\u00fchren.<br>&nbsp;<\/p>\n<\/div><\/div>\n<\/div>\n<\/div>\n<\/div><\/div>\n\n\n\n<div class=\"wp-block-group is-style-default\"><div class=\"wp-block-group__inner-container is-layout-constrained wp-block-group-is-layout-constrained\">\n<div class=\"wp-block-columns is-style-default is-layout-flex wp-container-core-columns-is-layout-9d6595d7 wp-block-columns-is-layout-flex\">\n<div class=\"wp-block-column is-vertically-aligned-center is-style-default is-layout-flow wp-block-column-is-layout-flow\" style=\"flex-basis:50%\">\n<div class=\"wp-block-cover is-light is-style-full-height\"><span aria-hidden=\"true\" class=\"wp-block-cover__background has-background-dim-0 has-background-dim\"><\/span><div class=\"wp-block-cover__inner-container is-layout-constrained wp-block-cover-is-layout-constrained\">\n<figure class=\"wp-block-image size-full is-resized\"><img loading=\"lazy\" decoding=\"async\" width=\"250\" height=\"220\" src=\"https:\/\/bp2.eu\/wp-content\/uploads\/2024\/02\/swietlik-icon-1.png\" alt=\"SWIETLIK BP2\" class=\"wp-image-84596\" style=\"width:80px\"\/><\/figure>\n\n\n\n<h2 class=\"wp-block-heading is-style-h3 has-red-color has-text-color has-link-color wp-elements-1e39fbdf023fee6db422741eecfc910f\"><br><strong>Anwendung des Dachoberlichts SPR-SKY ECO<\/strong><\/h2>\n\n\n\n<p>Die Anwendung des Dachoberlichts <strong>SPR-SKY ECO<\/strong> ist eine effektive L\u00f6sung zur Versorgung des Geb\u00e4udeinneren mit Tageslicht. Bereits bei einer Dachfl\u00e4chenabdeckung von 7 % bis 15 % kann es die elektrische Beleuchtung ersetzen. Die Kammerkonstruktion des Dachoberlichts begrenzt die \u00fcberm\u00e4\u00dfige Temperaturerh\u00f6hung durch Sonneneinstrahlung und minimiert gleichzeitig W\u00e4rmeverluste im Geb\u00e4ude. Dachoberlichter k\u00f6nnen in Industriegeb\u00e4uden mit Schr\u00e4gd\u00e4chern eingesetzt werden, wobei die minimale Dachneigung identisch ist mit der Dachplatte <strong>SPR CORE<\/strong>, die nicht in der L\u00e4nge verbunden ist und ohne technologische Durchdringungen ausgef\u00fchrt wird, d. h. 5 %, in der Warmdachkonstruktion aus Sandwichpaneelen. Das Dachoberlicht <strong>SPR-SKY ECO<\/strong> kann als Lichtband montiert werden, das vom First bis zur Traufe reicht. Ebenso ist zu beachten, dass Dachoberlichter nicht so tragf\u00e4hig sind wie die angrenzenden Sandwichpaneele, daher ist zur Gew\u00e4hrleistung von Tragf\u00e4higkeit und Dichtheit die Montage gem\u00e4\u00df den Richtlinien und dem Bauhandwerk durchzuf\u00fchren.<br>&nbsp;<\/p>\n<\/div><\/div>\n<\/div>\n\n\n\n<div class=\"wp-block-column is-vertically-aligned-center is-style-full-height is-layout-flow wp-block-column-is-layout-flow\" style=\"flex-basis:50%\"><div class=\"wp-block-image\">\n<figure class=\"aligncenter size-full\"><img loading=\"lazy\" decoding=\"async\" width=\"1920\" height=\"2560\" src=\"https:\/\/bp2.eu\/wp-content\/uploads\/2025\/08\/Render-SPR-SKY-ECO-OKLADKA-scaled.jpg\" alt=\"\" class=\"wp-image-102580\" srcset=\"https:\/\/bp2.eu\/wp-content\/uploads\/2025\/08\/Render-SPR-SKY-ECO-OKLADKA-scaled.jpg 1920w, https:\/\/bp2.eu\/wp-content\/uploads\/2025\/08\/Render-SPR-SKY-ECO-OKLADKA-720x960.jpg 720w, https:\/\/bp2.eu\/wp-content\/uploads\/2025\/08\/Render-SPR-SKY-ECO-OKLADKA-768x1024.jpg 768w, https:\/\/bp2.eu\/wp-content\/uploads\/2025\/08\/Render-SPR-SKY-ECO-OKLADKA-1152x1536.jpg 1152w, https:\/\/bp2.eu\/wp-content\/uploads\/2025\/08\/Render-SPR-SKY-ECO-OKLADKA-1536x2048.jpg 1536w\" sizes=\"auto, (max-width: 1920px) 100vw, 1920px\" \/><\/figure>\n<\/div><\/div>\n<\/div>\n<\/div><\/div>\n\n\n\n<div style=\"height:100px\" aria-hidden=\"true\" class=\"wp-block-spacer is-style-smaller-spacer\"><\/div>\n\n\n\n<div class=\"wp-block-group\"><div class=\"wp-block-group__inner-container is-layout-constrained wp-block-group-is-layout-constrained\">\n<h2 class=\"wp-block-heading has-text-align-center is-style-h3 has-red-color has-text-color\">Technische Parameter SPR-SKY<\/h2>\n\n\n\n<div class=\"wp-block-columns is-layout-flex wp-container-core-columns-is-layout-9d6595d7 wp-block-columns-is-layout-flex\">\n<div class=\"wp-block-column is-layout-flow wp-block-column-is-layout-flow\">\n<figure class=\"wp-block-image size-full\"><img loading=\"lazy\" decoding=\"async\" width=\"2145\" height=\"724\" src=\"https:\/\/bp2.eu\/wp-content\/uploads\/2023\/08\/Zrzut-ekranu-2025-08-26-133127-\u2013-ze-zmianami.png\" alt=\"Zusatzlicht-Profil SPR-SKY - Technische Angaben | BP2\" class=\"wp-image-102526\" srcset=\"https:\/\/bp2.eu\/wp-content\/uploads\/2023\/08\/Zrzut-ekranu-2025-08-26-133127-\u2013-ze-zmianami.png 2145w, https:\/\/bp2.eu\/wp-content\/uploads\/2023\/08\/Zrzut-ekranu-2025-08-26-133127-\u2013-ze-zmianami-820x277.png 820w, https:\/\/bp2.eu\/wp-content\/uploads\/2023\/08\/Zrzut-ekranu-2025-08-26-133127-\u2013-ze-zmianami-1024x346.png 1024w, https:\/\/bp2.eu\/wp-content\/uploads\/2023\/08\/Zrzut-ekranu-2025-08-26-133127-\u2013-ze-zmianami-768x259.png 768w, https:\/\/bp2.eu\/wp-content\/uploads\/2023\/08\/Zrzut-ekranu-2025-08-26-133127-\u2013-ze-zmianami-1536x518.png 1536w, https:\/\/bp2.eu\/wp-content\/uploads\/2023\/08\/Zrzut-ekranu-2025-08-26-133127-\u2013-ze-zmianami-2048x691.png 2048w\" sizes=\"auto, (max-width: 2145px) 100vw, 2145px\" \/><\/figure>\n<\/div>\n\n\n\n<div class=\"wp-block-column is-layout-flow wp-block-column-is-layout-flow\">\n<table style=\"width:100%; border-collapse:collapse; border-left:none; border-right:none;\">\n  <tbody>\n    <tr>\n      <td style=\"padding:8px; border-top:1px solid #ccc; border-bottom:1px solid #ccc; border-left:none; border-right:none;\">\n        <strong>MATERIAL:<\/strong>\n      <\/td>\n      <td style=\"padding:8px; border-top:1px solid #ccc; border-bottom:1px solid #ccc; border-left:none; border-right:none;\">\n        Harz-Glas-Verbundstoff kombiniert mit Polycarbonat, Dicke 25 mm oder 32 mm\n      <\/td>\n    <\/tr>\n    <tr>\n      <td style=\"padding:8px; border-bottom:1px solid #ccc; border-left:none; border-right:none;\">\n        <strong>MODULARE BREITE:<\/strong>\n      <\/td>\n      <td style=\"padding:8px; border-bottom:1px solid #ccc; border-left:none; border-right:none;\">\n        1050 mm\n      <\/td>\n    <\/tr>\n    <tr>\n      <td style=\"padding:8px; border-bottom:1px solid #ccc; border-left:none; border-right:none;\">\n        <strong>LICHT\u00d6FFNUNGSL\u00c4NGE:<\/strong>\n      <\/td>\n      <td style=\"padding:8px; border-bottom:1px solid #ccc; border-left:none; border-right:none;\">\n        7,0 m (maximale Plattenl\u00e4nge 7,2 m)<br>\n        Verbindung der Oberlichter in der L\u00e4nge ist direkt auf der Baustelle zul\u00e4ssig\n      <\/td>\n    <\/tr>\n    <tr>\n      <td style=\"padding:8px; border-bottom:1px solid #ccc; border-left:none; border-right:none;\">\n        <strong>EMPFOHLENE MINIMALE DACHNEIGUNG:<\/strong>\n      <\/td>\n      <td style=\"padding:8px; border-bottom:1px solid #ccc; border-left:none; border-right:none;\">\n        10 % (bei 20 cm \u00dcberlappung)\n      <\/td>\n    <\/tr>\n    <tr>\n      <td style=\"padding:8px; border-bottom:1px solid #ccc; border-left:none; border-right:none;\">\n        <strong>MAXIMALER ST\u00dcTZABSTAND:<\/strong>\n      <\/td>\n      <td style=\"padding:8px; border-bottom:1px solid #ccc; border-left:none; border-right:none;\">\n        1,5 m\n      <\/td>\n    <\/tr>\n    <tr>\n      <td style=\"padding:8px; border-bottom:1px solid #ccc; border-left:none; border-right:none;\">\n        <strong>DICKE:<\/strong>\n      <\/td>\n      <td style=\"padding:8px; border-bottom:1px solid #ccc; border-left:none; border-right:none;\">\n        Polycarbonat 25 mm \u2013 30 mm + Sickenh\u00f6he<br>\n        Polycarbonat 32 mm \u2013 35 mm + Sickenh\u00f6he\n      <\/td>\n    <\/tr>\n    <tr>\n      <td style=\"padding:8px; border-bottom:1px solid #ccc; border-left:none; border-right:none;\">\n        <strong>GEWICHT:<\/strong>\n      <\/td>\n      <td style=\"padding:8px; border-bottom:1px solid #ccc; border-left:none; border-right:none;\">\n        5,9 kg \u00b1 5%\n      <\/td>\n    <\/tr>\n    <tr>\n      <td style=\"padding:8px; border-bottom:1px solid #ccc; border-left:none; border-right:none;\">\n        <strong>ZUL\u00c4SSIGE MA\u00dfTOLERANZEN F\u00dcR L\u00c4NGE, BREITE UND DICKE DER OBERLICHTELEMENTE:<\/strong>\n      <\/td>\n      <td style=\"padding:8px; border-bottom:1px solid #ccc; border-left:none; border-right:none;\">\n        \u00b1 5%\n      <\/td>\n    <\/tr>\n    <tr>\n      <td style=\"padding:8px; border-bottom:1px solid #ccc; border-left:none; border-right:none;\">\n        <strong>W\u00c4RMEDURCHGANGSKOEFFIZIENT:<\/strong>\n      <\/td>\n      <td style=\"padding:8px; border-bottom:1px solid #ccc; border-left:none; border-right:none;\">\n        U = 1,5 W\/m\u00b2K bei Polycarbonat 25 mm<br>\n        U = 1,1 W\/m\u00b2K bei Polycarbonat 32 mm\n      <\/td>\n    <\/tr>\n    <tr>\n      <td style=\"padding:8px; border-bottom:1px solid #ccc; border-left:none; border-right:none;\">\n        <strong>LICHTDURCHL\u00c4SSIGKEIT:<\/strong>\n      <\/td>\n      <td style=\"padding:8px; border-bottom:1px solid #ccc; border-left:none; border-right:none;\">\n        50% \u00b1 5%\n      <\/td>\n    <\/tr>\n  <\/tbody>\n<\/table>\n<\/div>\n<\/div>\n<\/div><\/div>\n\n\n\n<div style=\"height:100px\" aria-hidden=\"true\" class=\"wp-block-spacer is-style-smaller-spacer\"><\/div>\n\n\n\n<div class=\"wp-block-group\"><div class=\"wp-block-group__inner-container is-layout-constrained wp-block-group-is-layout-constrained\">\n<h2 class=\"wp-block-heading has-text-align-center is-style-h3 has-red-color has-text-color\">Technische Parameter SPR-SKY ECO<\/h2>\n\n\n\n<div class=\"wp-block-columns is-layout-flex wp-container-core-columns-is-layout-9d6595d7 wp-block-columns-is-layout-flex\">\n<div class=\"wp-block-column is-layout-flow wp-block-column-is-layout-flow\">\n<figure class=\"wp-block-image size-full\"><img loading=\"lazy\" decoding=\"async\" width=\"1111\" height=\"464\" src=\"https:\/\/bp2.eu\/wp-content\/uploads\/2023\/08\/Zrzut-ekranu-2025-08-28-113852.png\" alt=\"\" class=\"wp-image-102990\" srcset=\"https:\/\/bp2.eu\/wp-content\/uploads\/2023\/08\/Zrzut-ekranu-2025-08-28-113852.png 1111w, https:\/\/bp2.eu\/wp-content\/uploads\/2023\/08\/Zrzut-ekranu-2025-08-28-113852-820x342.png 820w, https:\/\/bp2.eu\/wp-content\/uploads\/2023\/08\/Zrzut-ekranu-2025-08-28-113852-1024x428.png 1024w, https:\/\/bp2.eu\/wp-content\/uploads\/2023\/08\/Zrzut-ekranu-2025-08-28-113852-768x321.png 768w\" sizes=\"auto, (max-width: 1111px) 100vw, 1111px\" \/><\/figure>\n<\/div>\n\n\n\n<div class=\"wp-block-column is-layout-flow wp-block-column-is-layout-flow\">\n<table style=\"width:100%; border-collapse:collapse; border-left:none; border-right:none;\">\n  <tbody>\n    <tr>\n      <td style=\"padding:8px; border-top:1px solid #ccc; border-bottom:1px solid #ccc; border-left:none; border-right:none;\">\n        <strong>Dicke:<\/strong>\n      <\/td>\n      <td style=\"padding:8px; border-top:1px solid #ccc; border-bottom:1px solid #ccc; border-left:none; border-right:none;\">\n        20 mm\n      <\/td>\n    <\/tr>\n    <tr>\n      <td style=\"padding:8px; border-bottom:1px solid #ccc; border-left:none; border-right:none;\">\n        <strong>Modulare Breite:<\/strong>\n      <\/td>\n      <td style=\"padding:8px; border-bottom:1px solid #ccc; border-left:none; border-right:none;\">\n        1050 mm (\u00b15)\n      <\/td>\n    <\/tr>\n    <tr>\n      <td style=\"padding:8px; border-bottom:1px solid #ccc; border-left:none; border-right:none;\">\n        <strong>Wellenbreite:<\/strong>\n      <\/td>\n      <td style=\"padding:8px; border-bottom:1px solid #ccc; border-left:none; border-right:none;\">\n        4 Wellen \u00e0 350 mm\n      <\/td>\n    <\/tr>\n    <tr>\n      <td style=\"padding:8px; border-bottom:1px solid #ccc; border-left:none; border-right:none;\">\n        <strong>Profilh\u00f6he (innen):<\/strong>\n      <\/td>\n      <td style=\"padding:8px; border-bottom:1px solid #ccc; border-left:none; border-right:none;\">\n        45 mm\n      <\/td>\n    <\/tr>\n    <tr>\n      <td style=\"padding:8px; border-bottom:1px solid #ccc; border-left:none; border-right:none;\">\n        <strong>Dicke der Randprofile:<\/strong>\n      <\/td>\n      <td style=\"padding:8px; border-bottom:1px solid #ccc; border-left:none; border-right:none;\">\n        40\u00b12 mm (au\u00dfen) \u2013 45\u00b12 mm (innen)\n      <\/td>\n    <\/tr>\n    <tr>\n      <td style=\"padding:8px; border-bottom:1px solid #ccc; border-left:none; border-right:none;\">\n        <strong>Plattenl\u00e4nge:<\/strong>\n      <\/td>\n      <td style=\"padding:8px; border-bottom:1px solid #ccc; border-left:none; border-right:none;\">\n        13 m\n      <\/td>\n    <\/tr>\n    <tr>\n      <td style=\"padding:8px; border-bottom:1px solid #ccc; border-left:none; border-right:none;\">\n        <strong>Farbe:<\/strong>\n      <\/td>\n      <td style=\"padding:8px; border-bottom:1px solid #ccc; border-left:none; border-right:none;\">\n        Satiniert transparent oder opal\n      <\/td>\n    <\/tr>\n    <tr>\n      <td style=\"padding:8px; border-bottom:1px solid #ccc; border-left:none; border-right:none;\">\n        <strong>Kr\u00fcmmungsradius:<\/strong>\n      <\/td>\n      <td style=\"padding:8px; border-bottom:1px solid #ccc; border-left:none; border-right:none;\">\n        Werksbiegen R 3,5 oder 6,0 m \u2013 Kaltbiegen R &gt; 10 m\n      <\/td>\n    <\/tr>\n    <tr>\n      <td style=\"padding:8px; border-bottom:1px solid #ccc; border-left:none; border-right:none;\">\n        <strong>Versiegelung der Plattenenden:<\/strong>\n      <\/td>\n      <td style=\"padding:8px; border-bottom:1px solid #ccc; border-left:none; border-right:none;\">\n        Thermoversiegelte Enden\n      <\/td>\n    <\/tr>\n    <tr>\n      <td style=\"padding:8px; border-bottom:1px solid #ccc; border-left:none; border-right:none;\">\n        <strong>Innere Struktur:<\/strong>\n      <\/td>\n      <td style=\"padding:8px; border-bottom:1px solid #ccc; border-left:none; border-right:none;\">\n        Vierwandig\n      <\/td>\n    <\/tr>\n    <tr>\n      <td style=\"padding:8px; border-bottom:1px solid #ccc; border-left:none; border-right:none;\">\n        <strong>UV-Schutz:<\/strong>\n      <\/td>\n      <td style=\"padding:8px; border-bottom:1px solid #ccc; border-left:none; border-right:none;\">\n        Auf der Au\u00dfenschicht\n      <\/td>\n    <\/tr>\n    <tr>\n      <td style=\"padding:8px; border-bottom:1px solid #ccc; border-left:none; border-right:none;\">\n        <strong>Feuerwiderstand:<\/strong>\n      <\/td>\n      <td style=\"padding:8px; border-bottom:1px solid #ccc; border-left:none; border-right:none;\">\n        B s1 d0\n      <\/td>\n    <\/tr>\n    <tr>\n      <td style=\"padding:8px; border-bottom:1px solid #ccc; border-left:none; border-right:none;\">\n        <strong>Betriebstemperaturbereich:<\/strong>\n      <\/td>\n      <td style=\"padding:8px; border-bottom:1px solid #ccc; border-left:none; border-right:none;\">\n        -40\u00b0 \/ +130\u00b0\n      <\/td>\n    <\/tr>\n    <tr>\n      <td style=\"padding:8px; border-bottom:1px solid #ccc; border-left:none; border-right:none;\">\n        <strong>Lineare W\u00e4rmeausdehnung:<\/strong>\n      <\/td>\n      <td style=\"padding:8px; border-bottom:1px solid #ccc; border-left:none; border-right:none;\">\n        6,7 \u00d7 10<sup>-5<\/sup>\n      <\/td>\n    <\/tr>\n    <tr>\n      <td style=\"padding:8px; border-bottom:1px solid #ccc; border-left:none; border-right:none;\">\n        <strong>W\u00e4rmed\u00e4mmung:<\/strong>\n      <\/td>\n      <td style=\"padding:8px; border-bottom:1px solid #ccc; border-left:none; border-right:none;\">\n        U = 2,28 W\/m\u00b2K &nbsp;&nbsp;|&nbsp;&nbsp; U = 1,98 W\/m\u00b2K &nbsp;&nbsp;|&nbsp;&nbsp; U = 1,78 W\/m\u00b2K\n      <\/td>\n    <\/tr>\n    <tr>\n      <td style=\"padding:8px; border-bottom:1px solid #ccc; border-left:none; border-right:none;\">\n        <strong>Lichttransmission (Version: satiniert transparent):<\/strong>\n      <\/td>\n      <td style=\"padding:8px; border-bottom:1px solid #ccc; border-left:none; border-right:none;\">\n        67 \u00b12 % &nbsp;&nbsp;|&nbsp;&nbsp; 65 \u00b12 % &nbsp;&nbsp;|&nbsp;&nbsp; 60 \u00b12 %\n      <\/td>\n    <\/tr>\n    <tr>\n      <td style=\"padding:8px; border-bottom:1px solid #ccc; border-left:none; border-right:none;\">\n        <strong>Lichttransmission (Version: opal):<\/strong>\n      <\/td>\n      <td style=\"padding:8px; border-bottom:1px solid #ccc; border-left:none; border-right:none;\">\n        43 \u00b12 % &nbsp;&nbsp;|&nbsp;&nbsp; 41 \u00b12 % &nbsp;&nbsp;|&nbsp;&nbsp; 38 \u00b12 %\n      <\/td>\n    <\/tr>\n  <\/tbody>\n<\/table>\n<\/div>\n<\/div>\n<\/div><\/div>\n","protected":false},"featured_media":102541,"menu_order":804,"template":"","product_category":[2297,1680],"warranty":[],"product_serie":[],"class_list":["post-102524","product","type-product","status-publish","has-post-thumbnail","hentry","product_category-akcesoria-dla-plyt-warstwowych-de","product_category-objekt-und-gewerbebau"],"acf":[],"_links":{"self":[{"href":"https:\/\/bp2.eu\/de\/wp-json\/wp\/v2\/product\/102524","targetHints":{"allow":["GET"]}}],"collection":[{"href":"https:\/\/bp2.eu\/de\/wp-json\/wp\/v2\/product"}],"about":[{"href":"https:\/\/bp2.eu\/de\/wp-json\/wp\/v2\/types\/product"}],"wp:featuredmedia":[{"embeddable":true,"href":"https:\/\/bp2.eu\/de\/wp-json\/wp\/v2\/media\/102541"}],"wp:attachment":[{"href":"https:\/\/bp2.eu\/de\/wp-json\/wp\/v2\/media?parent=102524"}],"wp:term":[{"taxonomy":"product_category","embeddable":true,"href":"https:\/\/bp2.eu\/de\/wp-json\/wp\/v2\/product_category?post=102524"},{"taxonomy":"warranty","embeddable":true,"href":"https:\/\/bp2.eu\/de\/wp-json\/wp\/v2\/warranty?post=102524"},{"taxonomy":"product_serie","embeddable":true,"href":"https:\/\/bp2.eu\/de\/wp-json\/wp\/v2\/product_serie?post=102524"}],"curies":[{"name":"wp","href":"https:\/\/api.w.org\/{rel}","templated":true}]}}