{"id":64338,"date":"2020-03-14T15:06:00","date_gmt":"2020-03-14T14:06:00","guid":{"rendered":"https:\/\/bp2.eu\/produkt\/swietliki\/"},"modified":"2025-08-28T10:52:10","modified_gmt":"2025-08-28T08:52:10","slug":"zusatzlicht-profile-fuer-trapezbleche-bp2","status":"publish","type":"product","link":"https:\/\/bp2.eu\/de\/produkt\/zusatzlicht-profile-fuer-trapezbleche-bp2\/","title":{"rendered":"Zusatzlicht-Profile f\u00fcr Trapezbleche"},"content":{"rendered":"\n<div style=\"height:100px\" aria-hidden=\"true\" class=\"wp-block-spacer is-style-smaller-spacer\"><\/div>\n\n\n\n<div class=\"wp-block-group\"><div class=\"wp-block-group__inner-container is-layout-constrained wp-block-group-is-layout-constrained\">\n<h2 class=\"wp-block-heading has-text-align-center has-red-color has-text-color has-link-color wp-elements-03823b6b7c2177244ff72a2b0ee7340f\">Zusatzlicht-Profil SKY-T18<\/h2>\n\n\n\n<p class=\"has-text-align-center\">Das Dachoberlicht SKY-T18 ist eine spezielle L\u00f6sung f\u00fcr Trapezbleche T-18, die hohe<br>Lichtdurchl\u00e4ssigkeit mit einer robusten Struktur kombiniert. Es sorgt f\u00fcr eine effektive Beleuchtung von Hallen und kleineren R\u00e4umen. Es zeichnet sich durch<br>hohe Schlagfestigkeit aus und bewahrt gleichzeitig die \u00c4sthetik und Funktionalit\u00e4t der Konstruktion.<\/p>\n\n\n\n<div class=\"wp-block-columns is-layout-flex wp-container-core-columns-is-layout-9d6595d7 wp-block-columns-is-layout-flex\">\n<div class=\"wp-block-column is-layout-flow wp-block-column-is-layout-flow\">\n<figure class=\"wp-block-image size-large\"><img loading=\"lazy\" decoding=\"async\" width=\"1024\" height=\"874\" src=\"https:\/\/bp2.eu\/wp-content\/uploads\/2020\/03\/Swietlik-T18-Wymiary-1024x874.jpg\" alt=\"\" class=\"wp-image-102675\" srcset=\"https:\/\/bp2.eu\/wp-content\/uploads\/2020\/03\/Swietlik-T18-Wymiary-1024x874.jpg 1024w, https:\/\/bp2.eu\/wp-content\/uploads\/2020\/03\/Swietlik-T18-Wymiary-820x700.jpg 820w, https:\/\/bp2.eu\/wp-content\/uploads\/2020\/03\/Swietlik-T18-Wymiary-768x656.jpg 768w, https:\/\/bp2.eu\/wp-content\/uploads\/2020\/03\/Swietlik-T18-Wymiary-1536x1311.jpg 1536w, https:\/\/bp2.eu\/wp-content\/uploads\/2020\/03\/Swietlik-T18-Wymiary.jpg 1943w\" sizes=\"auto, (max-width: 1024px) 100vw, 1024px\" \/><\/figure>\n<\/div>\n\n\n\n<div class=\"wp-block-column is-layout-flow wp-block-column-is-layout-flow\">\n<h2 class=\"wp-block-heading is-style-h3 has-red-color has-text-color has-link-color wp-elements-c7ba569c7d4a6fa4a62e469d2de6332d\">Technische Parameter<\/h2>\n\n\n\n<table style=\"width:100%; border-collapse:collapse; border:0; table-layout:fixed;\">\n  <tbody>\n    <tr>\n      <td style=\"padding:10px; border-top:1px solid #ddd; border-bottom:1px solid #ddd; vertical-align:top;\"><strong>Dicke:<\/strong><\/td>\n      <td style=\"padding:10px; border-top:1px solid #ddd; border-bottom:1px solid #ddd; vertical-align:top;\">1,0 mm<\/td>\n    <\/tr>\n    <tr>\n      <td style=\"padding:10px; border-bottom:1px solid #ddd; vertical-align:top;\"><strong>Nutzbreite:<\/strong><\/td>\n      <td style=\"padding:10px; border-bottom:1px solid #ddd; vertical-align:top;\">1063&plusmn;5 mm<\/td>\n    <\/tr>\n    <tr>\n      <td style=\"padding:10px; border-bottom:1px solid #ddd; vertical-align:top;\"><strong>Plattenbreite:<\/strong><\/td>\n      <td style=\"padding:10px; border-bottom:1px solid #ddd; vertical-align:top;\">1117&plusmn;5 mm<\/td>\n    <\/tr>\n    <tr>\n      <td style=\"padding:10px; border-bottom:1px solid #ddd; vertical-align:top;\"><strong>Wellenabstand:<\/strong><\/td>\n      <td style=\"padding:10px; border-bottom:1px solid #ddd; vertical-align:top;\">134 mm<\/td>\n    <\/tr>\n    <tr>\n      <td style=\"padding:10px; border-bottom:1px solid #ddd; vertical-align:top;\"><strong>Wellenh\u00f6he:<\/strong><\/td>\n      <td style=\"padding:10px; border-bottom:1px solid #ddd; vertical-align:top;\">18 mm<\/td>\n    <\/tr>\n    <tr>\n      <td style=\"padding:10px; border-bottom:1px solid #ddd; vertical-align:top;\"><strong>Plattenl\u00e4nge:<\/strong><\/td>\n      <td style=\"padding:10px; border-bottom:1px solid #ddd; vertical-align:top;\">3 m<\/td>\n    <\/tr>\n    <tr>\n      <td style=\"padding:10px; border-bottom:1px solid #ddd; vertical-align:top;\"><strong>Farbe:<\/strong><\/td>\n      <td style=\"padding:10px; border-bottom:1px solid #ddd; vertical-align:top;\">Klar<\/td>\n    <\/tr>\n    <tr>\n      <td style=\"padding:10px; border-bottom:1px solid #ddd; vertical-align:top;\"><strong>Struktur:<\/strong><\/td>\n      <td style=\"padding:10px; border-bottom:1px solid #ddd; vertical-align:top;\">Vollplatte<\/td>\n    <\/tr>\n    <tr>\n      <td style=\"padding:10px; border-bottom:1px solid #ddd; vertical-align:top;\"><strong>UV-Schutz:<\/strong><\/td>\n      <td style=\"padding:10px; border-bottom:1px solid #ddd; vertical-align:top;\">Ja<\/td>\n    <\/tr>\n    <tr>\n      <td style=\"padding:10px; border-bottom:1px solid #ddd; vertical-align:top;\"><strong>Brandschutzklasse:<\/strong><\/td>\n      <td style=\"padding:10px; border-bottom:1px solid #ddd; vertical-align:top;\">B s1 d0<\/td>\n    <\/tr>\n    <tr>\n      <td style=\"padding:10px; border-bottom:1px solid #ddd; vertical-align:top;\"><strong>Betriebstemperaturbereich:<\/strong><\/td>\n      <td style=\"padding:10px; border-bottom:1px solid #ddd; vertical-align:top;\">-40&deg; \/ +130&deg;C<\/td>\n    <\/tr>\n    <tr>\n      <td style=\"padding:10px; border-bottom:1px solid #ddd; vertical-align:top;\"><strong>Lineare W\u00e4rmeausdehnung:<\/strong><\/td>\n      <td style=\"padding:10px; border-bottom:1px solid #ddd; vertical-align:top;\">6,7 &times; 10<sup>-5<\/sup> mm\/mm &deg;C<\/td>\n    <\/tr>\n    <tr>\n      <td style=\"padding:10px; border-bottom:1px solid #ddd; vertical-align:top;\"><strong>Chemikalienbest\u00e4ndigkeit (Nutzung und Wartung):<\/strong><\/td>\n      <td style=\"padding:10px; border-bottom:1px solid #ddd; vertical-align:top;\">Spezifikation in der Literatur<\/td>\n    <\/tr>\n    <tr>\n      <td style=\"padding:10px; border-bottom:1px solid #ddd; vertical-align:top;\"><strong>W\u00e4rmed\u00e4mmung:<\/strong><\/td>\n      <td style=\"padding:10px; border-bottom:1px solid #ddd; vertical-align:top;\">5,70 W\/mK<\/td>\n    <\/tr>\n    <tr>\n      <td style=\"padding:10px; border-bottom:1px solid #ddd; vertical-align:top;\"><strong>Lichtdurchl\u00e4ssigkeit (KLAR):<\/strong><\/td>\n      <td style=\"padding:10px; border-bottom:1px solid #ddd; vertical-align:top;\">89&plusmn;2 %<\/td>\n    <\/tr>\n    <tr>\n      <td style=\"padding:10px; border-bottom:1px solid #ddd; vertical-align:top;\"><strong>Garantie:<\/strong><\/td>\n      <td style=\"padding:10px; border-bottom:1px solid #ddd; vertical-align:top;\">10 Jahre*<\/td>\n    <\/tr>\n  <\/tbody>\n<\/table>\n<\/div>\n<\/div>\n\n\n\n<ul class=\"wp-block-list\">\n<li><strong>Anwendung<\/strong>: Ausf\u00fchrung von Oberlichtern und Flachdachabdeckungen<\/li>\n\n\n\n<li><strong>Zubeh\u00f6r<\/strong>: Das System wird durch Zubeh\u00f6rteile erg\u00e4nzt (f\u00fcr detaillierte Informationen zu Zubeh\u00f6r wenden Sie sich bitte an den Hersteller).<br><br><strong>HINWEISE:<\/strong> Zur Herstellung von Oberlichtern mit hohen Isolationsparametern gem\u00e4\u00df der geltenden Norm kann eine innere Zwischendecke hinzugef\u00fcgt werden.<\/li>\n<\/ul>\n<\/div><\/div>\n\n\n\n<div style=\"height:100px\" aria-hidden=\"true\" class=\"wp-block-spacer is-style-smaller-spacer\"><\/div>\n\n\n\n<div class=\"wp-block-group\"><div class=\"wp-block-group__inner-container is-layout-constrained wp-block-group-is-layout-constrained\">\n<h2 class=\"wp-block-heading has-text-align-center has-red-color has-text-color has-link-color wp-elements-3deebd0221fb160fb33697819e15df1c\">Zusatzlicht-Profil SKY-T18 ECO<\/h2>\n\n\n\n<p class=\"has-text-align-center\">Das SKY-T18 ECO ist ein leichtes und wirtschaftliches Dachoberlicht, das speziell f\u00fcr Trapezblech T18 ECO entwickelt wurde.<br>Es stellt eine effektive Alternative zur k\u00fcnstlichen Beleuchtung dar, bietet hohe Transparenz und Haltbarkeit bei gleichzeitiger Beibehaltung<br>energieeffizienter Parameter \u2013 ideal f\u00fcr landwirtschaftliche und Investitionsobjekte.<\/p>\n\n\n\n<div class=\"wp-block-columns is-layout-flex wp-container-core-columns-is-layout-9d6595d7 wp-block-columns-is-layout-flex\">\n<div class=\"wp-block-column is-layout-flow wp-block-column-is-layout-flow\">\n<figure class=\"wp-block-image size-large\"><img loading=\"lazy\" decoding=\"async\" width=\"1024\" height=\"856\" src=\"https:\/\/bp2.eu\/wp-content\/uploads\/2020\/03\/Swietlik-T18-ECO_Wymiary-1024x856.jpg\" alt=\"\" class=\"wp-image-102683\" srcset=\"https:\/\/bp2.eu\/wp-content\/uploads\/2020\/03\/Swietlik-T18-ECO_Wymiary-1024x856.jpg 1024w, https:\/\/bp2.eu\/wp-content\/uploads\/2020\/03\/Swietlik-T18-ECO_Wymiary-820x686.jpg 820w, https:\/\/bp2.eu\/wp-content\/uploads\/2020\/03\/Swietlik-T18-ECO_Wymiary-768x642.jpg 768w, https:\/\/bp2.eu\/wp-content\/uploads\/2020\/03\/Swietlik-T18-ECO_Wymiary-1536x1284.jpg 1536w, https:\/\/bp2.eu\/wp-content\/uploads\/2020\/03\/Swietlik-T18-ECO_Wymiary.jpg 2025w\" sizes=\"auto, (max-width: 1024px) 100vw, 1024px\" \/><\/figure>\n<\/div>\n\n\n\n<div class=\"wp-block-column is-layout-flow wp-block-column-is-layout-flow\">\n<h2 class=\"wp-block-heading is-style-h3 has-red-color has-text-color has-link-color wp-elements-c7ba569c7d4a6fa4a62e469d2de6332d\">Technische Parameter<\/h2>\n\n\n\n<table style=\"width:100%; border-collapse:collapse; border:0; table-layout:fixed;\">\n  <tbody>\n    <tr>\n      <td style=\"padding:10px; border-top:1px solid #ddd; border-bottom:1px solid #ddd;\"><strong>Dicke:<\/strong><\/td>\n      <td style=\"padding:10px; border-top:1px solid #ddd; border-bottom:1px solid #ddd;\">1,0 mm<\/td>\n    <\/tr>\n    <tr>\n      <td style=\"padding:10px; border-bottom:1px solid #ddd;\"><strong>Nutzbreite:<\/strong><\/td>\n      <td style=\"padding:10px; border-bottom:1px solid #ddd;\">1170&plusmn;5 mm<\/td>\n    <\/tr>\n    <tr>\n      <td style=\"padding:10px; border-bottom:1px solid #ddd;\"><strong>Plattenbreite:<\/strong><\/td>\n      <td style=\"padding:10px; border-bottom:1px solid #ddd;\">1120&plusmn;5 mm<\/td>\n    <\/tr>\n    <tr>\n      <td style=\"padding:10px; border-bottom:1px solid #ddd;\"><strong>Wellenabstand:<\/strong><\/td>\n      <td style=\"padding:10px; border-bottom:1px solid #ddd;\">187,5 mm<\/td>\n    <\/tr>\n    <tr>\n      <td style=\"padding:10px; border-bottom:1px solid #ddd;\"><strong>Wellenh\u00f6he:<\/strong><\/td>\n      <td style=\"padding:10px; border-bottom:1px solid #ddd;\">16,5 mm<\/td>\n    <\/tr>\n    <tr>\n      <td style=\"padding:10px; border-bottom:1px solid #ddd;\"><strong>Plattenl\u00e4nge:<\/strong><\/td>\n      <td style=\"padding:10px; border-bottom:1px solid #ddd;\">3 m<\/td>\n    <\/tr>\n    <tr>\n      <td style=\"padding:10px; border-bottom:1px solid #ddd;\"><strong>Farbe:<\/strong><\/td>\n      <td style=\"padding:10px; border-bottom:1px solid #ddd;\">Klar<\/td>\n    <\/tr>\n    <tr>\n      <td style=\"padding:10px; border-bottom:1px solid #ddd;\"><strong>Struktur:<\/strong><\/td>\n      <td style=\"padding:10px; border-bottom:1px solid #ddd;\">Vollplatte<\/td>\n    <\/tr>\n    <tr>\n      <td style=\"padding:10px; border-bottom:1px solid #ddd;\"><strong>UV-Schutz:<\/strong><\/td>\n      <td style=\"padding:10px; border-bottom:1px solid #ddd;\">Ja<\/td>\n    <\/tr>\n    <tr>\n      <td style=\"padding:10px; border-bottom:1px solid #ddd;\"><strong>Brandschutzklasse:<\/strong><\/td>\n      <td style=\"padding:10px; border-bottom:1px solid #ddd;\">B s1 d0<\/td>\n    <\/tr>\n    <tr>\n      <td style=\"padding:10px; border-bottom:1px solid #ddd;\"><strong>Betriebstemperaturbereich:<\/strong><\/td>\n      <td style=\"padding:10px; border-bottom:1px solid #ddd;\">-40&deg; \/ +130&deg;C<\/td>\n    <\/tr>\n    <tr>\n      <td style=\"padding:10px; border-bottom:1px solid #ddd;\"><strong>Lineare W\u00e4rmeausdehnung:<\/strong><\/td>\n      <td style=\"padding:10px; border-bottom:1px solid #ddd;\">6,7 &times; 10<sup>-5<\/sup> mm\/mm &deg;C<\/td>\n    <\/tr>\n    <tr>\n      <td style=\"padding:10px; border-bottom:1px solid #ddd;\"><strong>Chemikalienbest\u00e4ndigkeit (Nutzung und Wartung):<\/strong><\/td>\n      <td style=\"padding:10px; border-bottom:1px solid #ddd;\">Spezifikation in der Literatur<\/td>\n    <\/tr>\n    <tr>\n      <td style=\"padding:10px; border-bottom:1px solid #ddd;\"><strong>W\u00e4rmed\u00e4mmung:<\/strong><\/td>\n      <td style=\"padding:10px; border-bottom:1px solid #ddd;\">5,70 W\/mK<\/td>\n    <\/tr>\n    <tr>\n      <td style=\"padding:10px; border-bottom:1px solid #ddd;\"><strong>Lichtdurchl\u00e4ssigkeit (KLAR):<\/strong><\/td>\n      <td style=\"padding:10px; border-bottom:1px solid #ddd;\">89&plusmn;2 %<\/td>\n    <\/tr>\n    <tr>\n      <td style=\"padding:10px; border-bottom:1px solid #ddd;\"><strong>Garantie:<\/strong><\/td>\n      <td style=\"padding:10px; border-bottom:1px solid #ddd;\">10 Jahre*<\/td>\n    <\/tr>\n  <\/tbody>\n<\/table>\n<\/div>\n<\/div>\n\n\n\n<ul class=\"wp-block-list\">\n<li><strong>Anwendung<\/strong>: Ausf\u00fchrung von Oberlichtern und Flachdachabdeckungen<\/li>\n\n\n\n<li><strong>Zubeh\u00f6r<\/strong>: Das System wird durch Zubeh\u00f6rteile erg\u00e4nzt (f\u00fcr detaillierte Informationen zu Zubeh\u00f6r wenden Sie sich bitte an den Hersteller).<br><br><strong>HINWEISE:<\/strong> Zur Herstellung von Oberlichtern mit hohen Isolationsparametern gem\u00e4\u00df der geltenden Norm kann eine innere Zwischendecke hinzugef\u00fcgt werden.<\/li>\n<\/ul>\n<\/div><\/div>\n\n\n\n<div style=\"height:100px\" aria-hidden=\"true\" class=\"wp-block-spacer is-style-smaller-spacer\"><\/div>\n\n\n\n<div class=\"wp-block-group\"><div class=\"wp-block-group__inner-container is-layout-constrained wp-block-group-is-layout-constrained\">\n<h2 class=\"wp-block-heading has-text-align-center has-red-color has-text-color has-link-color wp-elements-0dd8e14ccc3751193185a73cd73e2d59\">Zusatzlicht-Profil SKY-T35<\/h2>\n\n\n\n<p class=\"has-text-align-center\">Das SKY-T35 ist ein starkes und widerstandsf\u00e4higes Dachoberlicht, das f\u00fcr Trapezbleche T35 entwickelt wurde und f\u00fcr Geb\u00e4ude bestimmt ist,<br>die eine robuste Konstruktion erfordern. Es garantiert eine effektive Innenbeleuchtung, hohe Witterungsbest\u00e4ndigkeit<br>und den Erhalt der Dach\u00e4sthetik im Industrie- und Gewerbebau.<\/p>\n\n\n\n<div class=\"wp-block-columns is-layout-flex wp-container-core-columns-is-layout-9d6595d7 wp-block-columns-is-layout-flex\">\n<div class=\"wp-block-column is-layout-flow wp-block-column-is-layout-flow\">\n<figure class=\"wp-block-image size-large\"><img loading=\"lazy\" decoding=\"async\" width=\"1024\" height=\"853\" src=\"https:\/\/bp2.eu\/wp-content\/uploads\/2020\/03\/Swietlik-T35_Wymiary-1024x853.jpg\" alt=\"\" class=\"wp-image-102691\" srcset=\"https:\/\/bp2.eu\/wp-content\/uploads\/2020\/03\/Swietlik-T35_Wymiary-1024x853.jpg 1024w, https:\/\/bp2.eu\/wp-content\/uploads\/2020\/03\/Swietlik-T35_Wymiary-820x683.jpg 820w, https:\/\/bp2.eu\/wp-content\/uploads\/2020\/03\/Swietlik-T35_Wymiary-768x640.jpg 768w, https:\/\/bp2.eu\/wp-content\/uploads\/2020\/03\/Swietlik-T35_Wymiary-1536x1279.jpg 1536w, https:\/\/bp2.eu\/wp-content\/uploads\/2020\/03\/Swietlik-T35_Wymiary.jpg 1961w\" sizes=\"auto, (max-width: 1024px) 100vw, 1024px\" \/><\/figure>\n<\/div>\n\n\n\n<div class=\"wp-block-column is-layout-flow wp-block-column-is-layout-flow\">\n<h2 class=\"wp-block-heading is-style-h3 has-red-color has-text-color has-link-color wp-elements-c7ba569c7d4a6fa4a62e469d2de6332d\">Technische Parameter<\/h2>\n\n\n\n<table style=\"width:100%; border-collapse:collapse; border:0; table-layout:fixed;\">\n  <tbody>\n    <tr>\n      <td style=\"padding:10px; border-top:1px solid #ddd; border-bottom:1px solid #ddd;\"><strong>Dicke:<\/strong><\/td>\n      <td style=\"padding:10px; border-top:1px solid #ddd; border-bottom:1px solid #ddd;\">1,0 mm<\/td>\n    <\/tr>\n    <tr>\n      <td style=\"padding:10px; border-bottom:1px solid #ddd;\"><strong>Nutzbreite:<\/strong><\/td>\n      <td style=\"padding:10px; border-bottom:1px solid #ddd;\">1065 &plusmn; 5 mm<\/td>\n    <\/tr>\n    <tr>\n      <td style=\"padding:10px; border-bottom:1px solid #ddd;\"><strong>Plattenbreite:<\/strong><\/td>\n      <td style=\"padding:10px; border-bottom:1px solid #ddd;\">1119 &plusmn; 5 mm<\/td>\n    <\/tr>\n    <tr>\n      <td style=\"padding:10px; border-bottom:1px solid #ddd;\"><strong>Wellenabstand:<\/strong><\/td>\n      <td style=\"padding:10px; border-bottom:1px solid #ddd;\">213 mm<\/td>\n    <\/tr>\n    <tr>\n      <td style=\"padding:10px; border-bottom:1px solid #ddd;\"><strong>Wellenh\u00f6he:<\/strong><\/td>\n      <td style=\"padding:10px; border-bottom:1px solid #ddd;\">34 mm<\/td>\n    <\/tr>\n    <tr>\n      <td style=\"padding:10px; border-bottom:1px solid #ddd;\"><strong>Plattenl\u00e4nge:<\/strong><\/td>\n      <td style=\"padding:10px; border-bottom:1px solid #ddd;\">3 m<\/td>\n    <\/tr>\n    <tr>\n      <td style=\"padding:10px; border-bottom:1px solid #ddd;\"><strong>Farbe:<\/strong><\/td>\n      <td style=\"padding:10px; border-bottom:1px solid #ddd;\">Klar<\/td>\n    <\/tr>\n    <tr>\n      <td style=\"padding:10px; border-bottom:1px solid #ddd;\"><strong>Struktur:<\/strong><\/td>\n      <td style=\"padding:10px; border-bottom:1px solid #ddd;\">Vollplatte<\/td>\n    <\/tr>\n    <tr>\n      <td style=\"padding:10px; border-bottom:1px solid #ddd;\"><strong>UV-Schutz:<\/strong><\/td>\n      <td style=\"padding:10px; border-bottom:1px solid #ddd;\">Ja<\/td>\n    <\/tr>\n    <tr>\n      <td style=\"padding:10px; border-bottom:1px solid #ddd;\"><strong>Brandschutzklasse:<\/strong><\/td>\n      <td style=\"padding:10px; border-bottom:1px solid #ddd;\">B s1 d0<\/td>\n    <\/tr>\n    <tr>\n      <td style=\"padding:10px; border-bottom:1px solid #ddd;\"><strong>Betriebstemperaturbereich:<\/strong><\/td>\n      <td style=\"padding:10px; border-bottom:1px solid #ddd;\">-40&deg; \/ +130&deg;C<\/td>\n    <\/tr>\n    <tr>\n      <td style=\"padding:10px; border-bottom:1px solid #ddd;\"><strong>Lineare W\u00e4rmeausdehnung:<\/strong><\/td>\n      <td style=\"padding:10px; border-bottom:1px solid #ddd;\">6,7 &times; 10<sup>-5<\/sup> mm\/mm &deg;C<\/td>\n    <\/tr>\n    <tr>\n      <td style=\"padding:10px; border-bottom:1px solid #ddd;\"><strong>Chemikalienbest\u00e4ndigkeit (Nutzung und Wartung):<\/strong><\/td>\n      <td style=\"padding:10px; border-bottom:1px solid #ddd;\">Spezifikation in der Literatur<\/td>\n    <\/tr>\n    <tr>\n      <td style=\"padding:10px; border-bottom:1px solid #ddd;\"><strong>W\u00e4rmed\u00e4mmung:<\/strong><\/td>\n      <td style=\"padding:10px; border-bottom:1px solid #ddd;\">5,70 W\/mk<\/td>\n    <\/tr>\n    <tr>\n      <td style=\"padding:10px; border-bottom:1px solid #ddd;\"><strong>Lichtdurchl\u00e4ssigkeit (KLAR):<\/strong><\/td>\n      <td style=\"padding:10px; border-bottom:1px solid #ddd;\">89 &plusmn; 2 %<\/td>\n    <\/tr>\n    <tr>\n      <td style=\"padding:10px; border-bottom:1px solid #ddd;\"><strong>Garantie:<\/strong><\/td>\n      <td style=\"padding:10px; border-bottom:1px solid #ddd;\">10 Jahre*<\/td>\n    <\/tr>\n  <\/tbody>\n<\/table>\n<\/div>\n<\/div>\n\n\n\n<ul class=\"wp-block-list\">\n<li><strong>Anwendung<\/strong>: Herstellung von Oberlichtern und Flachdachabdeckungen.<\/li>\n\n\n\n<li><strong>Zubeh\u00f6r<\/strong>: Das System wird durch Zubeh\u00f6rteile erg\u00e4nzt (f\u00fcr detaillierte Informationen zu Zubeh\u00f6r<br>bitte den Hersteller kontaktieren).<br><br><strong>HINWEISE:<\/strong> Zur Herstellung von Oberlichtern mit hohen Isolationsparametern gem\u00e4\u00df der geltenden Norm kann eine innere Zwischendecke hinzugef\u00fcgt werden.<\/li>\n<\/ul>\n<\/div><\/div>\n\n\n\n<div style=\"height:100px\" aria-hidden=\"true\" class=\"wp-block-spacer is-style-smaller-spacer\"><\/div>\n\n\n\n<div class=\"wp-block-group\"><div class=\"wp-block-group__inner-container is-layout-constrained wp-block-group-is-layout-constrained\">\n<div class=\"wp-block-columns is-layout-flex wp-container-core-columns-is-layout-9d6595d7 wp-block-columns-is-layout-flex\">\n<div class=\"wp-block-column is-layout-flow wp-block-column-is-layout-flow\"><div class=\"wp-block-image\">\n<figure class=\"aligncenter size-large\"><img loading=\"lazy\" decoding=\"async\" width=\"1024\" height=\"891\" src=\"https:\/\/bp2.eu\/wp-content\/uploads\/2020\/03\/Zrzut-ekranu-2025-08-28-105048-1024x891.png\" alt=\"\" class=\"wp-image-102938\" srcset=\"https:\/\/bp2.eu\/wp-content\/uploads\/2020\/03\/Zrzut-ekranu-2025-08-28-105048-1024x891.png 1024w, https:\/\/bp2.eu\/wp-content\/uploads\/2020\/03\/Zrzut-ekranu-2025-08-28-105048-820x713.png 820w, https:\/\/bp2.eu\/wp-content\/uploads\/2020\/03\/Zrzut-ekranu-2025-08-28-105048-768x668.png 768w, https:\/\/bp2.eu\/wp-content\/uploads\/2020\/03\/Zrzut-ekranu-2025-08-28-105048.png 1124w\" sizes=\"auto, (max-width: 1024px) 100vw, 1024px\" \/><\/figure>\n<\/div><\/div>\n\n\n\n<div class=\"wp-block-column is-vertically-aligned-top is-layout-flow wp-block-column-is-layout-flow\"><div class=\"wp-block-image\">\n<figure class=\"aligncenter size-large\"><img loading=\"lazy\" decoding=\"async\" width=\"1024\" height=\"447\" src=\"https:\/\/bp2.eu\/wp-content\/uploads\/2020\/03\/Zrzut-ekranu-2025-08-28-105126-1024x447.png\" alt=\"\" class=\"wp-image-102946\" srcset=\"https:\/\/bp2.eu\/wp-content\/uploads\/2020\/03\/Zrzut-ekranu-2025-08-28-105126-1024x447.png 1024w, https:\/\/bp2.eu\/wp-content\/uploads\/2020\/03\/Zrzut-ekranu-2025-08-28-105126-820x358.png 820w, https:\/\/bp2.eu\/wp-content\/uploads\/2020\/03\/Zrzut-ekranu-2025-08-28-105126-768x335.png 768w, https:\/\/bp2.eu\/wp-content\/uploads\/2020\/03\/Zrzut-ekranu-2025-08-28-105126.png 1151w\" sizes=\"auto, (max-width: 1024px) 100vw, 1024px\" \/><\/figure>\n<\/div><\/div>\n<\/div>\n<\/div><\/div>\n\n\n\n<div style=\"height:100px\" aria-hidden=\"true\" class=\"wp-block-spacer is-style-smaller-spacer\"><\/div>\n","protected":false},"featured_media":102668,"menu_order":605,"template":"","product_category":[1679],"warranty":[],"product_serie":[],"class_list":["post-64338","product","type-product","status-publish","has-post-thumbnail","hentry","product_category-dachzubehoer"],"acf":[],"_links":{"self":[{"href":"https:\/\/bp2.eu\/de\/wp-json\/wp\/v2\/product\/64338","targetHints":{"allow":["GET"]}}],"collection":[{"href":"https:\/\/bp2.eu\/de\/wp-json\/wp\/v2\/product"}],"about":[{"href":"https:\/\/bp2.eu\/de\/wp-json\/wp\/v2\/types\/product"}],"wp:featuredmedia":[{"embeddable":true,"href":"https:\/\/bp2.eu\/de\/wp-json\/wp\/v2\/media\/102668"}],"wp:attachment":[{"href":"https:\/\/bp2.eu\/de\/wp-json\/wp\/v2\/media?parent=64338"}],"wp:term":[{"taxonomy":"product_category","embeddable":true,"href":"https:\/\/bp2.eu\/de\/wp-json\/wp\/v2\/product_category?post=64338"},{"taxonomy":"warranty","embeddable":true,"href":"https:\/\/bp2.eu\/de\/wp-json\/wp\/v2\/warranty?post=64338"},{"taxonomy":"product_serie","embeddable":true,"href":"https:\/\/bp2.eu\/de\/wp-json\/wp\/v2\/product_serie?post=64338"}],"curies":[{"name":"wp","href":"https:\/\/api.w.org\/{rel}","templated":true}]}}