{"id":64365,"date":"2020-03-14T15:41:22","date_gmt":"2020-03-14T14:41:22","guid":{"rendered":"https:\/\/bp2.eu\/produkt\/membrana-dachowa-wysokoparoprzepuszczalna\/"},"modified":"2023-07-21T11:00:54","modified_gmt":"2023-07-21T09:00:54","slug":"hochgradig-dampfdurchlassige-dachmembran","status":"publish","type":"product","link":"https:\/\/bp2.eu\/de\/produkt\/hochgradig-dampfdurchlassige-dachmembran\/","title":{"rendered":"Hochgradig dampfdurchl\u00e4ssige dachmembran"},"content":{"rendered":"\n<div class=\"wp-block-group\"><div class=\"wp-block-group__inner-container is-layout-flow wp-block-group-is-layout-flow\">\n<div class=\"wp-block-columns is-style-default is-layout-flex wp-container-core-columns-is-layout-9d6595d7 wp-block-columns-is-layout-flex\">\n<div class=\"wp-block-column is-vertically-aligned-center is-style-space-left is-layout-flow wp-block-column-is-layout-flow\">\n<h3 class=\"wp-block-heading\"><strong>Vorteile:<\/strong><\/h3>\n\n\n\n<ul class=\"wp-block-list\">\n<li>Hohe und gleichm\u00e4\u00dfige Dampfdurchl\u00e4ssigkeit.<\/li>\n\n\n\n<li>Elastizit\u00e4t und geringes Gewicht, was das Verlegen vereinfacht.<\/li>\n\n\n\n<li>Wasserdichtigkeit, die das Dach vor Feuchtigkeitssch\u00e4den sch\u00fctzt.<\/li>\n\n\n\n<li>Hohe mechanische Festigkeit<\/li>\n\n\n\n<li>Hohe UV -Best\u00e4ndigkeit<\/li>\n\n\n\n<li>Ausf\u00fchrliche Informationen, die den richtigen Einsatz garantieren.<\/li>\n<\/ul>\n<\/div>\n\n\n\n<div class=\"wp-block-column is-layout-flow wp-block-column-is-layout-flow\">\n<figure class=\"wp-block-image size-large\"><img loading=\"lazy\" decoding=\"async\" width=\"1024\" height=\"639\" src=\"https:\/\/bp2.eu\/wp-content\/uploads\/2022\/03\/dachowa3_ALL-1024x639.jpg\" alt=\"\" class=\"wp-image-2866\" srcset=\"https:\/\/bp2.eu\/wp-content\/uploads\/2022\/03\/dachowa3_ALL-1024x639.jpg 1024w, https:\/\/bp2.eu\/wp-content\/uploads\/2022\/03\/dachowa3_ALL-820x512.jpg 820w, https:\/\/bp2.eu\/wp-content\/uploads\/2022\/03\/dachowa3_ALL-768x479.jpg 768w, https:\/\/bp2.eu\/wp-content\/uploads\/2022\/03\/dachowa3_ALL-rotated.jpg 1080w\" sizes=\"auto, (max-width: 1024px) 100vw, 1024px\" \/><\/figure>\n<\/div>\n<\/div>\n<\/div><\/div>\n\n\n\n<p><\/p>\n","protected":false},"featured_media":15687,"menu_order":671,"template":"","product_category":[1679],"warranty":[],"product_serie":[],"class_list":["post-64365","product","type-product","status-publish","has-post-thumbnail","hentry","product_category-dachzubehoer"],"acf":[],"_links":{"self":[{"href":"https:\/\/bp2.eu\/de\/wp-json\/wp\/v2\/product\/64365","targetHints":{"allow":["GET"]}}],"collection":[{"href":"https:\/\/bp2.eu\/de\/wp-json\/wp\/v2\/product"}],"about":[{"href":"https:\/\/bp2.eu\/de\/wp-json\/wp\/v2\/types\/product"}],"wp:featuredmedia":[{"embeddable":true,"href":"https:\/\/bp2.eu\/de\/wp-json\/wp\/v2\/media\/15687"}],"wp:attachment":[{"href":"https:\/\/bp2.eu\/de\/wp-json\/wp\/v2\/media?parent=64365"}],"wp:term":[{"taxonomy":"product_category","embeddable":true,"href":"https:\/\/bp2.eu\/de\/wp-json\/wp\/v2\/product_category?post=64365"},{"taxonomy":"warranty","embeddable":true,"href":"https:\/\/bp2.eu\/de\/wp-json\/wp\/v2\/warranty?post=64365"},{"taxonomy":"product_serie","embeddable":true,"href":"https:\/\/bp2.eu\/de\/wp-json\/wp\/v2\/product_serie?post=64365"}],"curies":[{"name":"wp","href":"https:\/\/api.w.org\/{rel}","templated":true}]}}