{"id":64500,"date":"2022-03-28T15:26:09","date_gmt":"2022-03-28T13:26:09","guid":{"rendered":"https:\/\/bp2.eu\/produkt\/kasetony-elewacyjne-skrin\/"},"modified":"2023-10-04T08:55:39","modified_gmt":"2023-10-04T06:55:39","slug":"skrin-fassadenkassetten","status":"publish","type":"product","link":"https:\/\/bp2.eu\/de\/produkt\/skrin-fassadenkassetten\/","title":{"rendered":"SKRIN Fassadenkassetten"},"content":{"rendered":"\n<div class=\"wp-block-group\"><div class=\"wp-block-group__inner-container is-layout-flow wp-block-group-is-layout-flow\">\n<div style=\"height:100px\" aria-hidden=\"true\" class=\"wp-block-spacer is-style-small-spacer\"><\/div>\n\n\n\r\n<div class=\"section__data\" data-section=\"Verwendung\"><\/div>\n\n\n<div class=\"wp-block-columns is-layout-flex wp-container-core-columns-is-layout-9d6595d7 wp-block-columns-is-layout-flex\">\n<div class=\"wp-block-column is-vertically-aligned-center is-layout-flow wp-block-column-is-layout-flow\" style=\"flex-basis:50%\"><div class=\"wp-block-image\">\n<figure class=\"aligncenter size-full\"><img loading=\"lazy\" decoding=\"async\" width=\"805\" height=\"562\" src=\"https:\/\/bp2.eu\/wp-content\/uploads\/2022\/03\/bp2_skrin_1.png\" alt=\"\" class=\"wp-image-6774\" srcset=\"https:\/\/bp2.eu\/wp-content\/uploads\/2022\/03\/bp2_skrin_1.png 805w, https:\/\/bp2.eu\/wp-content\/uploads\/2022\/03\/bp2_skrin_1-768x536.png 768w\" sizes=\"auto, (max-width: 805px) 100vw, 805px\" \/><\/figure>\n<\/div><\/div>\n\n\n\n<div class=\"wp-block-column has-dark-gray-background-color has-background is-layout-flow wp-block-column-is-layout-flow\" style=\"flex-basis:50%\">\n<div class=\"wp-block-cover is-light is-style-full-width\"><span aria-hidden=\"true\" class=\"wp-block-cover__background has-dark-gray-background-color has-background-dim-100 has-background-dim\"><\/span><div class=\"wp-block-cover__inner-container is-layout-flow wp-block-cover-is-layout-flow\">\n<p>Die Verwendung von SKRIN Fassadenkassetten erm\u00f6glicht eine \u00e4sthetisch ansprechende und dauerhafte Fassadengestaltung. Sie k\u00f6nnen am gesamten Geb\u00e4ude oder an ausgew\u00e4hlten repr\u00e4sentativen Bereichen, wie z.B. den Frontfassaden oder B\u00fcrobereichen der Geb\u00e4ude, eingesetzt werden. Die Differenzierung durch Gestaltung und Materialien der Fassadenteile eines Geb\u00e4udes ist eine g\u00e4ngige Vorgehensweise im modernen Bauwesen.<\/p>\n\n\n\n<p>Bei solchen Projekten sind Fassadenkassetten dank ihrer gro\u00dfen Farbauswahl und ihrer Flexibilit\u00e4t hinsichtlich der Abmessungen die ideale Wahl. Um die hohe \u00c4sthetik und Funktionalit\u00e4t der Fassade zu erhalten, liefern wir Systemwinkel und individuell gefertigte Kantteile.<\/p>\n\n\n\n<p>[1] Stahl-Wandkassette.<br>[2] Mineralwolle &#8211; W\u00e4rmed\u00e4mmung.<br>[3] P01 Zwischenprofil 20\/50.<br>[4] Winddichte Membran.<br>[5] Tr\u00e4ger.<br>[6] Abdichtung.<br>[7] Befestigungsmittel (D\u00fcbel oder Schraube).<br>[8] P03 Basisprofil 20\/90.<br>[9] selbstbohrendes Verbindungsst\u00fcck.<br>[10] selbstbohrendes Verbindungsst\u00fcck.<br>[11] SKRIN Fassadenkassette.<\/p>\n\n\n\n<p class=\"has-text-align-center\">&nbsp;<\/p>\n<\/div><\/div>\n<\/div>\n<\/div>\n\n\n\n<div class=\"wp-block-columns is-layout-flex wp-container-core-columns-is-layout-9d6595d7 wp-block-columns-is-layout-flex\">\n<div class=\"wp-block-column is-style-default is-layout-flow wp-block-column-is-layout-flow\" style=\"flex-basis:50%\">\n<div class=\"wp-block-cover is-light is-style-full-width\"><span aria-hidden=\"true\" class=\"wp-block-cover__background has-dark-gray-background-color has-background-dim-100 has-background-dim\"><\/span><div class=\"wp-block-cover__inner-container is-layout-flow wp-block-cover-is-layout-flow\">\n<p>Der Vorteil von Vorhangfassaden [1] [2] [3] [4] [5] [6] aus SKRIN Fassadenkassetten ist, dass sie schnell und unkompliziert zu montieren sind. Sie k\u00f6nnen an jeder Wand angebracht werden, da sie an einer Unterkonstruktion aus P03 20\/90 Basisprofilen angebracht werden. Die SKRIN Kassetten werden mithilfe von Langl\u00f6chern an den Basisprofilen befestigt, um einen Spannungsausgleich zu erm\u00f6glichen. Da die Basisprofile P03 20\/90 die Grundlage f\u00fcr die vertikale Verbindung der Kassetten bilden, werden sie in der gleichen Farbe wie die Kassetten hergestellt, wodurch ein einheitlicher Oberfl\u00e4cheneffekt entsteht.<\/p>\n\n\n\n<p>Die Zwischenprofile P01 20\/50 werden zur zus\u00e4tzlichen Versteifung verwendet. Die Kassetten werden horizontal an den speziell profilierten Ober- und Unterkanten der Kassetten miteinander verbunden.<\/p>\n\n\n\n<p>[1] Ziegelwand.<br>[2] Stahlriegel aus Z-Profilen.<br>[3] vertikales Montagegitter aus Profilen.<br>[4] Mineralwolle &#8211; W\u00e4rmed\u00e4mmung.<br>[5] Winddichte Membran.<br>[6] SKRIN Fassadenkassette.<\/p>\n<\/div><\/div>\n<\/div>\n\n\n\n<div class=\"wp-block-column is-vertically-aligned-center is-layout-flow wp-block-column-is-layout-flow\" style=\"flex-basis:50%\"><div class=\"wp-block-image\">\n<figure class=\"aligncenter size-full\"><img loading=\"lazy\" decoding=\"async\" width=\"805\" height=\"562\" src=\"https:\/\/bp2.eu\/wp-content\/uploads\/2022\/03\/bp2_skrin_2-2.png\" alt=\"\" class=\"wp-image-6790\" srcset=\"https:\/\/bp2.eu\/wp-content\/uploads\/2022\/03\/bp2_skrin_2-2.png 805w, https:\/\/bp2.eu\/wp-content\/uploads\/2022\/03\/bp2_skrin_2-2-768x536.png 768w\" sizes=\"auto, (max-width: 805px) 100vw, 805px\" \/><\/figure>\n<\/div><\/div>\n<\/div>\n<\/div><\/div>\n\n\n\n<p>&nbsp;<\/p>\n","protected":false},"featured_media":11411,"menu_order":217,"template":"","product_category":[1680,1681],"warranty":[1689,1691],"product_serie":[],"class_list":["post-64500","product","type-product","status-publish","has-post-thumbnail","hentry","product_category-objekt-und-gewerbebau","product_category-fassadenverkleidungen","warranty-10-jahre","warranty-20-jahre"],"acf":[],"_links":{"self":[{"href":"https:\/\/bp2.eu\/de\/wp-json\/wp\/v2\/product\/64500","targetHints":{"allow":["GET"]}}],"collection":[{"href":"https:\/\/bp2.eu\/de\/wp-json\/wp\/v2\/product"}],"about":[{"href":"https:\/\/bp2.eu\/de\/wp-json\/wp\/v2\/types\/product"}],"wp:featuredmedia":[{"embeddable":true,"href":"https:\/\/bp2.eu\/de\/wp-json\/wp\/v2\/media\/11411"}],"wp:attachment":[{"href":"https:\/\/bp2.eu\/de\/wp-json\/wp\/v2\/media?parent=64500"}],"wp:term":[{"taxonomy":"product_category","embeddable":true,"href":"https:\/\/bp2.eu\/de\/wp-json\/wp\/v2\/product_category?post=64500"},{"taxonomy":"warranty","embeddable":true,"href":"https:\/\/bp2.eu\/de\/wp-json\/wp\/v2\/warranty?post=64500"},{"taxonomy":"product_serie","embeddable":true,"href":"https:\/\/bp2.eu\/de\/wp-json\/wp\/v2\/product_serie?post=64500"}],"curies":[{"name":"wp","href":"https:\/\/api.w.org\/{rel}","templated":true}]}}