{"id":69663,"date":"2022-04-01T14:12:59","date_gmt":"2022-04-01T12:12:59","guid":{"rendered":"https:\/\/bp2.eu\/produkt\/panele-elewacyjne-linea\/"},"modified":"2025-01-24T11:58:51","modified_gmt":"2025-01-24T10:58:51","slug":"panele-elewacyjne-linea","status":"publish","type":"product","link":"https:\/\/bp2.eu\/de\/produkt\/panele-elewacyjne-linea\/","title":{"rendered":"Fassadenpaneele LINEA"},"content":{"rendered":"\n<div style=\"height:100px\" aria-hidden=\"true\" class=\"wp-block-spacer is-style-small-spacer\"><\/div>\n\n\n\r\n<div class=\"section__data\" data-section=\"zalety\"><\/div>\n\n\n<div class=\"wp-block-group\"><div class=\"wp-block-group__inner-container is-layout-flow wp-block-group-is-layout-flow\">\n<div class=\"wp-block-columns is-style-mobile-reverse is-layout-flex wp-container-core-columns-is-layout-9d6595d7 wp-block-columns-is-layout-flex\">\n<div class=\"wp-block-column is-vertically-aligned-center is-layout-flow wp-block-column-is-layout-flow\">\n<div class=\"wp-block-cover is-light is-style-default\"><span aria-hidden=\"true\" class=\"wp-block-cover__background has-dark-gray-background-color has-background-dim-100 has-background-dim\"><\/span><div class=\"wp-block-cover__inner-container is-layout-flow wp-block-cover-is-layout-flow\">\n<h2 class=\"wp-block-heading is-style-h3\"><strong>Vorteile<\/strong><\/h2>\n\n\n\n<p>Die Hauptvorteile von Fassadenpaneelen sind die einfache und schnelle Montage sowie die Flexibilit\u00e4t bei der Anpassung der Verkleidung an die Form der Fassade. Dar\u00fcber hinaus erm\u00f6glichen sie eine attraktive optische Gestaltung, indem sie sich problemlos mit anderen Fassadenverkleidungen wie Fassadenplatten oder LAMBDA-Steckfalzpaneelen kombinieren lassen. Mit einer breiten Auswahl an Farben und Oberfl\u00e4chenstrukturen bieten sie zudem die M\u00f6glichkeit, einzigartige Fassadengestaltungen zu realisieren.<\/p>\n<\/div><\/div>\n<\/div>\n\n\n\n<div class=\"wp-block-column is-vertically-aligned-center is-layout-flow wp-block-column-is-layout-flow\">\n<figure class=\"wp-block-image size-full is-style-full-width\"><img loading=\"lazy\" decoding=\"async\" width=\"820\" height=\"547\" src=\"https:\/\/bp2.eu\/wp-content\/uploads\/2022\/06\/PANEL-ELEWACYJNY.png\" alt=\"\" class=\"wp-image-11122\" srcset=\"https:\/\/bp2.eu\/wp-content\/uploads\/2022\/06\/PANEL-ELEWACYJNY.png 820w, https:\/\/bp2.eu\/wp-content\/uploads\/2022\/06\/PANEL-ELEWACYJNY-768x512.png 768w\" sizes=\"auto, (max-width: 820px) 100vw, 820px\" \/><\/figure>\n<\/div>\n<\/div>\n<\/div><\/div>\n\n\n\n<div class=\"wp-block-group\"><div class=\"wp-block-group__inner-container is-layout-flow wp-block-group-is-layout-flow\">\r\n<div class=\"section__data\" data-section=\"zakresy wymiar\u00f3w\"><\/div>\n\n\n<h2 class=\"wp-block-heading has-text-align-center is-style-h3\"><strong>Standardbereiche der Abmessungen von Fassadenpaneelen [mm]<\/strong><\/h2>\n\n\n\n<div class=\"wp-block-columns has-dark-gray-background-color has-background is-layout-flex wp-container-core-columns-is-layout-9d6595d7 wp-block-columns-is-layout-flex\">\n<div class=\"wp-block-column is-layout-flow wp-block-column-is-layout-flow\">\n<h2 class=\"wp-block-heading is-style-h3\"><strong>Fugenlose Paneele<\/strong><\/h2>\n\n\n\n<figure class=\"wp-block-table\"><table><tbody><tr><td>Produktcode<\/td><td class=\"has-text-align-left\" data-align=\"left\">PS 282.417<\/td><td class=\"has-text-align-left\" data-align=\"left\">PS 177.312<\/td><td class=\"has-text-align-left\" data-align=\"left\">PS 115.250<\/td><\/tr><tr><td>Effektive Breite<\/td><td class=\"has-text-align-left\" data-align=\"left\">282<\/td><td class=\"has-text-align-left\" data-align=\"left\">177<\/td><td class=\"has-text-align-left\" data-align=\"left\">115<\/td><\/tr><tr><td>Panelvorderseite<\/td><td class=\"has-text-align-left\" data-align=\"left\">282<\/td><td class=\"has-text-align-left\" data-align=\"left\">177<\/td><td class=\"has-text-align-left\" data-align=\"left\">115<\/td><\/tr><tr><td>Blechdickebereich<\/td><td class=\"has-text-align-left\" data-align=\"left\">0,7\u20131,0<\/td><td class=\"has-text-align-left\" data-align=\"left\">0,7\u20131,0<\/td><td class=\"has-text-align-left\" data-align=\"left\">0,7\u20131,0<\/td><\/tr><tr><td>Deckl\u00e4nge<\/td><td class=\"has-text-align-left\" data-align=\"left\">800\u20136000<\/td><td class=\"has-text-align-left\" data-align=\"left\">800\u20136000<\/td><td class=\"has-text-align-left\" data-align=\"left\">800\u20136000<\/td><\/tr><\/tbody><\/table><\/figure>\n<\/div>\n\n\n\n<div class=\"wp-block-column is-layout-flow wp-block-column-is-layout-flow\">\n<h2 class=\"wp-block-heading is-style-h3\"><strong>Panele mit 15 mm Fuge<\/strong><\/h2>\n\n\n\n<figure class=\"wp-block-table\"><table><tbody><tr><td>Produktcode<\/td><td class=\"has-text-align-left\" data-align=\"left\">PSF 270.417.15<\/td><td class=\"has-text-align-left\" data-align=\"left\">PSF 165.312.15<\/td><td class=\"has-text-align-left\" data-align=\"left\">PSF 103.250.15<\/td><\/tr><tr><td>Effektive Breite<\/td><td class=\"has-text-align-left\" data-align=\"left\">270<\/td><td class=\"has-text-align-left\" data-align=\"left\">165<\/td><td class=\"has-text-align-left\" data-align=\"left\">103<\/td><\/tr><tr><td>Panelvorderseite<\/td><td class=\"has-text-align-left\" data-align=\"left\">255<\/td><td class=\"has-text-align-left\" data-align=\"left\">150<\/td><td class=\"has-text-align-left\" data-align=\"left\">88<\/td><\/tr><tr><td>Blechdickebereich<\/td><td class=\"has-text-align-left\" data-align=\"left\">0,7\u20131,0<\/td><td class=\"has-text-align-left\" data-align=\"left\">0,7\u20131,0<\/td><td class=\"has-text-align-left\" data-align=\"left\">0,7\u20131,0<\/td><\/tr><tr><td>Deckl\u00e4nge<\/td><td class=\"has-text-align-left\" data-align=\"left\">800\u20136000<\/td><td class=\"has-text-align-left\" data-align=\"left\">800\u20136000<\/td><td class=\"has-text-align-left\" data-align=\"left\">800\u20136000<\/td><\/tr><\/tbody><\/table><\/figure>\n<\/div>\n<\/div>\n\n\n<div class=\"wp-block-image\">\n<figure class=\"aligncenter size-large is-resized\"><img loading=\"lazy\" decoding=\"async\" width=\"1024\" height=\"657\" src=\"https:\/\/bp2.eu\/wp-content\/uploads\/2022\/04\/PANELE-ELEWACYJNE-RYSUNEK-TECHNICZNY-1024x657.png\" alt=\"\" class=\"wp-image-7708\" style=\"width:768px;height:493px\" srcset=\"https:\/\/bp2.eu\/wp-content\/uploads\/2022\/04\/PANELE-ELEWACYJNE-RYSUNEK-TECHNICZNY-1024x657.png 1024w, https:\/\/bp2.eu\/wp-content\/uploads\/2022\/04\/PANELE-ELEWACYJNE-RYSUNEK-TECHNICZNY-820x526.png 820w, https:\/\/bp2.eu\/wp-content\/uploads\/2022\/04\/PANELE-ELEWACYJNE-RYSUNEK-TECHNICZNY-768x493.png 768w, https:\/\/bp2.eu\/wp-content\/uploads\/2022\/04\/PANELE-ELEWACYJNE-RYSUNEK-TECHNICZNY.png 1200w\" sizes=\"auto, (max-width: 1024px) 100vw, 1024px\" \/><\/figure>\n<\/div><\/div><\/div>\n\n\n\n<div class=\"wp-block-group\"><div class=\"wp-block-group__inner-container is-layout-flow wp-block-group-is-layout-flow\">\n<ul class=\"wp-block-list\">\n<li>Wir bieten die M\u00f6glichkeit, LINEA-Fassadenpaneele zu perforieren. Die genauen Details wie Form, Gr\u00f6\u00dfe, Anordnung der L\u00f6cher und andere Aspekte werden individuell mit unserem Vertriebsteam abgestimmt.<\/li>\n\n\n\n<li>Istnieje mo\u017cliwo\u015b\u0107 wykonania paneli LINEA niestandardowych. Szczeg\u00f3\u0142y nale\u017cy ustali\u0107 indywidualnie z dzia\u0142em handlowym.Dar\u00fcber hinaus besteht die Option, ma\u00dfgefertigte LINEA-Paneele herzustellen. F\u00fcr weitere Informationen und spezifische Anfragen wenden Sie sich bitte an unser Vertriebsteam.<\/li>\n<\/ul>\n<\/div><\/div>\n","protected":false},"featured_media":11128,"menu_order":232,"template":"","product_category":[1680,1681],"warranty":[1689,1691],"product_serie":[],"class_list":["post-69663","product","type-product","status-publish","has-post-thumbnail","hentry","product_category-objekt-und-gewerbebau","product_category-fassadenverkleidungen","warranty-10-jahre","warranty-20-jahre"],"acf":[],"_links":{"self":[{"href":"https:\/\/bp2.eu\/de\/wp-json\/wp\/v2\/product\/69663","targetHints":{"allow":["GET"]}}],"collection":[{"href":"https:\/\/bp2.eu\/de\/wp-json\/wp\/v2\/product"}],"about":[{"href":"https:\/\/bp2.eu\/de\/wp-json\/wp\/v2\/types\/product"}],"wp:featuredmedia":[{"embeddable":true,"href":"https:\/\/bp2.eu\/de\/wp-json\/wp\/v2\/media\/11128"}],"wp:attachment":[{"href":"https:\/\/bp2.eu\/de\/wp-json\/wp\/v2\/media?parent=69663"}],"wp:term":[{"taxonomy":"product_category","embeddable":true,"href":"https:\/\/bp2.eu\/de\/wp-json\/wp\/v2\/product_category?post=69663"},{"taxonomy":"warranty","embeddable":true,"href":"https:\/\/bp2.eu\/de\/wp-json\/wp\/v2\/warranty?post=69663"},{"taxonomy":"product_serie","embeddable":true,"href":"https:\/\/bp2.eu\/de\/wp-json\/wp\/v2\/product_serie?post=69663"}],"curies":[{"name":"wp","href":"https:\/\/api.w.org\/{rel}","templated":true}]}}