{"id":91326,"date":"2024-12-20T10:13:19","date_gmt":"2024-12-20T09:13:19","guid":{"rendered":"https:\/\/bp2.eu\/produkt\/maskownice-systemu-rynnowego-inguri\/"},"modified":"2026-04-07T15:42:12","modified_gmt":"2026-04-07T13:42:12","slug":"abdeckungen-fur-das-inguri-regenrinnensystem","status":"publish","type":"product","link":"https:\/\/bp2.eu\/de\/produkt\/abdeckungen-fur-das-inguri-regenrinnensystem\/","title":{"rendered":"Abdeckungen f\u00fcr Das INGURI-regenrinnensystem"},"content":{"rendered":"\n<div style=\"height:100px\" aria-hidden=\"true\" class=\"wp-block-spacer is-style-smaller-spacer\"><\/div>\n\n\n\n<div class=\"wp-block-group\"><div class=\"wp-block-group__inner-container is-layout-flow wp-block-group-is-layout-flow\">\n<div class=\"wp-block-columns is-style-grid is-layout-flex wp-container-core-columns-is-layout-9d6595d7 wp-block-columns-is-layout-flex\">\n<div class=\"wp-block-column is-layout-flow wp-block-column-is-layout-flow\">\n<div class=\"wp-block-cover is-light is-style-full-width\"><span aria-hidden=\"true\" class=\"wp-block-cover__background has-dark-gray-background-color has-background-dim-100 has-background-dim\"><\/span><div class=\"wp-block-cover__inner-container is-layout-flow wp-block-cover-is-layout-flow\">\n<figure class=\"wp-block-image size-full is-resized\"><img decoding=\"async\" src=\"https:\/\/bp2.eu\/wp-content\/uploads\/2024\/12\/bezokapowy.svg\" alt=\"\" class=\"wp-image-101075\" style=\"object-fit:cover;width:100px;height:100px\"\/><\/figure>\n\n\n\n<h3 class=\"wp-block-heading\">SYSTEM OHNE HAUBE<\/h3>\n\n\n\n<p>Dieses Blendensystem verdeckt perfekt die auf einer isolierten Wand montierten Dachrinnen und Fallrohre und passt somit perfekt zu moderner, minimalistischer Architektur. Das clevere Design der Fallrohrblende erm\u00f6glicht die Demontage und den Zugang zu Wartungsarbeiten.<\/p>\n<\/div><\/div>\n<\/div>\n\n\n\n<div class=\"wp-block-column is-layout-flow wp-block-column-is-layout-flow\">\n<div class=\"wp-block-cover is-style-full-height\"><img loading=\"lazy\" decoding=\"async\" width=\"1024\" height=\"660\" class=\"wp-block-cover__image-background wp-image-90776 size-large\" alt=\"system elewacyjny - BP2\" src=\"https:\/\/bp2.eu\/wp-content\/uploads\/2024\/12\/system-elewacyjny-img-1024x660.jpg\" data-object-fit=\"cover\" srcset=\"https:\/\/bp2.eu\/wp-content\/uploads\/2024\/12\/system-elewacyjny-img-1024x660.jpg 1024w, https:\/\/bp2.eu\/wp-content\/uploads\/2024\/12\/system-elewacyjny-img-820x528.jpg 820w, https:\/\/bp2.eu\/wp-content\/uploads\/2024\/12\/system-elewacyjny-img-768x495.jpg 768w, https:\/\/bp2.eu\/wp-content\/uploads\/2024\/12\/system-elewacyjny-img-1536x989.jpg 1536w, https:\/\/bp2.eu\/wp-content\/uploads\/2024\/12\/system-elewacyjny-img.jpg 1568w\" sizes=\"auto, (max-width: 1024px) 100vw, 1024px\" \/><span aria-hidden=\"true\" class=\"wp-block-cover__background has-background-dim-0 has-background-dim\" style=\"background-color:#414248\"><\/span><div class=\"wp-block-cover__inner-container is-layout-flow wp-block-cover-is-layout-flow\">\n<p class=\"has-text-align-center has-large-font-size\"><\/p>\n<\/div><\/div>\n<\/div>\n<\/div>\n\n\n\n<div style=\"height:100px\" aria-hidden=\"true\" class=\"wp-block-spacer is-style-smaller-spacer\"><\/div>\n\n\n\n<div class=\"wp-block-columns is-style-mobile-reverse is-style-grid fade-in is-layout-flex wp-container-core-columns-is-layout-9d6595d7 wp-block-columns-is-layout-flex\">\n<div class=\"wp-block-column is-layout-flow wp-block-column-is-layout-flow\">\n<div class=\"wp-block-cover is-style-full-height\"><img loading=\"lazy\" decoding=\"async\" width=\"1568\" height=\"1010\" class=\"wp-block-cover__image-background wp-image-90765\" alt=\"\" src=\"https:\/\/bp2.eu\/wp-content\/uploads\/2024\/12\/system-z-okapem-img.jpg\" data-object-fit=\"cover\" srcset=\"https:\/\/bp2.eu\/wp-content\/uploads\/2024\/12\/system-z-okapem-img.jpg 1568w, https:\/\/bp2.eu\/wp-content\/uploads\/2024\/12\/system-z-okapem-img-820x528.jpg 820w, https:\/\/bp2.eu\/wp-content\/uploads\/2024\/12\/system-z-okapem-img-1024x660.jpg 1024w, https:\/\/bp2.eu\/wp-content\/uploads\/2024\/12\/system-z-okapem-img-768x495.jpg 768w\" sizes=\"auto, (max-width: 1568px) 100vw, 1568px\" \/><span aria-hidden=\"true\" class=\"wp-block-cover__background has-background-dim-0 has-background-dim\" style=\"background-color:#66666c\"><\/span><div class=\"wp-block-cover__inner-container is-layout-flow wp-block-cover-is-layout-flow\">\n<p class=\"has-text-align-center has-large-font-size\"><\/p>\n<\/div><\/div>\n<\/div>\n\n\n\n<div class=\"wp-block-column is-layout-flow wp-block-column-is-layout-flow\">\n<div class=\"wp-block-cover is-light is-style-full-width\"><span aria-hidden=\"true\" class=\"wp-block-cover__background has-dark-gray-background-color has-background-dim-100 has-background-dim\"><\/span><div class=\"wp-block-cover__inner-container is-layout-flow wp-block-cover-is-layout-flow\">\n<figure class=\"wp-block-image size-full is-resized\"><img decoding=\"async\" src=\"https:\/\/bp2.eu\/wp-content\/uploads\/2024\/12\/z-okapem.svg\" alt=\"\" class=\"wp-image-101083\" style=\"object-fit:cover;width:100px;height:100px\"\/><\/figure>\n\n\n\n<h3 class=\"wp-block-heading\">SYSTEM MIT HAUBE<\/h3>\n\n\n\n<p>Die Attika wird durch ein profiliertes Untersichtenelement aus <strong>LAMBDA 2.0<\/strong> Stehfalz- oder <strong>T7<\/strong> Trapezfalzpaneelen erg\u00e4nzt. Es erm\u00f6glicht auch die Montage der Laibung an der Blende oder der Wand.<\/p>\n<\/div><\/div>\n<\/div>\n<\/div>\n\n\n\n<div style=\"height:100px\" aria-hidden=\"true\" class=\"wp-block-spacer is-style-smaller-spacer\"><\/div>\n\n\n\n<div class=\"wp-block-columns is-style-grid is-layout-flex wp-container-core-columns-is-layout-9d6595d7 wp-block-columns-is-layout-flex\">\n<div class=\"wp-block-column is-layout-flow wp-block-column-is-layout-flow\">\n<div class=\"wp-block-cover is-light is-style-full-width\"><span aria-hidden=\"true\" class=\"wp-block-cover__background has-dark-gray-background-color has-background-dim-100 has-background-dim\"><\/span><div class=\"wp-block-cover__inner-container is-layout-flow wp-block-cover-is-layout-flow\">\n<figure class=\"wp-block-image size-full is-resized\"><img decoding=\"async\" src=\"https:\/\/bp2.eu\/wp-content\/uploads\/2024\/12\/elewacyjny.svg\" alt=\"\" class=\"wp-image-101091\" style=\"object-fit:cover;width:100px;height:100px\"\/><\/figure>\n\n\n\n<h3 class=\"wp-block-heading\">FASSADENSYSTEM<\/h3>\n\n\n\n<p>Das Fassadensystem schu\u0308tzt die D\u00e4mmung des Geb\u00e4udes vor m\u00f6glichen Leckagen an den Rinnenanschlu\u0308ssen, da es mit einem Rinnenstreifen ausgestattet ist.<\/p>\n\n\n\n<p>Die Perforationen im unteren Teil der Blende leiten die Feuchtigkeit sicher ab und sorgen fu\u0308r eine optimale Belu\u0308ftung.<\/p>\n\n\n\n<p>Das Rinnensystem ist mit einer stabilisierenden Gummireduzierung ausgestattet, um den Rinnenablauf mit einem Abwasserrohr von 110 mm Durchmesser zu verbinden. Das verwendete PVC-Rohr verhindert, dass sich Wasser auf der Oberfl\u00e4che von Fallrohren aus Stahl niederschl\u00e4gt.<\/p>\n<\/div><\/div>\n<\/div>\n\n\n\n<div class=\"wp-block-column is-layout-flow wp-block-column-is-layout-flow\">\n<div class=\"wp-block-cover is-style-full-height\"><img loading=\"lazy\" decoding=\"async\" width=\"1024\" height=\"660\" class=\"wp-block-cover__image-background wp-image-90784 size-large\" alt=\"system bezokapowy - BP2\" src=\"https:\/\/bp2.eu\/wp-content\/uploads\/2024\/12\/system-bezokapowy-img-1024x660.jpg\" data-object-fit=\"cover\" srcset=\"https:\/\/bp2.eu\/wp-content\/uploads\/2024\/12\/system-bezokapowy-img-1024x660.jpg 1024w, https:\/\/bp2.eu\/wp-content\/uploads\/2024\/12\/system-bezokapowy-img-820x528.jpg 820w, https:\/\/bp2.eu\/wp-content\/uploads\/2024\/12\/system-bezokapowy-img-768x495.jpg 768w, https:\/\/bp2.eu\/wp-content\/uploads\/2024\/12\/system-bezokapowy-img-1536x989.jpg 1536w, https:\/\/bp2.eu\/wp-content\/uploads\/2024\/12\/system-bezokapowy-img.jpg 1568w\" sizes=\"auto, (max-width: 1024px) 100vw, 1024px\" \/><span aria-hidden=\"true\" class=\"wp-block-cover__background has-background-dim-0 has-background-dim\" style=\"background-color:#414149\"><\/span><div class=\"wp-block-cover__inner-container is-layout-flow wp-block-cover-is-layout-flow\">\n<p class=\"has-text-align-center has-large-font-size\"><\/p>\n<\/div><\/div>\n<\/div>\n<\/div>\n<\/div><\/div>\n\n\n\n<div style=\"height:100px\" aria-hidden=\"true\" class=\"wp-block-spacer is-style-small-spacer\"><\/div>\n\n\n\n<div class=\"wp-block-group has-dark-gray-background-color has-background\"><div class=\"wp-block-group__inner-container is-layout-constrained wp-block-group-is-layout-constrained\">\n<div style=\"height:100px\" aria-hidden=\"true\" class=\"wp-block-spacer is-style-small-spacer\"><\/div>\n\n\n\n<figure class=\"wp-block-embed aligncenter is-type-video is-provider-youtube wp-block-embed-youtube is-style-default wp-embed-aspect-16-9 wp-has-aspect-ratio\"><div class=\"wp-block-embed__wrapper\">\n<iframe loading=\"lazy\" title=\"NEW! INGURI GUTTER SYSTEM TRIM\" width=\"640\" height=\"360\" src=\"https:\/\/www.youtube.com\/embed\/9yhcSknpRXU?feature=oembed\" frameborder=\"0\" allow=\"accelerometer; autoplay; clipboard-write; encrypted-media; gyroscope; picture-in-picture; web-share\" referrerpolicy=\"strict-origin-when-cross-origin\" allowfullscreen><\/iframe>\n<\/div><\/figure>\n\n\n\n<div style=\"height:100px\" aria-hidden=\"true\" class=\"wp-block-spacer is-style-small-spacer\"><\/div>\n<\/div><\/div>\n\n\n\n<div class=\"wp-block-group is-style-default\"><div class=\"wp-block-group__inner-container is-layout-constrained wp-block-group-is-layout-constrained\">\n<div style=\"height:100px\" aria-hidden=\"true\" class=\"wp-block-spacer is-style-small-spacer\"><\/div>\n\n\n\r\n<div class=\"section__data\" data-section=\"INGURI ABDECKELEMENTE\"><\/div>\n\n\n<div class=\"wp-block-cover is-style-full-height\"><span aria-hidden=\"true\" class=\"wp-block-cover__background has-red-background-color has-background-dim-100 has-background-dim\"><\/span><div class=\"wp-block-cover__inner-container is-layout-constrained wp-block-cover-is-layout-constrained\"><div class=\"wp-block-image\">\n<figure class=\"aligncenter size-large is-resized\"><img decoding=\"async\" src=\"https:\/\/bp2.eu\/wp-content\/uploads\/2024\/12\/elementy-icon.svg\" alt=\"\" class=\"wp-image-90985\" style=\"object-fit:contain;width:100px;height:100px\"\/><\/figure>\n<\/div>\n\n\n<div style=\"height:100px\" aria-hidden=\"true\" class=\"wp-block-spacer is-style-smaller-spacer\"><\/div>\n\n\n\n<h2 class=\"wp-block-heading has-text-align-center\">INGURI ABDECKELEMENTE<\/h2>\n<\/div><\/div>\n<\/div><\/div>\n\n\n\n<div style=\"height:100px\" aria-hidden=\"true\" class=\"wp-block-spacer is-style-smaller-spacer\"><\/div>\n\n\n\n<div class=\"wp-block-group is-style-default\"><div class=\"wp-block-group__inner-container is-layout-flow wp-block-group-is-layout-flow\">\n<div class=\"wp-block-columns are-vertically-aligned-center is-layout-flex wp-container-core-columns-is-layout-9d6595d7 wp-block-columns-is-layout-flex\">\n<div class=\"wp-block-column is-vertically-aligned-center has-gray-background-color has-background is-layout-flow wp-block-column-is-layout-flow\">\n<div style=\"height:100px\" aria-hidden=\"true\" class=\"wp-block-spacer is-style-smaller-spacer\"><\/div>\n\n\n\n<figure class=\"wp-block-gallery has-nested-images columns-3 is-cropped wp-block-gallery-1 is-layout-flex wp-block-gallery-is-layout-flex\">\n<figure class=\"wp-block-image size-large\"><a href=\"https:\/\/bp2.eu\/wp-content\/uploads\/2024\/12\/MASKOWNICA-RURY-DE-1024x719.png\"><img loading=\"lazy\" decoding=\"async\" width=\"1024\" height=\"719\" data-id=\"91457\" src=\"https:\/\/bp2.eu\/wp-content\/uploads\/2024\/12\/MASKOWNICA-RURY-DE-1024x719.png\" alt=\"\" class=\"wp-image-91457\" srcset=\"https:\/\/bp2.eu\/wp-content\/uploads\/2024\/12\/MASKOWNICA-RURY-DE-1024x719.png 1024w, https:\/\/bp2.eu\/wp-content\/uploads\/2024\/12\/MASKOWNICA-RURY-DE-820x576.png 820w, https:\/\/bp2.eu\/wp-content\/uploads\/2024\/12\/MASKOWNICA-RURY-DE-768x539.png 768w, https:\/\/bp2.eu\/wp-content\/uploads\/2024\/12\/MASKOWNICA-RURY-DE-1536x1078.png 1536w, https:\/\/bp2.eu\/wp-content\/uploads\/2024\/12\/MASKOWNICA-RURY-DE-2048x1438.png 2048w\" sizes=\"auto, (max-width: 1024px) 100vw, 1024px\" \/><\/a><\/figure>\n<\/figure>\n\n\n\n<div style=\"height:100px\" aria-hidden=\"true\" class=\"wp-block-spacer is-style-smaller-spacer\"><\/div>\n<\/div>\n\n\n\n<div class=\"wp-block-column is-vertically-aligned-center has-gray-background-color has-background is-layout-flow wp-block-column-is-layout-flow\">\n<div style=\"height:100px\" aria-hidden=\"true\" class=\"wp-block-spacer is-style-smaller-spacer\"><\/div>\n\n\n\n<figure class=\"wp-block-gallery has-nested-images columns-3 is-cropped wp-block-gallery-2 is-layout-flex wp-block-gallery-is-layout-flex\">\n<figure class=\"wp-block-image size-large\"><a href=\"https:\/\/bp2.eu\/wp-content\/uploads\/2024\/12\/MASKOWNICA-RYNNY-EN-1-1024x719.png\"><img loading=\"lazy\" decoding=\"async\" width=\"1024\" height=\"719\" data-id=\"91465\" src=\"https:\/\/bp2.eu\/wp-content\/uploads\/2024\/12\/MASKOWNICA-RYNNY-EN-1-1024x719.png\" alt=\"\" class=\"wp-image-91465\" srcset=\"https:\/\/bp2.eu\/wp-content\/uploads\/2024\/12\/MASKOWNICA-RYNNY-EN-1-1024x719.png 1024w, https:\/\/bp2.eu\/wp-content\/uploads\/2024\/12\/MASKOWNICA-RYNNY-EN-1-820x576.png 820w, https:\/\/bp2.eu\/wp-content\/uploads\/2024\/12\/MASKOWNICA-RYNNY-EN-1-768x539.png 768w, https:\/\/bp2.eu\/wp-content\/uploads\/2024\/12\/MASKOWNICA-RYNNY-EN-1-1536x1078.png 1536w, https:\/\/bp2.eu\/wp-content\/uploads\/2024\/12\/MASKOWNICA-RYNNY-EN-1-2048x1438.png 2048w\" sizes=\"auto, (max-width: 1024px) 100vw, 1024px\" \/><\/a><\/figure>\n<\/figure>\n\n\n\n<div style=\"height:100px\" aria-hidden=\"true\" class=\"wp-block-spacer is-style-smaller-spacer\"><\/div>\n<\/div>\n<\/div>\n<\/div><\/div>\n\n\n\n<div class=\"wp-block-group is-style-default\"><div class=\"wp-block-group__inner-container is-layout-flow wp-block-group-is-layout-flow\">\n<div class=\"wp-block-columns is-layout-flex wp-container-core-columns-is-layout-9d6595d7 wp-block-columns-is-layout-flex\">\n<div class=\"wp-block-column is-layout-flow wp-block-column-is-layout-flow\">\n<h4 class=\"wp-block-heading\"><strong><strong>FALLROHRABDECKUNG<\/strong><\/strong><\/h4>\n\n\n\n<p class=\"has-text-align-left\">Die Rohrblende besteht aus zwei Komponenten: dem Blendensockel &#8211; dem Teil, der an der Wand befestigt wird &#8211; und der eigentlichen Blende &#8211; dem Hauptteil, der die Fallrohre auf \u00e4sthetisch ansprechende Weise verdeckt und gleichzeitig einen leichten Zugang zu ihnen im Falle von Wartungsarbeiten erm\u00f6glicht. Sie ist so konzipiert, dass sie optisch mit der Dachrinnenblende u\u0308bereinstimmt und so eine einheitliche \u00c4sthetik des gesamten Systems gew\u00e4hrleistet.<\/p>\n<\/div>\n\n\n\n<div class=\"wp-block-column is-layout-flow wp-block-column-is-layout-flow\">\n<h4 class=\"wp-block-heading\"><strong><strong><strong><strong>DACHRINNENABDECKUNG<\/strong><\/strong><\/strong><\/strong><\/h4>\n\n\n\n<p class=\"has-text-align-left\">Die 185 cm lange Universalblende ist ein Produkt, das herk\u00f6mmliche Stossblenden, Laibungsblenden, Dachrinnenstreifen und Laibungen ersetzt und die Eigenschaften all dieser Produkte vereint. Der Kunde erh\u00e4lt eine kostengu\u0308nstigere, ebenso effektive L\u00f6sung, die weniger Lagerplatz ben\u00f6tigt. Die Blende ist mit einem speziell entwickelten trapezf\u00f6rmigen Montageschloss ausgestattet, das die Blenden stabilisiert und den Welleneffekt minimiert. Der untere Teil ist ein gerippter Rinnenstreifen, der die Laibung ersetzt. Daru\u0308ber hinaus bietet es die M\u00f6glichkeit, eine andere Untersicht zu w\u00e4hlen, die einfach am unteren C-Profil der Blende befestigt wird. Die Blende wurde speziell verst\u00e4rkt, um einen angemessenen Schutz zu gew\u00e4hrleisten.<\/p>\n<\/div>\n<\/div>\n<\/div><\/div>\n\n\n\n<div class=\"wp-block-group\"><div class=\"wp-block-group__inner-container is-layout-constrained wp-block-group-is-layout-constrained\">\n<div class=\"wp-block-cover aligncenter is-style-full-height\"><img loading=\"lazy\" decoding=\"async\" width=\"1920\" height=\"1072\" class=\"wp-block-cover__image-background wp-image-91018\" alt=\"\" src=\"https:\/\/bp2.eu\/wp-content\/uploads\/2024\/12\/porownanie.jpg\" data-object-fit=\"cover\" srcset=\"https:\/\/bp2.eu\/wp-content\/uploads\/2024\/12\/porownanie.jpg 1920w, https:\/\/bp2.eu\/wp-content\/uploads\/2024\/12\/porownanie-820x458.jpg 820w, https:\/\/bp2.eu\/wp-content\/uploads\/2024\/12\/porownanie-1024x572.jpg 1024w, https:\/\/bp2.eu\/wp-content\/uploads\/2024\/12\/porownanie-768x429.jpg 768w, https:\/\/bp2.eu\/wp-content\/uploads\/2024\/12\/porownanie-1536x858.jpg 1536w\" sizes=\"auto, (max-width: 1920px) 100vw, 1920px\" \/><span aria-hidden=\"true\" class=\"wp-block-cover__background has-background-dim-0 has-background-dim\"><\/span><div class=\"wp-block-cover__inner-container is-layout-constrained wp-block-cover-is-layout-constrained\">\n<p class=\"has-text-align-center has-large-font-size\"><\/p>\n<\/div><\/div>\n<\/div><\/div>\n\n\n\n<div style=\"height:100px\" aria-hidden=\"true\" class=\"wp-block-spacer is-style-smaller-spacer\"><\/div>\n\n\n\n<div class=\"wp-block-group is-style-default\"><div class=\"wp-block-group__inner-container is-layout-flow wp-block-group-is-layout-flow\">\n<div class=\"wp-block-columns are-vertically-aligned-center is-layout-flex wp-container-core-columns-is-layout-9d6595d7 wp-block-columns-is-layout-flex\">\n<div class=\"wp-block-column is-vertically-aligned-center has-gray-background-color has-background is-layout-flow wp-block-column-is-layout-flow\">\n<div style=\"height:100px\" aria-hidden=\"true\" class=\"wp-block-spacer is-style-smaller-spacer\"><\/div>\n\n\n\n<figure class=\"wp-block-gallery has-nested-images columns-3 is-cropped wp-block-gallery-3 is-layout-flex wp-block-gallery-is-layout-flex\">\n<figure class=\"wp-block-image size-large\"><a href=\"https:\/\/bp2.eu\/wp-content\/uploads\/2024\/12\/HAK-MASKOWNICY-DE-1024x620.png\"><img loading=\"lazy\" decoding=\"async\" width=\"1024\" height=\"620\" data-id=\"91474\" src=\"https:\/\/bp2.eu\/wp-content\/uploads\/2024\/12\/HAK-MASKOWNICY-DE-1024x620.png\" alt=\"\" class=\"wp-image-91474\" srcset=\"https:\/\/bp2.eu\/wp-content\/uploads\/2024\/12\/HAK-MASKOWNICY-DE-1024x620.png 1024w, https:\/\/bp2.eu\/wp-content\/uploads\/2024\/12\/HAK-MASKOWNICY-DE-820x496.png 820w, https:\/\/bp2.eu\/wp-content\/uploads\/2024\/12\/HAK-MASKOWNICY-DE-768x465.png 768w, https:\/\/bp2.eu\/wp-content\/uploads\/2024\/12\/HAK-MASKOWNICY-DE-1536x930.png 1536w, https:\/\/bp2.eu\/wp-content\/uploads\/2024\/12\/HAK-MASKOWNICY-DE-2048x1240.png 2048w\" sizes=\"auto, (max-width: 1024px) 100vw, 1024px\" \/><\/a><\/figure>\n<\/figure>\n\n\n\n<div style=\"height:100px\" aria-hidden=\"true\" class=\"wp-block-spacer is-style-smaller-spacer\"><\/div>\n<\/div>\n\n\n\n<div class=\"wp-block-column is-vertically-aligned-center has-gray-background-color has-background is-layout-flow wp-block-column-is-layout-flow\">\n<div style=\"height:100px\" aria-hidden=\"true\" class=\"wp-block-spacer is-style-smaller-spacer\"><\/div>\n\n\n\n<figure class=\"wp-block-gallery has-nested-images columns-3 is-cropped wp-block-gallery-4 is-layout-flex wp-block-gallery-is-layout-flex\">\n<figure class=\"wp-block-image size-large\"><a href=\"https:\/\/bp2.eu\/wp-content\/uploads\/2024\/12\/ZASLEPKA-MASKOWNICY-DE-1024x620.png\"><img loading=\"lazy\" decoding=\"async\" width=\"1024\" height=\"620\" data-id=\"91482\" src=\"https:\/\/bp2.eu\/wp-content\/uploads\/2024\/12\/ZASLEPKA-MASKOWNICY-DE-1024x620.png\" alt=\"\" class=\"wp-image-91482\" srcset=\"https:\/\/bp2.eu\/wp-content\/uploads\/2024\/12\/ZASLEPKA-MASKOWNICY-DE-1024x620.png 1024w, https:\/\/bp2.eu\/wp-content\/uploads\/2024\/12\/ZASLEPKA-MASKOWNICY-DE-820x496.png 820w, https:\/\/bp2.eu\/wp-content\/uploads\/2024\/12\/ZASLEPKA-MASKOWNICY-DE-768x465.png 768w, https:\/\/bp2.eu\/wp-content\/uploads\/2024\/12\/ZASLEPKA-MASKOWNICY-DE-1536x930.png 1536w, https:\/\/bp2.eu\/wp-content\/uploads\/2024\/12\/ZASLEPKA-MASKOWNICY-DE-2048x1240.png 2048w\" sizes=\"auto, (max-width: 1024px) 100vw, 1024px\" \/><\/a><\/figure>\n<\/figure>\n\n\n\n<div style=\"height:100px\" aria-hidden=\"true\" class=\"wp-block-spacer is-style-smaller-spacer\"><\/div>\n<\/div>\n\n\n\n<div class=\"wp-block-column is-vertically-aligned-center has-gray-background-color has-background is-layout-flow wp-block-column-is-layout-flow\">\n<div style=\"height:100px\" aria-hidden=\"true\" class=\"wp-block-spacer is-style-smaller-spacer\"><\/div>\n\n\n\n<figure class=\"wp-block-gallery has-nested-images columns-3 is-cropped wp-block-gallery-5 is-layout-flex wp-block-gallery-is-layout-flex\">\n<figure class=\"wp-block-image size-large\"><a href=\"https:\/\/bp2.eu\/wp-content\/uploads\/2024\/12\/NAROZNIKI-ZEWWEW-DE-1024x620.png\"><img loading=\"lazy\" decoding=\"async\" width=\"1024\" height=\"620\" data-id=\"91490\" src=\"https:\/\/bp2.eu\/wp-content\/uploads\/2024\/12\/NAROZNIKI-ZEWWEW-DE-1024x620.png\" alt=\"\" class=\"wp-image-91490\" srcset=\"https:\/\/bp2.eu\/wp-content\/uploads\/2024\/12\/NAROZNIKI-ZEWWEW-DE-1024x620.png 1024w, https:\/\/bp2.eu\/wp-content\/uploads\/2024\/12\/NAROZNIKI-ZEWWEW-DE-820x496.png 820w, https:\/\/bp2.eu\/wp-content\/uploads\/2024\/12\/NAROZNIKI-ZEWWEW-DE-768x465.png 768w, https:\/\/bp2.eu\/wp-content\/uploads\/2024\/12\/NAROZNIKI-ZEWWEW-DE-1536x930.png 1536w, https:\/\/bp2.eu\/wp-content\/uploads\/2024\/12\/NAROZNIKI-ZEWWEW-DE-2048x1240.png 2048w\" sizes=\"auto, (max-width: 1024px) 100vw, 1024px\" \/><\/a><\/figure>\n<\/figure>\n\n\n\n<div style=\"height:100px\" aria-hidden=\"true\" class=\"wp-block-spacer is-style-smaller-spacer\"><\/div>\n<\/div>\n<\/div>\n<\/div><\/div>\n\n\n\n<div class=\"wp-block-group is-style-default\"><div class=\"wp-block-group__inner-container is-layout-flow wp-block-group-is-layout-flow\">\n<div class=\"wp-block-columns is-layout-flex wp-container-core-columns-is-layout-9d6595d7 wp-block-columns-is-layout-flex\">\n<div class=\"wp-block-column is-vertically-aligned-center is-layout-flow wp-block-column-is-layout-flow\">\n<h4 class=\"wp-block-heading\"><strong><strong><strong><strong><strong><strong>ABDECKUNGSHAKEN<\/strong><\/strong><\/strong><\/strong><\/strong><\/strong><\/h4>\n\n\n\n<p class=\"has-text-align-left\">Der Gitterhaken ist ein stabilisierendes Strukturelement, das in Abst\u00e4nden von 1 Meter angebracht wird. Sein Design erm\u00f6glicht eine perfekte vertikale Ausrichtung des Gitters. Der Haken ist mit einem speziell entwickelten vulkanisierten Haken ausgestattet, so dass die Installation nicht invasiv ist und eine einfache Verbindung mit dem Gitter erm\u00f6glicht.<\/p>\n<\/div>\n\n\n\n<div class=\"wp-block-column is-vertically-aligned-top is-layout-flow wp-block-column-is-layout-flow\">\n<h4 class=\"wp-block-heading\"><strong><strong><strong><strong><strong><strong><strong><strong>ABDECKKAPPE<\/strong><\/strong><\/strong><\/strong><\/strong><\/strong><\/strong><\/strong><\/h4>\n\n\n\n<p>Mit der Blendenkappe k\u00f6nnen alle Komponenten des Rinnensystems endgu\u0308ltig unter der Blende verborgen werden. Die einfache Montage sorgt dafu\u0308r, dass das Blendrohr schnell und problemlos geschlossen wird.<\/p>\n<\/div>\n\n\n\n<div class=\"wp-block-column is-vertically-aligned-top is-layout-flow wp-block-column-is-layout-flow\">\n<h4 class=\"wp-block-heading\"><strong><strong><strong><strong><strong><strong><strong><strong><strong><strong>ECKE AUSSEN\/INNEN<\/strong><\/strong><\/strong><\/strong><\/strong><\/strong><\/strong><\/strong><\/strong><\/strong><\/h4>\n\n\n\n<p class=\"has-text-align-left\">Die Au\u00dfen- und Innenecken erm\u00f6glichen eine \u00e4sthetisch ansprechende Verbindung der Blenden an der Kreuzung zweier Dachschr\u00e4gen oder an den Ecken des Daches. Sie sind aus hochwertigem Material gefertigt, das sie \u00e4sthetisch ansprechend und langlebig macht.<\/p>\n<\/div>\n<\/div>\n<\/div><\/div>\n\n\n\n<div style=\"height:100px\" aria-hidden=\"true\" class=\"wp-block-spacer is-style-smaller-spacer\"><\/div>\n\n\n\n<div class=\"wp-block-group\"><div class=\"wp-block-group__inner-container is-layout-constrained wp-block-group-is-layout-constrained\"><section class=\"data-section compare-slider__wrapper\">\n    <div class=\"compare-slider\">\n        <div class=\"before-after-slider\" data-beforeAfterSlider>\n            <div class=\"before-image\">\n                <img decoding=\"async\" src=\"https:\/\/bp2.eu\/wp-content\/uploads\/2024\/12\/maskownice-left.jpg\" alt=\"\">\n                <div class=\"compare-slider__text-1 h7\"><b>Stahlrinnensysteme INGURI<\/b><\/div>\n            <\/div>\n            <div class=\"after-image\">\n                <img decoding=\"async\" src=\"https:\/\/bp2.eu\/wp-content\/uploads\/2024\/12\/maskownice-right.jpg\" alt=\"\">\n                <div class=\"compare-slider__text-2 h7\"><b>Abdeckungen f\u00fcr Das INGURI-regenrinnensystem<\/b><\/div>\n            <\/div>\n            <div class=\"resizer\"><\/div>\n        <\/div>\n    <\/div>\n<\/section>\n<\/div><\/div>\n","protected":false},"featured_media":90730,"menu_order":345,"template":"","product_category":[1675],"warranty":[1689,1690,1691,1692,1669],"product_serie":[],"class_list":["post-91326","product","type-product","status-publish","has-post-thumbnail","hentry","product_category-inguri-dachrinnensysteme","warranty-10-jahre","warranty-15-jahre","warranty-20-jahre","warranty-25-jahre","warranty-30-jahre"],"acf":[],"_links":{"self":[{"href":"https:\/\/bp2.eu\/de\/wp-json\/wp\/v2\/product\/91326","targetHints":{"allow":["GET"]}}],"collection":[{"href":"https:\/\/bp2.eu\/de\/wp-json\/wp\/v2\/product"}],"about":[{"href":"https:\/\/bp2.eu\/de\/wp-json\/wp\/v2\/types\/product"}],"wp:featuredmedia":[{"embeddable":true,"href":"https:\/\/bp2.eu\/de\/wp-json\/wp\/v2\/media\/90730"}],"wp:attachment":[{"href":"https:\/\/bp2.eu\/de\/wp-json\/wp\/v2\/media?parent=91326"}],"wp:term":[{"taxonomy":"product_category","embeddable":true,"href":"https:\/\/bp2.eu\/de\/wp-json\/wp\/v2\/product_category?post=91326"},{"taxonomy":"warranty","embeddable":true,"href":"https:\/\/bp2.eu\/de\/wp-json\/wp\/v2\/warranty?post=91326"},{"taxonomy":"product_serie","embeddable":true,"href":"https:\/\/bp2.eu\/de\/wp-json\/wp\/v2\/product_serie?post=91326"}],"curies":[{"name":"wp","href":"https:\/\/api.w.org\/{rel}","templated":true}]}}