{"id":34313,"date":"2022-11-29T10:09:06","date_gmt":"2022-11-29T09:09:06","guid":{"rendered":"https:\/\/bp2.eu\/career\/"},"modified":"2023-02-20T15:12:45","modified_gmt":"2023-02-20T14:12:45","slug":"career","status":"publish","type":"page","link":"https:\/\/bp2.eu\/en\/career\/","title":{"rendered":"Career"},"content":{"rendered":"\n<div class=\"wp-block-group is-style-with-b2-background\"><div class=\"wp-block-group__inner-container is-layout-flow wp-block-group-is-layout-flow\">\n<div style=\"height:100px\" aria-hidden=\"true\" class=\"wp-block-spacer is-style-small-spacer\"><\/div>\n\n\n\n<p class=\"has-text-align-center noMarginBottom has-red-color has-text-color\"><strong><strong>THERE ARE COMPANIES WHICH ARE WORTH WORKING FOR<\/strong><\/strong><\/p>\n\n\n\n<h2 class=\"has-text-align-center is-style-h1 noMarginTop noMarginBottom wp-block-heading\"><strong>CAREER AT BP2<\/strong><\/h2>\n\n\n\n<div style=\"height:100px\" aria-hidden=\"true\" class=\"wp-block-spacer is-style-small-spacer\"><\/div>\n<\/div><\/div>\n\n\n\n<div class=\"wp-block-group is-style-narrower-group\"><div class=\"wp-block-group__inner-container is-layout-flow wp-block-group-is-layout-flow\">\n<p class=\"has-text-align-center\"><strong>BP2<\/strong> has been a valued manufacturer of complete solutions for residential and industrial construction since 1995. We also offer our services as part of the Steel Service Centre. We are the creators of the <strong>SOLROOF<\/strong> brand and products &#8211; integrated photovoltaic roof. BP2 has five production plants in Poland (Cracow, D\u0105browa G\u00f3rnicza), Slovakia (Ko\u0161ice) and Romania (Cluj Napoca, Timi\u0219oara).<\/p>\n\n\n\n<div style=\"height:100px\" aria-hidden=\"true\" class=\"wp-block-spacer is-style-small-spacer\"><\/div>\n\n\n\n<div class=\"wp-block-group alignCenter\"><div class=\"wp-block-group__inner-container is-layout-flow wp-block-group-is-layout-flow\">\n<a href=\"https:\/\/bp2.eu\/en\/career\/#job-offers\"  class=\"button button--red \">AVAILABLE JOB OFFERS<\/a>\n\n\n<div style=\"height:100px\" aria-hidden=\"true\" class=\"wp-block-spacer is-style-small-spacer\"><\/div>\n<\/div><\/div>\n\n\n\n<div style=\"height:100px\" aria-hidden=\"true\" class=\"wp-block-spacer is-style-small-spacer\"><\/div>\n<\/div><\/div>\n\n\n\n<div class=\"wp-block-group alignCenter is-style-default\"><div class=\"wp-block-group__inner-container is-layout-flow wp-block-group-is-layout-flow\"><div class=\"wp-block-image is-style-cinema is-style-mobile-full wp-embed-aspect-16-9 wp-has-aspect-ratio noMarginBottom\">\n<figure class=\"aligncenter size-full\"><img loading=\"lazy\" decoding=\"async\" width=\"1633\" height=\"524\" src=\"https:\/\/bp2.eu\/wp-content\/uploads\/2022\/03\/bp2_kariera.png\" alt=\"\" class=\"wp-image-5389\" srcset=\"https:\/\/bp2.eu\/wp-content\/uploads\/2022\/03\/bp2_kariera.png 1633w, https:\/\/bp2.eu\/wp-content\/uploads\/2022\/03\/bp2_kariera-820x263.png 820w, https:\/\/bp2.eu\/wp-content\/uploads\/2022\/03\/bp2_kariera-1024x329.png 1024w, https:\/\/bp2.eu\/wp-content\/uploads\/2022\/03\/bp2_kariera-768x246.png 768w, https:\/\/bp2.eu\/wp-content\/uploads\/2022\/03\/bp2_kariera-1536x493.png 1536w\" sizes=\"auto, (max-width: 1633px) 100vw, 1633px\" \/><\/figure>\n<\/div><\/div><\/div>\n\n\n\n<div class=\"wp-block-group is-style-minus-margin has-dark-gray-background-color has-background\"><div class=\"wp-block-group__inner-container is-layout-flow wp-block-group-is-layout-flow\"><div class=\"wp-block-image is-style-minus-half scrollBtn noMarginBottom\">\n<figure class=\"aligncenter size-large\" id=\"job-offers\"><a href=\"#oferty-pracy\"><img loading=\"lazy\" decoding=\"async\" width=\"59\" height=\"58\" src=\"https:\/\/bp2.eu\/wp-content\/uploads\/\/strzalka.svg\" alt=\"\" class=\"wp-image-11271\" title=\"\"\/><\/a><\/figure>\n<\/div>\n\n\n<div style=\"height:100px\" aria-hidden=\"true\" class=\"wp-block-spacer is-style-smaller-spacer\"><\/div>\n\n\n\n<h2 class=\"has-text-align-center is-style-h2 wp-block-heading\">CURRENT JOB OFFERS<\/h2>\n\n\n        <form action=\"\" data-jobs-filters class=\"jobFilter\" >\n                    <div class=\"jobFilter__city\">\n                <div class=\"customSelect\">\n                    <select name=\"city\" class=\"show-content\">\n                        <option value=\"0\" class=\"first-option-placeholder\">Select city<\/option>\n                                                    <option value=\"602\">D\u0105browa G\u00f3rnicza<\/option>\n                                            <\/select>\n                <\/div>\n            <\/div>\n                            <div class=\"jobFilter__type\">\n                            <label class=\"filter__elemLabel\"><input type=\"checkbox\" name=\"jobtype\" class=\"fancy__checkbox\" value=\"605\" data-slug=\"logistic\"><span class=\"fake__input\"><\/span><span class=\"filter__elemLabelText\">Logistic<\/span><\/label>\n                            <label class=\"filter__elemLabel\"><input type=\"checkbox\" name=\"jobtype\" class=\"fancy__checkbox\" value=\"604\" data-slug=\"marketing-en\"><span class=\"fake__input\"><\/span><span class=\"filter__elemLabelText\">Marketing<\/span><\/label>\n                            <label class=\"filter__elemLabel\"><input type=\"checkbox\" name=\"jobtype\" class=\"fancy__checkbox\" value=\"603\" data-slug=\"hr-en\"><span class=\"fake__input\"><\/span><span class=\"filter__elemLabelText\">HR<\/span><\/label>\n                        <\/div>\n        \n        <div class=\"jobFilter__search\">\n            <input type=\"text\" name=\"search\" placeholder=\"enter a phrase\">\n            <button class=\"button button--black\" data-submit>Search<\/button>\n        <\/div>\n    <\/form>\n\n    <div class=\"job-results\">\n        <div id=\"object-list\"><\/div>\n        <div class=\"lds-roller loader\"><div><\/div><div><\/div><div><\/div><div><\/div><div><\/div><div><\/div><div><\/div><div><\/div><\/div>    <\/div>\n\n\n\n<div style=\"height:100px\" aria-hidden=\"true\" class=\"wp-block-spacer is-style-small-spacer\"><\/div>\n<\/div><\/div>\n\n\n\n<div id=\"recruitment-steps\" class=\"wp-block-group\"><div class=\"wp-block-group__inner-container is-layout-flow wp-block-group-is-layout-flow\">\n<div style=\"height:100px\" aria-hidden=\"true\" class=\"wp-block-spacer is-style-small-spacer\"><\/div>\n\n\n\n<h2 class=\"is-style-h1 wp-block-heading\">RECRUITMENT STEPS<\/h2>\n\n\n\n<div class=\"wp-block-columns is-layout-flex wp-container-core-columns-is-layout-9d6595d7 wp-block-columns-is-layout-flex\">\n<div class=\"wp-block-column is-layout-flow wp-block-column-is-layout-flow\">\n<div class=\"wp-block-columns is-layout-flex wp-container-core-columns-is-layout-9d6595d7 wp-block-columns-is-layout-flex\">\n<div class=\"wp-block-column is-style-space-left is-layout-flow wp-block-column-is-layout-flow\" style=\"flex-basis:32%\">\n<figure class=\"wp-block-image size-full\"><img decoding=\"async\" src=\"https:\/\/bp2.eu\/wp-content\/uploads\/2022\/03\/1.png\" alt=\"\" class=\"wp-image-5412\"\/><\/figure>\n<\/div>\n\n\n\n<div class=\"wp-block-column is-layout-flow wp-block-column-is-layout-flow\" style=\"flex-basis:66.66%\">\n<h2 class=\"is-style-h3 noMarginBottom noMarginTop wp-block-heading\">Step 1 <\/h2>\n\n\n\n<h2 class=\"is-style-h3 noMarginTop wp-block-heading\" style=\"font-style:normal;font-weight:300\">We are waiting for your application<\/h2>\n\n\n\n<p>All BP2 recruitment ads can be found in the &#8220;Job offers&#8221; tab. Find an interesting offer and fill in the application form. If your experience is satisfactory to us, we will contact you by phone call.<\/p>\n<\/div>\n<\/div>\n<\/div>\n\n\n\n<div class=\"wp-block-column is-layout-flow wp-block-column-is-layout-flow\">\n<div class=\"wp-block-columns is-layout-flex wp-container-core-columns-is-layout-9d6595d7 wp-block-columns-is-layout-flex\">\n<div class=\"wp-block-column is-style-space-left is-layout-flow wp-block-column-is-layout-flow\" style=\"flex-basis:32%\">\n<figure class=\"wp-block-image size-full\"><img decoding=\"async\" src=\"https:\/\/bp2.eu\/wp-content\/uploads\/2022\/03\/Group-834.png\" alt=\"\" class=\"wp-image-5428\"\/><\/figure>\n<\/div>\n\n\n\n<div class=\"wp-block-column is-layout-flow wp-block-column-is-layout-flow\" style=\"flex-basis:66.66%\">\n<h2 class=\"is-style-h3 noMarginBottom noMarginTop wp-block-heading\">Step 2<\/h2>\n\n\n\n<h2 class=\"is-style-h3 noMarginTop wp-block-heading\" style=\"font-style:normal;font-weight:300\">Phone call\/video call<\/h2>\n\n\n\n<p>During the second step, we will contact you and arrange a phone call or video call, at time of which the position you are applying for will be presented to you and we will tell you about the values of our company.<\/p>\n<\/div>\n<\/div>\n<\/div>\n<\/div>\n\n\n\n<div class=\"wp-block-columns is-layout-flex wp-container-core-columns-is-layout-9d6595d7 wp-block-columns-is-layout-flex\">\n<div class=\"wp-block-column is-layout-flow wp-block-column-is-layout-flow\">\n<div class=\"wp-block-columns is-layout-flex wp-container-core-columns-is-layout-9d6595d7 wp-block-columns-is-layout-flex\">\n<div class=\"wp-block-column is-style-space-left is-layout-flow wp-block-column-is-layout-flow\" style=\"flex-basis:32%\">\n<figure class=\"wp-block-image size-full\"><img decoding=\"async\" src=\"https:\/\/bp2.eu\/wp-content\/uploads\/2022\/03\/Group-836.png\" alt=\"\" class=\"wp-image-5432\"\/><\/figure>\n<\/div>\n\n\n\n<div class=\"wp-block-column is-layout-flow wp-block-column-is-layout-flow\" style=\"flex-basis:66.66%\">\n<h2 class=\"is-style-h3 noMarginBottom noMarginTop wp-block-heading\">Step 3<\/h2>\n\n\n\n<h2 class=\"is-style-h3 noMarginTop wp-block-heading\" style=\"font-style:normal;font-weight:300\">Meeting at our company&#8217;s headquarters<\/h2>\n\n\n\n<p>You must reserve about 45 minutes. During the meeting we will tell you more about the company, products and our organizational culture. Then, we will ask some questions about your person. We will be particularly interested in your experience, expectations and plans for the future. A simple recruitment task may also be required, depending on the position you are applying for.<\/p>\n<\/div>\n<\/div>\n<\/div>\n\n\n\n<div class=\"wp-block-column is-layout-flow wp-block-column-is-layout-flow\">\n<div class=\"wp-block-columns is-layout-flex wp-container-core-columns-is-layout-9d6595d7 wp-block-columns-is-layout-flex\">\n<div class=\"wp-block-column is-style-space-left is-layout-flow wp-block-column-is-layout-flow\" style=\"flex-basis:32%\">\n<figure class=\"wp-block-image size-full\"><img loading=\"lazy\" decoding=\"async\" width=\"110\" height=\"110\" src=\"https:\/\/bp2.eu\/wp-content\/uploads\/2022\/03\/Group-837.png\" alt=\"\" class=\"wp-image-5437\"\/><\/figure>\n<\/div>\n\n\n\n<div class=\"wp-block-column is-layout-flow wp-block-column-is-layout-flow\" style=\"flex-basis:66.66%\">\n<h2 class=\"is-style-h3 noMarginBottom noMarginTop wp-block-heading\">Step 4<\/h2>\n\n\n\n<h2 class=\"is-style-h3 noMarginTop wp-block-heading\" style=\"font-style:normal;font-weight:300\">We will inform you about the result of the recruitment!<\/h2>\n\n\n\n<p>We respect your time, so we will always give you a feedback within two weeks from the last meeting. Information about the result of your recruitment process will always be delivered to you by phone call or via e-mail.<\/p>\n<\/div>\n<\/div>\n<\/div>\n<\/div>\n<\/div><\/div>\n\n\n\n<div class=\"wp-block-group alignCenter\"><div class=\"wp-block-group__inner-container is-layout-flow wp-block-group-is-layout-flow\"><div class=\"wp-block-image is-style-cinema is-style-mobile-full wp-embed-aspect-16-9 wp-has-aspect-ratio\">\n<figure class=\"aligncenter size-full\"><img loading=\"lazy\" decoding=\"async\" width=\"1633\" height=\"437\" src=\"https:\/\/bp2.eu\/wp-content\/uploads\/2022\/03\/bp2_kariera-2.png\" alt=\"\" class=\"wp-image-5450\" srcset=\"https:\/\/bp2.eu\/wp-content\/uploads\/2022\/03\/bp2_kariera-2.png 1633w, https:\/\/bp2.eu\/wp-content\/uploads\/2022\/03\/bp2_kariera-2-820x219.png 820w, https:\/\/bp2.eu\/wp-content\/uploads\/2022\/03\/bp2_kariera-2-1024x274.png 1024w, https:\/\/bp2.eu\/wp-content\/uploads\/2022\/03\/bp2_kariera-2-768x206.png 768w, https:\/\/bp2.eu\/wp-content\/uploads\/2022\/03\/bp2_kariera-2-1536x411.png 1536w\" sizes=\"auto, (max-width: 1633px) 100vw, 1633px\" \/><\/figure>\n<\/div><\/div><\/div>\n\n\n\n<div id=\"phillars\" class=\"wp-block-group is-style-minus-margin has-dark-gray-background-color has-background\"><div class=\"wp-block-group__inner-container is-layout-flow wp-block-group-is-layout-flow\">\n<div style=\"height:80px\" aria-hidden=\"true\" class=\"wp-block-spacer is-style-small-spacer\"><\/div>\n\n\n\n<h2 class=\"has-text-align-center is-style-h2 wp-block-heading\">OUR 4 PILLARS<\/h2>\n\n\n\n<p class=\"has-text-align-center\">A company must be erected on solid foundations, similarly to the building. We built BP2 on four pillars strong as steel, that guarantee stability and enable continuous development.<\/p>\n\n\n\n<div style=\"height:100px\" aria-hidden=\"true\" class=\"wp-block-spacer is-style-small-spacer\"><\/div>\n\n\n\n<div class=\"wp-block-columns is-layout-flex wp-container-core-columns-is-layout-9d6595d7 wp-block-columns-is-layout-flex\">\n<div class=\"wp-block-column is-layout-flow wp-block-column-is-layout-flow\"><div class=\"wp-block-image\">\n<figure class=\"aligncenter size-full\"><img decoding=\"async\" src=\"https:\/\/bp2.eu\/wp-content\/uploads\/2022\/03\/bp2_dekarze_icon-3.png\" alt=\"\" class=\"wp-image-3355\"\/><\/figure>\n<\/div>\n\n\n<p class=\"has-text-align-center\"><strong>PEOPLE<\/strong><\/p>\n\n\n\n<p class=\"has-text-align-center\">We believe that successes can only be achieved as a result of teamwork. Mutual trust and commitment to work are the only bonds for a corrosion-resistant team!<\/p>\n<\/div>\n\n\n\n<div class=\"wp-block-column is-layout-flow wp-block-column-is-layout-flow\"><div class=\"wp-block-image\">\n<figure class=\"aligncenter size-full\"><img decoding=\"async\" src=\"https:\/\/bp2.eu\/wp-content\/uploads\/2022\/03\/Group-324.png\" alt=\"\" class=\"wp-image-2027\"\/><\/figure>\n<\/div>\n\n\n<p class=\"has-text-align-center\"><strong>RELATIONSHIPS<\/strong><\/p>\n\n\n\n<p class=\"has-text-align-center\">Nowadays, credibility and responsibility constitute the basis for business relationships. According to this policy, we gained trust of over 1,500 active customers, and their number constantly increases.<\/p>\n<\/div>\n\n\n\n<div class=\"wp-block-column is-layout-flow wp-block-column-is-layout-flow\"><div class=\"wp-block-image\">\n<figure class=\"aligncenter size-full\"><img decoding=\"async\" src=\"https:\/\/bp2.eu\/wp-content\/uploads\/2022\/03\/Group-327.png\" alt=\"\" class=\"wp-image-2048\"\/><\/figure>\n<\/div>\n\n\n<p class=\"has-text-align-center\"><strong>TECHNOLOGY<\/strong><\/p>\n\n\n\n<p class=\"has-text-align-center\">We focus on innovative solutions, thanks to which we can constantly increase our production, expand the offer and improve quality, while simultaneously ensuring the safety of employees and sustainable development, all of this according to the CSR values.<\/p>\n<\/div>\n\n\n\n<div class=\"wp-block-column is-layout-flow wp-block-column-is-layout-flow\"><div class=\"wp-block-image\">\n<figure class=\"aligncenter size-full\"><img decoding=\"async\" src=\"https:\/\/bp2.eu\/wp-content\/uploads\/2022\/03\/Group-330.png\" alt=\"\" class=\"wp-image-2071\"\/><\/figure>\n<\/div>\n\n\n<p class=\"has-text-align-center\"><strong>QUALITY<\/strong><\/p>\n\n\n\n<p class=\"has-text-align-center\">From the very beginning of our company, quality has been a priority. As a result, we can provide long guarantees. We are sure that our customers will not be disappointed.IF THESE VALUES ARE CLOSE TO YOU, CHECK THE JOB OFFERS IN BP2<\/p>\n<\/div>\n<\/div>\n\n\n\n<div style=\"height:100px\" aria-hidden=\"true\" class=\"wp-block-spacer is-style-small-spacer\"><\/div>\n<\/div><\/div>\n\n\n\n<div class=\"wp-block-group\"><div class=\"wp-block-group__inner-container is-layout-flow wp-block-group-is-layout-flow\">\n<div style=\"height:100px\" aria-hidden=\"true\" class=\"wp-block-spacer is-style-small-spacer\"><\/div>\n\n\n\n<div class=\"wp-block-columns is-layout-flex wp-container-core-columns-is-layout-9d6595d7 wp-block-columns-is-layout-flex\">\n<div class=\"wp-block-column is-layout-flow wp-block-column-is-layout-flow\">\n<div class=\"wp-block-cover is-style-content-from-bottom\"><span aria-hidden=\"true\" class=\"wp-block-cover__background has-background-dim\"><\/span><img loading=\"lazy\" decoding=\"async\" width=\"527\" height=\"534\" class=\"wp-block-cover__image-background wp-image-3694\" alt=\"\" src=\"https:\/\/bp2.eu\/wp-content\/uploads\/2022\/03\/IMG_8343.png\" data-object-fit=\"cover\"\/><div class=\"wp-block-cover__inner-container is-layout-flow wp-block-cover-is-layout-flow\">\n<h2 class=\"is-style-h3 wp-block-heading\">PROFESSIONAL ZONE<\/h2>\n\n\n\n<p>Go to the subpage dedicated to people from the industry.<\/p>\n\n\n\n<a href=\"https:\/\/bp2.eu\/en\/for-professionals\/\"  class=\"button button--red \">LEARN MORE<\/a><\/div><\/div>\n<\/div>\n\n\n\n<div class=\"wp-block-column is-layout-flow wp-block-column-is-layout-flow\">\n<div class=\"wp-block-cover is-style-content-from-bottom\"><span aria-hidden=\"true\" class=\"wp-block-cover__background has-background-dim\"><\/span><img loading=\"lazy\" decoding=\"async\" width=\"526\" height=\"534\" class=\"wp-block-cover__image-background wp-image-5514\" alt=\"\" src=\"https:\/\/bp2.eu\/wp-content\/uploads\/2022\/03\/MASTER-ROOFER_01-07-2021-23.png\" data-object-fit=\"cover\"\/><div class=\"wp-block-cover__inner-container is-layout-flow wp-block-cover-is-layout-flow\">\n<h2 class=\"is-style-h3 wp-block-heading\">ACADEMY OF MASTERS<\/h2>\n\n\n\n<p>A genuine training program and a platform for experience exchange.<\/p>\n\n\n\n<a href=\"https:\/\/am.bp2.pl\/\"  class=\"button button--red \">JOIN THE ACADEMY OF MASTERS<\/a><\/div><\/div>\n<\/div>\n\n\n\n<div class=\"wp-block-column is-layout-flow wp-block-column-is-layout-flow\">\n<div class=\"wp-block-cover is-light is-style-content-from-bottom\"><span aria-hidden=\"true\" class=\"wp-block-cover__background has-background-dim\"><\/span><img loading=\"lazy\" decoding=\"async\" width=\"526\" height=\"534\" class=\"wp-block-cover__image-background wp-image-5510\" alt=\"\" src=\"https:\/\/bp2.eu\/wp-content\/uploads\/2022\/03\/Piknik-15-lecie-PSD-Malopolska-14.png\" data-object-fit=\"cover\"\/><div class=\"wp-block-cover__inner-container is-layout-flow wp-block-cover-is-layout-flow\">\n<h2 class=\"is-style-h3 has-white-color has-text-color wp-block-heading\">MARKETING ACTIVITIES<\/h2>\n\n\n\n<p class=\"has-white-color has-text-color\">Marketing support for distributors and CSR activities.<\/p>\n\n\n\n<a href=\"https:\/\/bp2.eu\/en\/marketing-activities\/\"  class=\"button button--red \">LEARN MORE ABOUT OUR ACTIVITIES<\/a><\/div><\/div>\n<\/div>\n<\/div>\n<\/div><\/div>\n\n\n\n<div style=\"height:100px\" aria-hidden=\"true\" class=\"wp-block-spacer is-style-smaller-spacer\"><\/div>\n","protected":false},"excerpt":{"rendered":"<p>THERE ARE COMPANIES WHICH ARE WORTH WORKING FOR CAREER AT BP2 BP2 has been a valued manufacturer of complete solutions for residential and industrial construction since 1995. We also offer our services as part of the Steel Service Centre. We are the creators of the SOLROOF brand and products &#8211; integrated photovoltaic roof. BP2 has [&hellip;]<\/p>\n","protected":false},"author":1,"featured_media":0,"parent":0,"menu_order":119,"comment_status":"closed","ping_status":"closed","template":"","meta":{"_acf_changed":false,"content-type":"","inline_featured_image":false,"footnotes":""},"class_list":["post-34313","page","type-page","status-publish","hentry"],"acf":[],"_links":{"self":[{"href":"https:\/\/bp2.eu\/en\/wp-json\/wp\/v2\/pages\/34313","targetHints":{"allow":["GET"]}}],"collection":[{"href":"https:\/\/bp2.eu\/en\/wp-json\/wp\/v2\/pages"}],"about":[{"href":"https:\/\/bp2.eu\/en\/wp-json\/wp\/v2\/types\/page"}],"author":[{"embeddable":true,"href":"https:\/\/bp2.eu\/en\/wp-json\/wp\/v2\/users\/1"}],"replies":[{"embeddable":true,"href":"https:\/\/bp2.eu\/en\/wp-json\/wp\/v2\/comments?post=34313"}],"version-history":[{"count":0,"href":"https:\/\/bp2.eu\/en\/wp-json\/wp\/v2\/pages\/34313\/revisions"}],"wp:attachment":[{"href":"https:\/\/bp2.eu\/en\/wp-json\/wp\/v2\/media?parent=34313"}],"curies":[{"name":"wp","href":"https:\/\/api.w.org\/{rel}","templated":true}]}}