{"id":36000,"date":"2022-12-02T13:40:34","date_gmt":"2022-12-02T12:40:34","guid":{"rendered":"https:\/\/bp2.eu\/?page_id=36000"},"modified":"2022-12-07T13:51:58","modified_gmt":"2022-12-07T12:51:58","slug":"bp2-eshop","status":"publish","type":"page","link":"https:\/\/bp2.eu\/en\/bp2-eshop\/","title":{"rendered":"BP2 ESHOP"},"content":{"rendered":"\n<div class=\"wp-block-group is-style-with-b2-background\"><div class=\"wp-block-group__inner-container is-layout-flow wp-block-group-is-layout-flow\">\n<div style=\"height:100px\" aria-hidden=\"true\" class=\"wp-block-spacer is-style-small-spacer\"><\/div>\n\n\n\n<p class=\"has-text-align-center noMarginBottom has-red-color has-text-color\"><strong>START SELLING ONLINE WITHOUT LIMITS<\/strong><\/p>\n\n\n\n<h2 class=\"has-text-align-center noMarginTop noMarginBottom is-style-h1 wp-block-heading\" style=\"font-size:3.5em\">BP2 ESHOP<\/h2>\n\n\n\n<div style=\"height:100px\" aria-hidden=\"true\" class=\"wp-block-spacer is-style-small-spacer\"><\/div>\n<\/div><\/div>\n\n\n\n<div class=\"wp-block-group is-style-narrower-group\"><div class=\"wp-block-group__inner-container is-layout-flow wp-block-group-is-layout-flow\">\n<p class=\"has-text-align-center\" style=\"font-size:22px\">Internetowa platforma sprzeda\u017cowa, kt\u00f3rej administratorami s\u0105&nbsp;BP2&nbsp;wraz z autoryzowanym dystrybutorem. The correct operation of the platform in terms of IT is fully guaranteed by BP2. The Distributor is free to personalize the website and the offer, as well as its terms and conditions.<\/p>\n<\/div><\/div>\n\n\n\n<div style=\"height:100px\" aria-hidden=\"true\" class=\"wp-block-spacer is-style-smaller-spacer\"><\/div>\n\n\n\n<div class=\"wp-block-group\"><div class=\"wp-block-group__inner-container is-layout-flow wp-block-group-is-layout-flow\">\n<div class=\"wp-block-columns is-style-grid fade-in is-layout-flex wp-container-core-columns-is-layout-9d6595d7 wp-block-columns-is-layout-flex\">\n<div class=\"wp-block-column is-layout-flow wp-block-column-is-layout-flow\">\n<div class=\"wp-block-cover is-light is-style-full-height\"><span aria-hidden=\"true\" class=\"wp-block-cover__background has-background-dim-0 has-background-dim\"><\/span><img loading=\"lazy\" decoding=\"async\" width=\"1306\" height=\"1864\" class=\"wp-block-cover__image-background wp-image-31207\" alt=\"\" src=\"https:\/\/bp2.eu\/wp-content\/uploads\/2022\/10\/BPACK.jpg\" style=\"object-position:33% 46%\" data-object-fit=\"cover\" data-object-position=\"33% 46%\" srcset=\"https:\/\/bp2.eu\/wp-content\/uploads\/2022\/10\/BPACK.jpg 1306w, https:\/\/bp2.eu\/wp-content\/uploads\/2022\/10\/BPACK-673x960.jpg 673w, https:\/\/bp2.eu\/wp-content\/uploads\/2022\/10\/BPACK-717x1024.jpg 717w, https:\/\/bp2.eu\/wp-content\/uploads\/2022\/10\/BPACK-768x1096.jpg 768w, https:\/\/bp2.eu\/wp-content\/uploads\/2022\/10\/BPACK-1076x1536.jpg 1076w\" sizes=\"auto, (max-width: 1306px) 100vw, 1306px\" \/><div class=\"wp-block-cover__inner-container is-layout-flow wp-block-cover-is-layout-flow\">\n<p class=\"has-text-align-center\"><\/p>\n<\/div><\/div>\n<\/div>\n\n\n\n<div class=\"wp-block-column is-vertically-aligned-center is-layout-flow wp-block-column-is-layout-flow\">\n<div class=\"wp-block-cover is-light is-style-full-width wp-duotone-8c00b7-fcff41-1\"><span aria-hidden=\"true\" class=\"wp-block-cover__background has-dark-gray-background-color has-background-dim-100 has-background-dim\"><\/span><div class=\"wp-block-cover__inner-container is-layout-flow wp-block-cover-is-layout-flow\">\n<figure class=\"wp-block-image size-full is-resized\"><img loading=\"lazy\" decoding=\"async\" src=\"https:\/\/bp2.eu\/wp-content\/uploads\/2022\/12\/bp2eshop.svg\" alt=\"\" class=\"wp-image-46332\" width=\"185\" height=\"113\"\/><\/figure>\n\n\n\n<p>Online sales have increased significantly in recent years. <strong>According to the Gemius report, as many as 77% of Internet users used Internet shopping in 2021 at least once.<\/strong> The modern world requires us to change our marketing tools and the way we communicate with the client, which is why we decided to introduce dedicated solutions for online sales.<\/p>\n\n\n\n<p>With our solution, you will be able to obtain a functional and eye-catching online store in a few days. <\/p>\n\n\n\n<p>The correct operation of the platform in terms of IT is fully guaranteed by BP2. With our solution, you don&#8217;t have to worry about digital security and buy additional server space, and the store management itself does not require advanced technical knowledge. <\/p>\n\n\n\n<p>The Distributor is free to personalize the website and the offer, as well as its terms and conditions. Your customers will have options for shopping on the selected devices, and the built-in payment module will enable easy payment for your products with means of the PayU payment operator.<\/p>\n\n\n\n<p><strong>With our solution, you will be able to focus on the sales and we will provide you with the rest. For more information, please contact our sales representative.<\/strong><\/p>\n\n\n\n<a href=\"https:\/\/bp2.eu\/en\/contact\/\"  class=\"button button--red \">CONTACT OUR SALES REPRESENTATIVE<\/a>\n\n\n<div style=\"height:100px\" aria-hidden=\"true\" class=\"wp-block-spacer\"><\/div>\n<\/div><\/div>\n<\/div>\n<\/div>\n<\/div><\/div>\n\n\n\n<div class=\"wp-block-group has-white-background-color has-background\"><div class=\"wp-block-group__inner-container is-layout-flow wp-block-group-is-layout-flow\">\n<div style=\"height:100px\" aria-hidden=\"true\" class=\"wp-block-spacer is-style-smaller-spacer\"><\/div>\n\n\n\n<div class=\"wp-block-columns is-style-grid is-layout-flex wp-container-core-columns-is-layout-9d6595d7 wp-block-columns-is-layout-flex\">\n<div class=\"wp-block-column is-layout-flow wp-block-column-is-layout-flow\">\n<div class=\"wp-block-cover is-style-content-from-bottom\"><span aria-hidden=\"true\" class=\"wp-block-cover__background has-background-dim\"><\/span><img loading=\"lazy\" decoding=\"async\" width=\"1306\" height=\"1864\" class=\"wp-block-cover__image-background wp-image-30254\" alt=\"\" src=\"https:\/\/bp2.eu\/wp-content\/uploads\/2022\/09\/50-50-1.jpg\" style=\"object-position:83% 100%\" data-object-fit=\"cover\" data-object-position=\"83% 100%\" srcset=\"https:\/\/bp2.eu\/wp-content\/uploads\/2022\/09\/50-50-1.jpg 1306w, https:\/\/bp2.eu\/wp-content\/uploads\/2022\/09\/50-50-1-673x960.jpg 673w, https:\/\/bp2.eu\/wp-content\/uploads\/2022\/09\/50-50-1-717x1024.jpg 717w, https:\/\/bp2.eu\/wp-content\/uploads\/2022\/09\/50-50-1-768x1096.jpg 768w, https:\/\/bp2.eu\/wp-content\/uploads\/2022\/09\/50-50-1-1076x1536.jpg 1076w\" sizes=\"auto, (max-width: 1306px) 100vw, 1306px\" \/><div class=\"wp-block-cover__inner-container is-layout-flow wp-block-cover-is-layout-flow\">\n<div style=\"height:100px\" aria-hidden=\"true\" class=\"wp-block-spacer is-style-medium-spacer\"><\/div>\n\n\n\n<figure class=\"wp-block-image size-full is-resized\"><img loading=\"lazy\" decoding=\"async\" src=\"https:\/\/bp2.eu\/wp-content\/uploads\/2022\/12\/bp2-50-50.svg\" alt=\"\" class=\"wp-image-46311\" width=\"185\" height=\"113\"\/><\/figure>\n\n\n\n<p class=\"has-white-color has-text-color\">A program addressed to distributors and roofers, in which the production costs of the offered, reliable workwear and high-quality tools are divided in half between BP2 and the ordering party. Logos of the BP2 50:50 partners are placed on the products.<\/p>\n\n\n\n<div class=\"wp-block-group\"><div class=\"wp-block-group__inner-container is-layout-flow wp-block-group-is-layout-flow\">\n<a href=\"https:\/\/bp2.eu\/en\/bp2-5050\/\"  class=\"button button--red \">LEARN MORE<\/a><\/div><\/div>\n<\/div><\/div>\n<\/div>\n\n\n\n<div class=\"wp-block-column is-layout-flow wp-block-column-is-layout-flow\">\n<div class=\"wp-block-cover is-light is-style-content-from-bottom\"><span aria-hidden=\"true\" class=\"wp-block-cover__background has-background-dim\"><\/span><img loading=\"lazy\" decoding=\"async\" width=\"1306\" height=\"1864\" class=\"wp-block-cover__image-background wp-image-31334\" alt=\"\" src=\"https:\/\/bp2.eu\/wp-content\/uploads\/2022\/10\/AD.jpg\" style=\"object-position:52% 97%\" data-object-fit=\"cover\" data-object-position=\"52% 97%\" srcset=\"https:\/\/bp2.eu\/wp-content\/uploads\/2022\/10\/AD.jpg 1306w, https:\/\/bp2.eu\/wp-content\/uploads\/2022\/10\/AD-673x960.jpg 673w, https:\/\/bp2.eu\/wp-content\/uploads\/2022\/10\/AD-717x1024.jpg 717w, https:\/\/bp2.eu\/wp-content\/uploads\/2022\/10\/AD-768x1096.jpg 768w, https:\/\/bp2.eu\/wp-content\/uploads\/2022\/10\/AD-1076x1536.jpg 1076w\" sizes=\"auto, (max-width: 1306px) 100vw, 1306px\" \/><div class=\"wp-block-cover__inner-container is-layout-flow wp-block-cover-is-layout-flow\">\n<div style=\"height:100px\" aria-hidden=\"true\" class=\"wp-block-spacer is-style-medium-spacer\"><\/div>\n\n\n\n<figure class=\"wp-block-image size-full is-resized\"><img loading=\"lazy\" decoding=\"async\" src=\"https:\/\/bp2.eu\/wp-content\/uploads\/2022\/12\/bp2-ad.svg\" alt=\"\" class=\"wp-image-46318\" width=\"185\" height=\"113\"\/><\/figure>\n\n\n\n<p class=\"has-white-color has-text-color\">To meet the expectations of our distributors, we have created a comprehensive sales support program for BP2 products. Currently, sales support focuses on digital marketing and local Internet campaigns. Our department is ready to provide any necessary advice.&nbsp;<\/p>\n\n\n\n<div class=\"wp-block-group\"><div class=\"wp-block-group__inner-container is-layout-flow wp-block-group-is-layout-flow\">\n<a href=\"https:\/\/bp2.eu\/en\/bp2-authorised-distributor\/\"  class=\"button button--red \">LEARN MORE<\/a><\/div><\/div>\n<\/div><\/div>\n<\/div>\n\n\n\n<div class=\"wp-block-column is-layout-flow wp-block-column-is-layout-flow\">\n<div class=\"wp-block-cover is-light is-style-content-from-bottom\"><span aria-hidden=\"true\" class=\"wp-block-cover__background has-background-dim\"><\/span><img loading=\"lazy\" decoding=\"async\" width=\"1306\" height=\"1864\" class=\"wp-block-cover__image-background wp-image-31260\" alt=\"\" src=\"https:\/\/bp2.eu\/wp-content\/uploads\/2022\/10\/BPACK-v2.jpg\" style=\"object-position:54% 90%\" data-object-fit=\"cover\" data-object-position=\"54% 90%\" srcset=\"https:\/\/bp2.eu\/wp-content\/uploads\/2022\/10\/BPACK-v2.jpg 1306w, https:\/\/bp2.eu\/wp-content\/uploads\/2022\/10\/BPACK-v2-673x960.jpg 673w, https:\/\/bp2.eu\/wp-content\/uploads\/2022\/10\/BPACK-v2-717x1024.jpg 717w, https:\/\/bp2.eu\/wp-content\/uploads\/2022\/10\/BPACK-v2-768x1096.jpg 768w, https:\/\/bp2.eu\/wp-content\/uploads\/2022\/10\/BPACK-v2-1076x1536.jpg 1076w\" sizes=\"auto, (max-width: 1306px) 100vw, 1306px\" \/><div class=\"wp-block-cover__inner-container is-layout-flow wp-block-cover-is-layout-flow\">\n<div style=\"height:100px\" aria-hidden=\"true\" class=\"wp-block-spacer is-style-medium-spacer\"><\/div>\n\n\n\n<figure class=\"wp-block-image size-full is-resized\"><img loading=\"lazy\" decoding=\"async\" src=\"https:\/\/bp2.eu\/wp-content\/uploads\/2022\/12\/bp2-bpack.svg\" alt=\"\" class=\"wp-image-46325\" width=\"163\" height=\"113\"\/><\/figure>\n\n\n\n<p class=\"has-white-color has-text-color\">A marketing campaign addressed to distributors, in which, on the basis of points awarded, the distributor independently fills in the basket with marketing materials offered in the current edition of the program, twice a year, through our website.<\/p>\n\n\n\n<div class=\"wp-block-group\"><div class=\"wp-block-group__inner-container is-layout-flow wp-block-group-is-layout-flow\">\n<a href=\"https:\/\/bp2.eu\/en\/bpack\/\"  class=\"button button--red \">LEARN MORE<\/a><\/div><\/div>\n<\/div><\/div>\n<\/div>\n<\/div>\n\n\n\n<div style=\"height:100px\" aria-hidden=\"true\" class=\"wp-block-spacer is-style-small-spacer\"><\/div>\n<\/div><\/div>\n\n\n\n<div style=\"height:100px\" aria-hidden=\"true\" class=\"wp-block-spacer is-style-smaller-spacer\"><\/div>\n","protected":false},"excerpt":{"rendered":"<p>START SELLING ONLINE WITHOUT LIMITS BP2 ESHOP Internetowa platforma sprzeda\u017cowa, kt\u00f3rej administratorami s\u0105&nbsp;BP2&nbsp;wraz z autoryzowanym dystrybutorem. The correct operation of the platform in terms of IT is fully guaranteed by BP2. The Distributor is free to personalize the website and the offer, as well as its terms and conditions.<\/p>\n","protected":false},"author":3,"featured_media":0,"parent":0,"menu_order":71,"comment_status":"closed","ping_status":"closed","template":"","meta":{"_acf_changed":false,"content-type":"","inline_featured_image":false,"footnotes":""},"class_list":["post-36000","page","type-page","status-publish","hentry"],"acf":[],"_links":{"self":[{"href":"https:\/\/bp2.eu\/en\/wp-json\/wp\/v2\/pages\/36000","targetHints":{"allow":["GET"]}}],"collection":[{"href":"https:\/\/bp2.eu\/en\/wp-json\/wp\/v2\/pages"}],"about":[{"href":"https:\/\/bp2.eu\/en\/wp-json\/wp\/v2\/types\/page"}],"author":[{"embeddable":true,"href":"https:\/\/bp2.eu\/en\/wp-json\/wp\/v2\/users\/3"}],"replies":[{"embeddable":true,"href":"https:\/\/bp2.eu\/en\/wp-json\/wp\/v2\/comments?post=36000"}],"version-history":[{"count":0,"href":"https:\/\/bp2.eu\/en\/wp-json\/wp\/v2\/pages\/36000\/revisions"}],"wp:attachment":[{"href":"https:\/\/bp2.eu\/en\/wp-json\/wp\/v2\/media?parent=36000"}],"curies":[{"name":"wp","href":"https:\/\/api.w.org\/{rel}","templated":true}]}}