{"id":46664,"date":"2022-04-19T08:11:31","date_gmt":"2022-04-19T06:11:31","guid":{"rendered":"https:\/\/bp2.eu\/faq\/"},"modified":"2022-12-08T13:55:18","modified_gmt":"2022-12-08T12:55:18","slug":"gyik","status":"publish","type":"page","link":"https:\/\/bp2.eu\/hu\/gyik\/","title":{"rendered":"Gyakran ism\u00e9telt k\u00e9rd\u00e9sek (GYIK)"},"content":{"rendered":"\n<h2 class=\"is-style-h2 wp-block-heading\" style=\"font-size:24px\">Seg\u00edts\u00e9gre van sz\u00fcks\u00e9ge? Tekintse meg az \u00fcgyfeleink leggyakrabban feltett k\u00e9rd\u00e9seire adott v\u00e1laszokat itt.<\/h2>\n\n\n\n<p>\u00c9rt\u00e9kelj\u00fck az \u00d6n idej\u00e9t, ez\u00e9rt minden k\u00e9ts\u00e9g gyors megold\u00e1sa els\u0151dleges feladatunk.<\/p>\n\n\n\n<p>Ha nem tal\u00e1lt v\u00e1laszt a k\u00e9rd\u00e9s\u00e9re, k\u00e9rdezze meg szakembereinket, haszn\u00e1lja a Kapcsolat lapot, \u00e9s \u00edrjon nek\u00fcnk.<\/p>\n\n\n\n<p>Sz\u00edvesen seg\u00edt\u00fcnk \u00d6nnek, \u00e9s tiszt\u00e1zzuk minden k\u00e9ts\u00e9g\u00e9t.<\/p>\n","protected":false},"excerpt":{"rendered":"<p>Seg\u00edts\u00e9gre van sz\u00fcks\u00e9ge? Tekintse meg az \u00fcgyfeleink leggyakrabban feltett k\u00e9rd\u00e9seire adott v\u00e1laszokat itt. \u00c9rt\u00e9kelj\u00fck az \u00d6n idej\u00e9t, ez\u00e9rt minden k\u00e9ts\u00e9g gyors megold\u00e1sa els\u0151dleges feladatunk. Ha nem tal\u00e1lt v\u00e1laszt a k\u00e9rd\u00e9s\u00e9re, k\u00e9rdezze meg szakembereinket, haszn\u00e1lja a Kapcsolat lapot, \u00e9s \u00edrjon nek\u00fcnk. Sz\u00edvesen seg\u00edt\u00fcnk \u00d6nnek, \u00e9s tiszt\u00e1zzuk minden k\u00e9ts\u00e9g\u00e9t.<\/p>\n","protected":false},"author":1,"featured_media":0,"parent":0,"menu_order":32,"comment_status":"closed","ping_status":"closed","template":"templates\/faq.php","meta":{"_acf_changed":false,"content-type":"","inline_featured_image":false,"footnotes":""},"class_list":["post-46664","page","type-page","status-publish","hentry"],"acf":[],"_links":{"self":[{"href":"https:\/\/bp2.eu\/hu\/wp-json\/wp\/v2\/pages\/46664","targetHints":{"allow":["GET"]}}],"collection":[{"href":"https:\/\/bp2.eu\/hu\/wp-json\/wp\/v2\/pages"}],"about":[{"href":"https:\/\/bp2.eu\/hu\/wp-json\/wp\/v2\/types\/page"}],"author":[{"embeddable":true,"href":"https:\/\/bp2.eu\/hu\/wp-json\/wp\/v2\/users\/1"}],"replies":[{"embeddable":true,"href":"https:\/\/bp2.eu\/hu\/wp-json\/wp\/v2\/comments?post=46664"}],"version-history":[{"count":0,"href":"https:\/\/bp2.eu\/hu\/wp-json\/wp\/v2\/pages\/46664\/revisions"}],"wp:attachment":[{"href":"https:\/\/bp2.eu\/hu\/wp-json\/wp\/v2\/media?parent=46664"}],"curies":[{"name":"wp","href":"https:\/\/api.w.org\/{rel}","templated":true}]}}