{"id":46673,"date":"2022-09-29T12:50:26","date_gmt":"2022-09-29T10:50:26","guid":{"rendered":"https:\/\/bp2.eu\/program-bp2-authorised-distributor\/"},"modified":"2022-12-12T11:44:18","modified_gmt":"2022-12-12T10:44:18","slug":"bp2-hivatalos-forgalmazoja","status":"publish","type":"page","link":"https:\/\/bp2.eu\/hu\/bp2-hivatalos-forgalmazoja\/","title":{"rendered":"BP2 HIVATALOS FORGALMAZOJA"},"content":{"rendered":"\n<div class=\"wp-block-group is-style-with-b2-background\"><div class=\"wp-block-group__inner-container is-layout-flow wp-block-group-is-layout-flow\">\n<div style=\"height:100px\" aria-hidden=\"true\" class=\"wp-block-spacer is-style-small-spacer\"><\/div>\n\n\n\n<p class=\"has-text-align-center noMarginBottom has-red-color has-text-color\"><strong><strong>A BP2 TERM\u00c9KEINEK \u00c9RT\u00c9KES\u00cdT\u00c9S\u00c9T T\u00c1MOGAT\u00d3 PROGRAM<\/strong><\/strong><\/p>\n\n\n\n<h2 class=\"has-text-align-center noMarginTop noMarginBottom is-style-h1 wp-block-heading\" style=\"font-size:3.5em\"><strong>BP2 HIVATALOS FORGALMAZ\u00d3JA<\/strong><\/h2>\n\n\n\n<div style=\"height:100px\" aria-hidden=\"true\" class=\"wp-block-spacer is-style-small-spacer\"><\/div>\n<\/div><\/div>\n\n\n\n<div class=\"wp-block-group is-style-narrower-group\"><div class=\"wp-block-group__inner-container is-layout-flow wp-block-group-is-layout-flow\">\n<p class=\"has-text-align-center\" style=\"font-size:22px\">Hogy megfelelj\u00fcnk a forgalmaz\u00f3k elv\u00e1r\u00e1sainak l\u00e9trehoztuk egy \u00e1tfog\u00f3 programot a BP2 term\u00e9kek \u00e9rt\u00e9kes\u00edt\u00e9s\u00e9nek t\u00e1mogat\u00e1s\u00e1ra. Jelenleg az \u00e9rt\u00e9kes\u00edt\u00e9st t\u00e1mogat\u00f3 tev\u00e9kenys\u00e9gek a digit\u00e1lis marketingre \u00e9s a helyi internetes kamp\u00e1nyokra \u00f6sszpontos\u00edtanak. Oszt\u00e1lyunk k\u00e9szen \u00e1ll arra, hogy minden sz\u00fcks\u00e9ges tan\u00e1csot megadjon.<\/p>\n<\/div><\/div>\n\n\n\n<div style=\"height:100px\" aria-hidden=\"true\" class=\"wp-block-spacer is-style-smaller-spacer\"><\/div>\n\n\n\n<div class=\"wp-block-group\"><div class=\"wp-block-group__inner-container is-layout-flow wp-block-group-is-layout-flow\">\n<div class=\"wp-block-columns is-style-grid fade-in is-layout-flex wp-container-core-columns-is-layout-9d6595d7 wp-block-columns-is-layout-flex\">\n<div class=\"wp-block-column is-layout-flow wp-block-column-is-layout-flow\">\n<div class=\"wp-block-cover is-light is-style-full-height\"><span aria-hidden=\"true\" class=\"wp-block-cover__background has-background-dim-0 has-background-dim\"><\/span><img loading=\"lazy\" decoding=\"async\" width=\"1306\" height=\"1864\" class=\"wp-block-cover__image-background wp-image-31334\" alt=\"\" src=\"https:\/\/bp2.eu\/wp-content\/uploads\/2022\/10\/AD.jpg\" style=\"object-position:54% 49%\" data-object-fit=\"cover\" data-object-position=\"54% 49%\" srcset=\"https:\/\/bp2.eu\/wp-content\/uploads\/2022\/10\/AD.jpg 1306w, https:\/\/bp2.eu\/wp-content\/uploads\/2022\/10\/AD-673x960.jpg 673w, https:\/\/bp2.eu\/wp-content\/uploads\/2022\/10\/AD-717x1024.jpg 717w, https:\/\/bp2.eu\/wp-content\/uploads\/2022\/10\/AD-768x1096.jpg 768w, https:\/\/bp2.eu\/wp-content\/uploads\/2022\/10\/AD-1076x1536.jpg 1076w\" sizes=\"auto, (max-width: 1306px) 100vw, 1306px\" \/><div class=\"wp-block-cover__inner-container is-layout-flow wp-block-cover-is-layout-flow\">\n<p class=\"has-text-align-center\"><\/p>\n<\/div><\/div>\n<\/div>\n\n\n\n<div class=\"wp-block-column is-layout-flow wp-block-column-is-layout-flow\">\n<div class=\"wp-block-cover is-light is-style-full-width wp-duotone-8c00b7-fcff41-1\"><span aria-hidden=\"true\" class=\"wp-block-cover__background has-dark-gray-background-color has-background-dim-100 has-background-dim\"><\/span><div class=\"wp-block-cover__inner-container is-layout-flow wp-block-cover-is-layout-flow\">\n<figure class=\"wp-block-image size-large is-resized\"><img loading=\"lazy\" decoding=\"async\" src=\"https:\/\/bp2.eu\/wp-content\/uploads\/2022\/12\/bp2-ad.svg\" alt=\"\" class=\"wp-image-46316\" width=\"185\" height=\"113\"\/><\/figure>\n\n\n\n<p>L\u00e9trehoztuk egy \u00e1tfog\u00f3 programot a BP2 term\u00e9kek \u00e9rt\u00e9kes\u00edt\u00e9s\u00e9nek t\u00e1mogat\u00e1s\u00e1ra, hogy ezzel seg\u00edts\u00fck \u00fcgyfeleinket \u00fczleti strat\u00e9gi\u00e1juk kidolgoz\u00e1s\u00e1ban, az \u00e9rt\u00e9kes\u00edt\u00e9s n\u00f6vel\u00e9s\u00e9ben \u00e9s a munk\u00e1ra ford\u00edtott id\u0151 optimaliz\u00e1l\u00e1s\u00e1ban.<\/p>\n\n\n\n<p>Mi k\u00e9pesek vagyunk az \u00fcgyf\u00e9l szem\u00e9vel n\u00e9zni az \u00d6n c\u00e9g\u00e9re. Forgalmaz\u00f3ink sz\u00e1m\u00edthatnak teljes k\u00f6r\u0171 t\u00e1mogat\u00e1sunkra, valamint a hat\u00e9kony \u00e9rt\u00e9kes\u00edt\u00e9s \u00e9s marketingtev\u00e9kenys\u00e9g professzion\u00e1lis el\u0151k\u00e9sz\u00edt\u00e9s\u00e9re. Ennek k\u00f6sz\u00f6nhet\u0151en \u00d6n nem csak bev\u00e9teleit n\u00f6velheti optim\u00e1lis munkaid\u0151ben, hanem m\u00e1rk\u00e1ja online ismerts\u00e9g\u00e9t is n\u00f6velheti.<\/p>\n\n\n\n<p>Az \u00e9rt\u00e9kes\u00edt\u00e9st t\u00e1mogat\u00f3 tev\u00e9kenys\u00e9gek jelenleg a digit\u00e1lis marketingre \u00e9s a helyi internetes kamp\u00e1nyokra \u00f6sszpontos\u00edtanak.<\/p>\n\n\n\n<p><strong>A BP2 hivatalos forgalmaz\u00f3j\u00e1v\u00e1 v\u00e1l\u00e1s sz\u00e1mos el\u0151nnyel j\u00e1r: ilyen p\u00e9ld\u00e1ul a BP2<\/strong> \u00e1ltal t\u00e1mogatott saj\u00e1t web\u00e1ruh\u00e1z l\u00e9trehoz\u00e1s\u00e1nak lehet\u0151s\u00e9ge, hozz\u00e1f\u00e9r\u00e9s a VIP-aj\u00e1nd\u00e9kok sz\u00e9les v\u00e1laszt\u00e9k\u00e1hoz, az \u00e9rt\u00e9kes\u00edt\u00e9si pontok, a munkaruh\u00e1zat \u00e9s a j\u00e1rm\u0171flotta brandingje, valamint a term\u00e9kek t\u00e1rsfinansz\u00edroz\u00e1sa a BP 50:50 program keret\u00e9ben.<\/p>\n\n\n\n<a href=\"https:\/\/bp2.eu\/hu\/kapcsolat\/\"  class=\"button button--red \">TOV\u00c1BBI R\u00c9SZLETEK<\/a>\n\n\n<div style=\"height:100px\" aria-hidden=\"true\" class=\"wp-block-spacer\"><\/div>\n<\/div><\/div>\n<\/div>\n<\/div>\n<\/div><\/div>\n\n\n\n<div class=\"wp-block-group has-white-background-color has-background\"><div class=\"wp-block-group__inner-container is-layout-flow wp-block-group-is-layout-flow\">\n<div style=\"height:100px\" aria-hidden=\"true\" class=\"wp-block-spacer is-style-smaller-spacer\"><\/div>\n\n\n\n<div class=\"wp-block-columns is-style-grid is-layout-flex wp-container-core-columns-is-layout-9d6595d7 wp-block-columns-is-layout-flex\">\n<div class=\"wp-block-column is-layout-flow wp-block-column-is-layout-flow\">\n<div class=\"wp-block-cover is-style-content-from-bottom\"><span aria-hidden=\"true\" class=\"wp-block-cover__background has-background-dim\"><\/span><img loading=\"lazy\" decoding=\"async\" width=\"1306\" height=\"1864\" class=\"wp-block-cover__image-background wp-image-30254\" alt=\"\" src=\"https:\/\/bp2.eu\/wp-content\/uploads\/2022\/09\/50-50-1.jpg\" style=\"object-position:83% 100%\" data-object-fit=\"cover\" data-object-position=\"83% 100%\" srcset=\"https:\/\/bp2.eu\/wp-content\/uploads\/2022\/09\/50-50-1.jpg 1306w, https:\/\/bp2.eu\/wp-content\/uploads\/2022\/09\/50-50-1-673x960.jpg 673w, https:\/\/bp2.eu\/wp-content\/uploads\/2022\/09\/50-50-1-717x1024.jpg 717w, https:\/\/bp2.eu\/wp-content\/uploads\/2022\/09\/50-50-1-768x1096.jpg 768w, https:\/\/bp2.eu\/wp-content\/uploads\/2022\/09\/50-50-1-1076x1536.jpg 1076w\" sizes=\"auto, (max-width: 1306px) 100vw, 1306px\" \/><div class=\"wp-block-cover__inner-container is-layout-flow wp-block-cover-is-layout-flow\">\n<div style=\"height:100px\" aria-hidden=\"true\" class=\"wp-block-spacer is-style-medium-spacer\"><\/div>\n\n\n\n<figure class=\"wp-block-image size-large is-resized\"><img loading=\"lazy\" decoding=\"async\" src=\"https:\/\/bp2.eu\/wp-content\/uploads\/2022\/12\/bp2-50-50.svg\" alt=\"\" class=\"wp-image-46309\" width=\"185\" height=\"113\"\/><\/figure>\n\n\n\n<p>Forgalmaz\u00f3knak \u00e9s a tet\u0151fed\u0151knek sz\u00f3l\u00f3 program, amelyben a megb\u00edzhat\u00f3 munkaruh\u00e1zat \u00e9s a kiv\u00e1l\u00f3 min\u0151s\u00e9g\u0171 szersz\u00e1mok el\u0151\u00e1ll\u00edt\u00e1si k\u00f6lts\u00e9geit a BP2 \u00e9s az \u00fcgyf\u00e9l fele-fele ar\u00e1nyban osztj\u00e1k meg. A term\u00e9keken a BP2 50:50 program partnereinek log\u00f3ja l\u00e1that\u00f3.<\/p>\n\n\n\n<div class=\"wp-block-group\"><div class=\"wp-block-group__inner-container is-layout-flow wp-block-group-is-layout-flow\">\n<a href=\"https:\/\/bp2.eu\/hu\/bp2-50-50\/\"  class=\"button button--red \">TOV\u00c1BBI R\u00c9SZLETEK<\/a><\/div><\/div>\n<\/div><\/div>\n<\/div>\n\n\n\n<div class=\"wp-block-column is-layout-flow wp-block-column-is-layout-flow\">\n<div class=\"wp-block-cover is-light is-style-content-from-bottom\"><span aria-hidden=\"true\" class=\"wp-block-cover__background has-background-dim\"><\/span><img loading=\"lazy\" decoding=\"async\" width=\"1306\" height=\"1864\" class=\"wp-block-cover__image-background wp-image-31260\" alt=\"\" src=\"https:\/\/bp2.eu\/wp-content\/uploads\/2022\/10\/BPACK-v2.jpg\" style=\"object-position:54% 87%\" data-object-fit=\"cover\" data-object-position=\"54% 87%\" srcset=\"https:\/\/bp2.eu\/wp-content\/uploads\/2022\/10\/BPACK-v2.jpg 1306w, https:\/\/bp2.eu\/wp-content\/uploads\/2022\/10\/BPACK-v2-673x960.jpg 673w, https:\/\/bp2.eu\/wp-content\/uploads\/2022\/10\/BPACK-v2-717x1024.jpg 717w, https:\/\/bp2.eu\/wp-content\/uploads\/2022\/10\/BPACK-v2-768x1096.jpg 768w, https:\/\/bp2.eu\/wp-content\/uploads\/2022\/10\/BPACK-v2-1076x1536.jpg 1076w\" sizes=\"auto, (max-width: 1306px) 100vw, 1306px\" \/><div class=\"wp-block-cover__inner-container is-layout-flow wp-block-cover-is-layout-flow\">\n<div style=\"height:100px\" aria-hidden=\"true\" class=\"wp-block-spacer is-style-medium-spacer\"><\/div>\n\n\n\n<figure class=\"wp-block-image size-large is-resized\"><img loading=\"lazy\" decoding=\"async\" src=\"https:\/\/bp2.eu\/wp-content\/uploads\/2022\/12\/bp2-bpack.svg\" alt=\"\" class=\"wp-image-46323\" width=\"163\" height=\"113\"\/><\/figure>\n\n\n\n<p class=\"has-white-color has-text-color\">A forgalmaz\u00f3knak sz\u00f3l\u00f3 marketingakci\u00f3, melynek keret\u00e9ben a forgalmaz\u00f3 a szolg\u00e1ltat\u00e1sunkon kereszt\u00fcl \u00e9vente k\u00e9tszer az elnyert pontok alapj\u00e1n \u00f6n\u00e1ll\u00f3an \u00e1ll\u00edthatja \u00f6ssze a program aktu\u00e1lis kiad\u00e1s\u00e1ban k\u00edn\u00e1lt marketinganyagok kosar\u00e1t.<\/p>\n\n\n\n<div class=\"wp-block-group\"><div class=\"wp-block-group__inner-container is-layout-flow wp-block-group-is-layout-flow\">\n<a href=\"https:\/\/bp2.eu\/hu\/bp2-bpack\/\"  class=\"button button--red \">TOV\u00c1BBI R\u00c9SZLETEK<\/a><\/div><\/div>\n<\/div><\/div>\n<\/div>\n\n\n\n<div class=\"wp-block-column is-layout-flow wp-block-column-is-layout-flow\">\n<div class=\"wp-block-cover is-light is-style-content-from-bottom\"><span aria-hidden=\"true\" class=\"wp-block-cover__background has-background-dim\"><\/span><img loading=\"lazy\" decoding=\"async\" width=\"1306\" height=\"1864\" class=\"wp-block-cover__image-background wp-image-31207\" alt=\"\" src=\"https:\/\/bp2.eu\/wp-content\/uploads\/2022\/10\/BPACK.jpg\" style=\"object-position:54% 100%\" data-object-fit=\"cover\" data-object-position=\"54% 100%\" srcset=\"https:\/\/bp2.eu\/wp-content\/uploads\/2022\/10\/BPACK.jpg 1306w, https:\/\/bp2.eu\/wp-content\/uploads\/2022\/10\/BPACK-673x960.jpg 673w, https:\/\/bp2.eu\/wp-content\/uploads\/2022\/10\/BPACK-717x1024.jpg 717w, https:\/\/bp2.eu\/wp-content\/uploads\/2022\/10\/BPACK-768x1096.jpg 768w, https:\/\/bp2.eu\/wp-content\/uploads\/2022\/10\/BPACK-1076x1536.jpg 1076w\" sizes=\"auto, (max-width: 1306px) 100vw, 1306px\" \/><div class=\"wp-block-cover__inner-container is-layout-flow wp-block-cover-is-layout-flow\">\n<div style=\"height:100px\" aria-hidden=\"true\" class=\"wp-block-spacer is-style-medium-spacer\"><\/div>\n\n\n\n<figure class=\"wp-block-image size-large is-resized\"><img loading=\"lazy\" decoding=\"async\" src=\"https:\/\/bp2.eu\/wp-content\/uploads\/2022\/12\/bp2eshop.svg\" alt=\"\" class=\"wp-image-46330\" width=\"185\" height=\"113\"\/><\/figure>\n\n\n\n<p class=\"has-white-color has-text-color\">A BP2 \u00e1ltal egy meghatalmazott forgalmaz\u00f3val egy\u00fctt kezelt webalap\u00fa \u00e9rt\u00e9kes\u00edt\u00e9si platform. A platform megfelel\u0151 m\u0171k\u00f6d\u00e9s\u00e9t informatikai szempontb\u00f3l teljes m\u00e9rt\u00e9kben a BP2 garant\u00e1lja. A forgalmaz\u00f3 szabadon alak\u00edthatja a honlapot \u00e9s az aj\u00e1nlatot, valamint a kereskedelmi felt\u00e9teleket.<\/p>\n\n\n\n<div class=\"wp-block-group\"><div class=\"wp-block-group__inner-container is-layout-flow wp-block-group-is-layout-flow\">\n<a href=\"https:\/\/bp2.eu\/hu\/bp2-eshop\/\"  class=\"button button--red \">TOV\u00c1BBI R\u00c9SZLETEK<\/a><\/div><\/div>\n<\/div><\/div>\n<\/div>\n<\/div>\n\n\n\n<div style=\"height:100px\" aria-hidden=\"true\" class=\"wp-block-spacer is-style-small-spacer\"><\/div>\n<\/div><\/div>\n\n\n\n<div style=\"height:100px\" aria-hidden=\"true\" class=\"wp-block-spacer is-style-smaller-spacer\"><\/div>\n","protected":false},"excerpt":{"rendered":"<p>A BP2 TERM\u00c9KEINEK \u00c9RT\u00c9KES\u00cdT\u00c9S\u00c9T T\u00c1MOGAT\u00d3 PROGRAM BP2 HIVATALOS FORGALMAZ\u00d3JA Hogy megfelelj\u00fcnk a forgalmaz\u00f3k elv\u00e1r\u00e1sainak l\u00e9trehoztuk egy \u00e1tfog\u00f3 programot a BP2 term\u00e9kek \u00e9rt\u00e9kes\u00edt\u00e9s\u00e9nek t\u00e1mogat\u00e1s\u00e1ra. Jelenleg az \u00e9rt\u00e9kes\u00edt\u00e9st t\u00e1mogat\u00f3 tev\u00e9kenys\u00e9gek a digit\u00e1lis marketingre \u00e9s a helyi internetes kamp\u00e1nyokra \u00f6sszpontos\u00edtanak. Oszt\u00e1lyunk k\u00e9szen \u00e1ll arra, hogy minden sz\u00fcks\u00e9ges tan\u00e1csot megadjon.<\/p>\n","protected":false},"author":6,"featured_media":0,"parent":0,"menu_order":56,"comment_status":"closed","ping_status":"closed","template":"","meta":{"_acf_changed":false,"content-type":"","inline_featured_image":false,"footnotes":""},"class_list":["post-46673","page","type-page","status-publish","hentry"],"acf":[],"_links":{"self":[{"href":"https:\/\/bp2.eu\/hu\/wp-json\/wp\/v2\/pages\/46673","targetHints":{"allow":["GET"]}}],"collection":[{"href":"https:\/\/bp2.eu\/hu\/wp-json\/wp\/v2\/pages"}],"about":[{"href":"https:\/\/bp2.eu\/hu\/wp-json\/wp\/v2\/types\/page"}],"author":[{"embeddable":true,"href":"https:\/\/bp2.eu\/hu\/wp-json\/wp\/v2\/users\/6"}],"replies":[{"embeddable":true,"href":"https:\/\/bp2.eu\/hu\/wp-json\/wp\/v2\/comments?post=46673"}],"version-history":[{"count":0,"href":"https:\/\/bp2.eu\/hu\/wp-json\/wp\/v2\/pages\/46673\/revisions"}],"wp:attachment":[{"href":"https:\/\/bp2.eu\/hu\/wp-json\/wp\/v2\/media?parent=46673"}],"curies":[{"name":"wp","href":"https:\/\/api.w.org\/{rel}","templated":true}]}}