{"id":46679,"date":"2022-09-29T12:01:43","date_gmt":"2022-09-29T10:01:43","guid":{"rendered":"https:\/\/bp2.eu\/program-bp2-bpack\/"},"modified":"2022-12-12T11:44:10","modified_gmt":"2022-12-12T10:44:10","slug":"bp2-bpack","status":"publish","type":"page","link":"https:\/\/bp2.eu\/hu\/bp2-bpack\/","title":{"rendered":"BPACK"},"content":{"rendered":"\n<div class=\"wp-block-group is-style-with-b2-background\"><div class=\"wp-block-group__inner-container is-layout-flow wp-block-group-is-layout-flow\">\n<div style=\"height:100px\" aria-hidden=\"true\" class=\"wp-block-spacer is-style-small-spacer\"><\/div>\n\n\n\n<p class=\"has-text-align-center noMarginBottom has-red-color has-text-color\"><strong><strong><strong>V\u00c1LTSA BE A PONTOKAT MARKETINGANYAGOKRA<\/strong><\/strong><\/strong><\/p>\n\n\n\n<h2 class=\"has-text-align-center noMarginTop noMarginBottom is-style-h1 wp-block-heading\" style=\"font-size:3.5em\">BPACK<\/h2>\n\n\n\n<div style=\"height:100px\" aria-hidden=\"true\" class=\"wp-block-spacer is-style-small-spacer\"><\/div>\n<\/div><\/div>\n\n\n\n<div class=\"wp-block-group is-style-narrower-group\"><div class=\"wp-block-group__inner-container is-layout-flow wp-block-group-is-layout-flow\">\n<p class=\"has-text-align-center\" style=\"font-size:22px\">A forgalmaz\u00f3knak sz\u00f3l\u00f3 marketingakci\u00f3, melynek keret\u00e9ben a forgalmaz\u00f3 a szolg\u00e1ltat\u00e1sunkon kereszt\u00fcl \u00e9vente k\u00e9tszer az elnyert pontok alapj\u00e1n \u00f6n\u00e1ll\u00f3an \u00e1ll\u00edthatja \u00f6ssze a program aktu\u00e1lis kiad\u00e1s\u00e1ban k\u00edn\u00e1lt marketinganyagok kosar\u00e1t.<\/p>\n<\/div><\/div>\n\n\n\n<div style=\"height:100px\" aria-hidden=\"true\" class=\"wp-block-spacer is-style-smaller-spacer\"><\/div>\n\n\n\n<div class=\"wp-block-group\"><div class=\"wp-block-group__inner-container is-layout-flow wp-block-group-is-layout-flow\">\n<div class=\"wp-block-columns is-style-grid fade-in is-layout-flex wp-container-core-columns-is-layout-9d6595d7 wp-block-columns-is-layout-flex\">\n<div class=\"wp-block-column is-layout-flow wp-block-column-is-layout-flow\">\n<div class=\"wp-block-cover is-light is-style-full-height\"><span aria-hidden=\"true\" class=\"wp-block-cover__background has-background-dim-0 has-background-dim\"><\/span><img loading=\"lazy\" decoding=\"async\" width=\"1306\" height=\"1864\" class=\"wp-block-cover__image-background wp-image-31260\" alt=\"\" src=\"https:\/\/bp2.eu\/wp-content\/uploads\/2022\/10\/BPACK-v2.jpg\" style=\"object-position:54% 51%\" data-object-fit=\"cover\" data-object-position=\"54% 51%\" srcset=\"https:\/\/bp2.eu\/wp-content\/uploads\/2022\/10\/BPACK-v2.jpg 1306w, https:\/\/bp2.eu\/wp-content\/uploads\/2022\/10\/BPACK-v2-673x960.jpg 673w, https:\/\/bp2.eu\/wp-content\/uploads\/2022\/10\/BPACK-v2-717x1024.jpg 717w, https:\/\/bp2.eu\/wp-content\/uploads\/2022\/10\/BPACK-v2-768x1096.jpg 768w, https:\/\/bp2.eu\/wp-content\/uploads\/2022\/10\/BPACK-v2-1076x1536.jpg 1076w\" sizes=\"auto, (max-width: 1306px) 100vw, 1306px\" \/><div class=\"wp-block-cover__inner-container is-layout-flow wp-block-cover-is-layout-flow\">\n<p class=\"has-text-align-center\"><\/p>\n<\/div><\/div>\n<\/div>\n\n\n\n<div class=\"wp-block-column is-layout-flow wp-block-column-is-layout-flow\">\n<div class=\"wp-block-cover is-light is-style-full-width wp-duotone-8c00b7-fcff41-1\"><span aria-hidden=\"true\" class=\"wp-block-cover__background has-dark-gray-background-color has-background-dim-100 has-background-dim\"><\/span><div class=\"wp-block-cover__inner-container is-layout-flow wp-block-cover-is-layout-flow\">\n<figure class=\"wp-block-image size-large is-resized\"><img loading=\"lazy\" decoding=\"async\" src=\"https:\/\/bp2.eu\/wp-content\/uploads\/2022\/12\/bp2-bpack.svg\" alt=\"\" class=\"wp-image-46323\" width=\"163\" height=\"113\"\/><\/figure>\n\n\n\n<p>A m\u00e1r t\u00f6bb \u00e9ve m\u0171k\u00f6d\u0151 forgalmaz\u00f3i marketingcsomag-program kiv\u00e1l\u00f3 m\u00f3dja akt\u00edv \u00fcgyfeleink jutalmaz\u00e1s\u00e1nak. A program keret\u00e9ben szerzett pontok seg\u00edts\u00e9g\u00e9vel munkaruh\u00e1t, szersz\u00e1mokat \u00e9s hasznos tet\u0151fed\u0151 kieg\u00e9sz\u00edt\u0151ket tartalmaz\u00f3 szetteket lehet \u00f6ssze\u00e1ll\u00edtani.<\/p>\n\n\n\n<p><strong>A BPACK nagyon n\u00e9pszer\u0171 \u00fcgyfeleink k\u00f6r\u00e9ben, akik \u00e9rt\u00e9kelik az akci\u00f3 keret\u00e9ben k\u00edn\u00e1lt term\u00e9kek min\u0151s\u00e9g\u00e9t &#8211; ez\u00e9rt a programot \u00e9vente k\u00e9tszer is meghirdetj\u00fck. <\/strong>BPACK aj\u00e1nlatunk a BP2-vel akt\u00edvan egy\u00fcttm\u0171k\u00f6d\u0151 c\u00e9geknek sz\u00f3l.<\/p>\n\n\n\n<a href=\"https:\/\/bp2.eu\/hu\/kapcsolat\/\"  class=\"button button--red \">T\u00d6LTSE LE ANYAGKATAL\u00d3GUSUNKAT<\/a>\n\n\n<div style=\"height:100px\" aria-hidden=\"true\" class=\"wp-block-spacer\"><\/div>\n<\/div><\/div>\n<\/div>\n<\/div>\n<\/div><\/div>\n\n\n\n<div class=\"wp-block-group has-white-background-color has-background\"><div class=\"wp-block-group__inner-container is-layout-flow wp-block-group-is-layout-flow\">\n<div style=\"height:100px\" aria-hidden=\"true\" class=\"wp-block-spacer is-style-smaller-spacer\"><\/div>\n\n\n\n<div class=\"wp-block-columns is-style-grid is-layout-flex wp-container-core-columns-is-layout-9d6595d7 wp-block-columns-is-layout-flex\">\n<div class=\"wp-block-column is-layout-flow wp-block-column-is-layout-flow\">\n<div class=\"wp-block-cover is-style-content-from-bottom\"><span aria-hidden=\"true\" class=\"wp-block-cover__background has-background-dim\"><\/span><img loading=\"lazy\" decoding=\"async\" width=\"1306\" height=\"1864\" class=\"wp-block-cover__image-background wp-image-30254\" alt=\"\" src=\"https:\/\/bp2.eu\/wp-content\/uploads\/2022\/09\/50-50-1.jpg\" style=\"object-position:83% 100%\" data-object-fit=\"cover\" data-object-position=\"83% 100%\" srcset=\"https:\/\/bp2.eu\/wp-content\/uploads\/2022\/09\/50-50-1.jpg 1306w, https:\/\/bp2.eu\/wp-content\/uploads\/2022\/09\/50-50-1-673x960.jpg 673w, https:\/\/bp2.eu\/wp-content\/uploads\/2022\/09\/50-50-1-717x1024.jpg 717w, https:\/\/bp2.eu\/wp-content\/uploads\/2022\/09\/50-50-1-768x1096.jpg 768w, https:\/\/bp2.eu\/wp-content\/uploads\/2022\/09\/50-50-1-1076x1536.jpg 1076w\" sizes=\"auto, (max-width: 1306px) 100vw, 1306px\" \/><div class=\"wp-block-cover__inner-container is-layout-flow wp-block-cover-is-layout-flow\">\n<div style=\"height:100px\" aria-hidden=\"true\" class=\"wp-block-spacer is-style-medium-spacer\"><\/div>\n\n\n\n<figure class=\"wp-block-image size-large is-resized\"><img loading=\"lazy\" decoding=\"async\" src=\"https:\/\/bp2.eu\/wp-content\/uploads\/2022\/12\/bp2-50-50.svg\" alt=\"\" class=\"wp-image-46309\" width=\"185\" height=\"113\"\/><\/figure>\n\n\n\n<p>Forgalmaz\u00f3knak \u00e9s a tet\u0151fed\u0151knek sz\u00f3l\u00f3 program, amelyben a megb\u00edzhat\u00f3 munkaruh\u00e1zat \u00e9s a kiv\u00e1l\u00f3 min\u0151s\u00e9g\u0171 szersz\u00e1mok el\u0151\u00e1ll\u00edt\u00e1si k\u00f6lts\u00e9geit a BP2 \u00e9s az \u00fcgyf\u00e9l fele-fele ar\u00e1nyban osztj\u00e1k meg. A term\u00e9keken a BP2 50:50 program partnereinek log\u00f3ja l\u00e1that\u00f3.<\/p>\n\n\n\n<div class=\"wp-block-group\"><div class=\"wp-block-group__inner-container is-layout-flow wp-block-group-is-layout-flow\">\n<a href=\"https:\/\/bp2.eu\/hu\/bp2-50-50\/\"  class=\"button button--red \">TOV\u00c1BBI R\u00c9SZLETEK<\/a><\/div><\/div>\n<\/div><\/div>\n<\/div>\n\n\n\n<div class=\"wp-block-column is-layout-flow wp-block-column-is-layout-flow\">\n<div class=\"wp-block-cover is-light is-style-content-from-bottom\"><span aria-hidden=\"true\" class=\"wp-block-cover__background has-background-dim\"><\/span><img loading=\"lazy\" decoding=\"async\" width=\"1306\" height=\"1864\" class=\"wp-block-cover__image-background wp-image-31334\" alt=\"\" src=\"https:\/\/bp2.eu\/wp-content\/uploads\/2022\/10\/AD.jpg\" style=\"object-position:55% 100%\" data-object-fit=\"cover\" data-object-position=\"55% 100%\" srcset=\"https:\/\/bp2.eu\/wp-content\/uploads\/2022\/10\/AD.jpg 1306w, https:\/\/bp2.eu\/wp-content\/uploads\/2022\/10\/AD-673x960.jpg 673w, https:\/\/bp2.eu\/wp-content\/uploads\/2022\/10\/AD-717x1024.jpg 717w, https:\/\/bp2.eu\/wp-content\/uploads\/2022\/10\/AD-768x1096.jpg 768w, https:\/\/bp2.eu\/wp-content\/uploads\/2022\/10\/AD-1076x1536.jpg 1076w\" sizes=\"auto, (max-width: 1306px) 100vw, 1306px\" \/><div class=\"wp-block-cover__inner-container is-layout-flow wp-block-cover-is-layout-flow\">\n<div style=\"height:100px\" aria-hidden=\"true\" class=\"wp-block-spacer is-style-medium-spacer\"><\/div>\n\n\n\n<figure class=\"wp-block-image size-large is-resized\"><img loading=\"lazy\" decoding=\"async\" src=\"https:\/\/bp2.eu\/wp-content\/uploads\/2022\/12\/bp2-ad.svg\" alt=\"\" class=\"wp-image-46316\" width=\"185\" height=\"113\"\/><\/figure>\n\n\n\n<p class=\"has-white-color has-text-color\">Hogy megfelelj\u00fcnk a forgalmaz\u00f3k elv\u00e1r\u00e1sainak l\u00e9trehoztuk egy \u00e1tfog\u00f3 programot a BP2 term\u00e9kek \u00e9rt\u00e9kes\u00edt\u00e9s\u00e9nek t\u00e1mogat\u00e1s\u00e1ra. Jelenleg az \u00e9rt\u00e9kes\u00edt\u00e9st t\u00e1mogat\u00f3 tev\u00e9kenys\u00e9gek a digit\u00e1lis marketingre \u00e9s a helyi internetes kamp\u00e1nyokra \u00f6sszpontos\u00edtanak. Oszt\u00e1lyunk k\u00e9szen \u00e1ll arra, hogy minden sz\u00fcks\u00e9ges tan\u00e1csot megadjon.<\/p>\n\n\n\n<div class=\"wp-block-group\"><div class=\"wp-block-group__inner-container is-layout-flow wp-block-group-is-layout-flow\">\n<a href=\"https:\/\/bp2.eu\/hu\/bp2-hivatalos-forgalmazoja\/\"  class=\"button button--red \">TOV\u00c1BBI R\u00c9SZLETEK<\/a><\/div><\/div>\n<\/div><\/div>\n<\/div>\n\n\n\n<div class=\"wp-block-column is-layout-flow wp-block-column-is-layout-flow\">\n<div class=\"wp-block-cover is-light is-style-content-from-bottom\"><span aria-hidden=\"true\" class=\"wp-block-cover__background has-background-dim\"><\/span><img loading=\"lazy\" decoding=\"async\" width=\"1306\" height=\"1864\" class=\"wp-block-cover__image-background wp-image-31207\" alt=\"\" src=\"https:\/\/bp2.eu\/wp-content\/uploads\/2022\/10\/BPACK.jpg\" style=\"object-position:59% 100%\" data-object-fit=\"cover\" data-object-position=\"59% 100%\" srcset=\"https:\/\/bp2.eu\/wp-content\/uploads\/2022\/10\/BPACK.jpg 1306w, https:\/\/bp2.eu\/wp-content\/uploads\/2022\/10\/BPACK-673x960.jpg 673w, https:\/\/bp2.eu\/wp-content\/uploads\/2022\/10\/BPACK-717x1024.jpg 717w, https:\/\/bp2.eu\/wp-content\/uploads\/2022\/10\/BPACK-768x1096.jpg 768w, https:\/\/bp2.eu\/wp-content\/uploads\/2022\/10\/BPACK-1076x1536.jpg 1076w\" sizes=\"auto, (max-width: 1306px) 100vw, 1306px\" \/><div class=\"wp-block-cover__inner-container is-layout-flow wp-block-cover-is-layout-flow\">\n<div style=\"height:100px\" aria-hidden=\"true\" class=\"wp-block-spacer is-style-medium-spacer\"><\/div>\n\n\n\n<figure class=\"wp-block-image size-large is-resized\"><img loading=\"lazy\" decoding=\"async\" src=\"https:\/\/bp2.eu\/wp-content\/uploads\/2022\/12\/bp2eshop.svg\" alt=\"\" class=\"wp-image-46330\" width=\"185\" height=\"113\"\/><\/figure>\n\n\n\n<p class=\"has-white-color has-text-color\">A BP2 \u00e1ltal egy meghatalmazott forgalmaz\u00f3val egy\u00fctt kezelt webalap\u00fa \u00e9rt\u00e9kes\u00edt\u00e9si platform. A platform megfelel\u0151 m\u0171k\u00f6d\u00e9s\u00e9t informatikai szempontb\u00f3l teljes m\u00e9rt\u00e9kben a BP2 garant\u00e1lja. A forgalmaz\u00f3 szabadon alak\u00edthatja a honlapot \u00e9s az aj\u00e1nlatot, valamint a kereskedelmi felt\u00e9teleket.<\/p>\n\n\n\n<div class=\"wp-block-group\"><div class=\"wp-block-group__inner-container is-layout-flow wp-block-group-is-layout-flow\">\n<a href=\"https:\/\/bp2.eu\/hu\/bp2-eshop\/\"  class=\"button button--red \">TOV\u00c1BBI R\u00c9SZLETEK<\/a><\/div><\/div>\n<\/div><\/div>\n<\/div>\n<\/div>\n\n\n\n<div style=\"height:100px\" aria-hidden=\"true\" class=\"wp-block-spacer is-style-small-spacer\"><\/div>\n<\/div><\/div>\n\n\n\n<div style=\"height:100px\" aria-hidden=\"true\" class=\"wp-block-spacer is-style-smaller-spacer\"><\/div>\n","protected":false},"excerpt":{"rendered":"<p>V\u00c1LTSA BE A PONTOKAT MARKETINGANYAGOKRA BPACK A forgalmaz\u00f3knak sz\u00f3l\u00f3 marketingakci\u00f3, melynek keret\u00e9ben a forgalmaz\u00f3 a szolg\u00e1ltat\u00e1sunkon kereszt\u00fcl \u00e9vente k\u00e9tszer az elnyert pontok alapj\u00e1n \u00f6n\u00e1ll\u00f3an \u00e1ll\u00edthatja \u00f6ssze a program aktu\u00e1lis kiad\u00e1s\u00e1ban k\u00edn\u00e1lt marketinganyagok kosar\u00e1t.<\/p>\n","protected":false},"author":6,"featured_media":0,"parent":0,"menu_order":73,"comment_status":"closed","ping_status":"closed","template":"","meta":{"_acf_changed":false,"content-type":"","inline_featured_image":false,"footnotes":""},"class_list":["post-46679","page","type-page","status-publish","hentry"],"acf":[],"_links":{"self":[{"href":"https:\/\/bp2.eu\/hu\/wp-json\/wp\/v2\/pages\/46679","targetHints":{"allow":["GET"]}}],"collection":[{"href":"https:\/\/bp2.eu\/hu\/wp-json\/wp\/v2\/pages"}],"about":[{"href":"https:\/\/bp2.eu\/hu\/wp-json\/wp\/v2\/types\/page"}],"author":[{"embeddable":true,"href":"https:\/\/bp2.eu\/hu\/wp-json\/wp\/v2\/users\/6"}],"replies":[{"embeddable":true,"href":"https:\/\/bp2.eu\/hu\/wp-json\/wp\/v2\/comments?post=46679"}],"version-history":[{"count":0,"href":"https:\/\/bp2.eu\/hu\/wp-json\/wp\/v2\/pages\/46679\/revisions"}],"wp:attachment":[{"href":"https:\/\/bp2.eu\/hu\/wp-json\/wp\/v2\/media?parent=46679"}],"curies":[{"name":"wp","href":"https:\/\/api.w.org\/{rel}","templated":true}]}}